{"id":4880,"date":"2019-05-27T21:30:01","date_gmt":"2019-05-27T19:30:01","guid":{"rendered":"https:\/\/arak.spicehorse.eu\/?post_type=product&#038;p=4880"},"modified":"2024-06-18T12:20:49","modified_gmt":"2024-06-18T10:20:49","slug":"kentucky-fly-veil-soundless","status":"publish","type":"product","link":"https:\/\/arak.spicehorse.eu\/en\/product\/kentucky-fly-veil-soundless\/","title":{"rendered":"Kentucky Fly Veil Soundless"},"content":{"rendered":"<p>Fancy and professional, the Kentucky Horsewear Fly Veil Soundless protects the horse\u2019s ears against flies while riding and is handknitted for better durability. The material around the ears is stretch and slim fit and the neck part is longer so it can\u2019t slip. The soundproof ears are slightly thinner which offers a perfect fit and don\u2019t slide off. It is at your convenience to embroider a logo as the Fly Veil has no visible logo on the forehead. Easy to maintain, the Fly Veil is specially made to sustain the washing process at 30\u00b0 (no dryer).<\/p>\n","protected":false},"excerpt":{"rendered":"<h3>It is at your convenience to embroider a logo as the Fly Veil has no visible logo on the forehead.<\/h3>\n<div class=\"desc\">\n<div class=\"item-list\">\n<ul>\n<li class=\"first\">Soundproof ears<\/li>\n<li>Stylish and professional look<\/li>\n<li>Fly protection<\/li>\n<li>Quality handknitting<\/li>\n<li>Prevents the horse from getting distracted or stressed during the performance<\/li>\n<li>Extended neck piece to prevent from slipping<\/li>\n<li>No visible logo<\/li>\n<li class=\"last\">Machine washable at 30\u00b0 (no dryer)<\/li>\n<\/ul>\n<\/div>\n<\/div>\n","protected":false},"featured_media":4899,"template":"","meta":{"_acf_changed":false},"product_cat":[29,92],"product_tag":[233,155,261],"acf":[],"yoast_head":"<!-- This site is optimized with the Yoast SEO plugin v21.4 - https:\/\/yoast.com\/wordpress\/plugins\/seo\/ -->\n<title>Kentucky Fly Veil Soundless - Spicehorse<\/title>\n<meta name=\"description\" content=\"Fancy and professional, Kentucky Horsewear Fly Veil Soundless protects the horse\u2019s ears against flies while riding and is handknitted for better durability.\" \/>\n<meta name=\"robots\" content=\"index, follow, max-snippet:-1, max-image-preview:large, max-video-preview:-1\" \/>\n<link rel=\"canonical\" href=\"https:\/\/arak.spicehorse.eu\/en\/product\/kentucky-fly-veil-soundless\/\" \/>\n<meta property=\"og:locale\" content=\"en_US\" \/>\n<meta property=\"og:type\" content=\"article\" \/>\n<meta property=\"og:title\" content=\"Kentucky Fly Veil Soundless - Spicehorse\" \/>\n<meta property=\"og:description\" content=\"Fancy and professional, Kentucky Horsewear Fly Veil Soundless protects the horse\u2019s ears against flies while riding and is handknitted for better durability.\" \/>\n<meta property=\"og:url\" content=\"https:\/\/arak.spicehorse.eu\/en\/product\/kentucky-fly-veil-soundless\/\" \/>\n<meta property=\"og:site_name\" content=\"Spicehorse\" \/>\n<meta property=\"article:publisher\" content=\"https:\/\/www.facebook.com\/SPICEHORSE-550385625402457\/\" \/>\n<meta property=\"article:modified_time\" content=\"2024-06-18T10:20:49+00:00\" \/>\n<meta property=\"og:image\" content=\"https:\/\/arak.spicehorse.eu\/wp-content\/uploads\/2019\/05\/Kentucky-f\u00fclv\u00e9d\u0151-Soundless_s\u00f6t\u00e9t-k\u00e9k-1.jpg\" \/>\n\t<meta property=\"og:image:width\" content=\"2048\" \/>\n\t<meta property=\"og:image:height\" content=\"2048\" \/>\n\t<meta property=\"og:image:type\" content=\"image\/jpeg\" \/>\n<meta name=\"twitter:card\" content=\"summary_large_image\" \/>\n<script type=\"application\/ld+json\" class=\"yoast-schema-graph\">{\"@context\":\"https:\/\/schema.org\",\"@graph\":[{\"@type\":\"WebPage\",\"@id\":\"https:\/\/arak.spicehorse.eu\/en\/product\/kentucky-fly-veil-soundless\/\",\"url\":\"https:\/\/arak.spicehorse.eu\/en\/product\/kentucky-fly-veil-soundless\/\",\"name\":\"Kentucky Fly Veil Soundless - Spicehorse\",\"isPartOf\":{\"@id\":\"https:\/\/arak.spicehorse.eu\/en\/#website\"},\"datePublished\":\"2019-05-27T19:30:01+00:00\",\"dateModified\":\"2024-06-18T10:20:49+00:00\",\"description\":\"Fancy and professional, Kentucky Horsewear Fly Veil Soundless protects the horse\u2019s ears against flies while riding and is handknitted for better durability.\",\"breadcrumb\":{\"@id\":\"https:\/\/arak.spicehorse.eu\/en\/product\/kentucky-fly-veil-soundless\/#breadcrumb\"},\"inLanguage\":\"en-US\",\"potentialAction\":[{\"@type\":\"ReadAction\",\"target\":[\"https:\/\/arak.spicehorse.eu\/en\/product\/kentucky-fly-veil-soundless\/\"]}]},{\"@type\":\"BreadcrumbList\",\"@id\":\"https:\/\/arak.spicehorse.eu\/en\/product\/kentucky-fly-veil-soundless\/#breadcrumb\",\"itemListElement\":[{\"@type\":\"ListItem\",\"position\":1,\"name\":\"Home\",\"item\":\"https:\/\/arak.spicehorse.eu\/en\/\"},{\"@type\":\"ListItem\",\"position\":2,\"name\":\"Shop\",\"item\":\"https:\/\/arak.spicehorse.eu\/en\/shop\/\"},{\"@type\":\"ListItem\",\"position\":3,\"name\":\"Kentucky Fly Veil Soundless\"}]},{\"@type\":\"WebSite\",\"@id\":\"https:\/\/arak.spicehorse.eu\/en\/#website\",\"url\":\"https:\/\/arak.spicehorse.eu\/en\/\",\"name\":\"Spicehorse\",\"description\":\"UNDER DEVELOPMENT -\",\"potentialAction\":[{\"@type\":\"SearchAction\",\"target\":{\"@type\":\"EntryPoint\",\"urlTemplate\":\"https:\/\/arak.spicehorse.eu\/en\/?s={search_term_string}\"},\"query-input\":\"required name=search_term_string\"}],\"inLanguage\":\"en-US\"}]}<\/script>\n<!-- \/ Yoast SEO plugin. -->","yoast_head_json":{"title":"Kentucky Fly Veil Soundless - Spicehorse","description":"Fancy and professional, Kentucky Horsewear Fly Veil Soundless protects the horse\u2019s ears against flies while riding and is handknitted for better durability.","robots":{"index":"index","follow":"follow","max-snippet":"max-snippet:-1","max-image-preview":"max-image-preview:large","max-video-preview":"max-video-preview:-1"},"canonical":"https:\/\/arak.spicehorse.eu\/en\/product\/kentucky-fly-veil-soundless\/","og_locale":"en_US","og_type":"article","og_title":"Kentucky Fly Veil Soundless - Spicehorse","og_description":"Fancy and professional, Kentucky Horsewear Fly Veil Soundless protects the horse\u2019s ears against flies while riding and is handknitted for better durability.","og_url":"https:\/\/arak.spicehorse.eu\/en\/product\/kentucky-fly-veil-soundless\/","og_site_name":"Spicehorse","article_publisher":"https:\/\/www.facebook.com\/SPICEHORSE-550385625402457\/","article_modified_time":"2024-06-18T10:20:49+00:00","og_image":[{"width":2048,"height":2048,"url":"https:\/\/arak.spicehorse.eu\/wp-content\/uploads\/2019\/05\/Kentucky-f\u00fclv\u00e9d\u0151-Soundless_s\u00f6t\u00e9t-k\u00e9k-1.jpg","type":"image\/jpeg"}],"twitter_card":"summary_large_image","schema":{"@context":"https:\/\/schema.org","@graph":[{"@type":"WebPage","@id":"https:\/\/arak.spicehorse.eu\/en\/product\/kentucky-fly-veil-soundless\/","url":"https:\/\/arak.spicehorse.eu\/en\/product\/kentucky-fly-veil-soundless\/","name":"Kentucky Fly Veil Soundless - Spicehorse","isPartOf":{"@id":"https:\/\/arak.spicehorse.eu\/en\/#website"},"datePublished":"2019-05-27T19:30:01+00:00","dateModified":"2024-06-18T10:20:49+00:00","description":"Fancy and professional, Kentucky Horsewear Fly Veil Soundless protects the horse\u2019s ears against flies while riding and is handknitted for better durability.","breadcrumb":{"@id":"https:\/\/arak.spicehorse.eu\/en\/product\/kentucky-fly-veil-soundless\/#breadcrumb"},"inLanguage":"en-US","potentialAction":[{"@type":"ReadAction","target":["https:\/\/arak.spicehorse.eu\/en\/product\/kentucky-fly-veil-soundless\/"]}]},{"@type":"BreadcrumbList","@id":"https:\/\/arak.spicehorse.eu\/en\/product\/kentucky-fly-veil-soundless\/#breadcrumb","itemListElement":[{"@type":"ListItem","position":1,"name":"Home","item":"https:\/\/arak.spicehorse.eu\/en\/"},{"@type":"ListItem","position":2,"name":"Shop","item":"https:\/\/arak.spicehorse.eu\/en\/shop\/"},{"@type":"ListItem","position":3,"name":"Kentucky Fly Veil Soundless"}]},{"@type":"WebSite","@id":"https:\/\/arak.spicehorse.eu\/en\/#website","url":"https:\/\/arak.spicehorse.eu\/en\/","name":"Spicehorse","description":"UNDER DEVELOPMENT -","potentialAction":[{"@type":"SearchAction","target":{"@type":"EntryPoint","urlTemplate":"https:\/\/arak.spicehorse.eu\/en\/?s={search_term_string}"},"query-input":"required name=search_term_string"}],"inLanguage":"en-US"}]}},"_links":{"self":[{"href":"https:\/\/arak.spicehorse.eu\/en\/wp-json\/wp\/v2\/product\/4880"}],"collection":[{"href":"https:\/\/arak.spicehorse.eu\/en\/wp-json\/wp\/v2\/product"}],"about":[{"href":"https:\/\/arak.spicehorse.eu\/en\/wp-json\/wp\/v2\/types\/product"}],"wp:featuredmedia":[{"embeddable":true,"href":"https:\/\/arak.spicehorse.eu\/en\/wp-json\/wp\/v2\/media\/4899"}],"wp:attachment":[{"href":"https:\/\/arak.spicehorse.eu\/en\/wp-json\/wp\/v2\/media?parent=4880"}],"wp:term":[{"taxonomy":"product_cat","embeddable":true,"href":"https:\/\/arak.spicehorse.eu\/en\/wp-json\/wp\/v2\/product_cat?post=4880"},{"taxonomy":"product_tag","embeddable":true,"href":"https:\/\/arak.spicehorse.eu\/en\/wp-json\/wp\/v2\/product_tag?post=4880"}],"curies":[{"name":"wp","href":"https:\/\/api.w.org\/{rel}","templated":true}]}}