{"id":1599,"date":"2018-10-05T09:15:10","date_gmt":"2018-10-05T09:15:10","guid":{"rendered":"https:\/\/arak.spicehorse.eu\/imprint\/"},"modified":"2022-06-15T09:05:28","modified_gmt":"2022-06-15T07:05:28","slug":"imprint","status":"publish","type":"page","link":"https:\/\/arak.spicehorse.eu\/sk\/imprint\/","title":{"rendered":"Imprint"},"content":{"rendered":"<p>[vc_row][vc_column]<div class=\"supro-empty-space \" style=\"\"><div class=\"supro_empty_space_lg\"  style=\"height: 80px\"><\/div><div class=\"supro_empty_space_md\"  style=\"height: 80px\"><\/div><div class=\"supro_empty_space_xs\"  style=\"height: 80px\"><\/div><\/div>[vc_column_text]<\/p>\n<div class=\"supro-contact-box vertical hide-label\">\n<div class=\"box-wrapper \">\n<div class=\"title\">\n<h3>Spicehorse.eu<\/h3>\n<\/div>\n<h1><\/h1>\n<div class=\"contact-info localtion\">SpiceLife s.r.o<br \/>\n94501 Kom\u00e1rno, Hadovsk\u00e1 870, Slovakia<br \/>\nI\u010cO: 36693359<br \/>\nDI\u010c: 2022273506<\/div>\n<div class=\"contact-info localtion\">I\u010c DPH: SK2022273506<\/div>\n<div><\/div>\n<div class=\"contact-info localtion\">Telef\u00f3nne \u010d\u00edslo: +421 91 843 0348, +36 70 686 6800<\/div>\n<\/div>\n<\/div>\n<div class=\"supro-empty-space \">\n<div class=\"supro_empty_space_lg\">Webov\u00e1 str\u00e1nka: <a href=\"https:\/\/arak.spicehorse.eu\/sk\/\">www.spicehorse.eu<\/a><\/div>\n<div>E-mailov\u00e1 adresa:\u00a0<a href=\"hello@spicehorse.eu\">hello@spicehorse.eu<\/a><\/div>\n<\/div>\n<div class=\"supro-contact-box vertical \">\n<div class=\"box-wrapper \">\n<p>&nbsp;<\/p>\n<p><strong>Bankov\u00e9 \u00fadaje EUR<br \/>\n<\/strong><\/p>\n<p>Majite\u013e \u00fa\u010dtu: SpiceLife s.r.o<br \/>\nN\u00e1zov banky: Tatra Banka<br \/>\nIBAN: SK24 1100 0000 0029 2890 7506<br \/>\nSWIFT: TATRSKBX<\/p>\n<p><strong>Bankov\u00e9 \u00fadaje HUF<br \/>\n<\/strong><\/p>\n<p>Majite\u013e \u00fa\u010dtu: SpiceLife s.r.o<br \/>\nN\u00e1zov banky: Wise Europe<br \/>\nGIRO: 12600016-10596879-62398779<\/p>\n<p><strong>Bankov\u00e9 \u00fadaje GBP<br \/>\n<\/strong><\/p>\n<p>Majite\u013e \u00fa\u010dtu: SpiceLife s.r.o<br \/>\nN\u00e1zov banky: Wise Payments<br \/>\n56924374<br \/>\nIBAN: GB10 TRWI 2314 7056 9243 74<br \/>\nUK sort code: 23-14-70<\/p>\n<\/div>\n<\/div>\n<p>[\/vc_column_text]<div class=\"supro-empty-space \" style=\"\"><div class=\"supro_empty_space_lg\"  style=\"height: 40px\"><\/div><div class=\"supro_empty_space_md\"  style=\"height: 40px\"><\/div><div class=\"supro_empty_space_xs\"  style=\"height: 40px\"><\/div><\/div>[vc_custom_heading text=&#8220;&#8220; font_container=&#8220;tag:h2|text_align:center&#8220; use_theme_fonts=&#8220;yes&#8220; t_supro_heading=&#8220;&#8220; m_supro_heading=&#8220;&#8220;]<div class=\"supro-empty-space \" style=\"\"><div class=\"supro_empty_space_lg\"  style=\"height: 40px\"><\/div><div class=\"supro_empty_space_md\"  style=\"height: 40px\"><\/div><div class=\"supro_empty_space_xs\"  style=\"height: 40px\"><\/div><\/div>[vc_column_text][\/vc_column_text]<div class=\"supro-empty-space \" style=\"\"><div class=\"supro_empty_space_lg\"  style=\"height: 80px\"><\/div><div class=\"supro_empty_space_md\"  style=\"height: 80px\"><\/div><div class=\"supro_empty_space_xs\"  style=\"height: 80px\"><\/div><\/div>[\/vc_column][\/vc_row]<\/p>\n","protected":false},"excerpt":{"rendered":"<p>[vc_row][vc_column][vc_column_text] Spicehorse.eu SpiceLife s.r.o 94501 Kom\u00e1rno, Hadovsk\u00e1 870, Slovakia I\u010cO: 36693359 DI\u010c: 2022273506 I\u010c DPH: SK2022273506 Telef\u00f3nne \u010d\u00edslo: +421 91 843 0348, +36 70 686 6800 Webov\u00e1 str\u00e1nka: www.spicehorse.eu E-mailov\u00e1 adresa:\u00a0hello@spicehorse.eu &nbsp; Bankov\u00e9 \u00fadaje EUR Majite\u013e \u00fa\u010dtu: SpiceLife s.r.o N\u00e1zov banky: Tatra Banka IBAN: SK24 1100 0000 0029 2890 7506 SWIFT: TATRSKBX Bankov\u00e9 \u00fadaje HUF [&hellip;]<\/p>\n","protected":false},"author":1,"featured_media":0,"parent":0,"menu_order":0,"comment_status":"closed","ping_status":"closed","template":"template-fullwidth.php","meta":{"_acf_changed":false,"footnotes":""},"acf":[],"yoast_head":"<!-- This site is optimized with the Yoast SEO plugin v21.4 - https:\/\/yoast.com\/wordpress\/plugins\/seo\/ -->\n<title>Imprint - Spicehorse<\/title>\n<meta name=\"robots\" content=\"index, follow, max-snippet:-1, max-image-preview:large, max-video-preview:-1\" \/>\n<link rel=\"canonical\" href=\"https:\/\/arak.spicehorse.eu\/sk\/imprint\/\" \/>\n<meta property=\"og:locale\" content=\"sk_SK\" \/>\n<meta property=\"og:type\" content=\"article\" \/>\n<meta property=\"og:title\" content=\"Imprint - Spicehorse\" \/>\n<meta property=\"og:description\" content=\"[vc_row][vc_column][vc_column_text] Spicehorse.eu SpiceLife s.r.o 94501 Kom\u00e1rno, Hadovsk\u00e1 870, Slovakia I\u010cO: 36693359 DI\u010c: 2022273506 I\u010c DPH: SK2022273506 Telef\u00f3nne \u010d\u00edslo: +421 91 843 0348, +36 70 686 6800 Webov\u00e1 str\u00e1nka: www.spicehorse.eu E-mailov\u00e1 adresa:\u00a0hello@spicehorse.eu &nbsp; Bankov\u00e9 \u00fadaje EUR Majite\u013e \u00fa\u010dtu: SpiceLife s.r.o N\u00e1zov banky: Tatra Banka IBAN: SK24 1100 0000 0029 2890 7506 SWIFT: TATRSKBX Bankov\u00e9 \u00fadaje HUF [&hellip;]\" \/>\n<meta property=\"og:url\" content=\"https:\/\/arak.spicehorse.eu\/sk\/imprint\/\" \/>\n<meta property=\"og:site_name\" content=\"Spicehorse\" \/>\n<meta property=\"article:publisher\" content=\"https:\/\/www.facebook.com\/SPICEHORSE-550385625402457\/\" \/>\n<meta property=\"article:modified_time\" content=\"2022-06-15T07:05:28+00:00\" \/>\n<meta property=\"og:image\" content=\"https:\/\/arak.spicehorse.eu\/wp-content\/uploads\/2018\/11\/Spice-Horse_k\u00f6rpecs\u00e9t.jpg\" \/>\n\t<meta property=\"og:image:width\" content=\"600\" \/>\n\t<meta property=\"og:image:height\" content=\"314\" \/>\n\t<meta property=\"og:image:type\" content=\"image\/jpeg\" \/>\n<meta name=\"twitter:card\" content=\"summary_large_image\" \/>\n<meta name=\"twitter:label1\" content=\"Predpokladan\u00fd \u010das \u010d\u00edtania\" \/>\n\t<meta name=\"twitter:data1\" content=\"1 min\u00fata\" \/>\n<script type=\"application\/ld+json\" class=\"yoast-schema-graph\">{\"@context\":\"https:\/\/schema.org\",\"@graph\":[{\"@type\":\"WebPage\",\"@id\":\"https:\/\/arak.spicehorse.eu\/sk\/imprint\/\",\"url\":\"https:\/\/arak.spicehorse.eu\/sk\/imprint\/\",\"name\":\"Imprint - Spicehorse\",\"isPartOf\":{\"@id\":\"https:\/\/arak.spicehorse.eu\/en\/#website\"},\"datePublished\":\"2018-10-05T09:15:10+00:00\",\"dateModified\":\"2022-06-15T07:05:28+00:00\",\"breadcrumb\":{\"@id\":\"https:\/\/arak.spicehorse.eu\/sk\/imprint\/#breadcrumb\"},\"inLanguage\":\"sk-SK\",\"potentialAction\":[{\"@type\":\"ReadAction\",\"target\":[\"https:\/\/arak.spicehorse.eu\/sk\/imprint\/\"]}]},{\"@type\":\"BreadcrumbList\",\"@id\":\"https:\/\/arak.spicehorse.eu\/sk\/imprint\/#breadcrumb\",\"itemListElement\":[{\"@type\":\"ListItem\",\"position\":1,\"name\":\"Home\",\"item\":\"https:\/\/arak.spicehorse.eu\/sk\/\"},{\"@type\":\"ListItem\",\"position\":2,\"name\":\"Imprint\"}]},{\"@type\":\"WebSite\",\"@id\":\"https:\/\/arak.spicehorse.eu\/en\/#website\",\"url\":\"https:\/\/arak.spicehorse.eu\/en\/\",\"name\":\"Spicehorse\",\"description\":\"UNDER DEVELOPMENT -\",\"potentialAction\":[{\"@type\":\"SearchAction\",\"target\":{\"@type\":\"EntryPoint\",\"urlTemplate\":\"https:\/\/arak.spicehorse.eu\/en\/?s={search_term_string}\"},\"query-input\":\"required name=search_term_string\"}],\"inLanguage\":\"sk-SK\"}]}<\/script>\n<!-- \/ Yoast SEO plugin. -->","yoast_head_json":{"title":"Imprint - Spicehorse","robots":{"index":"index","follow":"follow","max-snippet":"max-snippet:-1","max-image-preview":"max-image-preview:large","max-video-preview":"max-video-preview:-1"},"canonical":"https:\/\/arak.spicehorse.eu\/sk\/imprint\/","og_locale":"sk_SK","og_type":"article","og_title":"Imprint - Spicehorse","og_description":"[vc_row][vc_column][vc_column_text] Spicehorse.eu SpiceLife s.r.o 94501 Kom\u00e1rno, Hadovsk\u00e1 870, Slovakia I\u010cO: 36693359 DI\u010c: 2022273506 I\u010c DPH: SK2022273506 Telef\u00f3nne \u010d\u00edslo: +421 91 843 0348, +36 70 686 6800 Webov\u00e1 str\u00e1nka: www.spicehorse.eu E-mailov\u00e1 adresa:\u00a0hello@spicehorse.eu &nbsp; Bankov\u00e9 \u00fadaje EUR Majite\u013e \u00fa\u010dtu: SpiceLife s.r.o N\u00e1zov banky: Tatra Banka IBAN: SK24 1100 0000 0029 2890 7506 SWIFT: TATRSKBX Bankov\u00e9 \u00fadaje HUF [&hellip;]","og_url":"https:\/\/arak.spicehorse.eu\/sk\/imprint\/","og_site_name":"Spicehorse","article_publisher":"https:\/\/www.facebook.com\/SPICEHORSE-550385625402457\/","article_modified_time":"2022-06-15T07:05:28+00:00","og_image":[{"width":600,"height":314,"url":"https:\/\/arak.spicehorse.eu\/wp-content\/uploads\/2018\/11\/Spice-Horse_k\u00f6rpecs\u00e9t.jpg","type":"image\/jpeg"}],"twitter_card":"summary_large_image","twitter_misc":{"Predpokladan\u00fd \u010das \u010d\u00edtania":"1 min\u00fata"},"schema":{"@context":"https:\/\/schema.org","@graph":[{"@type":"WebPage","@id":"https:\/\/arak.spicehorse.eu\/sk\/imprint\/","url":"https:\/\/arak.spicehorse.eu\/sk\/imprint\/","name":"Imprint - Spicehorse","isPartOf":{"@id":"https:\/\/arak.spicehorse.eu\/en\/#website"},"datePublished":"2018-10-05T09:15:10+00:00","dateModified":"2022-06-15T07:05:28+00:00","breadcrumb":{"@id":"https:\/\/arak.spicehorse.eu\/sk\/imprint\/#breadcrumb"},"inLanguage":"sk-SK","potentialAction":[{"@type":"ReadAction","target":["https:\/\/arak.spicehorse.eu\/sk\/imprint\/"]}]},{"@type":"BreadcrumbList","@id":"https:\/\/arak.spicehorse.eu\/sk\/imprint\/#breadcrumb","itemListElement":[{"@type":"ListItem","position":1,"name":"Home","item":"https:\/\/arak.spicehorse.eu\/sk\/"},{"@type":"ListItem","position":2,"name":"Imprint"}]},{"@type":"WebSite","@id":"https:\/\/arak.spicehorse.eu\/en\/#website","url":"https:\/\/arak.spicehorse.eu\/en\/","name":"Spicehorse","description":"UNDER DEVELOPMENT -","potentialAction":[{"@type":"SearchAction","target":{"@type":"EntryPoint","urlTemplate":"https:\/\/arak.spicehorse.eu\/en\/?s={search_term_string}"},"query-input":"required name=search_term_string"}],"inLanguage":"sk-SK"}]}},"_links":{"self":[{"href":"https:\/\/arak.spicehorse.eu\/sk\/wp-json\/wp\/v2\/pages\/1599"}],"collection":[{"href":"https:\/\/arak.spicehorse.eu\/sk\/wp-json\/wp\/v2\/pages"}],"about":[{"href":"https:\/\/arak.spicehorse.eu\/sk\/wp-json\/wp\/v2\/types\/page"}],"author":[{"embeddable":true,"href":"https:\/\/arak.spicehorse.eu\/sk\/wp-json\/wp\/v2\/users\/1"}],"replies":[{"embeddable":true,"href":"https:\/\/arak.spicehorse.eu\/sk\/wp-json\/wp\/v2\/comments?post=1599"}],"version-history":[{"count":0,"href":"https:\/\/arak.spicehorse.eu\/sk\/wp-json\/wp\/v2\/pages\/1599\/revisions"}],"wp:attachment":[{"href":"https:\/\/arak.spicehorse.eu\/sk\/wp-json\/wp\/v2\/media?parent=1599"}],"curies":[{"name":"wp","href":"https:\/\/api.w.org\/{rel}","templated":true}]}}