{"id":45422,"date":"2022-01-12T08:52:35","date_gmt":"2022-01-12T07:52:35","guid":{"rendered":"https:\/\/arak.spicehorse.eu\/znacky\/"},"modified":"2026-01-26T12:06:12","modified_gmt":"2026-01-26T11:06:12","slug":"znacky","status":"publish","type":"page","link":"https:\/\/arak.spicehorse.eu\/sk\/znacky\/","title":{"rendered":"Zna\u010dky"},"content":{"rendered":"<ul id=\"brands\">\n<li><a href=\"https:\/\/arak.spicehorse.eu\/sk\/atribut\/brand\/bizzy-horse-sk\/\" target=\"_blank\" rel=\"noopener\"><img decoding=\"async\" src=\"https:\/\/arak.spicehorse.eu\/wp-content\/uploads\/2023\/03\/bizzy-horse-logo.png\" \/><\/a><\/li>\n<li><a href=\"https:\/\/arak.spicehorse.eu\/sk\/atribut\/brand\/bm-horse-sk\/\" target=\"_blank\" rel=\"noopener\"><img decoding=\"async\" src=\"https:\/\/s3-eu-central-1.amazonaws.com\/spicehorse.eu\/wp-media-folder-spicehorse\/wp-content\/uploads\/2024\/04\/bmhorse-logo.png\" \/><\/a><\/li>\n<li><a href=\"https:\/\/arak.spicehorse.eu\/sk\/atribut\/brand\/boss-equestrian-sk\/\" target=\"_blank\" rel=\"noopener\"><img decoding=\"async\" src=\"https:\/\/s3-eu-central-1.amazonaws.com\/spicehorse.eu\/wp-media-folder-spicehorse\/wp-content\/uploads\/2024\/06\/logo-boss.png\" \/><\/a><\/li>\n<li><a href=\"https:\/\/arak.spicehorse.eu\/sk\/atribut\/brand\/candy-horse-sk\/\" target=\"_blank\" rel=\"noopener\"><img decoding=\"async\" src=\"https:\/\/s3-eu-central-1.amazonaws.com\/spicehorse.eu\/wp-media-folder-spicehorse\/wp-content\/uploads\/2024\/05\/candy-horse-logo.png\" \/><\/a><\/li>\n<li><a href=\"https:\/\/arak.spicehorse.eu\/sk\/atribut\/brand\/dyon-sk\/\" target=\"_blank\" rel=\"noopener\"><img decoding=\"async\" src=\"https:\/\/s3-eu-central-1.amazonaws.com\/spicehorse.eu\/wp-media-folder-spicehorse\/wp-content\/uploads\/2024\/01\/dyon-logo.png\" \/><\/a><\/li>\n<li><a href=\"https:\/\/arak.spicehorse.eu\/sk\/atribut\/brand\/equestrian-stockholm-sk-2\/\" target=\"_blank\" rel=\"noopener\"><img decoding=\"async\" src=\"https:\/\/arak.spicehorse.eu\/wp-content\/uploads\/2021\/12\/equestrian-stockholm.png\"  \/><\/a><\/li>\n<li><a href=\"https:\/\/arak.spicehorse.eu\/sk\/atribut\/brand\/fleck-sk\/\" target=\"_blank\" rel=\"noopener\"><img decoding=\"async\" src=\"https:\/\/arak.spicehorse.eu\/wp-content\/uploads\/2022\/04\/fleck.png\"  \/><\/a><\/li>\n<li><a href=\"https:\/\/arak.spicehorse.eu\/sk\/atribut\/brand\/flex-on-sk\/\" target=\"_blank\" rel=\"noopener\"><img decoding=\"async\" src=\"https:\/\/s3-eu-central-1.amazonaws.com\/spicehorse.eu\/wp-media-folder-spicehorse\/wp-content\/uploads\/2023\/10\/flex-on.png\"  \/><\/a><\/li>\n<li><a href=\"https:\/\/arak.spicehorse.eu\/sk\/atribut\/brand\/grooming-deluxe-sk-2\/\" target=\"_blank\" rel=\"noopener\"><img decoding=\"async\" src=\"https:\/\/s3-eu-central-1.amazonaws.com\/spicehorse.eu\/wp-media-folder-spicehorse\/wp-content\/uploads\/2025\/08\/grooming-2025.png\"  \/><\/a><\/li>\n<li><a href=\"https:\/\/arak.spicehorse.eu\/sk\/atribut\/brand\/gumbits-sk\/\" target=\"_blank\" rel=\"noopener\"><img decoding=\"async\" src=\"https:\/\/s3-eu-central-1.amazonaws.com\/spicehorse.eu\/wp-media-folder-spicehorse\/wp-content\/uploads\/2025\/11\/gumbits-logo.png\" \/><\/a><\/li>\n<li><a href=\"https:\/\/arak.spicehorse.eu\/sk\/atribut\/brand\/incrediwear-sk\/\" target=\"_blank\" rel=\"noopener\"><img decoding=\"async\" src=\"https:\/\/s3-eu-central-1.amazonaws.com\/spicehorse.eu\/wp-media-folder-spicehorse\/wp-content\/uploads\/2025\/03\/incrediwear-equine-logo.png\" \/><\/a><\/li>\n<li><a href=\"https:\/\/arak.spicehorse.eu\/sk\/atribut\/brand\/kentucky-horsewear-sk-2\/\" target=\"_blank\" rel=\"noopener\"><img decoding=\"async\" src=\"https:\/\/arak.spicehorse.eu\/wp-content\/uploads\/2021\/12\/kentucky-dog.png\"  \/><\/li>\n<li><a href=\"https:\/\/arak.spicehorse.eu\/sk\/atribut\/brand\/kentucky-horsewear-sk-2\/\" target=\"_blank\" rel=\"noopener\"><img decoding=\"async\" src=\"https:\/\/arak.spicehorse.eu\/wp-content\/uploads\/2021\/12\/kentucky-horse.png\"  \/><\/a><\/li>\n<li><a href=\"https:\/\/arak.spicehorse.eu\/sk\/atribut\/brand\/lemieux-sk\/\" target=\"_blank\" rel=\"noopener\"><img decoding=\"async\" src=\"https:\/\/arak.spicehorse.eu\/wp-content\/uploads\/2023\/03\/le-mieux-logo.png\" \/><\/a><\/li>\n<li><a href=\"https:\/\/arak.spicehorse.eu\/sk\/atribut\/brand\/likit-sk\/\" target=\"_blank\" rel=\"noopener\"><img decoding=\"async\" src=\"https:\/\/arak.spicehorse.eu\/wp-content\/uploads\/2023\/03\/likit-logo.png\" \/><\/a><\/li>\n<li><a href=\"https:\/\/arak.spicehorse.eu\/sk\/atribut\/brand\/myfamily-sk-2\/\" target=\"_blank\" rel=\"noopener\"><img decoding=\"async\" src=\"https:\/\/arak.spicehorse.eu\/wp-content\/uploads\/2021\/12\/myfamily.png\"  \/><\/a><\/li>\n<li><a href=\"https:\/\/arak.spicehorse.eu\/sk\/atribut\/brand\/nathalie-horse-care-sk\/\" target=\"_blank\" rel=\"noopener\"><img decoding=\"async\" src=\"https:\/\/arak.spicehorse.eu\/wp-content\/uploads\/2021\/12\/nathalie.png\"  \/><\/a><\/li>\n<li><a href=\"https:\/\/arak.spicehorse.eu\/sk\/atribut\/brand\/one-equestrian\/\" target=\"_blank\" rel=\"noopener\"><img decoding=\"async\" src=\"https:\/\/arak.spicehorse.eu\/wp-content\/uploads\/2021\/12\/one-equestrian.png\"  \/><\/a><\/li>\n<li><a href=\"https:\/\/arak.spicehorse.eu\/sk\/atribut\/brand\/p-l-a-y\/\" target=\"_blank\" rel=\"noopener\"><img decoding=\"async\" src=\"https:\/\/arak.spicehorse.eu\/wp-content\/uploads\/2021\/12\/play.png\"  \/><\/a><\/li>\n<li><a href=\"https:\/\/arak.spicehorse.eu\/sk\/atribut\/brand\/ps-of-sweden-sk-2\/\" target=\"_blank\" rel=\"noopener\"><img decoding=\"async\" src=\"https:\/\/arak.spicehorse.eu\/wp-content\/uploads\/2022\/01\/ps-of-sweden.png\"  \/><\/a><\/li>\n<li><a href=\"https:\/\/arak.spicehorse.eu\/sk\/atribut\/brand\/qhp-sk\/\" target=\"_blank\" rel=\"noopener\"><img decoding=\"async\" src=\"https:\/\/s3-eu-central-1.amazonaws.com\/spicehorse.eu\/wp-media-folder-spicehorse\/wp-content\/uploads\/2025\/08\/qhp-2025.png\"  \/><\/a><\/li>\n<li><a href=\"https:\/\/arak.spicehorse.eu\/sk\/atribut\/brand\/quick-knot-sk\/\" target=\"_blank\" rel=\"noopener\"><img decoding=\"async\" src=\"https:\/\/arak.spicehorse.eu\/wp-content\/uploads\/2021\/12\/quick-knot.png\"  \/><\/a><\/li>\n<li><a href=\"https:\/\/arak.spicehorse.eu\/sk\/atribut\/brand\/someh-sk-2\/\" target=\"_blank\" rel=\"noopener\"><img decoding=\"async\" src=\"https:\/\/arak.spicehorse.eu\/wp-content\/uploads\/2021\/12\/someh.png\"  \/><\/a><\/li>\n<li><a href=\"https:\/\/arak.spicehorse.eu\/sk\/atribut\/brand\/speed-sk\/\" target=\"_blank\" rel=\"noopener\"><img decoding=\"async\" src=\"https:\/\/s3-eu-central-1.amazonaws.com\/spicehorse.eu\/wp-media-folder-spicehorse\/wp-content\/uploads\/2023\/10\/speed-logo.png\" \/><\/a><\/li>\n<li><a href=\"https:\/\/arak.spicehorse.eu\/sk\/atribut\/brand\/spicehorse-sk\/\" target=\"_blank\" rel=\"noopener\"><img decoding=\"async\" src=\"https:\/\/arak.spicehorse.eu\/wp-content\/uploads\/2021\/12\/spicehorse.png\"  \/><\/a><\/li>\n<li><a href=\"https:\/\/arak.spicehorse.eu\/sk\/atribut\/brand\/stud-muffins-sk\/\" target=\"_blank\" rel=\"noopener\"><img decoding=\"async\" src=\"https:\/\/arak.spicehorse.eu\/wp-content\/uploads\/2023\/03\/stud-muffins-logo.png\" \/><\/a><\/li>\n<li><a href=\"https:\/\/arak.spicehorse.eu\/sk\/atribut\/brand\/sweet-william-sk-2\/\" target=\"_blank\" rel=\"noopener\"><img decoding=\"async\" src=\"https:\/\/arak.spicehorse.eu\/wp-content\/uploads\/2021\/12\/sweet-william.png\"  \/><\/a><\/li>\n<li><a href=\"https:\/\/arak.spicehorse.eu\/sk\/atribut\/brand\/tech-stirrups-sk\/\" target=\"_blank\" rel=\"noopener\"><img decoding=\"async\" src=\"https:\/\/arak.spicehorse.eu\/wp-content\/uploads\/2022\/04\/tech-stirrups.png\"  \/><\/a><\/li>\n<li><a href=\"https:\/\/arak.spicehorse.eu\/sk\/atribut\/brand\/tommy-hilfiger-sk\/\" target=\"_blank\" rel=\"noopener\"><img decoding=\"async\" src=\"https:\/\/arak.spicehorse.eu\/wp-content\/uploads\/2023\/03\/tommy-hilfiger.png\"  \/><\/a><\/li>\n<li><a href=\"https:\/\/arak.spicehorse.eu\/sk\/atribut\/brand\/trust-sk-2\/\" target=\"_blank\" rel=\"noopener\"><img decoding=\"async\" src=\"https:\/\/arak.spicehorse.eu\/wp-content\/uploads\/2021\/12\/trust-equestrian.png\"  \/><\/a><\/li>\n<li><a href=\"https:\/\/arak.spicehorse.eu\/sk\/atribut\/brand\/velari-sk-\" target=\"_blank\" rel=\"noopener\"><img decoding=\"async\" src=\"https:\/\/s3-eu-central-1.amazonaws.com\/spicehorse.eu\/wp-media-folder-spicehorse\/wp-content\/uploads\/2026\/01\/velari-logo.png\"  \/><\/a><\/li>\n<li><a href=\"https:\/\/arak.spicehorse.eu\/sk\/atribut\/brand\/winderen-sk\/\" target=\"_blank\" rel=\"noopener\"><img decoding=\"async\" src=\"https:\/\/arak.spicehorse.eu\/wp-content\/uploads\/2021\/12\/winderen.png\"  \/><\/a><\/li>\n<\/ul>\n","protected":false},"excerpt":{"rendered":"","protected":false},"author":1,"featured_media":0,"parent":0,"menu_order":0,"comment_status":"closed","ping_status":"closed","template":"","meta":{"_acf_changed":false,"footnotes":""},"acf":[],"yoast_head":"<!-- This site is optimized with the Yoast SEO plugin v21.4 - https:\/\/yoast.com\/wordpress\/plugins\/seo\/ -->\n<title>Zna\u010dky - Spicehorse<\/title>\n<meta name=\"robots\" content=\"index, follow, max-snippet:-1, max-image-preview:large, max-video-preview:-1\" \/>\n<link rel=\"canonical\" href=\"https:\/\/arak.spicehorse.eu\/sk\/znacky\/\" \/>\n<meta property=\"og:locale\" content=\"sk_SK\" \/>\n<meta property=\"og:type\" content=\"article\" \/>\n<meta property=\"og:title\" content=\"Zna\u010dky - Spicehorse\" \/>\n<meta property=\"og:url\" content=\"https:\/\/arak.spicehorse.eu\/sk\/znacky\/\" \/>\n<meta property=\"og:site_name\" content=\"Spicehorse\" \/>\n<meta property=\"article:publisher\" content=\"https:\/\/www.facebook.com\/SPICEHORSE-550385625402457\/\" \/>\n<meta property=\"article:modified_time\" content=\"2026-01-26T11:06:12+00:00\" \/>\n<meta property=\"og:image\" content=\"https:\/\/arak.spicehorse.eu\/wp-content\/uploads\/2023\/03\/bizzy-horse-logo.png\" \/>\n<meta name=\"twitter:card\" content=\"summary_large_image\" \/>\n<meta name=\"twitter:label1\" content=\"Predpokladan\u00fd \u010das \u010d\u00edtania\" \/>\n\t<meta name=\"twitter:data1\" content=\"7 min\u00fat\" \/>\n<script type=\"application\/ld+json\" class=\"yoast-schema-graph\">{\"@context\":\"https:\/\/schema.org\",\"@graph\":[{\"@type\":\"WebPage\",\"@id\":\"https:\/\/arak.spicehorse.eu\/sk\/znacky\/\",\"url\":\"https:\/\/arak.spicehorse.eu\/sk\/znacky\/\",\"name\":\"Zna\u010dky - Spicehorse\",\"isPartOf\":{\"@id\":\"https:\/\/arak.spicehorse.eu\/en\/#website\"},\"datePublished\":\"2022-01-12T07:52:35+00:00\",\"dateModified\":\"2026-01-26T11:06:12+00:00\",\"breadcrumb\":{\"@id\":\"https:\/\/arak.spicehorse.eu\/sk\/znacky\/#breadcrumb\"},\"inLanguage\":\"sk-SK\",\"potentialAction\":[{\"@type\":\"ReadAction\",\"target\":[\"https:\/\/arak.spicehorse.eu\/sk\/znacky\/\"]}]},{\"@type\":\"BreadcrumbList\",\"@id\":\"https:\/\/arak.spicehorse.eu\/sk\/znacky\/#breadcrumb\",\"itemListElement\":[{\"@type\":\"ListItem\",\"position\":1,\"name\":\"Home\",\"item\":\"https:\/\/arak.spicehorse.eu\/sk\/\"},{\"@type\":\"ListItem\",\"position\":2,\"name\":\"Zna\u010dky\"}]},{\"@type\":\"WebSite\",\"@id\":\"https:\/\/arak.spicehorse.eu\/en\/#website\",\"url\":\"https:\/\/arak.spicehorse.eu\/en\/\",\"name\":\"Spicehorse\",\"description\":\"UNDER DEVELOPMENT -\",\"potentialAction\":[{\"@type\":\"SearchAction\",\"target\":{\"@type\":\"EntryPoint\",\"urlTemplate\":\"https:\/\/arak.spicehorse.eu\/en\/?s={search_term_string}\"},\"query-input\":\"required name=search_term_string\"}],\"inLanguage\":\"sk-SK\"}]}<\/script>\n<!-- \/ Yoast SEO plugin. -->","yoast_head_json":{"title":"Zna\u010dky - Spicehorse","robots":{"index":"index","follow":"follow","max-snippet":"max-snippet:-1","max-image-preview":"max-image-preview:large","max-video-preview":"max-video-preview:-1"},"canonical":"https:\/\/arak.spicehorse.eu\/sk\/znacky\/","og_locale":"sk_SK","og_type":"article","og_title":"Zna\u010dky - Spicehorse","og_url":"https:\/\/arak.spicehorse.eu\/sk\/znacky\/","og_site_name":"Spicehorse","article_publisher":"https:\/\/www.facebook.com\/SPICEHORSE-550385625402457\/","article_modified_time":"2026-01-26T11:06:12+00:00","og_image":[{"url":"https:\/\/arak.spicehorse.eu\/wp-content\/uploads\/2023\/03\/bizzy-horse-logo.png"}],"twitter_card":"summary_large_image","twitter_misc":{"Predpokladan\u00fd \u010das \u010d\u00edtania":"7 min\u00fat"},"schema":{"@context":"https:\/\/schema.org","@graph":[{"@type":"WebPage","@id":"https:\/\/arak.spicehorse.eu\/sk\/znacky\/","url":"https:\/\/arak.spicehorse.eu\/sk\/znacky\/","name":"Zna\u010dky - Spicehorse","isPartOf":{"@id":"https:\/\/arak.spicehorse.eu\/en\/#website"},"datePublished":"2022-01-12T07:52:35+00:00","dateModified":"2026-01-26T11:06:12+00:00","breadcrumb":{"@id":"https:\/\/arak.spicehorse.eu\/sk\/znacky\/#breadcrumb"},"inLanguage":"sk-SK","potentialAction":[{"@type":"ReadAction","target":["https:\/\/arak.spicehorse.eu\/sk\/znacky\/"]}]},{"@type":"BreadcrumbList","@id":"https:\/\/arak.spicehorse.eu\/sk\/znacky\/#breadcrumb","itemListElement":[{"@type":"ListItem","position":1,"name":"Home","item":"https:\/\/arak.spicehorse.eu\/sk\/"},{"@type":"ListItem","position":2,"name":"Zna\u010dky"}]},{"@type":"WebSite","@id":"https:\/\/arak.spicehorse.eu\/en\/#website","url":"https:\/\/arak.spicehorse.eu\/en\/","name":"Spicehorse","description":"UNDER DEVELOPMENT -","potentialAction":[{"@type":"SearchAction","target":{"@type":"EntryPoint","urlTemplate":"https:\/\/arak.spicehorse.eu\/en\/?s={search_term_string}"},"query-input":"required name=search_term_string"}],"inLanguage":"sk-SK"}]}},"_links":{"self":[{"href":"https:\/\/arak.spicehorse.eu\/sk\/wp-json\/wp\/v2\/pages\/45422"}],"collection":[{"href":"https:\/\/arak.spicehorse.eu\/sk\/wp-json\/wp\/v2\/pages"}],"about":[{"href":"https:\/\/arak.spicehorse.eu\/sk\/wp-json\/wp\/v2\/types\/page"}],"author":[{"embeddable":true,"href":"https:\/\/arak.spicehorse.eu\/sk\/wp-json\/wp\/v2\/users\/1"}],"replies":[{"embeddable":true,"href":"https:\/\/arak.spicehorse.eu\/sk\/wp-json\/wp\/v2\/comments?post=45422"}],"version-history":[{"count":5,"href":"https:\/\/arak.spicehorse.eu\/sk\/wp-json\/wp\/v2\/pages\/45422\/revisions"}],"predecessor-version":[{"id":210252,"href":"https:\/\/arak.spicehorse.eu\/sk\/wp-json\/wp\/v2\/pages\/45422\/revisions\/210252"}],"wp:attachment":[{"href":"https:\/\/arak.spicehorse.eu\/sk\/wp-json\/wp\/v2\/media?parent=45422"}],"curies":[{"name":"wp","href":"https:\/\/api.w.org\/{rel}","templated":true}]}}