{"id":86806,"date":"2023-02-26T20:49:24","date_gmt":"2023-02-26T19:49:24","guid":{"rendered":"https:\/\/arak.spicehorse.eu\/dorucenie-tovaru\/"},"modified":"2023-02-26T20:49:33","modified_gmt":"2023-02-26T19:49:33","slug":"dorucenie-tovaru","status":"publish","type":"page","link":"https:\/\/arak.spicehorse.eu\/sk\/dorucenie-tovaru\/","title":{"rendered":"Doru\u010denie tovaru"},"content":{"rendered":"<p>Toho \u010dasu s\u00fa z\u00e1sielky doru\u010dovan\u00e9 v prvom rade prostredn\u00edctvom vyu\u017e\u00edvania medzin\u00e1rodn\u00fdch sledovac\u00edch kuri\u00e9rskych slu\u017eieb GLS pod\u013ea ni\u017e\u0161ie uveden\u00fdch sadzieb za doru\u010denie:<\/p>\n<table class=\"datatable\">\n<tbody>\n<tr>\n<td><strong>Cie\u013eov\u00e1 krajina\/regi\u00f3n<\/strong><\/td>\n<td><strong>Hodnota n\u00e1kupu, nad ktor\u00fa je doru\u010denie tovaru bezplatn\u00e9<\/strong><\/p>\n<p><strong>(s DPH)<\/strong><\/td>\n<td><strong>N\u00e1klady na dopravu<\/strong><\/p>\n<p><strong>(s DPH)<\/strong><\/td>\n<\/tr>\n<tr>\n<td>Slovensko<\/td>\n<td>95 EUR<\/td>\n<td>4.90 EUR<\/td>\n<\/tr>\n<tr>\n<td>Ma\u010farsko<\/td>\n<td>39.000 HUF<\/td>\n<td>1.690 HUF<\/td>\n<\/tr>\n<tr>\n<td>\u010cesko<\/td>\n<td>195 EUR<\/td>\n<td>11.90 EUR<\/td>\n<\/tr>\n<tr>\n<td>In\u00e1 medzin\u00e1rodn\u00e1 doprava<\/td>\n<td>195 EUR<\/td>\n<td>19.90 EUR<\/td>\n<\/tr>\n<\/tbody>\n<\/table>\n<p>Na\u0161e v\u00fdrobky doru\u010dujeme do kraj\u00edn EU a na z\u00e1klade individu\u00e1lneho pos\u00fadenia do kraj\u00edn susediacich s EU, resp. kraj\u00edn EHP. V tak\u00fdchto pr\u00edpadoch n\u00e1s pros\u00edm kontaktujte na e-mailovej adrese <a href=\"mailto:hello@spicehorse.eu\">hello@spicehorse.eu<\/a>.<\/p>\n<p><strong>\u00a0<\/strong><\/p>\n<p>Pri zostavovan\u00ed objedn\u00e1vok db\u00e1me na to, aby boli v\u00fdrobky d\u00f4kladne zabalen\u00e9, preto je m\u00e1lo pravdepodobn\u00e9, aby sa po\u010das dopravy po\u0161kodili. V pr\u00edpade, ak bude napriek tomu Va\u0161a z\u00e1sielka po\u0161koden\u00e1, bezodkladne n\u00e1s informujte na e-mailovej adrese \u00a0<a href=\"mailto:hello@spicehorse.eu\">hello@spicehorse.eu<\/a>, z\u00e1rove\u0148 n\u00e1m po\u0161lite fotografiu ako d\u00f4kaz. V tak\u00fdchto pr\u00edpadoch \u00a0pom\u00e1hame na\u0161im klientom pri uplat\u0148ovan\u00ed ich n\u00e1rokov vo\u010di prepravcovi.<\/p>\n<p>Na\u0161e produkty s\u00fa v prvom rade dod\u00e1van\u00e9 zo z\u00e1sob v na\u0161om s\u00eddle na Slovensku alebo z na\u0161ej preba\u013eovacej stanice v Ma\u010farsku.<\/p>\n<p>V pr\u00edpade ak je objednan\u00fd v\u00fdrobok\/-ky na sklade, doru\u010denie je mimoriadne r\u00fdchle, v z\u00e1vislosti od sp\u00f4sobu platby s\u00fa v\u00fdrobky odosielan\u00e9 do 1-3 pracovn\u00fdch dn\u00ed. V opa\u010dnom pr\u00edpade V\u00e1s budeme informova\u0165 e-mailom. V pr\u00edpade objedn\u00e1vky tovaru, ktor\u00fd aktu\u00e1lne nie je na sklade V\u00e1s budeme o pravdepodobnom term\u00edne vyskladnenia informova\u0165 e-mailom.<\/p>\n<p>V pr\u00edpade ak nastan\u00fa ak\u00e9ko\u013evek probl\u00e9my s Va\u0161ou objedn\u00e1vkou po\u010das prepravy, pros\u00edm, informujte n\u00e1s o tom \u010d\u00edm sk\u00f4r. V tak\u00fdchto pr\u00edpadoch v\u017edy zah\u00e1jime kontrolu, ktor\u00e1 m\u00f4\u017ee trva\u0165 dlh\u0161iu dobu.<\/p>\n","protected":false},"excerpt":{"rendered":"<p>Toho \u010dasu s\u00fa z\u00e1sielky doru\u010dovan\u00e9 v prvom rade prostredn\u00edctvom vyu\u017e\u00edvania medzin\u00e1rodn\u00fdch sledovac\u00edch kuri\u00e9rskych slu\u017eieb GLS pod\u013ea ni\u017e\u0161ie uveden\u00fdch sadzieb za doru\u010denie: Cie\u013eov\u00e1 krajina\/regi\u00f3n Hodnota n\u00e1kupu, nad ktor\u00fa je doru\u010denie tovaru bezplatn\u00e9 (s DPH) N\u00e1klady na dopravu (s DPH) Slovensko 95 EUR 4.90 EUR Ma\u010farsko 39.000 HUF 1.690 HUF \u010cesko 195 EUR 11.90 EUR In\u00e1 medzin\u00e1rodn\u00e1 [&hellip;]<\/p>\n","protected":false},"author":1,"featured_media":0,"parent":0,"menu_order":0,"comment_status":"closed","ping_status":"closed","template":"","meta":{"_acf_changed":false,"footnotes":""},"acf":[],"yoast_head":"<!-- This site is optimized with the Yoast SEO plugin v21.4 - https:\/\/yoast.com\/wordpress\/plugins\/seo\/ -->\n<title>Doru\u010denie tovaru - Spicehorse<\/title>\n<meta name=\"robots\" content=\"index, follow, max-snippet:-1, max-image-preview:large, max-video-preview:-1\" \/>\n<link rel=\"canonical\" href=\"https:\/\/arak.spicehorse.eu\/sk\/dorucenie-tovaru\/\" \/>\n<meta property=\"og:locale\" content=\"sk_SK\" \/>\n<meta property=\"og:type\" content=\"article\" \/>\n<meta property=\"og:title\" content=\"Doru\u010denie tovaru - Spicehorse\" \/>\n<meta property=\"og:description\" content=\"Toho \u010dasu s\u00fa z\u00e1sielky doru\u010dovan\u00e9 v prvom rade prostredn\u00edctvom vyu\u017e\u00edvania medzin\u00e1rodn\u00fdch sledovac\u00edch kuri\u00e9rskych slu\u017eieb GLS pod\u013ea ni\u017e\u0161ie uveden\u00fdch sadzieb za doru\u010denie: Cie\u013eov\u00e1 krajina\/regi\u00f3n Hodnota n\u00e1kupu, nad ktor\u00fa je doru\u010denie tovaru bezplatn\u00e9 (s DPH) N\u00e1klady na dopravu (s DPH) Slovensko 95 EUR 4.90 EUR Ma\u010farsko 39.000 HUF 1.690 HUF \u010cesko 195 EUR 11.90 EUR In\u00e1 medzin\u00e1rodn\u00e1 [&hellip;]\" \/>\n<meta property=\"og:url\" content=\"https:\/\/arak.spicehorse.eu\/sk\/dorucenie-tovaru\/\" \/>\n<meta property=\"og:site_name\" content=\"Spicehorse\" \/>\n<meta property=\"article:publisher\" content=\"https:\/\/www.facebook.com\/SPICEHORSE-550385625402457\/\" \/>\n<meta property=\"article:modified_time\" content=\"2023-02-26T19:49:33+00:00\" \/>\n<meta property=\"og:image\" content=\"https:\/\/arak.spicehorse.eu\/wp-content\/uploads\/2018\/11\/Spice-Horse_k\u00f6rpecs\u00e9t.jpg\" \/>\n\t<meta property=\"og:image:width\" content=\"600\" \/>\n\t<meta property=\"og:image:height\" content=\"314\" \/>\n\t<meta property=\"og:image:type\" content=\"image\/jpeg\" \/>\n<meta name=\"twitter:card\" content=\"summary_large_image\" \/>\n<meta name=\"twitter:label1\" content=\"Predpokladan\u00fd \u010das \u010d\u00edtania\" \/>\n\t<meta name=\"twitter:data1\" content=\"2 min\u00faty\" \/>\n<script type=\"application\/ld+json\" class=\"yoast-schema-graph\">{\"@context\":\"https:\/\/schema.org\",\"@graph\":[{\"@type\":\"WebPage\",\"@id\":\"https:\/\/arak.spicehorse.eu\/sk\/dorucenie-tovaru\/\",\"url\":\"https:\/\/arak.spicehorse.eu\/sk\/dorucenie-tovaru\/\",\"name\":\"Doru\u010denie tovaru - Spicehorse\",\"isPartOf\":{\"@id\":\"https:\/\/arak.spicehorse.eu\/en\/#website\"},\"datePublished\":\"2023-02-26T19:49:24+00:00\",\"dateModified\":\"2023-02-26T19:49:33+00:00\",\"breadcrumb\":{\"@id\":\"https:\/\/arak.spicehorse.eu\/sk\/dorucenie-tovaru\/#breadcrumb\"},\"inLanguage\":\"sk-SK\",\"potentialAction\":[{\"@type\":\"ReadAction\",\"target\":[\"https:\/\/arak.spicehorse.eu\/sk\/dorucenie-tovaru\/\"]}]},{\"@type\":\"BreadcrumbList\",\"@id\":\"https:\/\/arak.spicehorse.eu\/sk\/dorucenie-tovaru\/#breadcrumb\",\"itemListElement\":[{\"@type\":\"ListItem\",\"position\":1,\"name\":\"Home\",\"item\":\"https:\/\/arak.spicehorse.eu\/sk\/\"},{\"@type\":\"ListItem\",\"position\":2,\"name\":\"Doru\u010denie tovaru\"}]},{\"@type\":\"WebSite\",\"@id\":\"https:\/\/arak.spicehorse.eu\/en\/#website\",\"url\":\"https:\/\/arak.spicehorse.eu\/en\/\",\"name\":\"Spicehorse\",\"description\":\"UNDER DEVELOPMENT -\",\"potentialAction\":[{\"@type\":\"SearchAction\",\"target\":{\"@type\":\"EntryPoint\",\"urlTemplate\":\"https:\/\/arak.spicehorse.eu\/en\/?s={search_term_string}\"},\"query-input\":\"required name=search_term_string\"}],\"inLanguage\":\"sk-SK\"}]}<\/script>\n<!-- \/ Yoast SEO plugin. -->","yoast_head_json":{"title":"Doru\u010denie tovaru - Spicehorse","robots":{"index":"index","follow":"follow","max-snippet":"max-snippet:-1","max-image-preview":"max-image-preview:large","max-video-preview":"max-video-preview:-1"},"canonical":"https:\/\/arak.spicehorse.eu\/sk\/dorucenie-tovaru\/","og_locale":"sk_SK","og_type":"article","og_title":"Doru\u010denie tovaru - Spicehorse","og_description":"Toho \u010dasu s\u00fa z\u00e1sielky doru\u010dovan\u00e9 v prvom rade prostredn\u00edctvom vyu\u017e\u00edvania medzin\u00e1rodn\u00fdch sledovac\u00edch kuri\u00e9rskych slu\u017eieb GLS pod\u013ea ni\u017e\u0161ie uveden\u00fdch sadzieb za doru\u010denie: Cie\u013eov\u00e1 krajina\/regi\u00f3n Hodnota n\u00e1kupu, nad ktor\u00fa je doru\u010denie tovaru bezplatn\u00e9 (s DPH) N\u00e1klady na dopravu (s DPH) Slovensko 95 EUR 4.90 EUR Ma\u010farsko 39.000 HUF 1.690 HUF \u010cesko 195 EUR 11.90 EUR In\u00e1 medzin\u00e1rodn\u00e1 [&hellip;]","og_url":"https:\/\/arak.spicehorse.eu\/sk\/dorucenie-tovaru\/","og_site_name":"Spicehorse","article_publisher":"https:\/\/www.facebook.com\/SPICEHORSE-550385625402457\/","article_modified_time":"2023-02-26T19:49:33+00:00","og_image":[{"width":600,"height":314,"url":"https:\/\/arak.spicehorse.eu\/wp-content\/uploads\/2018\/11\/Spice-Horse_k\u00f6rpecs\u00e9t.jpg","type":"image\/jpeg"}],"twitter_card":"summary_large_image","twitter_misc":{"Predpokladan\u00fd \u010das \u010d\u00edtania":"2 min\u00faty"},"schema":{"@context":"https:\/\/schema.org","@graph":[{"@type":"WebPage","@id":"https:\/\/arak.spicehorse.eu\/sk\/dorucenie-tovaru\/","url":"https:\/\/arak.spicehorse.eu\/sk\/dorucenie-tovaru\/","name":"Doru\u010denie tovaru - Spicehorse","isPartOf":{"@id":"https:\/\/arak.spicehorse.eu\/en\/#website"},"datePublished":"2023-02-26T19:49:24+00:00","dateModified":"2023-02-26T19:49:33+00:00","breadcrumb":{"@id":"https:\/\/arak.spicehorse.eu\/sk\/dorucenie-tovaru\/#breadcrumb"},"inLanguage":"sk-SK","potentialAction":[{"@type":"ReadAction","target":["https:\/\/arak.spicehorse.eu\/sk\/dorucenie-tovaru\/"]}]},{"@type":"BreadcrumbList","@id":"https:\/\/arak.spicehorse.eu\/sk\/dorucenie-tovaru\/#breadcrumb","itemListElement":[{"@type":"ListItem","position":1,"name":"Home","item":"https:\/\/arak.spicehorse.eu\/sk\/"},{"@type":"ListItem","position":2,"name":"Doru\u010denie tovaru"}]},{"@type":"WebSite","@id":"https:\/\/arak.spicehorse.eu\/en\/#website","url":"https:\/\/arak.spicehorse.eu\/en\/","name":"Spicehorse","description":"UNDER DEVELOPMENT -","potentialAction":[{"@type":"SearchAction","target":{"@type":"EntryPoint","urlTemplate":"https:\/\/arak.spicehorse.eu\/en\/?s={search_term_string}"},"query-input":"required name=search_term_string"}],"inLanguage":"sk-SK"}]}},"_links":{"self":[{"href":"https:\/\/arak.spicehorse.eu\/sk\/wp-json\/wp\/v2\/pages\/86806"}],"collection":[{"href":"https:\/\/arak.spicehorse.eu\/sk\/wp-json\/wp\/v2\/pages"}],"about":[{"href":"https:\/\/arak.spicehorse.eu\/sk\/wp-json\/wp\/v2\/types\/page"}],"author":[{"embeddable":true,"href":"https:\/\/arak.spicehorse.eu\/sk\/wp-json\/wp\/v2\/users\/1"}],"replies":[{"embeddable":true,"href":"https:\/\/arak.spicehorse.eu\/sk\/wp-json\/wp\/v2\/comments?post=86806"}],"version-history":[{"count":0,"href":"https:\/\/arak.spicehorse.eu\/sk\/wp-json\/wp\/v2\/pages\/86806\/revisions"}],"wp:attachment":[{"href":"https:\/\/arak.spicehorse.eu\/sk\/wp-json\/wp\/v2\/media?parent=86806"}],"curies":[{"name":"wp","href":"https:\/\/api.w.org\/{rel}","templated":true}]}}