{"id":86844,"date":"2023-02-27T14:01:16","date_gmt":"2023-02-27T13:01:16","guid":{"rendered":"https:\/\/arak.spicehorse.eu\/pravidla-vratenia-tovaru\/"},"modified":"2023-03-21T16:12:29","modified_gmt":"2023-03-21T15:12:29","slug":"vratenie","status":"publish","type":"page","link":"https:\/\/arak.spicehorse.eu\/sk\/vratenie\/","title":{"rendered":"VR\u00c1TENIE"},"content":{"rendered":"<p>Budeme ve\u013emi radi, ak sa V\u00e1m bude u n\u00e1s zak\u00fapen\u00fd v\u00fdrobok\/-ky tovar p\u00e1\u010di\u0165. Ak v\u0161ak predsa nebudete s nie\u010dom spokojn\u00ed, alebo ste si svoju objedn\u00e1vku rozmysleli, tovar n\u00e1m jednoducho m\u00f4\u017eete vr\u00e1ti\u0165.<\/p>\n<p>Pros\u00edm sledujte ni\u017e\u0161ie uveden\u00e9 pokyny.<\/p>\n<p>1. Po prijat\u00ed objedn\u00e1vky \u010do mo\u017eno najsk\u00f4r skontrolujte objednan\u00fd v\u00fdrobok \/-ky. Zachovajte ich v p\u00f4vodnom stave, p\u00f4vodnom balen\u00ed spolu s visa\u010dkami. Je d\u00f4le\u017eit\u00e9 vedie\u0165, \u017ee v pr\u00edpade po\u0161kodenia v\u00fdrobku, zne\u010distenia alebo zn\u00e1mok pou\u017e\u00edvania Va\u0161u po\u017eiadavku na vr\u00e1tenie zamietneme.<\/p>\n<p>2. Ak si \u017eel\u00e1te v\u00fdrobok vr\u00e1ti\u0165 alebo vymeni\u0165, pros\u00edme, aby ste si tu stiahli <a href=\"https:\/\/arak.spicehorse.eu\/wp-content\/uploads\/2023\/02\/RETURN-FORM_SK.pdf\" target=\"_blank\" rel=\"noopener\">formul\u00e1r pre vr\u00e1tenie v\u00fdrobku<\/a>.<\/p>\n<p>3.\u00a0V\u00fdrobok\/-ky dobre zaba\u013ete a prilo\u017ete k nemu formul\u00e1r pre vr\u00e1tenie. Bez formul\u00e1ra nem\u00e1me mo\u017enos\u0165 Va\u0161e vr\u00e1tenie spracova\u0165.<\/p>\n<p>4.\u00a0Bal\u00edk po\u0161lite na ni\u017e\u0161ie uveden\u00fa adresu, uchovajte si (alebo n\u00e1m po\u0161lite) k\u00f3d pre sledovanie z\u00e1sielky.<\/p>\n<p><strong>SpiceLife s.r.o (SPICEHORSE)<br \/>\n<\/strong>94501 Kom\u00e1rno<br \/>\nHadovsk\u00e1 870<br \/>\nSlovensko<\/p>\n<p>5. Va\u0161u po\u017eiadavku na vr\u00e1tenie tovaru spracujeme, ak si \u017eel\u00e1te v\u00fdrobok vymeni\u0165, nov\u00fd v\u00fdrobok V\u00e1m po\u0161leme bezplatne.<\/p>\n<p>M\u00e1te pr\u00e1vo do 14 dn\u00ed od doru\u010denia z\u00e1sielky odst\u00fapi\u0165 od zmluvy bez udania d\u00f4vodu, Po odst\u00fapen\u00ed od zmluvy m\u00e1te \u010fal\u0161\u00edch 14 dn\u00ed na to, aby ste v\u00fdrobok\/-ky poslali nasp\u00e4\u0165 na vy\u0161\u0161ie uveden\u00fa adresu SPICEHORSE. Ak je vr\u00e1ten\u00fd tovar kompletn\u00fd, v p\u00f4vodnom stave a balen\u00ed, so v\u0161etk\u00fdmi visa\u010dkami a v nepou\u017e\u00edvanom stave, sumu, ktor\u00fa ste zaplatili za tovar V\u00e1m vr\u00e1time na V\u00e1\u0161 \u00fa\u010det v \u010do najkrat\u0161om \u010dase, najnesk\u00f4r v\u0161ak do 14 dn\u00e9 odo d\u0148a doru\u010denia v\u00fdrobku\/-kov.<\/p>\n<p>N\u00e1klady spojen\u00e9 s vr\u00e1ten\u00edm v\u00fdrobku\/-ok hrad\u00ed z\u00e1kazn\u00edk. Ke\u010f\u017ee doprava sa uskuto\u010d\u0148uje v\u017edy na riziko a na n\u00e1klady z\u00e1kazn\u00edka, v\u00fdrobky je potrebn\u00e9 vhodne zabali\u0165 a adresova\u0165 na vy\u0161\u0161ie uveden\u00fa adresu.<\/p>\n<p>Ak vr\u00e1tenie tovaru prebieha mimo EU, dbajte na to, aby tovar neobsahoval p\u00f4vodn\u00e9 fakt\u00fary a vidite\u013ene ho ozna\u010dte tak, aby bolo zjavn\u00e9, \u017ee ide o vr\u00e1ten\u00fd tovar. Ak je potrebn\u00e9 zada\u0165 hodnotu, uve\u010fte v\u017edy sumu, ktor\u00e1 nepresahuje 20,- \u20ac.<\/p>\n<p>Odpor\u00fa\u010dame V\u00e1m bal\u00edk poisti\u0165, preto\u017ee za stratu z\u00e1sielky nenesieme \u017eiadnu zodpovednos\u0165.<\/p>\n","protected":false},"excerpt":{"rendered":"<p>Budeme ve\u013emi radi, ak sa V\u00e1m bude u n\u00e1s zak\u00fapen\u00fd v\u00fdrobok\/-ky tovar p\u00e1\u010di\u0165. Ak v\u0161ak predsa nebudete s nie\u010dom spokojn\u00ed, alebo ste si svoju objedn\u00e1vku rozmysleli, tovar n\u00e1m jednoducho m\u00f4\u017eete vr\u00e1ti\u0165. Pros\u00edm sledujte ni\u017e\u0161ie uveden\u00e9 pokyny. 1. Po prijat\u00ed objedn\u00e1vky \u010do mo\u017eno najsk\u00f4r skontrolujte objednan\u00fd v\u00fdrobok \/-ky. Zachovajte ich v p\u00f4vodnom stave, p\u00f4vodnom balen\u00ed spolu [&hellip;]<\/p>\n","protected":false},"author":1,"featured_media":0,"parent":0,"menu_order":0,"comment_status":"closed","ping_status":"closed","template":"","meta":{"_acf_changed":false,"footnotes":""},"acf":[],"yoast_head":"<!-- This site is optimized with the Yoast SEO plugin v21.4 - https:\/\/yoast.com\/wordpress\/plugins\/seo\/ -->\n<title>VR\u00c1TENIE - Spicehorse<\/title>\n<meta name=\"robots\" content=\"index, follow, max-snippet:-1, max-image-preview:large, max-video-preview:-1\" \/>\n<link rel=\"canonical\" href=\"https:\/\/arak.spicehorse.eu\/sk\/vratenie\/\" \/>\n<meta property=\"og:locale\" content=\"sk_SK\" \/>\n<meta property=\"og:type\" content=\"article\" \/>\n<meta property=\"og:title\" content=\"VR\u00c1TENIE - Spicehorse\" \/>\n<meta property=\"og:description\" content=\"Budeme ve\u013emi radi, ak sa V\u00e1m bude u n\u00e1s zak\u00fapen\u00fd v\u00fdrobok\/-ky tovar p\u00e1\u010di\u0165. Ak v\u0161ak predsa nebudete s nie\u010dom spokojn\u00ed, alebo ste si svoju objedn\u00e1vku rozmysleli, tovar n\u00e1m jednoducho m\u00f4\u017eete vr\u00e1ti\u0165. Pros\u00edm sledujte ni\u017e\u0161ie uveden\u00e9 pokyny. 1. Po prijat\u00ed objedn\u00e1vky \u010do mo\u017eno najsk\u00f4r skontrolujte objednan\u00fd v\u00fdrobok \/-ky. Zachovajte ich v p\u00f4vodnom stave, p\u00f4vodnom balen\u00ed spolu [&hellip;]\" \/>\n<meta property=\"og:url\" content=\"https:\/\/arak.spicehorse.eu\/sk\/vratenie\/\" \/>\n<meta property=\"og:site_name\" content=\"Spicehorse\" \/>\n<meta property=\"article:publisher\" content=\"https:\/\/www.facebook.com\/SPICEHORSE-550385625402457\/\" \/>\n<meta property=\"article:modified_time\" content=\"2023-03-21T15:12:29+00:00\" \/>\n<meta property=\"og:image\" content=\"https:\/\/arak.spicehorse.eu\/wp-content\/uploads\/2018\/11\/Spice-Horse_k\u00f6rpecs\u00e9t.jpg\" \/>\n\t<meta property=\"og:image:width\" content=\"600\" \/>\n\t<meta property=\"og:image:height\" content=\"314\" \/>\n\t<meta property=\"og:image:type\" content=\"image\/jpeg\" \/>\n<meta name=\"twitter:card\" content=\"summary_large_image\" \/>\n<meta name=\"twitter:label1\" content=\"Predpokladan\u00fd \u010das \u010d\u00edtania\" \/>\n\t<meta name=\"twitter:data1\" content=\"2 min\u00faty\" \/>\n<script type=\"application\/ld+json\" class=\"yoast-schema-graph\">{\"@context\":\"https:\/\/schema.org\",\"@graph\":[{\"@type\":\"WebPage\",\"@id\":\"https:\/\/arak.spicehorse.eu\/sk\/vratenie\/\",\"url\":\"https:\/\/arak.spicehorse.eu\/sk\/vratenie\/\",\"name\":\"VR\u00c1TENIE - Spicehorse\",\"isPartOf\":{\"@id\":\"https:\/\/arak.spicehorse.eu\/en\/#website\"},\"datePublished\":\"2023-02-27T13:01:16+00:00\",\"dateModified\":\"2023-03-21T15:12:29+00:00\",\"breadcrumb\":{\"@id\":\"https:\/\/arak.spicehorse.eu\/sk\/vratenie\/#breadcrumb\"},\"inLanguage\":\"sk-SK\",\"potentialAction\":[{\"@type\":\"ReadAction\",\"target\":[\"https:\/\/arak.spicehorse.eu\/sk\/vratenie\/\"]}]},{\"@type\":\"BreadcrumbList\",\"@id\":\"https:\/\/arak.spicehorse.eu\/sk\/vratenie\/#breadcrumb\",\"itemListElement\":[{\"@type\":\"ListItem\",\"position\":1,\"name\":\"Home\",\"item\":\"https:\/\/arak.spicehorse.eu\/sk\/\"},{\"@type\":\"ListItem\",\"position\":2,\"name\":\"VR\u00c1TENIE\"}]},{\"@type\":\"WebSite\",\"@id\":\"https:\/\/arak.spicehorse.eu\/en\/#website\",\"url\":\"https:\/\/arak.spicehorse.eu\/en\/\",\"name\":\"Spicehorse\",\"description\":\"UNDER DEVELOPMENT -\",\"potentialAction\":[{\"@type\":\"SearchAction\",\"target\":{\"@type\":\"EntryPoint\",\"urlTemplate\":\"https:\/\/arak.spicehorse.eu\/en\/?s={search_term_string}\"},\"query-input\":\"required name=search_term_string\"}],\"inLanguage\":\"sk-SK\"}]}<\/script>\n<!-- \/ Yoast SEO plugin. -->","yoast_head_json":{"title":"VR\u00c1TENIE - Spicehorse","robots":{"index":"index","follow":"follow","max-snippet":"max-snippet:-1","max-image-preview":"max-image-preview:large","max-video-preview":"max-video-preview:-1"},"canonical":"https:\/\/arak.spicehorse.eu\/sk\/vratenie\/","og_locale":"sk_SK","og_type":"article","og_title":"VR\u00c1TENIE - Spicehorse","og_description":"Budeme ve\u013emi radi, ak sa V\u00e1m bude u n\u00e1s zak\u00fapen\u00fd v\u00fdrobok\/-ky tovar p\u00e1\u010di\u0165. Ak v\u0161ak predsa nebudete s nie\u010dom spokojn\u00ed, alebo ste si svoju objedn\u00e1vku rozmysleli, tovar n\u00e1m jednoducho m\u00f4\u017eete vr\u00e1ti\u0165. Pros\u00edm sledujte ni\u017e\u0161ie uveden\u00e9 pokyny. 1. Po prijat\u00ed objedn\u00e1vky \u010do mo\u017eno najsk\u00f4r skontrolujte objednan\u00fd v\u00fdrobok \/-ky. Zachovajte ich v p\u00f4vodnom stave, p\u00f4vodnom balen\u00ed spolu [&hellip;]","og_url":"https:\/\/arak.spicehorse.eu\/sk\/vratenie\/","og_site_name":"Spicehorse","article_publisher":"https:\/\/www.facebook.com\/SPICEHORSE-550385625402457\/","article_modified_time":"2023-03-21T15:12:29+00:00","og_image":[{"width":600,"height":314,"url":"https:\/\/arak.spicehorse.eu\/wp-content\/uploads\/2018\/11\/Spice-Horse_k\u00f6rpecs\u00e9t.jpg","type":"image\/jpeg"}],"twitter_card":"summary_large_image","twitter_misc":{"Predpokladan\u00fd \u010das \u010d\u00edtania":"2 min\u00faty"},"schema":{"@context":"https:\/\/schema.org","@graph":[{"@type":"WebPage","@id":"https:\/\/arak.spicehorse.eu\/sk\/vratenie\/","url":"https:\/\/arak.spicehorse.eu\/sk\/vratenie\/","name":"VR\u00c1TENIE - Spicehorse","isPartOf":{"@id":"https:\/\/arak.spicehorse.eu\/en\/#website"},"datePublished":"2023-02-27T13:01:16+00:00","dateModified":"2023-03-21T15:12:29+00:00","breadcrumb":{"@id":"https:\/\/arak.spicehorse.eu\/sk\/vratenie\/#breadcrumb"},"inLanguage":"sk-SK","potentialAction":[{"@type":"ReadAction","target":["https:\/\/arak.spicehorse.eu\/sk\/vratenie\/"]}]},{"@type":"BreadcrumbList","@id":"https:\/\/arak.spicehorse.eu\/sk\/vratenie\/#breadcrumb","itemListElement":[{"@type":"ListItem","position":1,"name":"Home","item":"https:\/\/arak.spicehorse.eu\/sk\/"},{"@type":"ListItem","position":2,"name":"VR\u00c1TENIE"}]},{"@type":"WebSite","@id":"https:\/\/arak.spicehorse.eu\/en\/#website","url":"https:\/\/arak.spicehorse.eu\/en\/","name":"Spicehorse","description":"UNDER DEVELOPMENT -","potentialAction":[{"@type":"SearchAction","target":{"@type":"EntryPoint","urlTemplate":"https:\/\/arak.spicehorse.eu\/en\/?s={search_term_string}"},"query-input":"required name=search_term_string"}],"inLanguage":"sk-SK"}]}},"_links":{"self":[{"href":"https:\/\/arak.spicehorse.eu\/sk\/wp-json\/wp\/v2\/pages\/86844"}],"collection":[{"href":"https:\/\/arak.spicehorse.eu\/sk\/wp-json\/wp\/v2\/pages"}],"about":[{"href":"https:\/\/arak.spicehorse.eu\/sk\/wp-json\/wp\/v2\/types\/page"}],"author":[{"embeddable":true,"href":"https:\/\/arak.spicehorse.eu\/sk\/wp-json\/wp\/v2\/users\/1"}],"replies":[{"embeddable":true,"href":"https:\/\/arak.spicehorse.eu\/sk\/wp-json\/wp\/v2\/comments?post=86844"}],"version-history":[{"count":0,"href":"https:\/\/arak.spicehorse.eu\/sk\/wp-json\/wp\/v2\/pages\/86844\/revisions"}],"wp:attachment":[{"href":"https:\/\/arak.spicehorse.eu\/sk\/wp-json\/wp\/v2\/media?parent=86844"}],"curies":[{"name":"wp","href":"https:\/\/api.w.org\/{rel}","templated":true}]}}