{"id":10032,"date":"2020-02-17T12:08:13","date_gmt":"2020-02-17T11:08:15","guid":{"rendered":"https:\/\/arak.spicehorse.eu\/?post_type=product&#038;p=10032"},"modified":"2025-10-21T15:56:35","modified_gmt":"2025-10-21T13:56:35","slug":"kentucky-flexible-kozena-ohlavka","status":"publish","type":"product","link":"https:\/\/arak.spicehorse.eu\/sk\/produkt\/kentucky-flexible-kozena-ohlavka\/","title":{"rendered":"Kentucky Flexible ko\u017een\u00e1 ohl\u00e1vka"},"content":{"rendered":"<p>Super praktick\u00e1 Kentucky Horsewear Flexible syntetick\u00e1 ko\u017een\u00e1 ohl\u00e1vka je rozop\u00ednate\u013en\u00e1, t\u00fdm p\u00e1dom ju mo\u017eno pou\u017ei\u0165 viacer\u00fdmi sp\u00f4sobmi. Ak ju rozopneme na pravej a\u00a0\u013eavej strane a\u00a0na spodku, m\u00f4\u017eeme z\u00a0nej vy\u010darova\u0165 dokonal\u00fa grooming ohl\u00e1vku. Dve spony na hlavovej \u010dasti, v\u010faka ktor\u00fdm si po\u013eahky symetricky nastav\u00edme potrebn\u00fa ve\u013ekos\u0165. Pomocou malej spony je nastavite\u013en\u00e1 aj nosov\u00e1 \u010das\u0165, \u013eahko ju mo\u017eno umiestni\u0165 aj na uzdu. Je vyroben\u00e1 z\u00a0ko\u017eenky vysokej kvality (v\u00fdrobok na 100% priate\u013esk\u00fd k zvierat\u00e1m ). Odpudzuje vodu a\u00a0ne\u010distoty, netrh\u00e1 sa a\u00a0pou\u017e\u00edvan\u00edm nemen\u00ed farbu. Je pru\u017enej\u0161ia ako prav\u00e1 ko\u017ea, preto je aj jej pou\u017e\u00edvanie ove\u013ea praktickej\u0161ie. Pri nosen\u00ed ohl\u00e1vky m\u00f4\u017eeme kone k\u013eudne aj um\u00fdva\u0165. Kentucky Horsewear ohl\u00e1vka m\u00e1 anatomick\u00e9 tvarovanie, so zhrubnutou \u010das\u0165ou za u\u0161ami. T\u00fdm p\u00e1dom sa tlak rozdelen\u00fd na v\u00e4\u010d\u0161ej ploche.<\/p>\n<p>Etiketu s Kentucky logom mo\u017eno obr\u00e1ti\u0165 a\u00a0grav\u00edrova\u0165 pod\u013ea individu\u00e1lnych po\u017eiadaviek. Je vyroben\u00e1 so zlat\u00fdmi doplnkami, dokonale lad\u00ed s Kentucky Horsewear vod\u00edtkami.<\/p>\n<p>Kentucky Horsewear Flexible ohl\u00e1vky sa \u013eahko \u010distia pomocou \u010distiaceho prostriedku Kentucky Horsewear, ktor\u00fd sa odpor\u00fa\u010da vyslovene na \u010distenie v\u00fdrobkov z\u00a0ko\u017eenky. Nepou\u017e\u00edvajte glycer\u00ednov\u00e9 mydl\u00e1.<\/p>\n","protected":false},"excerpt":{"rendered":"<h3>Super praktick\u00e1 Kentucky ohl\u00e1vka zo syntetickej ko\u017ee, ktor\u00fa mo\u017eno rozopn\u00fa\u0165, preto sa d\u00e1 pou\u017ei\u0165 viacer\u00fdmi sp\u00f4sobmi.<\/h3>\n<p><strong>Ve\u013ekos\u0165: Cob, Full<\/strong><br \/>\n<strong>Farba: hned\u00e1<\/strong><\/p>\n<ul>\n<li>Ko\u017eenka (v\u00fdrobok na 100% priate\u013esk\u00fd k zvierat\u00e1m)<\/li>\n<li>3 spony<\/li>\n<li>1 mal\u00e1 spona na\u00a0nosovej \u010dasti<\/li>\n<li>2 spony na hlavovej \u010dasti<\/li>\n<li>Mo\u017eno ju grav\u00edrova\u0165<\/li>\n<\/ul>\n","protected":false},"featured_media":73007,"template":"","meta":{"_acf_changed":false},"product_cat":[75,114],"product_tag":[184,335,189],"acf":[],"yoast_head":"<!-- This site is optimized with the Yoast SEO plugin v21.4 - https:\/\/yoast.com\/wordpress\/plugins\/seo\/ -->\n<title>Kentucky Flexible ko\u017een\u00e1 ohl\u00e1vka - Spicehorse<\/title>\n<meta name=\"description\" content=\"spicehorse.eu | Super praktick\u00e1 Kentucky Horsewear ohl\u00e1vka zo syntetickej ko\u017ee, ktor\u00fa mo\u017eno rozopn\u00fa\u0165, preto sa d\u00e1 pou\u017ei\u0165 viacer\u00fdmi sp\u00f4sobmi.\" \/>\n<meta name=\"robots\" content=\"index, follow, max-snippet:-1, max-image-preview:large, max-video-preview:-1\" \/>\n<link rel=\"canonical\" href=\"https:\/\/arak.spicehorse.eu\/sk\/produkt\/kentucky-flexible-kozena-ohlavka\/\" \/>\n<meta property=\"og:locale\" content=\"sk_SK\" \/>\n<meta property=\"og:type\" content=\"article\" \/>\n<meta property=\"og:title\" content=\"Kentucky Flexible ko\u017een\u00e1 ohl\u00e1vka - Spicehorse\" \/>\n<meta property=\"og:description\" content=\"spicehorse.eu | Super praktick\u00e1 Kentucky Horsewear ohl\u00e1vka zo syntetickej ko\u017ee, ktor\u00fa mo\u017eno rozopn\u00fa\u0165, preto sa d\u00e1 pou\u017ei\u0165 viacer\u00fdmi sp\u00f4sobmi.\" \/>\n<meta property=\"og:url\" content=\"https:\/\/arak.spicehorse.eu\/sk\/produkt\/kentucky-flexible-kozena-ohlavka\/\" \/>\n<meta property=\"og:site_name\" content=\"Spicehorse\" \/>\n<meta property=\"article:publisher\" content=\"https:\/\/www.facebook.com\/SPICEHORSE-550385625402457\/\" \/>\n<meta property=\"article:modified_time\" content=\"2025-10-21T13:56:35+00:00\" \/>\n<meta property=\"og:image\" content=\"https:\/\/arak.spicehorse.eu\/wp-content\/uploads\/2020\/02\/db93b49f4c6e3e1e214dd55f6126d3442396ac289d908d744aa01f355823b3ac.jpg\" \/>\n\t<meta property=\"og:image:width\" content=\"1365\" \/>\n\t<meta property=\"og:image:height\" content=\"2048\" \/>\n\t<meta property=\"og:image:type\" content=\"image\/jpeg\" \/>\n<meta name=\"twitter:card\" content=\"summary_large_image\" \/>\n<meta name=\"twitter:label1\" content=\"Predpokladan\u00fd \u010das \u010d\u00edtania\" \/>\n\t<meta name=\"twitter:data1\" content=\"1 min\u00fata\" \/>\n<script type=\"application\/ld+json\" class=\"yoast-schema-graph\">{\"@context\":\"https:\/\/schema.org\",\"@graph\":[{\"@type\":\"WebPage\",\"@id\":\"https:\/\/arak.spicehorse.eu\/sk\/produkt\/kentucky-flexible-kozena-ohlavka\/\",\"url\":\"https:\/\/arak.spicehorse.eu\/sk\/produkt\/kentucky-flexible-kozena-ohlavka\/\",\"name\":\"Kentucky Flexible ko\u017een\u00e1 ohl\u00e1vka - Spicehorse\",\"isPartOf\":{\"@id\":\"https:\/\/arak.spicehorse.eu\/en\/#website\"},\"datePublished\":\"2020-02-17T11:08:15+00:00\",\"dateModified\":\"2025-10-21T13:56:35+00:00\",\"description\":\"spicehorse.eu | Super praktick\u00e1 Kentucky Horsewear ohl\u00e1vka zo syntetickej ko\u017ee, ktor\u00fa mo\u017eno rozopn\u00fa\u0165, preto sa d\u00e1 pou\u017ei\u0165 viacer\u00fdmi sp\u00f4sobmi.\",\"breadcrumb\":{\"@id\":\"https:\/\/arak.spicehorse.eu\/sk\/produkt\/kentucky-flexible-kozena-ohlavka\/#breadcrumb\"},\"inLanguage\":\"sk-SK\",\"potentialAction\":[{\"@type\":\"ReadAction\",\"target\":[\"https:\/\/arak.spicehorse.eu\/sk\/produkt\/kentucky-flexible-kozena-ohlavka\/\"]}]},{\"@type\":\"BreadcrumbList\",\"@id\":\"https:\/\/arak.spicehorse.eu\/sk\/produkt\/kentucky-flexible-kozena-ohlavka\/#breadcrumb\",\"itemListElement\":[{\"@type\":\"ListItem\",\"position\":1,\"name\":\"Home\",\"item\":\"https:\/\/arak.spicehorse.eu\/sk\/\"},{\"@type\":\"ListItem\",\"position\":2,\"name\":\"Predaj\u0148a\",\"item\":\"https:\/\/arak.spicehorse.eu\/sk\/predajna\/\"},{\"@type\":\"ListItem\",\"position\":3,\"name\":\"Kentucky Flexible ko\u017een\u00e1 ohl\u00e1vka\"}]},{\"@type\":\"WebSite\",\"@id\":\"https:\/\/arak.spicehorse.eu\/en\/#website\",\"url\":\"https:\/\/arak.spicehorse.eu\/en\/\",\"name\":\"Spicehorse\",\"description\":\"UNDER DEVELOPMENT -\",\"potentialAction\":[{\"@type\":\"SearchAction\",\"target\":{\"@type\":\"EntryPoint\",\"urlTemplate\":\"https:\/\/arak.spicehorse.eu\/en\/?s={search_term_string}\"},\"query-input\":\"required name=search_term_string\"}],\"inLanguage\":\"sk-SK\"}]}<\/script>\n<!-- \/ Yoast SEO plugin. -->","yoast_head_json":{"title":"Kentucky Flexible ko\u017een\u00e1 ohl\u00e1vka - Spicehorse","description":"spicehorse.eu | Super praktick\u00e1 Kentucky Horsewear ohl\u00e1vka zo syntetickej ko\u017ee, ktor\u00fa mo\u017eno rozopn\u00fa\u0165, preto sa d\u00e1 pou\u017ei\u0165 viacer\u00fdmi sp\u00f4sobmi.","robots":{"index":"index","follow":"follow","max-snippet":"max-snippet:-1","max-image-preview":"max-image-preview:large","max-video-preview":"max-video-preview:-1"},"canonical":"https:\/\/arak.spicehorse.eu\/sk\/produkt\/kentucky-flexible-kozena-ohlavka\/","og_locale":"sk_SK","og_type":"article","og_title":"Kentucky Flexible ko\u017een\u00e1 ohl\u00e1vka - Spicehorse","og_description":"spicehorse.eu | Super praktick\u00e1 Kentucky Horsewear ohl\u00e1vka zo syntetickej ko\u017ee, ktor\u00fa mo\u017eno rozopn\u00fa\u0165, preto sa d\u00e1 pou\u017ei\u0165 viacer\u00fdmi sp\u00f4sobmi.","og_url":"https:\/\/arak.spicehorse.eu\/sk\/produkt\/kentucky-flexible-kozena-ohlavka\/","og_site_name":"Spicehorse","article_publisher":"https:\/\/www.facebook.com\/SPICEHORSE-550385625402457\/","article_modified_time":"2025-10-21T13:56:35+00:00","og_image":[{"width":1365,"height":2048,"url":"https:\/\/arak.spicehorse.eu\/wp-content\/uploads\/2020\/02\/db93b49f4c6e3e1e214dd55f6126d3442396ac289d908d744aa01f355823b3ac.jpg","type":"image\/jpeg"}],"twitter_card":"summary_large_image","twitter_misc":{"Predpokladan\u00fd \u010das \u010d\u00edtania":"1 min\u00fata"},"schema":{"@context":"https:\/\/schema.org","@graph":[{"@type":"WebPage","@id":"https:\/\/arak.spicehorse.eu\/sk\/produkt\/kentucky-flexible-kozena-ohlavka\/","url":"https:\/\/arak.spicehorse.eu\/sk\/produkt\/kentucky-flexible-kozena-ohlavka\/","name":"Kentucky Flexible ko\u017een\u00e1 ohl\u00e1vka - Spicehorse","isPartOf":{"@id":"https:\/\/arak.spicehorse.eu\/en\/#website"},"datePublished":"2020-02-17T11:08:15+00:00","dateModified":"2025-10-21T13:56:35+00:00","description":"spicehorse.eu | Super praktick\u00e1 Kentucky Horsewear ohl\u00e1vka zo syntetickej ko\u017ee, ktor\u00fa mo\u017eno rozopn\u00fa\u0165, preto sa d\u00e1 pou\u017ei\u0165 viacer\u00fdmi sp\u00f4sobmi.","breadcrumb":{"@id":"https:\/\/arak.spicehorse.eu\/sk\/produkt\/kentucky-flexible-kozena-ohlavka\/#breadcrumb"},"inLanguage":"sk-SK","potentialAction":[{"@type":"ReadAction","target":["https:\/\/arak.spicehorse.eu\/sk\/produkt\/kentucky-flexible-kozena-ohlavka\/"]}]},{"@type":"BreadcrumbList","@id":"https:\/\/arak.spicehorse.eu\/sk\/produkt\/kentucky-flexible-kozena-ohlavka\/#breadcrumb","itemListElement":[{"@type":"ListItem","position":1,"name":"Home","item":"https:\/\/arak.spicehorse.eu\/sk\/"},{"@type":"ListItem","position":2,"name":"Predaj\u0148a","item":"https:\/\/arak.spicehorse.eu\/sk\/predajna\/"},{"@type":"ListItem","position":3,"name":"Kentucky Flexible ko\u017een\u00e1 ohl\u00e1vka"}]},{"@type":"WebSite","@id":"https:\/\/arak.spicehorse.eu\/en\/#website","url":"https:\/\/arak.spicehorse.eu\/en\/","name":"Spicehorse","description":"UNDER DEVELOPMENT -","potentialAction":[{"@type":"SearchAction","target":{"@type":"EntryPoint","urlTemplate":"https:\/\/arak.spicehorse.eu\/en\/?s={search_term_string}"},"query-input":"required name=search_term_string"}],"inLanguage":"sk-SK"}]}},"_links":{"self":[{"href":"https:\/\/arak.spicehorse.eu\/sk\/wp-json\/wp\/v2\/product\/10032"}],"collection":[{"href":"https:\/\/arak.spicehorse.eu\/sk\/wp-json\/wp\/v2\/product"}],"about":[{"href":"https:\/\/arak.spicehorse.eu\/sk\/wp-json\/wp\/v2\/types\/product"}],"wp:featuredmedia":[{"embeddable":true,"href":"https:\/\/arak.spicehorse.eu\/sk\/wp-json\/wp\/v2\/media\/73007"}],"wp:attachment":[{"href":"https:\/\/arak.spicehorse.eu\/sk\/wp-json\/wp\/v2\/media?parent=10032"}],"wp:term":[{"taxonomy":"product_cat","embeddable":true,"href":"https:\/\/arak.spicehorse.eu\/sk\/wp-json\/wp\/v2\/product_cat?post=10032"},{"taxonomy":"product_tag","embeddable":true,"href":"https:\/\/arak.spicehorse.eu\/sk\/wp-json\/wp\/v2\/product_tag?post=10032"}],"curies":[{"name":"wp","href":"https:\/\/api.w.org\/{rel}","templated":true}]}}