{"id":10577,"date":"2020-02-28T15:57:13","date_gmt":"2020-02-28T14:57:15","guid":{"rendered":"https:\/\/arak.spicehorse.eu\/?post_type=product&#038;p=10577"},"modified":"2024-11-24T11:45:59","modified_gmt":"2024-11-24T10:45:59","slug":"kentucky-3d-spacer-cooler-deka","status":"publish","type":"product","link":"https:\/\/arak.spicehorse.eu\/sk\/produkt\/kentucky-3d-spacer-cooler-deka\/","title":{"rendered":"Kentucky 3D Spacer Cooler deka"},"content":{"rendered":"<p>Kentucky Horsewear 3D Spacer Cooler deka je ultra \u013eahk\u00e1 multifunk\u010dn\u00e1 deka pre kone. Mo\u017eno ju pou\u017ei\u0165 po\u010das cestovania, ako su\u0161iacu deku, chladiacu deku, kombinovan\u00fa s\u00a0in\u00fdmi dekami ako poddeku alebo pracovn\u00fa deku, aby k\u00f4\u0148 r\u00fdchlej\u0161ie uschol. 3D Spacer materi\u00e1l m\u00e1 \u0161trukt\u00faru v\u010del\u00edch plastov, deka je mimoriadne prievzdu\u0161n\u00e1, jemne polstrovan\u00e1 a\u00a0maxim\u00e1lne pohodln\u00e1. V\u00a0prednej \u010dasti sa zap\u00edna dvojit\u00fdmi sponami, m\u00e1 dva kr\u00ed\u017eov\u00e9 popruhy, ktor\u00e9 s\u00fa spevnen\u00e9 vlo\u017ekami z\u00a0ko\u017eenky. Pru\u017en\u00fd kryt chvosta je odn\u00edmate\u013en\u00fd, je plastov\u00fd, preto sa \u013eahko \u010dist\u00ed. Oblas\u0165 koh\u00fatika chr\u00e1ni syntetick\u00fd baran\u010dek. Lem z\u00a0hnedej ko\u017eenky a\u00a0Kentucky logo dod\u00e1vaj\u00fa mimoriadne nev\u0161edn\u00fd a\u00a0modern\u00fd vzh\u013ead. Kentucky deku mo\u017eno pra\u0165 v\u00a0pr\u00e1\u010dke na 30\u00b0(nevkladajte do su\u0161i\u010dky).<\/p>\n","protected":false},"excerpt":{"rendered":"<h3><strong>Kentucky 3D Spacer Cooler deka je ultra \u013eahk\u00e1 multifunk\u010dn\u00e1 deka, m\u00f4\u017ee sa pou\u017ei\u0165 na viacer\u00e9 ciele.<\/strong><\/h3>\n<p><strong>Ve\u013ekos\u0165: 125 cm, 130 cm, 140 cm, 145 cm, 155 cm, 160 cm<\/strong><br \/>\n<strong>Farba: navy<\/strong><\/p>\n<ul>\n<li>Mimoriadne prievzdu\u0161n\u00e1<\/li>\n<li>\u013dahk\u00e1<\/li>\n<li>Pohodln\u00e1<\/li>\n<li>Dvojit\u00e9 predn\u00e9 spony, kr\u00ed\u017eov\u00e9 popruhy a\u00a0kryt chvosta<\/li>\n<\/ul>\n","protected":false},"featured_media":10586,"template":"","meta":{"_acf_changed":false},"product_cat":[75,99],"product_tag":[135,184],"acf":[],"yoast_head":"<!-- This site is optimized with the Yoast SEO plugin v21.4 - https:\/\/yoast.com\/wordpress\/plugins\/seo\/ -->\n<title>Kentucky 3D Spacer Cooler deka - Spicehorse<\/title>\n<meta name=\"description\" content=\"spicehorse.eu | Kentucky Horsewear 3D Spacer Cooler deka je ultra \u013eahk\u00e1 multifunk\u010dn\u00e1 deka pre kone. Mo\u017eno ju pou\u017ei\u0165 po\u010das cestovania, ako su\u0161iacu deku, chladiacu deku, kombinovan\u00fa s\u00a0in\u00fdmi dekami ako poddeku alebo pracovn\u00fa deku, aby k\u00f4\u0148 r\u00fdchlej\u0161ie uschol. 3D Spacer materi\u00e1l m\u00e1 \u0161trukt\u00faru v\u010del\u00edch plastov, deka je mimoriadne prievzdu\u0161n\u00e1, jemne polstrovan\u00e1 a\u00a0maxim\u00e1lne pohodln\u00e1.\" \/>\n<meta name=\"robots\" content=\"index, follow, max-snippet:-1, max-image-preview:large, max-video-preview:-1\" \/>\n<link rel=\"canonical\" href=\"https:\/\/arak.spicehorse.eu\/termek\/kentucky-3d-spacer-cooler-takaro\/\" \/>\n<meta property=\"og:locale\" content=\"sk_SK\" \/>\n<meta property=\"og:type\" content=\"article\" \/>\n<meta property=\"og:title\" content=\"Kentucky 3D Spacer Cooler deka - Spicehorse\" \/>\n<meta property=\"og:description\" content=\"spicehorse.eu | Kentucky Horsewear 3D Spacer Cooler deka je ultra \u013eahk\u00e1 multifunk\u010dn\u00e1 deka pre kone. Mo\u017eno ju pou\u017ei\u0165 po\u010das cestovania, ako su\u0161iacu deku, chladiacu deku, kombinovan\u00fa s\u00a0in\u00fdmi dekami ako poddeku alebo pracovn\u00fa deku, aby k\u00f4\u0148 r\u00fdchlej\u0161ie uschol. 3D Spacer materi\u00e1l m\u00e1 \u0161trukt\u00faru v\u010del\u00edch plastov, deka je mimoriadne prievzdu\u0161n\u00e1, jemne polstrovan\u00e1 a\u00a0maxim\u00e1lne pohodln\u00e1.\" \/>\n<meta property=\"og:url\" content=\"https:\/\/arak.spicehorse.eu\/termek\/kentucky-3d-spacer-cooler-takaro\/\" \/>\n<meta property=\"og:site_name\" content=\"Spicehorse\" \/>\n<meta property=\"article:publisher\" content=\"https:\/\/www.facebook.com\/SPICEHORSE-550385625402457\/\" \/>\n<meta property=\"article:modified_time\" content=\"2024-11-24T10:45:59+00:00\" \/>\n<meta property=\"og:image\" content=\"https:\/\/arak.spicehorse.eu\/wp-content\/uploads\/2020\/02\/52146-03-P.jpg\" \/>\n\t<meta property=\"og:image:width\" content=\"2048\" \/>\n\t<meta property=\"og:image:height\" content=\"2048\" \/>\n\t<meta property=\"og:image:type\" content=\"image\/jpeg\" \/>\n<meta name=\"twitter:card\" content=\"summary_large_image\" \/>\n<meta name=\"twitter:label1\" content=\"Predpokladan\u00fd \u010das \u010d\u00edtania\" \/>\n\t<meta name=\"twitter:data1\" content=\"1 min\u00fata\" \/>\n<script type=\"application\/ld+json\" class=\"yoast-schema-graph\">{\"@context\":\"https:\/\/schema.org\",\"@graph\":[{\"@type\":\"WebPage\",\"@id\":\"https:\/\/arak.spicehorse.eu\/termek\/kentucky-3d-spacer-cooler-takaro\/\",\"url\":\"https:\/\/arak.spicehorse.eu\/termek\/kentucky-3d-spacer-cooler-takaro\/\",\"name\":\"Kentucky 3D Spacer Cooler deka - Spicehorse\",\"isPartOf\":{\"@id\":\"https:\/\/arak.spicehorse.eu\/en\/#website\"},\"datePublished\":\"2020-02-28T14:57:15+00:00\",\"dateModified\":\"2024-11-24T10:45:59+00:00\",\"description\":\"spicehorse.eu | Kentucky Horsewear 3D Spacer Cooler deka je ultra \u013eahk\u00e1 multifunk\u010dn\u00e1 deka pre kone. Mo\u017eno ju pou\u017ei\u0165 po\u010das cestovania, ako su\u0161iacu deku, chladiacu deku, kombinovan\u00fa s\u00a0in\u00fdmi dekami ako poddeku alebo pracovn\u00fa deku, aby k\u00f4\u0148 r\u00fdchlej\u0161ie uschol. 3D Spacer materi\u00e1l m\u00e1 \u0161trukt\u00faru v\u010del\u00edch plastov, deka je mimoriadne prievzdu\u0161n\u00e1, jemne polstrovan\u00e1 a\u00a0maxim\u00e1lne pohodln\u00e1.\",\"breadcrumb\":{\"@id\":\"https:\/\/arak.spicehorse.eu\/termek\/kentucky-3d-spacer-cooler-takaro\/#breadcrumb\"},\"inLanguage\":\"sk-SK\",\"potentialAction\":[{\"@type\":\"ReadAction\",\"target\":[\"https:\/\/arak.spicehorse.eu\/termek\/kentucky-3d-spacer-cooler-takaro\/\"]}]},{\"@type\":\"BreadcrumbList\",\"@id\":\"https:\/\/arak.spicehorse.eu\/termek\/kentucky-3d-spacer-cooler-takaro\/#breadcrumb\",\"itemListElement\":[{\"@type\":\"ListItem\",\"position\":1,\"name\":\"Home\",\"item\":\"https:\/\/arak.spicehorse.eu\/sk\/\"},{\"@type\":\"ListItem\",\"position\":2,\"name\":\"Predaj\u0148a\",\"item\":\"https:\/\/arak.spicehorse.eu\/sk\/predajna\/\"},{\"@type\":\"ListItem\",\"position\":3,\"name\":\"Kentucky 3D Spacer Cooler deka\"}]},{\"@type\":\"WebSite\",\"@id\":\"https:\/\/arak.spicehorse.eu\/en\/#website\",\"url\":\"https:\/\/arak.spicehorse.eu\/en\/\",\"name\":\"Spicehorse\",\"description\":\"UNDER DEVELOPMENT -\",\"potentialAction\":[{\"@type\":\"SearchAction\",\"target\":{\"@type\":\"EntryPoint\",\"urlTemplate\":\"https:\/\/arak.spicehorse.eu\/en\/?s={search_term_string}\"},\"query-input\":\"required name=search_term_string\"}],\"inLanguage\":\"sk-SK\"}]}<\/script>\n<!-- \/ Yoast SEO plugin. -->","yoast_head_json":{"title":"Kentucky 3D Spacer Cooler deka - Spicehorse","description":"spicehorse.eu | Kentucky Horsewear 3D Spacer Cooler deka je ultra \u013eahk\u00e1 multifunk\u010dn\u00e1 deka pre kone. Mo\u017eno ju pou\u017ei\u0165 po\u010das cestovania, ako su\u0161iacu deku, chladiacu deku, kombinovan\u00fa s\u00a0in\u00fdmi dekami ako poddeku alebo pracovn\u00fa deku, aby k\u00f4\u0148 r\u00fdchlej\u0161ie uschol. 3D Spacer materi\u00e1l m\u00e1 \u0161trukt\u00faru v\u010del\u00edch plastov, deka je mimoriadne prievzdu\u0161n\u00e1, jemne polstrovan\u00e1 a\u00a0maxim\u00e1lne pohodln\u00e1.","robots":{"index":"index","follow":"follow","max-snippet":"max-snippet:-1","max-image-preview":"max-image-preview:large","max-video-preview":"max-video-preview:-1"},"canonical":"https:\/\/arak.spicehorse.eu\/termek\/kentucky-3d-spacer-cooler-takaro\/","og_locale":"sk_SK","og_type":"article","og_title":"Kentucky 3D Spacer Cooler deka - Spicehorse","og_description":"spicehorse.eu | Kentucky Horsewear 3D Spacer Cooler deka je ultra \u013eahk\u00e1 multifunk\u010dn\u00e1 deka pre kone. Mo\u017eno ju pou\u017ei\u0165 po\u010das cestovania, ako su\u0161iacu deku, chladiacu deku, kombinovan\u00fa s\u00a0in\u00fdmi dekami ako poddeku alebo pracovn\u00fa deku, aby k\u00f4\u0148 r\u00fdchlej\u0161ie uschol. 3D Spacer materi\u00e1l m\u00e1 \u0161trukt\u00faru v\u010del\u00edch plastov, deka je mimoriadne prievzdu\u0161n\u00e1, jemne polstrovan\u00e1 a\u00a0maxim\u00e1lne pohodln\u00e1.","og_url":"https:\/\/arak.spicehorse.eu\/termek\/kentucky-3d-spacer-cooler-takaro\/","og_site_name":"Spicehorse","article_publisher":"https:\/\/www.facebook.com\/SPICEHORSE-550385625402457\/","article_modified_time":"2024-11-24T10:45:59+00:00","og_image":[{"width":2048,"height":2048,"url":"https:\/\/arak.spicehorse.eu\/wp-content\/uploads\/2020\/02\/52146-03-P.jpg","type":"image\/jpeg"}],"twitter_card":"summary_large_image","twitter_misc":{"Predpokladan\u00fd \u010das \u010d\u00edtania":"1 min\u00fata"},"schema":{"@context":"https:\/\/schema.org","@graph":[{"@type":"WebPage","@id":"https:\/\/arak.spicehorse.eu\/termek\/kentucky-3d-spacer-cooler-takaro\/","url":"https:\/\/arak.spicehorse.eu\/termek\/kentucky-3d-spacer-cooler-takaro\/","name":"Kentucky 3D Spacer Cooler deka - Spicehorse","isPartOf":{"@id":"https:\/\/arak.spicehorse.eu\/en\/#website"},"datePublished":"2020-02-28T14:57:15+00:00","dateModified":"2024-11-24T10:45:59+00:00","description":"spicehorse.eu | Kentucky Horsewear 3D Spacer Cooler deka je ultra \u013eahk\u00e1 multifunk\u010dn\u00e1 deka pre kone. Mo\u017eno ju pou\u017ei\u0165 po\u010das cestovania, ako su\u0161iacu deku, chladiacu deku, kombinovan\u00fa s\u00a0in\u00fdmi dekami ako poddeku alebo pracovn\u00fa deku, aby k\u00f4\u0148 r\u00fdchlej\u0161ie uschol. 3D Spacer materi\u00e1l m\u00e1 \u0161trukt\u00faru v\u010del\u00edch plastov, deka je mimoriadne prievzdu\u0161n\u00e1, jemne polstrovan\u00e1 a\u00a0maxim\u00e1lne pohodln\u00e1.","breadcrumb":{"@id":"https:\/\/arak.spicehorse.eu\/termek\/kentucky-3d-spacer-cooler-takaro\/#breadcrumb"},"inLanguage":"sk-SK","potentialAction":[{"@type":"ReadAction","target":["https:\/\/arak.spicehorse.eu\/termek\/kentucky-3d-spacer-cooler-takaro\/"]}]},{"@type":"BreadcrumbList","@id":"https:\/\/arak.spicehorse.eu\/termek\/kentucky-3d-spacer-cooler-takaro\/#breadcrumb","itemListElement":[{"@type":"ListItem","position":1,"name":"Home","item":"https:\/\/arak.spicehorse.eu\/sk\/"},{"@type":"ListItem","position":2,"name":"Predaj\u0148a","item":"https:\/\/arak.spicehorse.eu\/sk\/predajna\/"},{"@type":"ListItem","position":3,"name":"Kentucky 3D Spacer Cooler deka"}]},{"@type":"WebSite","@id":"https:\/\/arak.spicehorse.eu\/en\/#website","url":"https:\/\/arak.spicehorse.eu\/en\/","name":"Spicehorse","description":"UNDER DEVELOPMENT -","potentialAction":[{"@type":"SearchAction","target":{"@type":"EntryPoint","urlTemplate":"https:\/\/arak.spicehorse.eu\/en\/?s={search_term_string}"},"query-input":"required name=search_term_string"}],"inLanguage":"sk-SK"}]}},"_links":{"self":[{"href":"https:\/\/arak.spicehorse.eu\/sk\/wp-json\/wp\/v2\/product\/10577"}],"collection":[{"href":"https:\/\/arak.spicehorse.eu\/sk\/wp-json\/wp\/v2\/product"}],"about":[{"href":"https:\/\/arak.spicehorse.eu\/sk\/wp-json\/wp\/v2\/types\/product"}],"wp:featuredmedia":[{"embeddable":true,"href":"https:\/\/arak.spicehorse.eu\/sk\/wp-json\/wp\/v2\/media\/10586"}],"wp:attachment":[{"href":"https:\/\/arak.spicehorse.eu\/sk\/wp-json\/wp\/v2\/media?parent=10577"}],"wp:term":[{"taxonomy":"product_cat","embeddable":true,"href":"https:\/\/arak.spicehorse.eu\/sk\/wp-json\/wp\/v2\/product_cat?post=10577"},{"taxonomy":"product_tag","embeddable":true,"href":"https:\/\/arak.spicehorse.eu\/sk\/wp-json\/wp\/v2\/product_tag?post=10577"}],"curies":[{"name":"wp","href":"https:\/\/api.w.org\/{rel}","templated":true}]}}