{"id":108005,"date":"2023-05-03T17:02:08","date_gmt":"2023-05-03T15:02:21","guid":{"rendered":"https:\/\/arak.spicehorse.eu\/?post_type=product&#038;p=108005"},"modified":"2024-06-26T17:38:48","modified_gmt":"2024-06-26T15:38:48","slug":"lemieux-elite-softshell-kabat","status":"publish","type":"product","link":"https:\/\/arak.spicehorse.eu\/sk\/produkt\/lemieux-elite-softshell-kabat\/","title":{"rendered":"LeMieux Elite Softshell kab\u00e1t"},"content":{"rendered":"<p>LeMieux Elite Softshell kab\u00e1t je vyvinut\u00fd \u0161peci\u00e1lne pod\u013ea potrieb jazdcov.<\/p>\n<p>V\u010faka vonkaj\u0161iemu vode odoln\u00e9mu materi\u00e1lu je kab\u00e1t ide\u00e1lny po\u010das da\u017ediv\u00fdch dn\u00ed, udr\u017euje jazda v suchu a\u00a0pohodl\u00ed. V\u010faka svojim priedu\u0161n\u00fdm vlastnostiam je dokonal\u00fd pri pr\u00e1ci okolo stajne aj na jazdenie za da\u017e\u010fa.<\/p>\n<p>M\u00e1 obojsmern\u00fd vode odoln\u00fd zips, zabezpe\u010duje pohodlie za ka\u017ed\u00e9ho po\u010dasia. S\u00a0dobre premyslen\u00fdmi detailmi, s\u00a0nastavite\u013en\u00fdmi patentmi na ruk\u00e1voch a\u00a0ve\u013ekou odn\u00edmate\u013enou kapuc\u0148ou.<\/p>\n<p>LeMieux design, v strihu, ktor\u00fd kr\u00e1sne tvaruje postavu v\u00a0z\u00e1ujme elegantn\u00e9ho vzh\u013eadu.<\/p>\n<p>Mo\u017eno pra\u0165 v\u00a0pr\u00e1\u010dke na 30\u00b0. Pre pran\u00edm ho obr\u00e1\u0165te naruby. Perte s\u00a0podobn\u00fdmi farbami. Nevkladajte do su\u0161i\u010dky.<\/p>\n","protected":false},"excerpt":{"rendered":"<p>LeMieux Elite Softshell kab\u00e1t je vyvinut\u00fd \u0161peci\u00e1lne pod\u013ea potrieb jazdcov. V\u010faka vonkaj\u0161iemu vode odoln\u00e9mu materi\u00e1lu je kab\u00e1t ide\u00e1lny po\u010das da\u017ediv\u00fdch dn\u00ed, udr\u017euje jazda v suchu a\u00a0pohodl\u00ed. V\u010faka svojim priedu\u0161n\u00fdm vlastnostiam je dokonal\u00fd pri pr\u00e1ci okolo stajne aj na jazdenie za da\u017e\u010fa. M\u00e1 obojsmern\u00fd vode odoln\u00fd zips, zabezpe\u010duje pohodlie za ka\u017ed\u00e9ho po\u010dasia. S\u00a0dobre premyslen\u00fdmi detailmi, s\u00a0nastavite\u013en\u00fdmi [&hellip;]<\/p>\n","protected":false},"featured_media":108348,"template":"","meta":{"_acf_changed":false},"product_cat":[78,76,306],"product_tag":[348,2414,2369],"acf":[],"yoast_head":"<!-- This site is optimized with the Yoast SEO plugin v21.4 - https:\/\/yoast.com\/wordpress\/plugins\/seo\/ -->\n<title>LeMieux Elite Softshell kab\u00e1t - Spicehorse<\/title>\n<meta name=\"description\" content=\"spicehorse.eu | LeMieux Elite Softshell kab\u00e1t je vyvinut\u00fd \u0161peci\u00e1lne pod\u013ea potrieb jazdcov.\" \/>\n<meta name=\"robots\" content=\"index, follow, max-snippet:-1, max-image-preview:large, max-video-preview:-1\" \/>\n<link rel=\"canonical\" href=\"https:\/\/arak.spicehorse.eu\/sk\/produkt\/lemieux-elite-softshell-kabat\/\" \/>\n<meta property=\"og:locale\" content=\"sk_SK\" \/>\n<meta property=\"og:type\" content=\"article\" \/>\n<meta property=\"og:title\" content=\"LeMieux Elite Softshell kab\u00e1t - Spicehorse\" \/>\n<meta property=\"og:description\" content=\"spicehorse.eu | LeMieux Elite Softshell kab\u00e1t je vyvinut\u00fd \u0161peci\u00e1lne pod\u013ea potrieb jazdcov.\" \/>\n<meta property=\"og:url\" content=\"https:\/\/arak.spicehorse.eu\/sk\/produkt\/lemieux-elite-softshell-kabat\/\" \/>\n<meta property=\"og:site_name\" content=\"Spicehorse\" \/>\n<meta property=\"article:publisher\" content=\"https:\/\/www.facebook.com\/SPICEHORSE-550385625402457\/\" \/>\n<meta property=\"article:modified_time\" content=\"2024-06-26T15:38:48+00:00\" \/>\n<meta property=\"og:image\" content=\"https:\/\/arak.spicehorse.eu\/wp-content\/uploads\/2023\/05\/f959012995cd57ba8d7c8d0000326082.image_.1800x2485_2.jpg\" \/>\n\t<meta property=\"og:image:width\" content=\"700\" \/>\n\t<meta property=\"og:image:height\" content=\"700\" \/>\n\t<meta property=\"og:image:type\" content=\"image\/jpeg\" \/>\n<meta name=\"twitter:card\" content=\"summary_large_image\" \/>\n<meta name=\"twitter:label1\" content=\"Predpokladan\u00fd \u010das \u010d\u00edtania\" \/>\n\t<meta name=\"twitter:data1\" content=\"1 min\u00fata\" \/>\n<script type=\"application\/ld+json\" class=\"yoast-schema-graph\">{\"@context\":\"https:\/\/schema.org\",\"@graph\":[{\"@type\":\"WebPage\",\"@id\":\"https:\/\/arak.spicehorse.eu\/sk\/produkt\/lemieux-elite-softshell-kabat\/\",\"url\":\"https:\/\/arak.spicehorse.eu\/sk\/produkt\/lemieux-elite-softshell-kabat\/\",\"name\":\"LeMieux Elite Softshell kab\u00e1t - Spicehorse\",\"isPartOf\":{\"@id\":\"https:\/\/arak.spicehorse.eu\/en\/#website\"},\"datePublished\":\"2023-05-03T15:02:21+00:00\",\"dateModified\":\"2024-06-26T15:38:48+00:00\",\"description\":\"spicehorse.eu | LeMieux Elite Softshell kab\u00e1t je vyvinut\u00fd \u0161peci\u00e1lne pod\u013ea potrieb jazdcov.\",\"breadcrumb\":{\"@id\":\"https:\/\/arak.spicehorse.eu\/sk\/produkt\/lemieux-elite-softshell-kabat\/#breadcrumb\"},\"inLanguage\":\"sk-SK\",\"potentialAction\":[{\"@type\":\"ReadAction\",\"target\":[\"https:\/\/arak.spicehorse.eu\/sk\/produkt\/lemieux-elite-softshell-kabat\/\"]}]},{\"@type\":\"BreadcrumbList\",\"@id\":\"https:\/\/arak.spicehorse.eu\/sk\/produkt\/lemieux-elite-softshell-kabat\/#breadcrumb\",\"itemListElement\":[{\"@type\":\"ListItem\",\"position\":1,\"name\":\"Home\",\"item\":\"https:\/\/arak.spicehorse.eu\/sk\/\"},{\"@type\":\"ListItem\",\"position\":2,\"name\":\"Predaj\u0148a\",\"item\":\"https:\/\/arak.spicehorse.eu\/sk\/predajna\/\"},{\"@type\":\"ListItem\",\"position\":3,\"name\":\"LeMieux Elite Softshell kab\u00e1t\"}]},{\"@type\":\"WebSite\",\"@id\":\"https:\/\/arak.spicehorse.eu\/en\/#website\",\"url\":\"https:\/\/arak.spicehorse.eu\/en\/\",\"name\":\"Spicehorse\",\"description\":\"UNDER DEVELOPMENT -\",\"potentialAction\":[{\"@type\":\"SearchAction\",\"target\":{\"@type\":\"EntryPoint\",\"urlTemplate\":\"https:\/\/arak.spicehorse.eu\/en\/?s={search_term_string}\"},\"query-input\":\"required name=search_term_string\"}],\"inLanguage\":\"sk-SK\"}]}<\/script>\n<!-- \/ Yoast SEO plugin. -->","yoast_head_json":{"title":"LeMieux Elite Softshell kab\u00e1t - Spicehorse","description":"spicehorse.eu | LeMieux Elite Softshell kab\u00e1t je vyvinut\u00fd \u0161peci\u00e1lne pod\u013ea potrieb jazdcov.","robots":{"index":"index","follow":"follow","max-snippet":"max-snippet:-1","max-image-preview":"max-image-preview:large","max-video-preview":"max-video-preview:-1"},"canonical":"https:\/\/arak.spicehorse.eu\/sk\/produkt\/lemieux-elite-softshell-kabat\/","og_locale":"sk_SK","og_type":"article","og_title":"LeMieux Elite Softshell kab\u00e1t - Spicehorse","og_description":"spicehorse.eu | LeMieux Elite Softshell kab\u00e1t je vyvinut\u00fd \u0161peci\u00e1lne pod\u013ea potrieb jazdcov.","og_url":"https:\/\/arak.spicehorse.eu\/sk\/produkt\/lemieux-elite-softshell-kabat\/","og_site_name":"Spicehorse","article_publisher":"https:\/\/www.facebook.com\/SPICEHORSE-550385625402457\/","article_modified_time":"2024-06-26T15:38:48+00:00","og_image":[{"width":700,"height":700,"url":"https:\/\/arak.spicehorse.eu\/wp-content\/uploads\/2023\/05\/f959012995cd57ba8d7c8d0000326082.image_.1800x2485_2.jpg","type":"image\/jpeg"}],"twitter_card":"summary_large_image","twitter_misc":{"Predpokladan\u00fd \u010das \u010d\u00edtania":"1 min\u00fata"},"schema":{"@context":"https:\/\/schema.org","@graph":[{"@type":"WebPage","@id":"https:\/\/arak.spicehorse.eu\/sk\/produkt\/lemieux-elite-softshell-kabat\/","url":"https:\/\/arak.spicehorse.eu\/sk\/produkt\/lemieux-elite-softshell-kabat\/","name":"LeMieux Elite Softshell kab\u00e1t - Spicehorse","isPartOf":{"@id":"https:\/\/arak.spicehorse.eu\/en\/#website"},"datePublished":"2023-05-03T15:02:21+00:00","dateModified":"2024-06-26T15:38:48+00:00","description":"spicehorse.eu | LeMieux Elite Softshell kab\u00e1t je vyvinut\u00fd \u0161peci\u00e1lne pod\u013ea potrieb jazdcov.","breadcrumb":{"@id":"https:\/\/arak.spicehorse.eu\/sk\/produkt\/lemieux-elite-softshell-kabat\/#breadcrumb"},"inLanguage":"sk-SK","potentialAction":[{"@type":"ReadAction","target":["https:\/\/arak.spicehorse.eu\/sk\/produkt\/lemieux-elite-softshell-kabat\/"]}]},{"@type":"BreadcrumbList","@id":"https:\/\/arak.spicehorse.eu\/sk\/produkt\/lemieux-elite-softshell-kabat\/#breadcrumb","itemListElement":[{"@type":"ListItem","position":1,"name":"Home","item":"https:\/\/arak.spicehorse.eu\/sk\/"},{"@type":"ListItem","position":2,"name":"Predaj\u0148a","item":"https:\/\/arak.spicehorse.eu\/sk\/predajna\/"},{"@type":"ListItem","position":3,"name":"LeMieux Elite Softshell kab\u00e1t"}]},{"@type":"WebSite","@id":"https:\/\/arak.spicehorse.eu\/en\/#website","url":"https:\/\/arak.spicehorse.eu\/en\/","name":"Spicehorse","description":"UNDER DEVELOPMENT -","potentialAction":[{"@type":"SearchAction","target":{"@type":"EntryPoint","urlTemplate":"https:\/\/arak.spicehorse.eu\/en\/?s={search_term_string}"},"query-input":"required name=search_term_string"}],"inLanguage":"sk-SK"}]}},"_links":{"self":[{"href":"https:\/\/arak.spicehorse.eu\/sk\/wp-json\/wp\/v2\/product\/108005"}],"collection":[{"href":"https:\/\/arak.spicehorse.eu\/sk\/wp-json\/wp\/v2\/product"}],"about":[{"href":"https:\/\/arak.spicehorse.eu\/sk\/wp-json\/wp\/v2\/types\/product"}],"wp:featuredmedia":[{"embeddable":true,"href":"https:\/\/arak.spicehorse.eu\/sk\/wp-json\/wp\/v2\/media\/108348"}],"wp:attachment":[{"href":"https:\/\/arak.spicehorse.eu\/sk\/wp-json\/wp\/v2\/media?parent=108005"}],"wp:term":[{"taxonomy":"product_cat","embeddable":true,"href":"https:\/\/arak.spicehorse.eu\/sk\/wp-json\/wp\/v2\/product_cat?post=108005"},{"taxonomy":"product_tag","embeddable":true,"href":"https:\/\/arak.spicehorse.eu\/sk\/wp-json\/wp\/v2\/product_tag?post=108005"}],"curies":[{"name":"wp","href":"https:\/\/api.w.org\/{rel}","templated":true}]}}