{"id":108476,"date":"2023-05-03T20:23:26","date_gmt":"2023-05-03T18:23:28","guid":{"rendered":"https:\/\/arak.spicehorse.eu\/?post_type=product&#038;p=108476"},"modified":"2025-09-20T09:53:42","modified_gmt":"2025-09-20T07:53:42","slug":"lemieux-ohlavka-pre-hracku-ponik-cierna","status":"publish","type":"product","link":"https:\/\/arak.spicehorse.eu\/sk\/produkt\/lemieux-ohlavka-pre-hracku-ponik-cierna\/","title":{"rendered":"LeMieux ohl\u00e1vka pre hra\u010dku pon\u00edk \u010dierna"},"content":{"rendered":"<p>Po\u013eahky je mo\u017en\u00e9 nau\u010di\u0165 sa vystroji\u0165 ko\u0148a v\u010faka tejto hra\u010dk\u00e1rskej LeMieux ohl\u00e1vke, ktor\u00e1 je dokonalou k\u00f3piou ozajstnej, s\u00a0kovov\u00fdm zubadlom a\u00a0reme\u0148mi. Z\u00a0ko\u017ee vysokej kvality, s\u00a0elegantn\u00fdm \u0161it\u00edm na n\u00e1nosn\u00edku a\u00a0\u010delenke. Je ide\u00e1lnou hra\u010dkou na precvi\u010dovanie pre mal\u00fdch jazdcov.<\/p>\n<p>Odpor\u00fa\u010dan\u00fd vek: od 8 rokov<\/p>\n<p>Utrite ju handrou do \u010dista. Sedlo je vyr\u00e1ban\u00e9 ru\u010dne, preto sa m\u00f4\u017ee l\u00ed\u0161i\u0165 od ilustra\u010dnej fotografie.<\/p>\n","protected":false},"excerpt":{"rendered":"<p>Po\u013eahky je mo\u017en\u00e9 nau\u010di\u0165 sa vystroji\u0165 ko\u0148a v\u010faka tejto hra\u010dk\u00e1rskej LeMieux ohl\u00e1vke, ktor\u00e1 je dokonalou k\u00f3piou ozajstnej, s\u00a0kovov\u00fdm zubadlom a\u00a0reme\u0148mi. Z\u00a0ko\u017ee vysokej kvality, s\u00a0elegantn\u00fdm \u0161it\u00edm na n\u00e1nosn\u00edku a\u00a0\u010delenke. Je ide\u00e1lnou hra\u010dkou na precvi\u010dovanie pre mal\u00fdch jazdcov. Odpor\u00fa\u010dan\u00fd vek: od 8 rokov Utrite ju handrou do \u010dista. Sedlo je vyr\u00e1ban\u00e9 ru\u010dne, preto sa m\u00f4\u017ee l\u00ed\u0161i\u0165 od [&hellip;]<\/p>\n","protected":false},"featured_media":108485,"template":"","meta":{"_acf_changed":false},"product_cat":[2534,76,312],"product_tag":[227,2369,2589,422,2389,529],"acf":[],"yoast_head":"<!-- This site is optimized with the Yoast SEO plugin v21.4 - https:\/\/yoast.com\/wordpress\/plugins\/seo\/ -->\n<title>LeMieux ohl\u00e1vka pre hra\u010dku pon\u00edk \u010dierna - Spicehorse<\/title>\n<meta name=\"description\" content=\"spicehorse.eu | Po\u013eahky je mo\u017en\u00e9 nau\u010di\u0165 sa vystroji\u0165 ko\u0148a v\u010faka tejto hra\u010dk\u00e1rskej LeMieux ohl\u00e1vke, ktor\u00e1 je dokonalou k\u00f3piou ozajstnej, s\u00a0kovov\u00fdm zubadlom a\u00a0reme\u0148mi.\" \/>\n<meta name=\"robots\" content=\"index, follow, max-snippet:-1, max-image-preview:large, max-video-preview:-1\" \/>\n<link rel=\"canonical\" href=\"https:\/\/arak.spicehorse.eu\/sk\/produkt\/lemieux-ohlavka-pre-hracku-ponik-cierna\/\" \/>\n<meta property=\"og:locale\" content=\"sk_SK\" \/>\n<meta property=\"og:type\" content=\"article\" \/>\n<meta property=\"og:title\" content=\"LeMieux ohl\u00e1vka pre hra\u010dku pon\u00edk \u010dierna - Spicehorse\" \/>\n<meta property=\"og:description\" content=\"spicehorse.eu | Po\u013eahky je mo\u017en\u00e9 nau\u010di\u0165 sa vystroji\u0165 ko\u0148a v\u010faka tejto hra\u010dk\u00e1rskej LeMieux ohl\u00e1vke, ktor\u00e1 je dokonalou k\u00f3piou ozajstnej, s\u00a0kovov\u00fdm zubadlom a\u00a0reme\u0148mi.\" \/>\n<meta property=\"og:url\" content=\"https:\/\/arak.spicehorse.eu\/sk\/produkt\/lemieux-ohlavka-pre-hracku-ponik-cierna\/\" \/>\n<meta property=\"og:site_name\" content=\"Spicehorse\" \/>\n<meta property=\"article:publisher\" content=\"https:\/\/www.facebook.com\/SPICEHORSE-550385625402457\/\" \/>\n<meta property=\"article:modified_time\" content=\"2025-09-20T07:53:42+00:00\" \/>\n<meta property=\"og:image\" content=\"https:\/\/arak.spicehorse.eu\/wp-content\/uploads\/2023\/05\/lm-minipony-bridle-hr.webp\" \/>\n\t<meta property=\"og:image:width\" content=\"769\" \/>\n\t<meta property=\"og:image:height\" content=\"1025\" \/>\n\t<meta property=\"og:image:type\" content=\"image\/webp\" \/>\n<meta name=\"twitter:card\" content=\"summary_large_image\" \/>\n<script type=\"application\/ld+json\" class=\"yoast-schema-graph\">{\"@context\":\"https:\/\/schema.org\",\"@graph\":[{\"@type\":\"WebPage\",\"@id\":\"https:\/\/arak.spicehorse.eu\/sk\/produkt\/lemieux-ohlavka-pre-hracku-ponik-cierna\/\",\"url\":\"https:\/\/arak.spicehorse.eu\/sk\/produkt\/lemieux-ohlavka-pre-hracku-ponik-cierna\/\",\"name\":\"LeMieux ohl\u00e1vka pre hra\u010dku pon\u00edk \u010dierna - Spicehorse\",\"isPartOf\":{\"@id\":\"https:\/\/arak.spicehorse.eu\/en\/#website\"},\"datePublished\":\"2023-05-03T18:23:28+00:00\",\"dateModified\":\"2025-09-20T07:53:42+00:00\",\"description\":\"spicehorse.eu | Po\u013eahky je mo\u017en\u00e9 nau\u010di\u0165 sa vystroji\u0165 ko\u0148a v\u010faka tejto hra\u010dk\u00e1rskej LeMieux ohl\u00e1vke, ktor\u00e1 je dokonalou k\u00f3piou ozajstnej, s\u00a0kovov\u00fdm zubadlom a\u00a0reme\u0148mi.\",\"breadcrumb\":{\"@id\":\"https:\/\/arak.spicehorse.eu\/sk\/produkt\/lemieux-ohlavka-pre-hracku-ponik-cierna\/#breadcrumb\"},\"inLanguage\":\"sk-SK\",\"potentialAction\":[{\"@type\":\"ReadAction\",\"target\":[\"https:\/\/arak.spicehorse.eu\/sk\/produkt\/lemieux-ohlavka-pre-hracku-ponik-cierna\/\"]}]},{\"@type\":\"BreadcrumbList\",\"@id\":\"https:\/\/arak.spicehorse.eu\/sk\/produkt\/lemieux-ohlavka-pre-hracku-ponik-cierna\/#breadcrumb\",\"itemListElement\":[{\"@type\":\"ListItem\",\"position\":1,\"name\":\"Home\",\"item\":\"https:\/\/arak.spicehorse.eu\/sk\/\"},{\"@type\":\"ListItem\",\"position\":2,\"name\":\"Predaj\u0148a\",\"item\":\"https:\/\/arak.spicehorse.eu\/sk\/predajna\/\"},{\"@type\":\"ListItem\",\"position\":3,\"name\":\"LeMieux ohl\u00e1vka pre hra\u010dku pon\u00edk \u010dierna\"}]},{\"@type\":\"WebSite\",\"@id\":\"https:\/\/arak.spicehorse.eu\/en\/#website\",\"url\":\"https:\/\/arak.spicehorse.eu\/en\/\",\"name\":\"Spicehorse\",\"description\":\"UNDER DEVELOPMENT -\",\"potentialAction\":[{\"@type\":\"SearchAction\",\"target\":{\"@type\":\"EntryPoint\",\"urlTemplate\":\"https:\/\/arak.spicehorse.eu\/en\/?s={search_term_string}\"},\"query-input\":\"required name=search_term_string\"}],\"inLanguage\":\"sk-SK\"}]}<\/script>\n<!-- \/ Yoast SEO plugin. -->","yoast_head_json":{"title":"LeMieux ohl\u00e1vka pre hra\u010dku pon\u00edk \u010dierna - Spicehorse","description":"spicehorse.eu | Po\u013eahky je mo\u017en\u00e9 nau\u010di\u0165 sa vystroji\u0165 ko\u0148a v\u010faka tejto hra\u010dk\u00e1rskej LeMieux ohl\u00e1vke, ktor\u00e1 je dokonalou k\u00f3piou ozajstnej, s\u00a0kovov\u00fdm zubadlom a\u00a0reme\u0148mi.","robots":{"index":"index","follow":"follow","max-snippet":"max-snippet:-1","max-image-preview":"max-image-preview:large","max-video-preview":"max-video-preview:-1"},"canonical":"https:\/\/arak.spicehorse.eu\/sk\/produkt\/lemieux-ohlavka-pre-hracku-ponik-cierna\/","og_locale":"sk_SK","og_type":"article","og_title":"LeMieux ohl\u00e1vka pre hra\u010dku pon\u00edk \u010dierna - Spicehorse","og_description":"spicehorse.eu | Po\u013eahky je mo\u017en\u00e9 nau\u010di\u0165 sa vystroji\u0165 ko\u0148a v\u010faka tejto hra\u010dk\u00e1rskej LeMieux ohl\u00e1vke, ktor\u00e1 je dokonalou k\u00f3piou ozajstnej, s\u00a0kovov\u00fdm zubadlom a\u00a0reme\u0148mi.","og_url":"https:\/\/arak.spicehorse.eu\/sk\/produkt\/lemieux-ohlavka-pre-hracku-ponik-cierna\/","og_site_name":"Spicehorse","article_publisher":"https:\/\/www.facebook.com\/SPICEHORSE-550385625402457\/","article_modified_time":"2025-09-20T07:53:42+00:00","og_image":[{"width":769,"height":1025,"url":"https:\/\/arak.spicehorse.eu\/wp-content\/uploads\/2023\/05\/lm-minipony-bridle-hr.webp","type":"image\/webp"}],"twitter_card":"summary_large_image","schema":{"@context":"https:\/\/schema.org","@graph":[{"@type":"WebPage","@id":"https:\/\/arak.spicehorse.eu\/sk\/produkt\/lemieux-ohlavka-pre-hracku-ponik-cierna\/","url":"https:\/\/arak.spicehorse.eu\/sk\/produkt\/lemieux-ohlavka-pre-hracku-ponik-cierna\/","name":"LeMieux ohl\u00e1vka pre hra\u010dku pon\u00edk \u010dierna - Spicehorse","isPartOf":{"@id":"https:\/\/arak.spicehorse.eu\/en\/#website"},"datePublished":"2023-05-03T18:23:28+00:00","dateModified":"2025-09-20T07:53:42+00:00","description":"spicehorse.eu | Po\u013eahky je mo\u017en\u00e9 nau\u010di\u0165 sa vystroji\u0165 ko\u0148a v\u010faka tejto hra\u010dk\u00e1rskej LeMieux ohl\u00e1vke, ktor\u00e1 je dokonalou k\u00f3piou ozajstnej, s\u00a0kovov\u00fdm zubadlom a\u00a0reme\u0148mi.","breadcrumb":{"@id":"https:\/\/arak.spicehorse.eu\/sk\/produkt\/lemieux-ohlavka-pre-hracku-ponik-cierna\/#breadcrumb"},"inLanguage":"sk-SK","potentialAction":[{"@type":"ReadAction","target":["https:\/\/arak.spicehorse.eu\/sk\/produkt\/lemieux-ohlavka-pre-hracku-ponik-cierna\/"]}]},{"@type":"BreadcrumbList","@id":"https:\/\/arak.spicehorse.eu\/sk\/produkt\/lemieux-ohlavka-pre-hracku-ponik-cierna\/#breadcrumb","itemListElement":[{"@type":"ListItem","position":1,"name":"Home","item":"https:\/\/arak.spicehorse.eu\/sk\/"},{"@type":"ListItem","position":2,"name":"Predaj\u0148a","item":"https:\/\/arak.spicehorse.eu\/sk\/predajna\/"},{"@type":"ListItem","position":3,"name":"LeMieux ohl\u00e1vka pre hra\u010dku pon\u00edk \u010dierna"}]},{"@type":"WebSite","@id":"https:\/\/arak.spicehorse.eu\/en\/#website","url":"https:\/\/arak.spicehorse.eu\/en\/","name":"Spicehorse","description":"UNDER DEVELOPMENT -","potentialAction":[{"@type":"SearchAction","target":{"@type":"EntryPoint","urlTemplate":"https:\/\/arak.spicehorse.eu\/en\/?s={search_term_string}"},"query-input":"required name=search_term_string"}],"inLanguage":"sk-SK"}]}},"_links":{"self":[{"href":"https:\/\/arak.spicehorse.eu\/sk\/wp-json\/wp\/v2\/product\/108476"}],"collection":[{"href":"https:\/\/arak.spicehorse.eu\/sk\/wp-json\/wp\/v2\/product"}],"about":[{"href":"https:\/\/arak.spicehorse.eu\/sk\/wp-json\/wp\/v2\/types\/product"}],"wp:featuredmedia":[{"embeddable":true,"href":"https:\/\/arak.spicehorse.eu\/sk\/wp-json\/wp\/v2\/media\/108485"}],"wp:attachment":[{"href":"https:\/\/arak.spicehorse.eu\/sk\/wp-json\/wp\/v2\/media?parent=108476"}],"wp:term":[{"taxonomy":"product_cat","embeddable":true,"href":"https:\/\/arak.spicehorse.eu\/sk\/wp-json\/wp\/v2\/product_cat?post=108476"},{"taxonomy":"product_tag","embeddable":true,"href":"https:\/\/arak.spicehorse.eu\/sk\/wp-json\/wp\/v2\/product_tag?post=108476"}],"curies":[{"name":"wp","href":"https:\/\/api.w.org\/{rel}","templated":true}]}}