{"id":10885,"date":"2020-03-30T17:24:59","date_gmt":"2020-03-30T15:25:01","guid":{"rendered":"https:\/\/arak.spicehorse.eu\/?post_type=product&#038;p=10885"},"modified":"2024-11-21T16:11:58","modified_gmt":"2024-11-21T15:11:58","slug":"kentucky-bavlnena-deka","status":"publish","type":"product","link":"https:\/\/arak.spicehorse.eu\/sk\/produkt\/kentucky-bavlnena-deka\/","title":{"rendered":"Kentucky bavlnen\u00e1 deka"},"content":{"rendered":"<p>Kentucky Horsewear Cotton bavlnen\u00e1 deka je ide\u00e1lnou vo\u013ebou do mierneho po\u010dasia alebo na transport. Je extra pohodln\u00e1, dokonale sa prisp\u00f4sobuje, syntetick\u00fd baran\u010dek v\u00a0oblasti koh\u00fatika. Materi\u00e1l je ve\u013emi pevn\u00fd a\u00a0odoln\u00fd polyester\/bavlna. Predn\u00e1 \u010das\u0165 sa zap\u00edna na dva such\u00e9 zipsy, m\u00e1 dva kr\u00ed\u017eov\u00e9 popruhy posilnen\u00e9 ko\u017eenkov\u00fdmi vlo\u017ekami. Pru\u017en\u00fd podchvostn\u00edk je odn\u00edmate\u013en\u00fd, m\u00e1 plastov\u00fd kryt a\u00a0t\u00fdm p\u00e1dom sa \u013eahko \u010dist\u00ed. Syntetick\u00fd baran\u010dek chr\u00e1ni oblas\u0165 koh\u00fatika.\u00a0 Lem z\u00a0hnedej ko\u017eenky a Kentucky logo dod\u00e1vaj\u00fa \u00a0mimoriadne elegantn\u00fd a\u00a0neoby\u010dajn\u00fd dizajn. Mo\u017eno pra\u0165 v\u00a0pr\u00e1\u010dke na 30\u00b0-on (nevkladajte do su\u0161i\u010dky).<\/p>\n","protected":false},"excerpt":{"rendered":"<h3><strong>Kentucky bavlnen\u00e1 deka vysokej kvality do mierneho po\u010dasia alebo na transport. \u00a0<\/strong><\/h3>\n<p><strong>Ve\u013ekosti: 125 cm, 130 cm, 140 cm, 145 cm, 155 cm, 160 cm<\/strong><br \/>\n<strong>Farba: navy, \u010dierna<\/strong><\/p>\n<ul>\n<li>65% polyester \/ 35% bavlna<\/li>\n<li>Predn\u00e9 spony, kr\u00ed\u017eov\u00e9 popruhy, podchvostn\u00edk<\/li>\n<li>Syntetick\u00fd baran\u010dek v\u00a0oblasti koh\u00fatika<\/li>\n<\/ul>\n","protected":false},"featured_media":10894,"template":"","meta":{"_acf_changed":false},"product_cat":[78,75,99],"product_tag":[135,184],"acf":[],"yoast_head":"<!-- This site is optimized with the Yoast SEO plugin v21.4 - https:\/\/yoast.com\/wordpress\/plugins\/seo\/ -->\n<title>Kentucky bavlnen\u00e1 deka - Spicehorse<\/title>\n<meta name=\"description\" content=\"spicehorse.eu | Kentucky Horsewear bavlnen\u00e1 deka vysokej kvality do mierneho po\u010dasia alebo na transport.\" \/>\n<meta name=\"robots\" content=\"index, follow, max-snippet:-1, max-image-preview:large, max-video-preview:-1\" \/>\n<link rel=\"canonical\" href=\"https:\/\/arak.spicehorse.eu\/termek\/kentucky-pamut-takaro\/\" \/>\n<meta property=\"og:locale\" content=\"sk_SK\" \/>\n<meta property=\"og:type\" content=\"article\" \/>\n<meta property=\"og:title\" content=\"Kentucky bavlnen\u00e1 deka - Spicehorse\" \/>\n<meta property=\"og:description\" content=\"spicehorse.eu | Kentucky Horsewear bavlnen\u00e1 deka vysokej kvality do mierneho po\u010dasia alebo na transport.\" \/>\n<meta property=\"og:url\" content=\"https:\/\/arak.spicehorse.eu\/termek\/kentucky-pamut-takaro\/\" \/>\n<meta property=\"og:site_name\" content=\"Spicehorse\" \/>\n<meta property=\"article:publisher\" content=\"https:\/\/www.facebook.com\/SPICEHORSE-550385625402457\/\" \/>\n<meta property=\"article:modified_time\" content=\"2024-11-21T15:11:58+00:00\" \/>\n<meta property=\"og:image\" content=\"https:\/\/arak.spicehorse.eu\/wp-content\/uploads\/2020\/03\/52115-01-P.jpg\" \/>\n\t<meta property=\"og:image:width\" content=\"2048\" \/>\n\t<meta property=\"og:image:height\" content=\"2048\" \/>\n\t<meta property=\"og:image:type\" content=\"image\/jpeg\" \/>\n<meta name=\"twitter:card\" content=\"summary_large_image\" \/>\n<meta name=\"twitter:label1\" content=\"Predpokladan\u00fd \u010das \u010d\u00edtania\" \/>\n\t<meta name=\"twitter:data1\" content=\"1 min\u00fata\" \/>\n<script type=\"application\/ld+json\" class=\"yoast-schema-graph\">{\"@context\":\"https:\/\/schema.org\",\"@graph\":[{\"@type\":\"WebPage\",\"@id\":\"https:\/\/arak.spicehorse.eu\/termek\/kentucky-pamut-takaro\/\",\"url\":\"https:\/\/arak.spicehorse.eu\/termek\/kentucky-pamut-takaro\/\",\"name\":\"Kentucky bavlnen\u00e1 deka - Spicehorse\",\"isPartOf\":{\"@id\":\"https:\/\/arak.spicehorse.eu\/en\/#website\"},\"datePublished\":\"2020-03-30T15:25:01+00:00\",\"dateModified\":\"2024-11-21T15:11:58+00:00\",\"description\":\"spicehorse.eu | Kentucky Horsewear bavlnen\u00e1 deka vysokej kvality do mierneho po\u010dasia alebo na transport.\",\"breadcrumb\":{\"@id\":\"https:\/\/arak.spicehorse.eu\/termek\/kentucky-pamut-takaro\/#breadcrumb\"},\"inLanguage\":\"sk-SK\",\"potentialAction\":[{\"@type\":\"ReadAction\",\"target\":[\"https:\/\/arak.spicehorse.eu\/termek\/kentucky-pamut-takaro\/\"]}]},{\"@type\":\"BreadcrumbList\",\"@id\":\"https:\/\/arak.spicehorse.eu\/termek\/kentucky-pamut-takaro\/#breadcrumb\",\"itemListElement\":[{\"@type\":\"ListItem\",\"position\":1,\"name\":\"Home\",\"item\":\"https:\/\/arak.spicehorse.eu\/sk\/\"},{\"@type\":\"ListItem\",\"position\":2,\"name\":\"Predaj\u0148a\",\"item\":\"https:\/\/arak.spicehorse.eu\/sk\/predajna\/\"},{\"@type\":\"ListItem\",\"position\":3,\"name\":\"Kentucky bavlnen\u00e1 deka\"}]},{\"@type\":\"WebSite\",\"@id\":\"https:\/\/arak.spicehorse.eu\/en\/#website\",\"url\":\"https:\/\/arak.spicehorse.eu\/en\/\",\"name\":\"Spicehorse\",\"description\":\"UNDER DEVELOPMENT -\",\"potentialAction\":[{\"@type\":\"SearchAction\",\"target\":{\"@type\":\"EntryPoint\",\"urlTemplate\":\"https:\/\/arak.spicehorse.eu\/en\/?s={search_term_string}\"},\"query-input\":\"required name=search_term_string\"}],\"inLanguage\":\"sk-SK\"}]}<\/script>\n<!-- \/ Yoast SEO plugin. -->","yoast_head_json":{"title":"Kentucky bavlnen\u00e1 deka - Spicehorse","description":"spicehorse.eu | Kentucky Horsewear bavlnen\u00e1 deka vysokej kvality do mierneho po\u010dasia alebo na transport.","robots":{"index":"index","follow":"follow","max-snippet":"max-snippet:-1","max-image-preview":"max-image-preview:large","max-video-preview":"max-video-preview:-1"},"canonical":"https:\/\/arak.spicehorse.eu\/termek\/kentucky-pamut-takaro\/","og_locale":"sk_SK","og_type":"article","og_title":"Kentucky bavlnen\u00e1 deka - Spicehorse","og_description":"spicehorse.eu | Kentucky Horsewear bavlnen\u00e1 deka vysokej kvality do mierneho po\u010dasia alebo na transport.","og_url":"https:\/\/arak.spicehorse.eu\/termek\/kentucky-pamut-takaro\/","og_site_name":"Spicehorse","article_publisher":"https:\/\/www.facebook.com\/SPICEHORSE-550385625402457\/","article_modified_time":"2024-11-21T15:11:58+00:00","og_image":[{"width":2048,"height":2048,"url":"https:\/\/arak.spicehorse.eu\/wp-content\/uploads\/2020\/03\/52115-01-P.jpg","type":"image\/jpeg"}],"twitter_card":"summary_large_image","twitter_misc":{"Predpokladan\u00fd \u010das \u010d\u00edtania":"1 min\u00fata"},"schema":{"@context":"https:\/\/schema.org","@graph":[{"@type":"WebPage","@id":"https:\/\/arak.spicehorse.eu\/termek\/kentucky-pamut-takaro\/","url":"https:\/\/arak.spicehorse.eu\/termek\/kentucky-pamut-takaro\/","name":"Kentucky bavlnen\u00e1 deka - Spicehorse","isPartOf":{"@id":"https:\/\/arak.spicehorse.eu\/en\/#website"},"datePublished":"2020-03-30T15:25:01+00:00","dateModified":"2024-11-21T15:11:58+00:00","description":"spicehorse.eu | Kentucky Horsewear bavlnen\u00e1 deka vysokej kvality do mierneho po\u010dasia alebo na transport.","breadcrumb":{"@id":"https:\/\/arak.spicehorse.eu\/termek\/kentucky-pamut-takaro\/#breadcrumb"},"inLanguage":"sk-SK","potentialAction":[{"@type":"ReadAction","target":["https:\/\/arak.spicehorse.eu\/termek\/kentucky-pamut-takaro\/"]}]},{"@type":"BreadcrumbList","@id":"https:\/\/arak.spicehorse.eu\/termek\/kentucky-pamut-takaro\/#breadcrumb","itemListElement":[{"@type":"ListItem","position":1,"name":"Home","item":"https:\/\/arak.spicehorse.eu\/sk\/"},{"@type":"ListItem","position":2,"name":"Predaj\u0148a","item":"https:\/\/arak.spicehorse.eu\/sk\/predajna\/"},{"@type":"ListItem","position":3,"name":"Kentucky bavlnen\u00e1 deka"}]},{"@type":"WebSite","@id":"https:\/\/arak.spicehorse.eu\/en\/#website","url":"https:\/\/arak.spicehorse.eu\/en\/","name":"Spicehorse","description":"UNDER DEVELOPMENT -","potentialAction":[{"@type":"SearchAction","target":{"@type":"EntryPoint","urlTemplate":"https:\/\/arak.spicehorse.eu\/en\/?s={search_term_string}"},"query-input":"required name=search_term_string"}],"inLanguage":"sk-SK"}]}},"_links":{"self":[{"href":"https:\/\/arak.spicehorse.eu\/sk\/wp-json\/wp\/v2\/product\/10885"}],"collection":[{"href":"https:\/\/arak.spicehorse.eu\/sk\/wp-json\/wp\/v2\/product"}],"about":[{"href":"https:\/\/arak.spicehorse.eu\/sk\/wp-json\/wp\/v2\/types\/product"}],"wp:featuredmedia":[{"embeddable":true,"href":"https:\/\/arak.spicehorse.eu\/sk\/wp-json\/wp\/v2\/media\/10894"}],"wp:attachment":[{"href":"https:\/\/arak.spicehorse.eu\/sk\/wp-json\/wp\/v2\/media?parent=10885"}],"wp:term":[{"taxonomy":"product_cat","embeddable":true,"href":"https:\/\/arak.spicehorse.eu\/sk\/wp-json\/wp\/v2\/product_cat?post=10885"},{"taxonomy":"product_tag","embeddable":true,"href":"https:\/\/arak.spicehorse.eu\/sk\/wp-json\/wp\/v2\/product_tag?post=10885"}],"curies":[{"name":"wp","href":"https:\/\/api.w.org\/{rel}","templated":true}]}}