{"id":109665,"date":"2023-05-05T10:19:02","date_gmt":"2023-05-05T08:19:21","guid":{"rendered":"https:\/\/arak.spicehorse.eu\/?post_type=product&#038;p=109665"},"modified":"2025-11-24T17:01:59","modified_gmt":"2025-11-24T16:01:59","slug":"equestrian-stockholm-illusion-tricko-anemone","status":"publish","type":"product","link":"https:\/\/arak.spicehorse.eu\/sk\/produkt\/equestrian-stockholm-illusion-tricko-anemone\/","title":{"rendered":"Equestrian Stockholm Illusion tri\u010dko Anemone"},"content":{"rendered":"<p>Kr\u00e1sny \u0161portov\u00fd ru\u017eov\u00fd Equestrian Stockholm Illusion top s rose gold detailmi. Je vyroben\u00fd z recyklovan\u00e9ho polyesteru, je mimoriadne priedu\u0161n\u00fd, slim fit strih, sie\u0165ovan\u00e1 l\u00e1tka na boku. ES logo na \u013eavom ruk\u00e1ve a vzadu pozd\u013a\u017e l\u00ednie chrbtice.<\/p>\n<p>Dokonale lad\u00ed s ostatn\u00fdmi v\u00fdrobkami kolekcie Equestrian Stockholm Anemone.<\/p>\n","protected":false},"excerpt":{"rendered":"<ul>\n<li>Farba: ru\u017eov\u00e1<\/li>\n<li>Detaily: rose gold ES logo a n\u00e1pis na ruk\u00e1ve a vzadu pozd\u013a\u017e l\u00ednie chrbtice<\/li>\n<li>Materi\u00e1l: 75% recyklovan\u00fd polyester, 25% \u0161pandex, sie\u0165ovan\u00e1 \u010das\u0165: 86% recyklovan\u00fd polyester, 14% \u0161pandex<\/li>\n<li>Pranie: mo\u017eno pra\u0165 na 30\u00b0 \/ nevkladajte do su\u0161i\u010dky\/ pou\u017e\u00edvajte vreck\u00e1 na pranie<\/li>\n<\/ul>\n","protected":false},"featured_media":109679,"template":"","meta":{"_acf_changed":false},"product_cat":[76,307],"product_tag":[2465,351,420],"acf":[],"yoast_head":"<!-- This site is optimized with the Yoast SEO plugin v21.4 - https:\/\/yoast.com\/wordpress\/plugins\/seo\/ -->\n<title>Equestrian Stockholm Illusion tri\u010dko Anemone - Spicehorse<\/title>\n<meta name=\"description\" content=\"spicehorse.eu | Kr\u00e1sny \u0161portov\u00fd ru\u017eov\u00fd Equestrian Stockholm Illusion top s rose gold detailmi.\" \/>\n<meta name=\"robots\" content=\"index, follow, max-snippet:-1, max-image-preview:large, max-video-preview:-1\" \/>\n<link rel=\"canonical\" href=\"https:\/\/arak.spicehorse.eu\/sk\/produkt\/equestrian-stockholm-illusion-tricko-anemone\/\" \/>\n<meta property=\"og:locale\" content=\"sk_SK\" \/>\n<meta property=\"og:type\" content=\"article\" \/>\n<meta property=\"og:title\" content=\"Equestrian Stockholm Illusion tri\u010dko Anemone - Spicehorse\" \/>\n<meta property=\"og:description\" content=\"spicehorse.eu | Kr\u00e1sny \u0161portov\u00fd ru\u017eov\u00fd Equestrian Stockholm Illusion top s rose gold detailmi.\" \/>\n<meta property=\"og:url\" content=\"https:\/\/arak.spicehorse.eu\/sk\/produkt\/equestrian-stockholm-illusion-tricko-anemone\/\" \/>\n<meta property=\"og:site_name\" content=\"Spicehorse\" \/>\n<meta property=\"article:publisher\" content=\"https:\/\/www.facebook.com\/SPICEHORSE-550385625402457\/\" \/>\n<meta property=\"article:modified_time\" content=\"2025-11-24T16:01:59+00:00\" \/>\n<meta property=\"og:image\" content=\"https:\/\/arak.spicehorse.eu\/wp-content\/uploads\/2023\/05\/0005_anemone-illusion-top-riding-top-ridtopp-oben-reiten-top-rijden_1280x1280.jpg.webp\" \/>\n\t<meta property=\"og:image:width\" content=\"1280\" \/>\n\t<meta property=\"og:image:height\" content=\"1280\" \/>\n\t<meta property=\"og:image:type\" content=\"image\/webp\" \/>\n<meta name=\"twitter:card\" content=\"summary_large_image\" \/>\n<script type=\"application\/ld+json\" class=\"yoast-schema-graph\">{\"@context\":\"https:\/\/schema.org\",\"@graph\":[{\"@type\":\"WebPage\",\"@id\":\"https:\/\/arak.spicehorse.eu\/sk\/produkt\/equestrian-stockholm-illusion-tricko-anemone\/\",\"url\":\"https:\/\/arak.spicehorse.eu\/sk\/produkt\/equestrian-stockholm-illusion-tricko-anemone\/\",\"name\":\"Equestrian Stockholm Illusion tri\u010dko Anemone - Spicehorse\",\"isPartOf\":{\"@id\":\"https:\/\/arak.spicehorse.eu\/en\/#website\"},\"datePublished\":\"2023-05-05T08:19:21+00:00\",\"dateModified\":\"2025-11-24T16:01:59+00:00\",\"description\":\"spicehorse.eu | Kr\u00e1sny \u0161portov\u00fd ru\u017eov\u00fd Equestrian Stockholm Illusion top s rose gold detailmi.\",\"breadcrumb\":{\"@id\":\"https:\/\/arak.spicehorse.eu\/sk\/produkt\/equestrian-stockholm-illusion-tricko-anemone\/#breadcrumb\"},\"inLanguage\":\"sk-SK\",\"potentialAction\":[{\"@type\":\"ReadAction\",\"target\":[\"https:\/\/arak.spicehorse.eu\/sk\/produkt\/equestrian-stockholm-illusion-tricko-anemone\/\"]}]},{\"@type\":\"BreadcrumbList\",\"@id\":\"https:\/\/arak.spicehorse.eu\/sk\/produkt\/equestrian-stockholm-illusion-tricko-anemone\/#breadcrumb\",\"itemListElement\":[{\"@type\":\"ListItem\",\"position\":1,\"name\":\"Home\",\"item\":\"https:\/\/arak.spicehorse.eu\/sk\/\"},{\"@type\":\"ListItem\",\"position\":2,\"name\":\"Predaj\u0148a\",\"item\":\"https:\/\/arak.spicehorse.eu\/sk\/predajna\/\"},{\"@type\":\"ListItem\",\"position\":3,\"name\":\"Equestrian Stockholm Illusion tri\u010dko Anemone\"}]},{\"@type\":\"WebSite\",\"@id\":\"https:\/\/arak.spicehorse.eu\/en\/#website\",\"url\":\"https:\/\/arak.spicehorse.eu\/en\/\",\"name\":\"Spicehorse\",\"description\":\"UNDER DEVELOPMENT -\",\"potentialAction\":[{\"@type\":\"SearchAction\",\"target\":{\"@type\":\"EntryPoint\",\"urlTemplate\":\"https:\/\/arak.spicehorse.eu\/en\/?s={search_term_string}\"},\"query-input\":\"required name=search_term_string\"}],\"inLanguage\":\"sk-SK\"}]}<\/script>\n<!-- \/ Yoast SEO plugin. -->","yoast_head_json":{"title":"Equestrian Stockholm Illusion tri\u010dko Anemone - Spicehorse","description":"spicehorse.eu | Kr\u00e1sny \u0161portov\u00fd ru\u017eov\u00fd Equestrian Stockholm Illusion top s rose gold detailmi.","robots":{"index":"index","follow":"follow","max-snippet":"max-snippet:-1","max-image-preview":"max-image-preview:large","max-video-preview":"max-video-preview:-1"},"canonical":"https:\/\/arak.spicehorse.eu\/sk\/produkt\/equestrian-stockholm-illusion-tricko-anemone\/","og_locale":"sk_SK","og_type":"article","og_title":"Equestrian Stockholm Illusion tri\u010dko Anemone - Spicehorse","og_description":"spicehorse.eu | Kr\u00e1sny \u0161portov\u00fd ru\u017eov\u00fd Equestrian Stockholm Illusion top s rose gold detailmi.","og_url":"https:\/\/arak.spicehorse.eu\/sk\/produkt\/equestrian-stockholm-illusion-tricko-anemone\/","og_site_name":"Spicehorse","article_publisher":"https:\/\/www.facebook.com\/SPICEHORSE-550385625402457\/","article_modified_time":"2025-11-24T16:01:59+00:00","og_image":[{"width":1280,"height":1280,"url":"https:\/\/arak.spicehorse.eu\/wp-content\/uploads\/2023\/05\/0005_anemone-illusion-top-riding-top-ridtopp-oben-reiten-top-rijden_1280x1280.jpg.webp","type":"image\/webp"}],"twitter_card":"summary_large_image","schema":{"@context":"https:\/\/schema.org","@graph":[{"@type":"WebPage","@id":"https:\/\/arak.spicehorse.eu\/sk\/produkt\/equestrian-stockholm-illusion-tricko-anemone\/","url":"https:\/\/arak.spicehorse.eu\/sk\/produkt\/equestrian-stockholm-illusion-tricko-anemone\/","name":"Equestrian Stockholm Illusion tri\u010dko Anemone - Spicehorse","isPartOf":{"@id":"https:\/\/arak.spicehorse.eu\/en\/#website"},"datePublished":"2023-05-05T08:19:21+00:00","dateModified":"2025-11-24T16:01:59+00:00","description":"spicehorse.eu | Kr\u00e1sny \u0161portov\u00fd ru\u017eov\u00fd Equestrian Stockholm Illusion top s rose gold detailmi.","breadcrumb":{"@id":"https:\/\/arak.spicehorse.eu\/sk\/produkt\/equestrian-stockholm-illusion-tricko-anemone\/#breadcrumb"},"inLanguage":"sk-SK","potentialAction":[{"@type":"ReadAction","target":["https:\/\/arak.spicehorse.eu\/sk\/produkt\/equestrian-stockholm-illusion-tricko-anemone\/"]}]},{"@type":"BreadcrumbList","@id":"https:\/\/arak.spicehorse.eu\/sk\/produkt\/equestrian-stockholm-illusion-tricko-anemone\/#breadcrumb","itemListElement":[{"@type":"ListItem","position":1,"name":"Home","item":"https:\/\/arak.spicehorse.eu\/sk\/"},{"@type":"ListItem","position":2,"name":"Predaj\u0148a","item":"https:\/\/arak.spicehorse.eu\/sk\/predajna\/"},{"@type":"ListItem","position":3,"name":"Equestrian Stockholm Illusion tri\u010dko Anemone"}]},{"@type":"WebSite","@id":"https:\/\/arak.spicehorse.eu\/en\/#website","url":"https:\/\/arak.spicehorse.eu\/en\/","name":"Spicehorse","description":"UNDER DEVELOPMENT -","potentialAction":[{"@type":"SearchAction","target":{"@type":"EntryPoint","urlTemplate":"https:\/\/arak.spicehorse.eu\/en\/?s={search_term_string}"},"query-input":"required name=search_term_string"}],"inLanguage":"sk-SK"}]}},"_links":{"self":[{"href":"https:\/\/arak.spicehorse.eu\/sk\/wp-json\/wp\/v2\/product\/109665"}],"collection":[{"href":"https:\/\/arak.spicehorse.eu\/sk\/wp-json\/wp\/v2\/product"}],"about":[{"href":"https:\/\/arak.spicehorse.eu\/sk\/wp-json\/wp\/v2\/types\/product"}],"wp:featuredmedia":[{"embeddable":true,"href":"https:\/\/arak.spicehorse.eu\/sk\/wp-json\/wp\/v2\/media\/109679"}],"wp:attachment":[{"href":"https:\/\/arak.spicehorse.eu\/sk\/wp-json\/wp\/v2\/media?parent=109665"}],"wp:term":[{"taxonomy":"product_cat","embeddable":true,"href":"https:\/\/arak.spicehorse.eu\/sk\/wp-json\/wp\/v2\/product_cat?post=109665"},{"taxonomy":"product_tag","embeddable":true,"href":"https:\/\/arak.spicehorse.eu\/sk\/wp-json\/wp\/v2\/product_tag?post=109665"}],"curies":[{"name":"wp","href":"https:\/\/api.w.org\/{rel}","templated":true}]}}