{"id":10973,"date":"2020-03-30T18:52:30","date_gmt":"2020-03-30T16:52:34","guid":{"rendered":"https:\/\/arak.spicehorse.eu\/?post_type=product&#038;p=10973"},"modified":"2024-12-07T00:04:28","modified_gmt":"2024-12-06T23:04:28","slug":"kentucky-heavy-vlnena-deka","status":"publish","type":"product","link":"https:\/\/arak.spicehorse.eu\/sk\/produkt\/kentucky-heavy-vlnena-deka\/","title":{"rendered":"Kentucky Heavy vlnen\u00e1 deka"},"content":{"rendered":"<p>Kentucky Horsewear Heavy vlnen\u00e1 deka je vyroben\u00e1 z\u00a0materi\u00e1lu, ktor\u00fd vzh\u013eadom aj na dotyk pripom\u00edna vlnu, napriek tomu je \u00fadr\u017eba a\u00a0pranie ve\u013emi jednoduch\u00e9. Je ide\u00e1lnou vo\u013ebou po pr\u00e1ci, k\u00fapan\u00ed alebo v\u00a0chladnom po\u010das\u00ed. \u013dahko nas\u00e1va pot a\u00a0vlhkos\u0165, n\u00e1\u0161 k\u00f4\u0148 zaru\u010dene neprechladne. M\u00e1 dva odn\u00edmate\u013en\u00e9 kr\u00ed\u017eov\u00e9 popruhy, preto z\u00a0nej \u013eahko vy\u010darujeme s\u00fa\u0165a\u017en\u00fa deku. Syntetick\u00fd baran\u010dek chr\u00e1ni oblas\u0165 koh\u00fatika. Lem z\u00a0umelej ko\u017eu\u0161iny a\u00a0spony dod\u00e1vaj\u00fa \u00a0deke mimoriadne elegantn\u00fd a\u00a0neoby\u010dajn\u00fd dizajn. Mo\u017eno pra\u0165 v\u00a0pr\u00e1\u010dke na 30\u00b0-on (nevkladajte do su\u0161i\u010dky).<\/p>\n","protected":false},"excerpt":{"rendered":"<h3><strong>Kentucky Heavy vlnen\u00e1 deka je vyroben\u00e1 z\u00a0materi\u00e1lu, ktor\u00fd vzh\u013eadom aj na dotyk pripom\u00edna vlnu, napriek tomu je jej \u010distenie ve\u013emi jednoduch\u00e9.<\/strong><\/h3>\n<ul>\n<li>Vlnen\u00fd vzh\u013ead<\/li>\n<li>100% polyester<\/li>\n<li>\u013dahko nas\u00e1va vlhkos\u0165 a pot<\/li>\n<li>Udr\u017euje ko\u0148a v\u00a0teple a suchu<\/li>\n<li>Odn\u00edmate\u013en\u00e9 kr\u00ed\u017eov\u00e9 popruhy a podchvostn\u00edk<\/li>\n<\/ul>\n","protected":false},"featured_media":153252,"template":"","meta":{"_acf_changed":false},"product_cat":[75,99],"product_tag":[135,184],"acf":[],"yoast_head":"<!-- This site is optimized with the Yoast SEO plugin v21.4 - https:\/\/yoast.com\/wordpress\/plugins\/seo\/ -->\n<title>Kentucky Heavy vlnen\u00e1 deka - Spicehorse<\/title>\n<meta name=\"description\" content=\"spicehorse.eu | Kentucky Horsewear Heavy vlnen\u00e1 deka je vyroben\u00e1 z\u00a0materi\u00e1lu, ktor\u00fd vzh\u013eadom aj na dotyk pripom\u00edna vlnu, napriek tomu je jej \u010distenie ve\u013emi jednoduch\u00e9.\" \/>\n<meta name=\"robots\" content=\"index, follow, max-snippet:-1, max-image-preview:large, max-video-preview:-1\" \/>\n<link rel=\"canonical\" href=\"https:\/\/arak.spicehorse.eu\/termek\/kentucky-heavy-gyapju-takaro\/\" \/>\n<meta property=\"og:locale\" content=\"sk_SK\" \/>\n<meta property=\"og:type\" content=\"article\" \/>\n<meta property=\"og:title\" content=\"Kentucky Heavy vlnen\u00e1 deka - Spicehorse\" \/>\n<meta property=\"og:description\" content=\"spicehorse.eu | Kentucky Horsewear Heavy vlnen\u00e1 deka je vyroben\u00e1 z\u00a0materi\u00e1lu, ktor\u00fd vzh\u013eadom aj na dotyk pripom\u00edna vlnu, napriek tomu je jej \u010distenie ve\u013emi jednoduch\u00e9.\" \/>\n<meta property=\"og:url\" content=\"https:\/\/arak.spicehorse.eu\/termek\/kentucky-heavy-gyapju-takaro\/\" \/>\n<meta property=\"og:site_name\" content=\"Spicehorse\" \/>\n<meta property=\"article:publisher\" content=\"https:\/\/www.facebook.com\/SPICEHORSE-550385625402457\/\" \/>\n<meta property=\"article:modified_time\" content=\"2024-12-06T23:04:28+00:00\" \/>\n<meta property=\"og:image\" content=\"https:\/\/arak.spicehorse.eu\/wp-content\/uploads\/2020\/03\/69205f5516b4ed0e2d71b78a58fee9566bf60b89e6148baddc2eef5829e8a90b.jpg\" \/>\n\t<meta property=\"og:image:width\" content=\"2048\" \/>\n\t<meta property=\"og:image:height\" content=\"1365\" \/>\n\t<meta property=\"og:image:type\" content=\"image\/jpeg\" \/>\n<meta name=\"twitter:card\" content=\"summary_large_image\" \/>\n<meta name=\"twitter:label1\" content=\"Predpokladan\u00fd \u010das \u010d\u00edtania\" \/>\n\t<meta name=\"twitter:data1\" content=\"1 min\u00fata\" \/>\n<script type=\"application\/ld+json\" class=\"yoast-schema-graph\">{\"@context\":\"https:\/\/schema.org\",\"@graph\":[{\"@type\":\"WebPage\",\"@id\":\"https:\/\/arak.spicehorse.eu\/termek\/kentucky-heavy-gyapju-takaro\/\",\"url\":\"https:\/\/arak.spicehorse.eu\/termek\/kentucky-heavy-gyapju-takaro\/\",\"name\":\"Kentucky Heavy vlnen\u00e1 deka - Spicehorse\",\"isPartOf\":{\"@id\":\"https:\/\/arak.spicehorse.eu\/en\/#website\"},\"datePublished\":\"2020-03-30T16:52:34+00:00\",\"dateModified\":\"2024-12-06T23:04:28+00:00\",\"description\":\"spicehorse.eu | Kentucky Horsewear Heavy vlnen\u00e1 deka je vyroben\u00e1 z\u00a0materi\u00e1lu, ktor\u00fd vzh\u013eadom aj na dotyk pripom\u00edna vlnu, napriek tomu je jej \u010distenie ve\u013emi jednoduch\u00e9.\",\"breadcrumb\":{\"@id\":\"https:\/\/arak.spicehorse.eu\/termek\/kentucky-heavy-gyapju-takaro\/#breadcrumb\"},\"inLanguage\":\"sk-SK\",\"potentialAction\":[{\"@type\":\"ReadAction\",\"target\":[\"https:\/\/arak.spicehorse.eu\/termek\/kentucky-heavy-gyapju-takaro\/\"]}]},{\"@type\":\"BreadcrumbList\",\"@id\":\"https:\/\/arak.spicehorse.eu\/termek\/kentucky-heavy-gyapju-takaro\/#breadcrumb\",\"itemListElement\":[{\"@type\":\"ListItem\",\"position\":1,\"name\":\"Home\",\"item\":\"https:\/\/arak.spicehorse.eu\/sk\/\"},{\"@type\":\"ListItem\",\"position\":2,\"name\":\"Predaj\u0148a\",\"item\":\"https:\/\/arak.spicehorse.eu\/sk\/predajna\/\"},{\"@type\":\"ListItem\",\"position\":3,\"name\":\"Kentucky Heavy vlnen\u00e1 deka\"}]},{\"@type\":\"WebSite\",\"@id\":\"https:\/\/arak.spicehorse.eu\/en\/#website\",\"url\":\"https:\/\/arak.spicehorse.eu\/en\/\",\"name\":\"Spicehorse\",\"description\":\"UNDER DEVELOPMENT -\",\"potentialAction\":[{\"@type\":\"SearchAction\",\"target\":{\"@type\":\"EntryPoint\",\"urlTemplate\":\"https:\/\/arak.spicehorse.eu\/en\/?s={search_term_string}\"},\"query-input\":\"required name=search_term_string\"}],\"inLanguage\":\"sk-SK\"}]}<\/script>\n<!-- \/ Yoast SEO plugin. -->","yoast_head_json":{"title":"Kentucky Heavy vlnen\u00e1 deka - Spicehorse","description":"spicehorse.eu | Kentucky Horsewear Heavy vlnen\u00e1 deka je vyroben\u00e1 z\u00a0materi\u00e1lu, ktor\u00fd vzh\u013eadom aj na dotyk pripom\u00edna vlnu, napriek tomu je jej \u010distenie ve\u013emi jednoduch\u00e9.","robots":{"index":"index","follow":"follow","max-snippet":"max-snippet:-1","max-image-preview":"max-image-preview:large","max-video-preview":"max-video-preview:-1"},"canonical":"https:\/\/arak.spicehorse.eu\/termek\/kentucky-heavy-gyapju-takaro\/","og_locale":"sk_SK","og_type":"article","og_title":"Kentucky Heavy vlnen\u00e1 deka - Spicehorse","og_description":"spicehorse.eu | Kentucky Horsewear Heavy vlnen\u00e1 deka je vyroben\u00e1 z\u00a0materi\u00e1lu, ktor\u00fd vzh\u013eadom aj na dotyk pripom\u00edna vlnu, napriek tomu je jej \u010distenie ve\u013emi jednoduch\u00e9.","og_url":"https:\/\/arak.spicehorse.eu\/termek\/kentucky-heavy-gyapju-takaro\/","og_site_name":"Spicehorse","article_publisher":"https:\/\/www.facebook.com\/SPICEHORSE-550385625402457\/","article_modified_time":"2024-12-06T23:04:28+00:00","og_image":[{"width":2048,"height":1365,"url":"https:\/\/arak.spicehorse.eu\/wp-content\/uploads\/2020\/03\/69205f5516b4ed0e2d71b78a58fee9566bf60b89e6148baddc2eef5829e8a90b.jpg","type":"image\/jpeg"}],"twitter_card":"summary_large_image","twitter_misc":{"Predpokladan\u00fd \u010das \u010d\u00edtania":"1 min\u00fata"},"schema":{"@context":"https:\/\/schema.org","@graph":[{"@type":"WebPage","@id":"https:\/\/arak.spicehorse.eu\/termek\/kentucky-heavy-gyapju-takaro\/","url":"https:\/\/arak.spicehorse.eu\/termek\/kentucky-heavy-gyapju-takaro\/","name":"Kentucky Heavy vlnen\u00e1 deka - Spicehorse","isPartOf":{"@id":"https:\/\/arak.spicehorse.eu\/en\/#website"},"datePublished":"2020-03-30T16:52:34+00:00","dateModified":"2024-12-06T23:04:28+00:00","description":"spicehorse.eu | Kentucky Horsewear Heavy vlnen\u00e1 deka je vyroben\u00e1 z\u00a0materi\u00e1lu, ktor\u00fd vzh\u013eadom aj na dotyk pripom\u00edna vlnu, napriek tomu je jej \u010distenie ve\u013emi jednoduch\u00e9.","breadcrumb":{"@id":"https:\/\/arak.spicehorse.eu\/termek\/kentucky-heavy-gyapju-takaro\/#breadcrumb"},"inLanguage":"sk-SK","potentialAction":[{"@type":"ReadAction","target":["https:\/\/arak.spicehorse.eu\/termek\/kentucky-heavy-gyapju-takaro\/"]}]},{"@type":"BreadcrumbList","@id":"https:\/\/arak.spicehorse.eu\/termek\/kentucky-heavy-gyapju-takaro\/#breadcrumb","itemListElement":[{"@type":"ListItem","position":1,"name":"Home","item":"https:\/\/arak.spicehorse.eu\/sk\/"},{"@type":"ListItem","position":2,"name":"Predaj\u0148a","item":"https:\/\/arak.spicehorse.eu\/sk\/predajna\/"},{"@type":"ListItem","position":3,"name":"Kentucky Heavy vlnen\u00e1 deka"}]},{"@type":"WebSite","@id":"https:\/\/arak.spicehorse.eu\/en\/#website","url":"https:\/\/arak.spicehorse.eu\/en\/","name":"Spicehorse","description":"UNDER DEVELOPMENT -","potentialAction":[{"@type":"SearchAction","target":{"@type":"EntryPoint","urlTemplate":"https:\/\/arak.spicehorse.eu\/en\/?s={search_term_string}"},"query-input":"required name=search_term_string"}],"inLanguage":"sk-SK"}]}},"_links":{"self":[{"href":"https:\/\/arak.spicehorse.eu\/sk\/wp-json\/wp\/v2\/product\/10973"}],"collection":[{"href":"https:\/\/arak.spicehorse.eu\/sk\/wp-json\/wp\/v2\/product"}],"about":[{"href":"https:\/\/arak.spicehorse.eu\/sk\/wp-json\/wp\/v2\/types\/product"}],"wp:featuredmedia":[{"embeddable":true,"href":"https:\/\/arak.spicehorse.eu\/sk\/wp-json\/wp\/v2\/media\/153252"}],"wp:attachment":[{"href":"https:\/\/arak.spicehorse.eu\/sk\/wp-json\/wp\/v2\/media?parent=10973"}],"wp:term":[{"taxonomy":"product_cat","embeddable":true,"href":"https:\/\/arak.spicehorse.eu\/sk\/wp-json\/wp\/v2\/product_cat?post=10973"},{"taxonomy":"product_tag","embeddable":true,"href":"https:\/\/arak.spicehorse.eu\/sk\/wp-json\/wp\/v2\/product_tag?post=10973"}],"curies":[{"name":"wp","href":"https:\/\/api.w.org\/{rel}","templated":true}]}}