{"id":11025,"date":"2020-03-31T09:01:51","date_gmt":"2020-03-31T07:01:53","guid":{"rendered":"https:\/\/arak.spicehorse.eu\/?post_type=product&#038;p=11025"},"modified":"2024-01-05T01:16:02","modified_gmt":"2024-01-05T00:16:02","slug":"kentucky-all-weather-pracovna-deka","status":"publish","type":"product","link":"https:\/\/arak.spicehorse.eu\/sk\/produkt\/kentucky-all-weather-pracovna-deka\/","title":{"rendered":"Kentucky All Weather pracovn\u00e1 deka"},"content":{"rendered":"<p>Kentucky Horsewear\u00a0All Weather pracovn\u00e1 deka je vyroben\u00e1 z\u00a0trojvrstvovej tkaniny vysokej kvality. Vonkaj\u0161ia \u010das\u0165 je vyroben\u00e1 z\u00a0mimoriadne pevnej, vode odoln\u00e9ho 600D polyesterovej prievzdu\u0161nej tkaniny, vn\u00fatorn\u00e1 \u010das\u0165 je pod\u0161it\u00e1 umelou zaja\u010dinou. Deka je ide\u00e1lna ako pracovn\u00e1 deka po\u010das da\u017ediv\u00fdch dn\u00ed alebo na prech\u00e1dzky v\u00a0chladnej\u0161om, da\u017edivom\u00a0 po\u010das\u00ed, aby zostal v\u00e1\u0161 k\u00f4\u0148 such\u00fd. \u00a0Pou\u017e\u00edvan\u00edm umelej\u00a0zaja\u010dej ko\u017eu\u0161iny\u00a0vznikaj\u00fa drobn\u00e9 vzduchov\u00e9 vaky, ktor\u00e9 uchovaj\u00fa a udr\u017euj\u00fa telesn\u00fa teplotu kon\u00ed.\u00a0Pod\u0161\u00edvka je mimoriadne jemn\u00e1, zabra\u0148uje vy\u0161\u00fachaniu ko\u017ee ko\u0148a a nelep\u00ed sa na \u0148u konsk\u00e1 srs\u0165, v\u010faka \u00a0drobn\u00fdm ch\u013apkom umelej zaja\u010dej ko\u017eu\u0161iny sa srs\u0165 ko\u0148a st\u00e1va lesklej\u0161ou.Kentucky Horsewear All Weather pracovn\u00fa deku mo\u017eno upevni\u0165 k\u00a0sedlu dvomi such\u00fdmi zipsami, m\u00e1 aj pru\u017en\u00fd koncov\u00fd popruh\u00a0nach\u00e1dzaj\u00faci sa pod chvostom. Lem z\u00a0ko\u017eenky a\u00a0Kentucky logo dod\u00e1vaj\u00fa \u00a0mimoriadne elegantn\u00fd a\u00a0neoby\u010dajn\u00fd dizajn. Mo\u017eno pra\u0165 v\u00a0pr\u00e1\u010dke na 30\u00b0-on (nevkladajte do su\u0161i\u010dky).<\/p>\n","protected":false},"excerpt":{"rendered":"<h3><strong>Ide\u00e1lna pracovn\u00e1 deka po\u010das da\u017ediv\u00fdch dn\u00ed na zohriatie alebo na prech\u00e1dzky v\u00a0chladnej\u0161om po\u010das\u00ed.<\/strong><\/h3>\n<p><strong>Ve\u013ekos\u0165: M, L<\/strong><br \/>\n<strong>Farba: navy<\/strong><\/p>\n<ul>\n<li>\u0160tvorcov\u00fd tvar<\/li>\n<li>Trojvrstvov\u00e1 membr\u00e1na<\/li>\n<li>Vode odoln\u00e1\/ prievzdu\u0161n\u00e1<\/li>\n<li>Pod\u0161\u00edvka z\u00a0umelej zaja\u010diny<\/li>\n<li>Mo\u017eno ju pripevni\u0165 k sedlu<\/li>\n<\/ul>\n","protected":false},"featured_media":11046,"template":"","meta":{"_acf_changed":false},"product_cat":[75,99],"product_tag":[135,184],"acf":[],"yoast_head":"<!-- This site is optimized with the Yoast SEO plugin v21.4 - https:\/\/yoast.com\/wordpress\/plugins\/seo\/ -->\n<title>Kentucky All Weather pracovn\u00e1 deka - Spicehorse<\/title>\n<meta name=\"description\" content=\"spicehorse.eu | Ide\u00e1lna Kentucky Horsewear pracovn\u00e1 deka po\u010das da\u017ediv\u00fdch dn\u00ed na zohriatie alebo na prech\u00e1dzky v\u00a0chladnej\u0161om po\u010das\u00ed.\" \/>\n<meta name=\"robots\" content=\"index, follow, max-snippet:-1, max-image-preview:large, max-video-preview:-1\" \/>\n<link rel=\"canonical\" href=\"https:\/\/arak.spicehorse.eu\/sk\/produkt\/kentucky-all-weather-pracovna-deka\/\" \/>\n<meta property=\"og:locale\" content=\"sk_SK\" \/>\n<meta property=\"og:type\" content=\"article\" \/>\n<meta property=\"og:title\" content=\"Kentucky All Weather pracovn\u00e1 deka - Spicehorse\" \/>\n<meta property=\"og:description\" content=\"spicehorse.eu | Ide\u00e1lna Kentucky Horsewear pracovn\u00e1 deka po\u010das da\u017ediv\u00fdch dn\u00ed na zohriatie alebo na prech\u00e1dzky v\u00a0chladnej\u0161om po\u010das\u00ed.\" \/>\n<meta property=\"og:url\" content=\"https:\/\/arak.spicehorse.eu\/sk\/produkt\/kentucky-all-weather-pracovna-deka\/\" \/>\n<meta property=\"og:site_name\" content=\"Spicehorse\" \/>\n<meta property=\"article:publisher\" content=\"https:\/\/www.facebook.com\/SPICEHORSE-550385625402457\/\" \/>\n<meta property=\"article:modified_time\" content=\"2024-01-05T00:16:02+00:00\" \/>\n<meta property=\"og:image\" content=\"https:\/\/arak.spicehorse.eu\/wp-content\/uploads\/2020\/03\/52118-03-P.jpg\" \/>\n\t<meta property=\"og:image:width\" content=\"2048\" \/>\n\t<meta property=\"og:image:height\" content=\"2048\" \/>\n\t<meta property=\"og:image:type\" content=\"image\/jpeg\" \/>\n<meta name=\"twitter:card\" content=\"summary_large_image\" \/>\n<meta name=\"twitter:label1\" content=\"Predpokladan\u00fd \u010das \u010d\u00edtania\" \/>\n\t<meta name=\"twitter:data1\" content=\"1 min\u00fata\" \/>\n<script type=\"application\/ld+json\" class=\"yoast-schema-graph\">{\"@context\":\"https:\/\/schema.org\",\"@graph\":[{\"@type\":\"WebPage\",\"@id\":\"https:\/\/arak.spicehorse.eu\/sk\/produkt\/kentucky-all-weather-pracovna-deka\/\",\"url\":\"https:\/\/arak.spicehorse.eu\/sk\/produkt\/kentucky-all-weather-pracovna-deka\/\",\"name\":\"Kentucky All Weather pracovn\u00e1 deka - Spicehorse\",\"isPartOf\":{\"@id\":\"https:\/\/arak.spicehorse.eu\/en\/#website\"},\"datePublished\":\"2020-03-31T07:01:53+00:00\",\"dateModified\":\"2024-01-05T00:16:02+00:00\",\"description\":\"spicehorse.eu | Ide\u00e1lna Kentucky Horsewear pracovn\u00e1 deka po\u010das da\u017ediv\u00fdch dn\u00ed na zohriatie alebo na prech\u00e1dzky v\u00a0chladnej\u0161om po\u010das\u00ed.\",\"breadcrumb\":{\"@id\":\"https:\/\/arak.spicehorse.eu\/sk\/produkt\/kentucky-all-weather-pracovna-deka\/#breadcrumb\"},\"inLanguage\":\"sk-SK\",\"potentialAction\":[{\"@type\":\"ReadAction\",\"target\":[\"https:\/\/arak.spicehorse.eu\/sk\/produkt\/kentucky-all-weather-pracovna-deka\/\"]}]},{\"@type\":\"BreadcrumbList\",\"@id\":\"https:\/\/arak.spicehorse.eu\/sk\/produkt\/kentucky-all-weather-pracovna-deka\/#breadcrumb\",\"itemListElement\":[{\"@type\":\"ListItem\",\"position\":1,\"name\":\"Home\",\"item\":\"https:\/\/arak.spicehorse.eu\/sk\/\"},{\"@type\":\"ListItem\",\"position\":2,\"name\":\"Predaj\u0148a\",\"item\":\"https:\/\/arak.spicehorse.eu\/sk\/predajna\/\"},{\"@type\":\"ListItem\",\"position\":3,\"name\":\"Kentucky All Weather pracovn\u00e1 deka\"}]},{\"@type\":\"WebSite\",\"@id\":\"https:\/\/arak.spicehorse.eu\/en\/#website\",\"url\":\"https:\/\/arak.spicehorse.eu\/en\/\",\"name\":\"Spicehorse\",\"description\":\"UNDER DEVELOPMENT -\",\"potentialAction\":[{\"@type\":\"SearchAction\",\"target\":{\"@type\":\"EntryPoint\",\"urlTemplate\":\"https:\/\/arak.spicehorse.eu\/en\/?s={search_term_string}\"},\"query-input\":\"required name=search_term_string\"}],\"inLanguage\":\"sk-SK\"}]}<\/script>\n<!-- \/ Yoast SEO plugin. -->","yoast_head_json":{"title":"Kentucky All Weather pracovn\u00e1 deka - Spicehorse","description":"spicehorse.eu | Ide\u00e1lna Kentucky Horsewear pracovn\u00e1 deka po\u010das da\u017ediv\u00fdch dn\u00ed na zohriatie alebo na prech\u00e1dzky v\u00a0chladnej\u0161om po\u010das\u00ed.","robots":{"index":"index","follow":"follow","max-snippet":"max-snippet:-1","max-image-preview":"max-image-preview:large","max-video-preview":"max-video-preview:-1"},"canonical":"https:\/\/arak.spicehorse.eu\/sk\/produkt\/kentucky-all-weather-pracovna-deka\/","og_locale":"sk_SK","og_type":"article","og_title":"Kentucky All Weather pracovn\u00e1 deka - Spicehorse","og_description":"spicehorse.eu | Ide\u00e1lna Kentucky Horsewear pracovn\u00e1 deka po\u010das da\u017ediv\u00fdch dn\u00ed na zohriatie alebo na prech\u00e1dzky v\u00a0chladnej\u0161om po\u010das\u00ed.","og_url":"https:\/\/arak.spicehorse.eu\/sk\/produkt\/kentucky-all-weather-pracovna-deka\/","og_site_name":"Spicehorse","article_publisher":"https:\/\/www.facebook.com\/SPICEHORSE-550385625402457\/","article_modified_time":"2024-01-05T00:16:02+00:00","og_image":[{"width":2048,"height":2048,"url":"https:\/\/arak.spicehorse.eu\/wp-content\/uploads\/2020\/03\/52118-03-P.jpg","type":"image\/jpeg"}],"twitter_card":"summary_large_image","twitter_misc":{"Predpokladan\u00fd \u010das \u010d\u00edtania":"1 min\u00fata"},"schema":{"@context":"https:\/\/schema.org","@graph":[{"@type":"WebPage","@id":"https:\/\/arak.spicehorse.eu\/sk\/produkt\/kentucky-all-weather-pracovna-deka\/","url":"https:\/\/arak.spicehorse.eu\/sk\/produkt\/kentucky-all-weather-pracovna-deka\/","name":"Kentucky All Weather pracovn\u00e1 deka - Spicehorse","isPartOf":{"@id":"https:\/\/arak.spicehorse.eu\/en\/#website"},"datePublished":"2020-03-31T07:01:53+00:00","dateModified":"2024-01-05T00:16:02+00:00","description":"spicehorse.eu | Ide\u00e1lna Kentucky Horsewear pracovn\u00e1 deka po\u010das da\u017ediv\u00fdch dn\u00ed na zohriatie alebo na prech\u00e1dzky v\u00a0chladnej\u0161om po\u010das\u00ed.","breadcrumb":{"@id":"https:\/\/arak.spicehorse.eu\/sk\/produkt\/kentucky-all-weather-pracovna-deka\/#breadcrumb"},"inLanguage":"sk-SK","potentialAction":[{"@type":"ReadAction","target":["https:\/\/arak.spicehorse.eu\/sk\/produkt\/kentucky-all-weather-pracovna-deka\/"]}]},{"@type":"BreadcrumbList","@id":"https:\/\/arak.spicehorse.eu\/sk\/produkt\/kentucky-all-weather-pracovna-deka\/#breadcrumb","itemListElement":[{"@type":"ListItem","position":1,"name":"Home","item":"https:\/\/arak.spicehorse.eu\/sk\/"},{"@type":"ListItem","position":2,"name":"Predaj\u0148a","item":"https:\/\/arak.spicehorse.eu\/sk\/predajna\/"},{"@type":"ListItem","position":3,"name":"Kentucky All Weather pracovn\u00e1 deka"}]},{"@type":"WebSite","@id":"https:\/\/arak.spicehorse.eu\/en\/#website","url":"https:\/\/arak.spicehorse.eu\/en\/","name":"Spicehorse","description":"UNDER DEVELOPMENT -","potentialAction":[{"@type":"SearchAction","target":{"@type":"EntryPoint","urlTemplate":"https:\/\/arak.spicehorse.eu\/en\/?s={search_term_string}"},"query-input":"required name=search_term_string"}],"inLanguage":"sk-SK"}]}},"_links":{"self":[{"href":"https:\/\/arak.spicehorse.eu\/sk\/wp-json\/wp\/v2\/product\/11025"}],"collection":[{"href":"https:\/\/arak.spicehorse.eu\/sk\/wp-json\/wp\/v2\/product"}],"about":[{"href":"https:\/\/arak.spicehorse.eu\/sk\/wp-json\/wp\/v2\/types\/product"}],"wp:featuredmedia":[{"embeddable":true,"href":"https:\/\/arak.spicehorse.eu\/sk\/wp-json\/wp\/v2\/media\/11046"}],"wp:attachment":[{"href":"https:\/\/arak.spicehorse.eu\/sk\/wp-json\/wp\/v2\/media?parent=11025"}],"wp:term":[{"taxonomy":"product_cat","embeddable":true,"href":"https:\/\/arak.spicehorse.eu\/sk\/wp-json\/wp\/v2\/product_cat?post=11025"},{"taxonomy":"product_tag","embeddable":true,"href":"https:\/\/arak.spicehorse.eu\/sk\/wp-json\/wp\/v2\/product_tag?post=11025"}],"curies":[{"name":"wp","href":"https:\/\/api.w.org\/{rel}","templated":true}]}}