{"id":110513,"date":"2023-05-08T10:18:11","date_gmt":"2023-05-08T08:18:34","guid":{"rendered":"https:\/\/arak.spicehorse.eu\/?post_type=product&#038;p=110513"},"modified":"2024-06-10T17:46:03","modified_gmt":"2024-06-10T15:46:03","slug":"lemieux-tricko-benetton-blue","status":"publish","type":"product","link":"https:\/\/arak.spicehorse.eu\/sk\/produkt\/lemieux-tricko-benetton-blue\/","title":{"rendered":"LeMieux tri\u010dko Benetton Blue"},"content":{"rendered":"<p>Prav\u00e9 klasick\u00e9 LeMieux tri\u010dko pre akt\u00edvnych jazdcov, tepl\u00e9 a\u00a0pohodln\u00e9 na nosenie, z\u00a0materi\u00e1lu odv\u00e1dzaj\u00faceho vlhkos\u0165, ide\u00e1lne na v\u0161etky ro\u010dn\u00e9 obdobia. Z\u00a0extra hladk\u00e9ho antimikrobi\u00e1lneho materi\u00e1lu, dod\u00e1va \u0161t\u00fdlov\u00fd vzh\u013ead. V\u010faka ultra jemn\u00e9mu \u0161itiu sa nederie, nevy\u0161\u00facha poko\u017eku a\u00a0zni\u017euje tlakov\u00e9 body.<\/p>\n<p>Matieri\u00e1l na\u0165ahuj\u00faci sa do 360\u00b0 zabezpe\u010duje maxim\u00e1lnu vo\u013enos\u0165 pohybu, je ide\u00e1lnou vo\u013ebou na jazdenie aj na s\u00fa\u0165a\u017ee. Jedine\u010dn\u00fd Moisture-Movement System syst\u00e9m akt\u00edvne odv\u00e1dza z\u00a0poko\u017eky pot, reguluje telesn\u00fa teplotu a\u00a0zabezpe\u010duje optim\u00e1lne pohodlie.<\/p>\n<p>Je ide\u00e1lne ako podoble\u010denie, aj ako vrchn\u00e9 oble\u010denie.<\/p>\n<p>Pred pou\u017eit\u00edm sa odpor\u00fa\u010da predpra\u0165. Mo\u017eno pra\u0165 v\u00a0pra\u010dke na 30\u00b0. Perte z\u00a0rubovej strany s\u00a0podobn\u00fdmi farbami. Nevkladajte do su\u0161i\u010dky.<\/p>\n","protected":false},"excerpt":{"rendered":"<p>Prav\u00e9 klasick\u00e9 LeMieux tri\u010dko pre akt\u00edvnych jazdcov, tepl\u00e9 a\u00a0pohodln\u00e9 na nosenie, z\u00a0materi\u00e1lu odv\u00e1dzaj\u00faceho vlhkos\u0165, ide\u00e1lne na v\u0161etky ro\u010dn\u00e9 obdobia. Z\u00a0extra hladk\u00e9ho antimikrobi\u00e1lneho materi\u00e1lu, dod\u00e1va \u0161t\u00fdlov\u00fd vzh\u013ead. V\u010faka ultra jemn\u00e9mu \u0161itiu sa nederie, nevy\u0161\u00facha poko\u017eku a\u00a0zni\u017euje tlakov\u00e9 body. Matieri\u00e1l na\u0165ahuj\u00faci sa do 360\u00b0 zabezpe\u010duje maxim\u00e1lnu vo\u013enos\u0165 pohybu, je ide\u00e1lnou vo\u013ebou na jazdenie aj na s\u00fa\u0165a\u017ee. Jedine\u010dn\u00fd [&hellip;]<\/p>\n","protected":false},"featured_media":110550,"template":"","meta":{"_acf_changed":false},"product_cat":[78,76,307],"product_tag":[2457,2369,420],"acf":[],"yoast_head":"<!-- This site is optimized with the Yoast SEO plugin v21.4 - https:\/\/yoast.com\/wordpress\/plugins\/seo\/ -->\n<title>LeMieux tri\u010dko Benetton Blue - Spicehorse<\/title>\n<meta name=\"description\" content=\"spicehorse.eu | Prav\u00e9 klasick\u00e9 LeMieux tri\u010dko pre akt\u00edvnych jazdcov, tepl\u00e9 a\u00a0pohodln\u00e9 na nosenie, z\u00a0materi\u00e1lu odv\u00e1dzaj\u00faceho vlhkos\u0165, ide\u00e1lne na v\u0161etky ro\u010dn\u00e9 obdobia.\" \/>\n<meta name=\"robots\" content=\"index, follow, max-snippet:-1, max-image-preview:large, max-video-preview:-1\" \/>\n<link rel=\"canonical\" href=\"https:\/\/arak.spicehorse.eu\/sk\/produkt\/lemieux-tricko-benetton-blue\/\" \/>\n<meta property=\"og:locale\" content=\"sk_SK\" \/>\n<meta property=\"og:type\" content=\"article\" \/>\n<meta property=\"og:title\" content=\"LeMieux tri\u010dko Benetton Blue - Spicehorse\" \/>\n<meta property=\"og:description\" content=\"spicehorse.eu | Prav\u00e9 klasick\u00e9 LeMieux tri\u010dko pre akt\u00edvnych jazdcov, tepl\u00e9 a\u00a0pohodln\u00e9 na nosenie, z\u00a0materi\u00e1lu odv\u00e1dzaj\u00faceho vlhkos\u0165, ide\u00e1lne na v\u0161etky ro\u010dn\u00e9 obdobia.\" \/>\n<meta property=\"og:url\" content=\"https:\/\/arak.spicehorse.eu\/sk\/produkt\/lemieux-tricko-benetton-blue\/\" \/>\n<meta property=\"og:site_name\" content=\"Spicehorse\" \/>\n<meta property=\"article:publisher\" content=\"https:\/\/www.facebook.com\/SPICEHORSE-550385625402457\/\" \/>\n<meta property=\"article:modified_time\" content=\"2024-06-10T15:46:03+00:00\" \/>\n<meta property=\"og:image\" content=\"https:\/\/arak.spicehorse.eu\/wp-content\/uploads\/2023\/05\/lem_baselaye_benetton_02.jpg\" \/>\n\t<meta property=\"og:image:width\" content=\"1200\" \/>\n\t<meta property=\"og:image:height\" content=\"1200\" \/>\n\t<meta property=\"og:image:type\" content=\"image\/jpeg\" \/>\n<meta name=\"twitter:card\" content=\"summary_large_image\" \/>\n<meta name=\"twitter:label1\" content=\"Predpokladan\u00fd \u010das \u010d\u00edtania\" \/>\n\t<meta name=\"twitter:data1\" content=\"1 min\u00fata\" \/>\n<script type=\"application\/ld+json\" class=\"yoast-schema-graph\">{\"@context\":\"https:\/\/schema.org\",\"@graph\":[{\"@type\":\"WebPage\",\"@id\":\"https:\/\/arak.spicehorse.eu\/sk\/produkt\/lemieux-tricko-benetton-blue\/\",\"url\":\"https:\/\/arak.spicehorse.eu\/sk\/produkt\/lemieux-tricko-benetton-blue\/\",\"name\":\"LeMieux tri\u010dko Benetton Blue - Spicehorse\",\"isPartOf\":{\"@id\":\"https:\/\/arak.spicehorse.eu\/en\/#website\"},\"datePublished\":\"2023-05-08T08:18:34+00:00\",\"dateModified\":\"2024-06-10T15:46:03+00:00\",\"description\":\"spicehorse.eu | Prav\u00e9 klasick\u00e9 LeMieux tri\u010dko pre akt\u00edvnych jazdcov, tepl\u00e9 a\u00a0pohodln\u00e9 na nosenie, z\u00a0materi\u00e1lu odv\u00e1dzaj\u00faceho vlhkos\u0165, ide\u00e1lne na v\u0161etky ro\u010dn\u00e9 obdobia.\",\"breadcrumb\":{\"@id\":\"https:\/\/arak.spicehorse.eu\/sk\/produkt\/lemieux-tricko-benetton-blue\/#breadcrumb\"},\"inLanguage\":\"sk-SK\",\"potentialAction\":[{\"@type\":\"ReadAction\",\"target\":[\"https:\/\/arak.spicehorse.eu\/sk\/produkt\/lemieux-tricko-benetton-blue\/\"]}]},{\"@type\":\"BreadcrumbList\",\"@id\":\"https:\/\/arak.spicehorse.eu\/sk\/produkt\/lemieux-tricko-benetton-blue\/#breadcrumb\",\"itemListElement\":[{\"@type\":\"ListItem\",\"position\":1,\"name\":\"Home\",\"item\":\"https:\/\/arak.spicehorse.eu\/sk\/\"},{\"@type\":\"ListItem\",\"position\":2,\"name\":\"Predaj\u0148a\",\"item\":\"https:\/\/arak.spicehorse.eu\/sk\/predajna\/\"},{\"@type\":\"ListItem\",\"position\":3,\"name\":\"LeMieux tri\u010dko Benetton Blue\"}]},{\"@type\":\"WebSite\",\"@id\":\"https:\/\/arak.spicehorse.eu\/en\/#website\",\"url\":\"https:\/\/arak.spicehorse.eu\/en\/\",\"name\":\"Spicehorse\",\"description\":\"UNDER DEVELOPMENT -\",\"potentialAction\":[{\"@type\":\"SearchAction\",\"target\":{\"@type\":\"EntryPoint\",\"urlTemplate\":\"https:\/\/arak.spicehorse.eu\/en\/?s={search_term_string}\"},\"query-input\":\"required name=search_term_string\"}],\"inLanguage\":\"sk-SK\"}]}<\/script>\n<!-- \/ Yoast SEO plugin. -->","yoast_head_json":{"title":"LeMieux tri\u010dko Benetton Blue - Spicehorse","description":"spicehorse.eu | Prav\u00e9 klasick\u00e9 LeMieux tri\u010dko pre akt\u00edvnych jazdcov, tepl\u00e9 a\u00a0pohodln\u00e9 na nosenie, z\u00a0materi\u00e1lu odv\u00e1dzaj\u00faceho vlhkos\u0165, ide\u00e1lne na v\u0161etky ro\u010dn\u00e9 obdobia.","robots":{"index":"index","follow":"follow","max-snippet":"max-snippet:-1","max-image-preview":"max-image-preview:large","max-video-preview":"max-video-preview:-1"},"canonical":"https:\/\/arak.spicehorse.eu\/sk\/produkt\/lemieux-tricko-benetton-blue\/","og_locale":"sk_SK","og_type":"article","og_title":"LeMieux tri\u010dko Benetton Blue - Spicehorse","og_description":"spicehorse.eu | Prav\u00e9 klasick\u00e9 LeMieux tri\u010dko pre akt\u00edvnych jazdcov, tepl\u00e9 a\u00a0pohodln\u00e9 na nosenie, z\u00a0materi\u00e1lu odv\u00e1dzaj\u00faceho vlhkos\u0165, ide\u00e1lne na v\u0161etky ro\u010dn\u00e9 obdobia.","og_url":"https:\/\/arak.spicehorse.eu\/sk\/produkt\/lemieux-tricko-benetton-blue\/","og_site_name":"Spicehorse","article_publisher":"https:\/\/www.facebook.com\/SPICEHORSE-550385625402457\/","article_modified_time":"2024-06-10T15:46:03+00:00","og_image":[{"width":1200,"height":1200,"url":"https:\/\/arak.spicehorse.eu\/wp-content\/uploads\/2023\/05\/lem_baselaye_benetton_02.jpg","type":"image\/jpeg"}],"twitter_card":"summary_large_image","twitter_misc":{"Predpokladan\u00fd \u010das \u010d\u00edtania":"1 min\u00fata"},"schema":{"@context":"https:\/\/schema.org","@graph":[{"@type":"WebPage","@id":"https:\/\/arak.spicehorse.eu\/sk\/produkt\/lemieux-tricko-benetton-blue\/","url":"https:\/\/arak.spicehorse.eu\/sk\/produkt\/lemieux-tricko-benetton-blue\/","name":"LeMieux tri\u010dko Benetton Blue - Spicehorse","isPartOf":{"@id":"https:\/\/arak.spicehorse.eu\/en\/#website"},"datePublished":"2023-05-08T08:18:34+00:00","dateModified":"2024-06-10T15:46:03+00:00","description":"spicehorse.eu | Prav\u00e9 klasick\u00e9 LeMieux tri\u010dko pre akt\u00edvnych jazdcov, tepl\u00e9 a\u00a0pohodln\u00e9 na nosenie, z\u00a0materi\u00e1lu odv\u00e1dzaj\u00faceho vlhkos\u0165, ide\u00e1lne na v\u0161etky ro\u010dn\u00e9 obdobia.","breadcrumb":{"@id":"https:\/\/arak.spicehorse.eu\/sk\/produkt\/lemieux-tricko-benetton-blue\/#breadcrumb"},"inLanguage":"sk-SK","potentialAction":[{"@type":"ReadAction","target":["https:\/\/arak.spicehorse.eu\/sk\/produkt\/lemieux-tricko-benetton-blue\/"]}]},{"@type":"BreadcrumbList","@id":"https:\/\/arak.spicehorse.eu\/sk\/produkt\/lemieux-tricko-benetton-blue\/#breadcrumb","itemListElement":[{"@type":"ListItem","position":1,"name":"Home","item":"https:\/\/arak.spicehorse.eu\/sk\/"},{"@type":"ListItem","position":2,"name":"Predaj\u0148a","item":"https:\/\/arak.spicehorse.eu\/sk\/predajna\/"},{"@type":"ListItem","position":3,"name":"LeMieux tri\u010dko Benetton Blue"}]},{"@type":"WebSite","@id":"https:\/\/arak.spicehorse.eu\/en\/#website","url":"https:\/\/arak.spicehorse.eu\/en\/","name":"Spicehorse","description":"UNDER DEVELOPMENT -","potentialAction":[{"@type":"SearchAction","target":{"@type":"EntryPoint","urlTemplate":"https:\/\/arak.spicehorse.eu\/en\/?s={search_term_string}"},"query-input":"required name=search_term_string"}],"inLanguage":"sk-SK"}]}},"_links":{"self":[{"href":"https:\/\/arak.spicehorse.eu\/sk\/wp-json\/wp\/v2\/product\/110513"}],"collection":[{"href":"https:\/\/arak.spicehorse.eu\/sk\/wp-json\/wp\/v2\/product"}],"about":[{"href":"https:\/\/arak.spicehorse.eu\/sk\/wp-json\/wp\/v2\/types\/product"}],"wp:featuredmedia":[{"embeddable":true,"href":"https:\/\/arak.spicehorse.eu\/sk\/wp-json\/wp\/v2\/media\/110550"}],"wp:attachment":[{"href":"https:\/\/arak.spicehorse.eu\/sk\/wp-json\/wp\/v2\/media?parent=110513"}],"wp:term":[{"taxonomy":"product_cat","embeddable":true,"href":"https:\/\/arak.spicehorse.eu\/sk\/wp-json\/wp\/v2\/product_cat?post=110513"},{"taxonomy":"product_tag","embeddable":true,"href":"https:\/\/arak.spicehorse.eu\/sk\/wp-json\/wp\/v2\/product_tag?post=110513"}],"curies":[{"name":"wp","href":"https:\/\/api.w.org\/{rel}","templated":true}]}}