{"id":11063,"date":"2020-03-31T14:01:39","date_gmt":"2020-03-31T12:01:40","guid":{"rendered":"https:\/\/arak.spicehorse.eu\/?post_type=product&#038;p=11063"},"modified":"2024-11-21T15:58:08","modified_gmt":"2024-11-21T14:58:08","slug":"kentucky-all-weather-vode-odolna-pracovna-deka","status":"publish","type":"product","link":"https:\/\/arak.spicehorse.eu\/sk\/produkt\/kentucky-all-weather-vode-odolna-pracovna-deka\/","title":{"rendered":"Kentucky All Weather vode odoln\u00e1 pracovn\u00e1 deka"},"content":{"rendered":"<p>Kentucky Horsewear\u00a0All Weather vode odoln\u00e1 pracovn\u00e1 deka je vyroben\u00e1 z\u00a0trojvrstvov\u00e9ho materi\u00e1lu vynikaj\u00facej kvality. Vonkaj\u0161iu \u010das\u0165 tvor\u00ed mimoriadne pevn\u00fd, vode odoln\u00fd 600D polyester s\u00a0prievzdu\u0161nou membr\u00e1nou, pod\u0161\u00edvka je zo syntetickej zaja\u010diny. Ide\u00e1lna pracovn\u00e1 deka na zahriatie ko\u0148a alebo na prech\u00e1dzkovanie v\u00a0chladnej\u0161om po\u010das\u00ed, najm\u00e4 za da\u017e\u010fa, aby n\u00e1\u0161 k\u00f4\u0148 zostal such\u00fd. Pou\u017e\u00edvan\u00edm syntetickej <strong>zaja\u010dej ko\u017eu\u0161iny\u00a0<\/strong>vznikaj\u00fa drobn\u00e9 vzduchov\u00e9 vaky, ktor\u00e9 uchovaj\u00fa a udr\u017euj\u00fa telesn\u00fa teplotu kon\u00ed.\u00a0Pod\u0161\u00edvka je mimoriadne jemn\u00e1, zabra\u0148uje vy\u0161\u00fachaniu poko\u017eky, nelep\u00ed sa na \u0148u srs\u0165 ko\u0148a, v\u010faka robn\u00fdm ch\u013apkom umelej zaja\u010dej ko\u017eu\u0161iny sa srs\u0165 ko\u0148a st\u00e1va lesklej\u0161ou. Kentucky Horsewear All Weather vode odoln\u00e1 pracovn\u00e1 deka sa v\u010faka dvom pevn\u00fdm such\u00fdm zipsom \u013eahko upev\u0148uje pred sedlo, okrem toho m\u00e1 pod chvostom koncov\u00fd popruh. Lem z\u00a0ko\u017eenky a\u00a0Kentucky logo dod\u00e1vaj\u00fa nev\u0161edn\u00fd a\u00a0modern\u00fd vzh\u013ead. Mo\u017eno pra\u0165 v\u00a0pr\u00e1\u010dke na 30\u00b0 (nevkladajte do su\u0161i\u010dky).<\/p>\n","protected":false},"excerpt":{"rendered":"<h3>Ide\u00e1lna pracovn\u00e1 deka po\u010das da\u017ediv\u00fdch dn\u00ed, <strong>na zahriatie alebo na prech\u00e1dzkovanie v\u00a0chladnom po\u010das\u00ed.\u00a0<\/strong><\/h3>\n<p><strong>Ve\u013ekos\u0165: M, L<\/strong><br \/>\n<strong>Farba: navy<\/strong><\/p>\n<ul>\n<li>Klasick\u00fd tvar<\/li>\n<li>Trojvrstvov\u00e1 membr\u00e1nov\u00e1 tkanina<\/li>\n<li>Vode odoln\u00e1\/ prievzdu\u0161n\u00e1<\/li>\n<li>Pod\u0161\u00edvka zo syntetickej zaja\u010diny<\/li>\n<li>Mo\u017eno pripevni\u0165 k\u00a0prednej \u010dasti sedla<\/li>\n<\/ul>\n","protected":false},"featured_media":11068,"template":"","meta":{"_acf_changed":false},"product_cat":[78,75,99],"product_tag":[135,184],"acf":[],"yoast_head":"<!-- This site is optimized with the Yoast SEO plugin v21.4 - https:\/\/yoast.com\/wordpress\/plugins\/seo\/ -->\n<title>Kentucky All Weather vode odoln\u00e1 pracovn\u00e1 deka - Spicehorse<\/title>\n<meta name=\"description\" content=\"spicehorse.eu | Ide\u00e1lna Kentucky Horsewear pracovn\u00e1 deka po\u010das da\u017ediv\u00fdch dn\u00ed, na zahriatie alebo na prech\u00e1dzkovanie v\u00a0chladnom po\u010das\u00ed.\u00a0\" \/>\n<meta name=\"robots\" content=\"index, follow, max-snippet:-1, max-image-preview:large, max-video-preview:-1\" \/>\n<link rel=\"canonical\" href=\"https:\/\/arak.spicehorse.eu\/termek\/kentucky-all-weather-vizallo-munkatakaro\/\" \/>\n<meta property=\"og:locale\" content=\"sk_SK\" \/>\n<meta property=\"og:type\" content=\"article\" \/>\n<meta property=\"og:title\" content=\"Kentucky All Weather vode odoln\u00e1 pracovn\u00e1 deka - Spicehorse\" \/>\n<meta property=\"og:description\" content=\"spicehorse.eu | Ide\u00e1lna Kentucky Horsewear pracovn\u00e1 deka po\u010das da\u017ediv\u00fdch dn\u00ed, na zahriatie alebo na prech\u00e1dzkovanie v\u00a0chladnom po\u010das\u00ed.\u00a0\" \/>\n<meta property=\"og:url\" content=\"https:\/\/arak.spicehorse.eu\/termek\/kentucky-all-weather-vizallo-munkatakaro\/\" \/>\n<meta property=\"og:site_name\" content=\"Spicehorse\" \/>\n<meta property=\"article:publisher\" content=\"https:\/\/www.facebook.com\/SPICEHORSE-550385625402457\/\" \/>\n<meta property=\"article:modified_time\" content=\"2024-11-21T14:58:08+00:00\" \/>\n<meta property=\"og:image\" content=\"https:\/\/arak.spicehorse.eu\/wp-content\/uploads\/2020\/03\/52117-03-P.jpg\" \/>\n\t<meta property=\"og:image:width\" content=\"2048\" \/>\n\t<meta property=\"og:image:height\" content=\"2048\" \/>\n\t<meta property=\"og:image:type\" content=\"image\/jpeg\" \/>\n<meta name=\"twitter:card\" content=\"summary_large_image\" \/>\n<meta name=\"twitter:label1\" content=\"Predpokladan\u00fd \u010das \u010d\u00edtania\" \/>\n\t<meta name=\"twitter:data1\" content=\"1 min\u00fata\" \/>\n<script type=\"application\/ld+json\" class=\"yoast-schema-graph\">{\"@context\":\"https:\/\/schema.org\",\"@graph\":[{\"@type\":\"WebPage\",\"@id\":\"https:\/\/arak.spicehorse.eu\/termek\/kentucky-all-weather-vizallo-munkatakaro\/\",\"url\":\"https:\/\/arak.spicehorse.eu\/termek\/kentucky-all-weather-vizallo-munkatakaro\/\",\"name\":\"Kentucky All Weather vode odoln\u00e1 pracovn\u00e1 deka - Spicehorse\",\"isPartOf\":{\"@id\":\"https:\/\/arak.spicehorse.eu\/en\/#website\"},\"datePublished\":\"2020-03-31T12:01:40+00:00\",\"dateModified\":\"2024-11-21T14:58:08+00:00\",\"description\":\"spicehorse.eu | Ide\u00e1lna Kentucky Horsewear pracovn\u00e1 deka po\u010das da\u017ediv\u00fdch dn\u00ed, na zahriatie alebo na prech\u00e1dzkovanie v\u00a0chladnom po\u010das\u00ed.\u00a0\",\"breadcrumb\":{\"@id\":\"https:\/\/arak.spicehorse.eu\/termek\/kentucky-all-weather-vizallo-munkatakaro\/#breadcrumb\"},\"inLanguage\":\"sk-SK\",\"potentialAction\":[{\"@type\":\"ReadAction\",\"target\":[\"https:\/\/arak.spicehorse.eu\/termek\/kentucky-all-weather-vizallo-munkatakaro\/\"]}]},{\"@type\":\"BreadcrumbList\",\"@id\":\"https:\/\/arak.spicehorse.eu\/termek\/kentucky-all-weather-vizallo-munkatakaro\/#breadcrumb\",\"itemListElement\":[{\"@type\":\"ListItem\",\"position\":1,\"name\":\"Home\",\"item\":\"https:\/\/arak.spicehorse.eu\/sk\/\"},{\"@type\":\"ListItem\",\"position\":2,\"name\":\"Predaj\u0148a\",\"item\":\"https:\/\/arak.spicehorse.eu\/sk\/predajna\/\"},{\"@type\":\"ListItem\",\"position\":3,\"name\":\"Kentucky All Weather vode odoln\u00e1 pracovn\u00e1 deka\"}]},{\"@type\":\"WebSite\",\"@id\":\"https:\/\/arak.spicehorse.eu\/en\/#website\",\"url\":\"https:\/\/arak.spicehorse.eu\/en\/\",\"name\":\"Spicehorse\",\"description\":\"UNDER DEVELOPMENT -\",\"potentialAction\":[{\"@type\":\"SearchAction\",\"target\":{\"@type\":\"EntryPoint\",\"urlTemplate\":\"https:\/\/arak.spicehorse.eu\/en\/?s={search_term_string}\"},\"query-input\":\"required name=search_term_string\"}],\"inLanguage\":\"sk-SK\"}]}<\/script>\n<!-- \/ Yoast SEO plugin. -->","yoast_head_json":{"title":"Kentucky All Weather vode odoln\u00e1 pracovn\u00e1 deka - Spicehorse","description":"spicehorse.eu | Ide\u00e1lna Kentucky Horsewear pracovn\u00e1 deka po\u010das da\u017ediv\u00fdch dn\u00ed, na zahriatie alebo na prech\u00e1dzkovanie v\u00a0chladnom po\u010das\u00ed.\u00a0","robots":{"index":"index","follow":"follow","max-snippet":"max-snippet:-1","max-image-preview":"max-image-preview:large","max-video-preview":"max-video-preview:-1"},"canonical":"https:\/\/arak.spicehorse.eu\/termek\/kentucky-all-weather-vizallo-munkatakaro\/","og_locale":"sk_SK","og_type":"article","og_title":"Kentucky All Weather vode odoln\u00e1 pracovn\u00e1 deka - Spicehorse","og_description":"spicehorse.eu | Ide\u00e1lna Kentucky Horsewear pracovn\u00e1 deka po\u010das da\u017ediv\u00fdch dn\u00ed, na zahriatie alebo na prech\u00e1dzkovanie v\u00a0chladnom po\u010das\u00ed.\u00a0","og_url":"https:\/\/arak.spicehorse.eu\/termek\/kentucky-all-weather-vizallo-munkatakaro\/","og_site_name":"Spicehorse","article_publisher":"https:\/\/www.facebook.com\/SPICEHORSE-550385625402457\/","article_modified_time":"2024-11-21T14:58:08+00:00","og_image":[{"width":2048,"height":2048,"url":"https:\/\/arak.spicehorse.eu\/wp-content\/uploads\/2020\/03\/52117-03-P.jpg","type":"image\/jpeg"}],"twitter_card":"summary_large_image","twitter_misc":{"Predpokladan\u00fd \u010das \u010d\u00edtania":"1 min\u00fata"},"schema":{"@context":"https:\/\/schema.org","@graph":[{"@type":"WebPage","@id":"https:\/\/arak.spicehorse.eu\/termek\/kentucky-all-weather-vizallo-munkatakaro\/","url":"https:\/\/arak.spicehorse.eu\/termek\/kentucky-all-weather-vizallo-munkatakaro\/","name":"Kentucky All Weather vode odoln\u00e1 pracovn\u00e1 deka - Spicehorse","isPartOf":{"@id":"https:\/\/arak.spicehorse.eu\/en\/#website"},"datePublished":"2020-03-31T12:01:40+00:00","dateModified":"2024-11-21T14:58:08+00:00","description":"spicehorse.eu | Ide\u00e1lna Kentucky Horsewear pracovn\u00e1 deka po\u010das da\u017ediv\u00fdch dn\u00ed, na zahriatie alebo na prech\u00e1dzkovanie v\u00a0chladnom po\u010das\u00ed.\u00a0","breadcrumb":{"@id":"https:\/\/arak.spicehorse.eu\/termek\/kentucky-all-weather-vizallo-munkatakaro\/#breadcrumb"},"inLanguage":"sk-SK","potentialAction":[{"@type":"ReadAction","target":["https:\/\/arak.spicehorse.eu\/termek\/kentucky-all-weather-vizallo-munkatakaro\/"]}]},{"@type":"BreadcrumbList","@id":"https:\/\/arak.spicehorse.eu\/termek\/kentucky-all-weather-vizallo-munkatakaro\/#breadcrumb","itemListElement":[{"@type":"ListItem","position":1,"name":"Home","item":"https:\/\/arak.spicehorse.eu\/sk\/"},{"@type":"ListItem","position":2,"name":"Predaj\u0148a","item":"https:\/\/arak.spicehorse.eu\/sk\/predajna\/"},{"@type":"ListItem","position":3,"name":"Kentucky All Weather vode odoln\u00e1 pracovn\u00e1 deka"}]},{"@type":"WebSite","@id":"https:\/\/arak.spicehorse.eu\/en\/#website","url":"https:\/\/arak.spicehorse.eu\/en\/","name":"Spicehorse","description":"UNDER DEVELOPMENT -","potentialAction":[{"@type":"SearchAction","target":{"@type":"EntryPoint","urlTemplate":"https:\/\/arak.spicehorse.eu\/en\/?s={search_term_string}"},"query-input":"required name=search_term_string"}],"inLanguage":"sk-SK"}]}},"_links":{"self":[{"href":"https:\/\/arak.spicehorse.eu\/sk\/wp-json\/wp\/v2\/product\/11063"}],"collection":[{"href":"https:\/\/arak.spicehorse.eu\/sk\/wp-json\/wp\/v2\/product"}],"about":[{"href":"https:\/\/arak.spicehorse.eu\/sk\/wp-json\/wp\/v2\/types\/product"}],"wp:featuredmedia":[{"embeddable":true,"href":"https:\/\/arak.spicehorse.eu\/sk\/wp-json\/wp\/v2\/media\/11068"}],"wp:attachment":[{"href":"https:\/\/arak.spicehorse.eu\/sk\/wp-json\/wp\/v2\/media?parent=11063"}],"wp:term":[{"taxonomy":"product_cat","embeddable":true,"href":"https:\/\/arak.spicehorse.eu\/sk\/wp-json\/wp\/v2\/product_cat?post=11063"},{"taxonomy":"product_tag","embeddable":true,"href":"https:\/\/arak.spicehorse.eu\/sk\/wp-json\/wp\/v2\/product_tag?post=11063"}],"curies":[{"name":"wp","href":"https:\/\/api.w.org\/{rel}","templated":true}]}}