{"id":110822,"date":"2023-05-08T15:15:22","date_gmt":"2023-05-08T13:15:43","guid":{"rendered":"https:\/\/arak.spicehorse.eu\/?post_type=product&#038;p=110822"},"modified":"2025-10-21T20:27:25","modified_gmt":"2025-10-21T18:27:25","slug":"lemieux-olivia-kosela-na-sutaze-s-dlhym-rukavom-white","status":"publish","type":"product","link":"https:\/\/arak.spicehorse.eu\/sk\/produkt\/lemieux-olivia-kosela-na-sutaze-s-dlhym-rukavom-white\/","title":{"rendered":"LeMieux Olivia ko\u0161e\u013ea na s\u00fa\u0165a\u017ee s dlh\u00fdm ruk\u00e1vom White"},"content":{"rendered":"<p><span lang=\"SK\">LeMieux Olivia ko\u0161e\u013ea na s\u00fa\u0165a\u017ee je vyroben\u00e1 z\u00a0extra jemn\u00e9ho elastick\u00e9ho materi\u00e1lu, je dokonalou zmesou elegancie a\u00a0v\u00fdkonu.<\/span><\/p>\n<p><span lang=\"SK\">V\u010faka nevidite\u013en\u00e9mu zipsu v\u00a0prednej \u010dasti dokonale prilieha, nev\u0161edn\u00e9 detaily v\u00a0tvare diamantu dod\u00e1vaj\u00fa jedine\u010dn\u00fd dizajn. <\/span><\/p>\n<p><span lang=\"SK\">Jemn\u00e9 laserom strihan\u00e9 \u010dipkovan\u00e9 ruk\u00e1vy a\u00a0zadn\u00e1 \u010das\u0165 dod\u00e1vaj\u00fa ko\u0161eli nev\u0161edn\u00fa eleganciu, pri\u010dom umo\u017e\u0148uj\u00fa optim\u00e1lne pr\u00fadenie vzduchu, \u010dim reguluj\u00fa teplotu a\u00a0vlhkos\u0165.<\/span><\/p>\n<p><span lang=\"SK\">Golier zdoben\u00fd n\u00e1pisom LeMieux.<\/span><\/p>\n<p><span lang=\"SK\">Mo\u017eno pra\u0165 v\u00a0pra\u010dke na 30\u00b0. Perte z\u00a0rubovej strany s\u00a0podobn\u00fdmi farbami. Nevkladajte do su\u0161i\u010dky.<\/span><\/p>\n","protected":false},"excerpt":{"rendered":"<p>LeMieux Olivia ko\u0161e\u013ea na s\u00fa\u0165a\u017ee je vyroben\u00e1 z\u00a0extra jemn\u00e9ho elastick\u00e9ho materi\u00e1lu, je dokonalou zmesou elegancie a\u00a0v\u00fdkonu. V\u010faka nevidite\u013en\u00e9mu zipsu v\u00a0prednej \u010dasti dokonale prilieha, nev\u0161edn\u00e9 detaily v\u00a0tvare diamantu dod\u00e1vaj\u00fa jedine\u010dn\u00fd dizajn. Jemn\u00e9 laserom strihan\u00e9 \u010dipkovan\u00e9 ruk\u00e1vy a\u00a0zadn\u00e1 \u010das\u0165 dod\u00e1vaj\u00fa ko\u0161eli nev\u0161edn\u00fa eleganciu, pri\u010dom umo\u017e\u0148uj\u00fa optim\u00e1lne pr\u00fadenie vzduchu, \u010dim reguluj\u00fa teplotu a\u00a0vlhkos\u0165. Golier zdoben\u00fd n\u00e1pisom LeMieux. Mo\u017eno [&hellip;]<\/p>\n","protected":false},"featured_media":110840,"template":"","meta":{"_acf_changed":false},"product_cat":[76,308],"product_tag":[2369,2035,420,378],"acf":[],"yoast_head":"<!-- This site is optimized with the Yoast SEO plugin v21.4 - https:\/\/yoast.com\/wordpress\/plugins\/seo\/ -->\n<title>LeMieux Olivia ko\u0161e\u013ea na s\u00fa\u0165a\u017ee s dlh\u00fdm ruk\u00e1vom White - Spicehorse<\/title>\n<meta name=\"description\" content=\"spicehorse.eu | LeMieux Olivia ko\u0161e\u013ea na s\u00fa\u0165a\u017ee je vyroben\u00e1 z\u00a0extra jemn\u00e9ho elastick\u00e9ho materi\u00e1lu, je dokonalou zmesou elegancie a\u00a0v\u00fdkonu.\" \/>\n<meta name=\"robots\" content=\"index, follow, max-snippet:-1, max-image-preview:large, max-video-preview:-1\" \/>\n<link rel=\"canonical\" href=\"https:\/\/arak.spicehorse.eu\/sk\/produkt\/lemieux-olivia-kosela-na-sutaze-s-dlhym-rukavom-white\/\" \/>\n<meta property=\"og:locale\" content=\"sk_SK\" \/>\n<meta property=\"og:type\" content=\"article\" \/>\n<meta property=\"og:title\" content=\"LeMieux Olivia ko\u0161e\u013ea na s\u00fa\u0165a\u017ee s dlh\u00fdm ruk\u00e1vom White - Spicehorse\" \/>\n<meta property=\"og:description\" content=\"spicehorse.eu | LeMieux Olivia ko\u0161e\u013ea na s\u00fa\u0165a\u017ee je vyroben\u00e1 z\u00a0extra jemn\u00e9ho elastick\u00e9ho materi\u00e1lu, je dokonalou zmesou elegancie a\u00a0v\u00fdkonu.\" \/>\n<meta property=\"og:url\" content=\"https:\/\/arak.spicehorse.eu\/sk\/produkt\/lemieux-olivia-kosela-na-sutaze-s-dlhym-rukavom-white\/\" \/>\n<meta property=\"og:site_name\" content=\"Spicehorse\" \/>\n<meta property=\"article:publisher\" content=\"https:\/\/www.facebook.com\/SPICEHORSE-550385625402457\/\" \/>\n<meta property=\"article:modified_time\" content=\"2025-10-21T18:27:25+00:00\" \/>\n<meta property=\"og:image\" content=\"https:\/\/arak.spicehorse.eu\/wp-content\/uploads\/2023\/05\/lem_shirt_oliva_ls_wht01.jpg\" \/>\n\t<meta property=\"og:image:width\" content=\"1200\" \/>\n\t<meta property=\"og:image:height\" content=\"1200\" \/>\n\t<meta property=\"og:image:type\" content=\"image\/jpeg\" \/>\n<meta name=\"twitter:card\" content=\"summary_large_image\" \/>\n<meta name=\"twitter:label1\" content=\"Predpokladan\u00fd \u010das \u010d\u00edtania\" \/>\n\t<meta name=\"twitter:data1\" content=\"1 min\u00fata\" \/>\n<script type=\"application\/ld+json\" class=\"yoast-schema-graph\">{\"@context\":\"https:\/\/schema.org\",\"@graph\":[{\"@type\":\"WebPage\",\"@id\":\"https:\/\/arak.spicehorse.eu\/sk\/produkt\/lemieux-olivia-kosela-na-sutaze-s-dlhym-rukavom-white\/\",\"url\":\"https:\/\/arak.spicehorse.eu\/sk\/produkt\/lemieux-olivia-kosela-na-sutaze-s-dlhym-rukavom-white\/\",\"name\":\"LeMieux Olivia ko\u0161e\u013ea na s\u00fa\u0165a\u017ee s dlh\u00fdm ruk\u00e1vom White - Spicehorse\",\"isPartOf\":{\"@id\":\"https:\/\/arak.spicehorse.eu\/en\/#website\"},\"datePublished\":\"2023-05-08T13:15:43+00:00\",\"dateModified\":\"2025-10-21T18:27:25+00:00\",\"description\":\"spicehorse.eu | LeMieux Olivia ko\u0161e\u013ea na s\u00fa\u0165a\u017ee je vyroben\u00e1 z\u00a0extra jemn\u00e9ho elastick\u00e9ho materi\u00e1lu, je dokonalou zmesou elegancie a\u00a0v\u00fdkonu.\",\"breadcrumb\":{\"@id\":\"https:\/\/arak.spicehorse.eu\/sk\/produkt\/lemieux-olivia-kosela-na-sutaze-s-dlhym-rukavom-white\/#breadcrumb\"},\"inLanguage\":\"sk-SK\",\"potentialAction\":[{\"@type\":\"ReadAction\",\"target\":[\"https:\/\/arak.spicehorse.eu\/sk\/produkt\/lemieux-olivia-kosela-na-sutaze-s-dlhym-rukavom-white\/\"]}]},{\"@type\":\"BreadcrumbList\",\"@id\":\"https:\/\/arak.spicehorse.eu\/sk\/produkt\/lemieux-olivia-kosela-na-sutaze-s-dlhym-rukavom-white\/#breadcrumb\",\"itemListElement\":[{\"@type\":\"ListItem\",\"position\":1,\"name\":\"Home\",\"item\":\"https:\/\/arak.spicehorse.eu\/sk\/\"},{\"@type\":\"ListItem\",\"position\":2,\"name\":\"Predaj\u0148a\",\"item\":\"https:\/\/arak.spicehorse.eu\/sk\/predajna\/\"},{\"@type\":\"ListItem\",\"position\":3,\"name\":\"LeMieux Olivia ko\u0161e\u013ea na s\u00fa\u0165a\u017ee s dlh\u00fdm ruk\u00e1vom White\"}]},{\"@type\":\"WebSite\",\"@id\":\"https:\/\/arak.spicehorse.eu\/en\/#website\",\"url\":\"https:\/\/arak.spicehorse.eu\/en\/\",\"name\":\"Spicehorse\",\"description\":\"UNDER DEVELOPMENT -\",\"potentialAction\":[{\"@type\":\"SearchAction\",\"target\":{\"@type\":\"EntryPoint\",\"urlTemplate\":\"https:\/\/arak.spicehorse.eu\/en\/?s={search_term_string}\"},\"query-input\":\"required name=search_term_string\"}],\"inLanguage\":\"sk-SK\"}]}<\/script>\n<!-- \/ Yoast SEO plugin. -->","yoast_head_json":{"title":"LeMieux Olivia ko\u0161e\u013ea na s\u00fa\u0165a\u017ee s dlh\u00fdm ruk\u00e1vom White - Spicehorse","description":"spicehorse.eu | LeMieux Olivia ko\u0161e\u013ea na s\u00fa\u0165a\u017ee je vyroben\u00e1 z\u00a0extra jemn\u00e9ho elastick\u00e9ho materi\u00e1lu, je dokonalou zmesou elegancie a\u00a0v\u00fdkonu.","robots":{"index":"index","follow":"follow","max-snippet":"max-snippet:-1","max-image-preview":"max-image-preview:large","max-video-preview":"max-video-preview:-1"},"canonical":"https:\/\/arak.spicehorse.eu\/sk\/produkt\/lemieux-olivia-kosela-na-sutaze-s-dlhym-rukavom-white\/","og_locale":"sk_SK","og_type":"article","og_title":"LeMieux Olivia ko\u0161e\u013ea na s\u00fa\u0165a\u017ee s dlh\u00fdm ruk\u00e1vom White - Spicehorse","og_description":"spicehorse.eu | LeMieux Olivia ko\u0161e\u013ea na s\u00fa\u0165a\u017ee je vyroben\u00e1 z\u00a0extra jemn\u00e9ho elastick\u00e9ho materi\u00e1lu, je dokonalou zmesou elegancie a\u00a0v\u00fdkonu.","og_url":"https:\/\/arak.spicehorse.eu\/sk\/produkt\/lemieux-olivia-kosela-na-sutaze-s-dlhym-rukavom-white\/","og_site_name":"Spicehorse","article_publisher":"https:\/\/www.facebook.com\/SPICEHORSE-550385625402457\/","article_modified_time":"2025-10-21T18:27:25+00:00","og_image":[{"width":1200,"height":1200,"url":"https:\/\/arak.spicehorse.eu\/wp-content\/uploads\/2023\/05\/lem_shirt_oliva_ls_wht01.jpg","type":"image\/jpeg"}],"twitter_card":"summary_large_image","twitter_misc":{"Predpokladan\u00fd \u010das \u010d\u00edtania":"1 min\u00fata"},"schema":{"@context":"https:\/\/schema.org","@graph":[{"@type":"WebPage","@id":"https:\/\/arak.spicehorse.eu\/sk\/produkt\/lemieux-olivia-kosela-na-sutaze-s-dlhym-rukavom-white\/","url":"https:\/\/arak.spicehorse.eu\/sk\/produkt\/lemieux-olivia-kosela-na-sutaze-s-dlhym-rukavom-white\/","name":"LeMieux Olivia ko\u0161e\u013ea na s\u00fa\u0165a\u017ee s dlh\u00fdm ruk\u00e1vom White - Spicehorse","isPartOf":{"@id":"https:\/\/arak.spicehorse.eu\/en\/#website"},"datePublished":"2023-05-08T13:15:43+00:00","dateModified":"2025-10-21T18:27:25+00:00","description":"spicehorse.eu | LeMieux Olivia ko\u0161e\u013ea na s\u00fa\u0165a\u017ee je vyroben\u00e1 z\u00a0extra jemn\u00e9ho elastick\u00e9ho materi\u00e1lu, je dokonalou zmesou elegancie a\u00a0v\u00fdkonu.","breadcrumb":{"@id":"https:\/\/arak.spicehorse.eu\/sk\/produkt\/lemieux-olivia-kosela-na-sutaze-s-dlhym-rukavom-white\/#breadcrumb"},"inLanguage":"sk-SK","potentialAction":[{"@type":"ReadAction","target":["https:\/\/arak.spicehorse.eu\/sk\/produkt\/lemieux-olivia-kosela-na-sutaze-s-dlhym-rukavom-white\/"]}]},{"@type":"BreadcrumbList","@id":"https:\/\/arak.spicehorse.eu\/sk\/produkt\/lemieux-olivia-kosela-na-sutaze-s-dlhym-rukavom-white\/#breadcrumb","itemListElement":[{"@type":"ListItem","position":1,"name":"Home","item":"https:\/\/arak.spicehorse.eu\/sk\/"},{"@type":"ListItem","position":2,"name":"Predaj\u0148a","item":"https:\/\/arak.spicehorse.eu\/sk\/predajna\/"},{"@type":"ListItem","position":3,"name":"LeMieux Olivia ko\u0161e\u013ea na s\u00fa\u0165a\u017ee s dlh\u00fdm ruk\u00e1vom White"}]},{"@type":"WebSite","@id":"https:\/\/arak.spicehorse.eu\/en\/#website","url":"https:\/\/arak.spicehorse.eu\/en\/","name":"Spicehorse","description":"UNDER DEVELOPMENT -","potentialAction":[{"@type":"SearchAction","target":{"@type":"EntryPoint","urlTemplate":"https:\/\/arak.spicehorse.eu\/en\/?s={search_term_string}"},"query-input":"required name=search_term_string"}],"inLanguage":"sk-SK"}]}},"_links":{"self":[{"href":"https:\/\/arak.spicehorse.eu\/sk\/wp-json\/wp\/v2\/product\/110822"}],"collection":[{"href":"https:\/\/arak.spicehorse.eu\/sk\/wp-json\/wp\/v2\/product"}],"about":[{"href":"https:\/\/arak.spicehorse.eu\/sk\/wp-json\/wp\/v2\/types\/product"}],"wp:featuredmedia":[{"embeddable":true,"href":"https:\/\/arak.spicehorse.eu\/sk\/wp-json\/wp\/v2\/media\/110840"}],"wp:attachment":[{"href":"https:\/\/arak.spicehorse.eu\/sk\/wp-json\/wp\/v2\/media?parent=110822"}],"wp:term":[{"taxonomy":"product_cat","embeddable":true,"href":"https:\/\/arak.spicehorse.eu\/sk\/wp-json\/wp\/v2\/product_cat?post=110822"},{"taxonomy":"product_tag","embeddable":true,"href":"https:\/\/arak.spicehorse.eu\/sk\/wp-json\/wp\/v2\/product_tag?post=110822"}],"curies":[{"name":"wp","href":"https:\/\/api.w.org\/{rel}","templated":true}]}}