{"id":11218,"date":"2020-03-31T18:56:44","date_gmt":"2020-03-31T16:56:46","guid":{"rendered":"https:\/\/arak.spicehorse.eu\/?post_type=product&#038;p=11218"},"modified":"2025-06-18T11:17:22","modified_gmt":"2025-06-18T09:17:22","slug":"kentucky-kratky-ochranny-podbrusnik","status":"publish","type":"product","link":"https:\/\/arak.spicehorse.eu\/sk\/produkt\/kentucky-kratky-ochranny-podbrusnik\/","title":{"rendered":"Kentucky kr\u00e1tky ochrann\u00fd podbru\u0161n\u00edk"},"content":{"rendered":"<p><span lang=\"SK\">Kentucky Horsewear kr\u00e1tky ochrann\u00fd podbru\u0161n\u00edk m\u00e1 \u0161irok\u00fa ochrann\u00fa plochu, je anatomicky tvarovan\u00fd, pohodln\u00fd a\u00a0bezpe\u010dn\u00fd pri skokoch, t\u00fdm p\u00e1dom sa zni\u017euje riziko \u00farazov. Kentucky r\u00f6vid kr\u00e1tky ochrann\u00fd podbru\u0161n\u00edk zabezpe\u010duje dokonal\u00fa vo\u013enos\u0165 pohybu pre ramen\u00e1 a\u00a0lakte ko\u0148a, zabezpe\u010duje \u013eahk\u00e9 d\u00fdchanie a\u00a0chr\u00e1ni pred poraneniami. Dokonale kop\u00edruje prirodzen\u00fd pohyb ko\u0148a, zabezpe\u010duje maxim\u00e1lne pohodlie a\u00a0vo\u013enos\u0165 pohybu. Kentucky Horsewear kr\u00e1tky ochrann\u00fd podbru\u0161n\u00edk j<span class=\"s13\">e vyroben\u00fd s\u00a0<\/span><span class=\"s14\">vn\u00fatornou EVA ochranou<\/span><span class=\"s13\">,\u00a0s\u00a0pru\u017en\u00fdmi sponami po oboch stran\u00e1ch,\u00a0\u010d\u00edm\u00a0sa tlak vhodne a\u00a0rovnomerne rozde\u013euje. Pomocou D-kr\u00fa\u017ekov a\u00a0spony mo\u017eno \u013eahko pripoji\u0165\u00a0poprs\u00e1ky\u00a0a\u00a0o\u0165a\u017ee. V\u010faka svojmu dvojit\u00e9mu dizajnu je pru\u017en\u00fd, napriek tomu zabezpe\u010duje stabiln\u00e9 a\u00a0<\/span><span class=\"s14\">pevn\u00e9\u00a0<\/span><span class=\"s13\">prisp\u00f4sobenie.<\/span><\/span><\/p>\n<p><span lang=\"SK\">Kentucky Horsewear kr\u00e1tky ochrann\u00fd podbru\u0161n\u00edk je vyroben\u00fd z\u00a0ko\u017eenky, ktor\u00e1 je mimoriadne odoln\u00e1, odpudzuje ne\u010distoty, vlhkos\u0165 a\u00a0pot. Pou\u017e\u00edvan\u00edm nestr\u00e1ca farbu, je odoln\u00fd a\u00a0\u00fadr\u017eba je ve\u013emi jednoduch\u00e1. <span class=\"s14\">Mo\u017eno pra\u0165 v\u00a0pr\u00e1\u010dke<\/span><span class=\"s13\"><b>\u00a0<\/b>na\u00a030\u00b0<\/span>\u00a0<span class=\"s13\">(nevkladajte do su\u0161i\u010dky).\u00a0Pou\u017e\u00edvajte\u00a0Kentucky\u00a0Horsewear\u00a0Tack<\/span>\u00a0<span class=\"s13\">Cleaner\u00a0\u010distiaci prostriedok, aby podbru\u0161n\u00edk\u00a0okam\u017eite z\u00edskal leskl\u00fd a\u00a0nov\u00fd vzh\u013ead!<\/span><\/span><\/p>\n","protected":false},"excerpt":{"rendered":"<h3><strong>Kentucky kr\u00e1tky ochrann\u00fd podbru\u0161n\u00edk\u00a0<\/strong> zabezpe\u010duje pre ko\u0148a vo\u013enos\u0165 pohybu a\u00a0pohodlie.<\/h3>\n<ul>\n<li>Anatomicky tvarovan\u00fd, v\u00a0z\u00e1ujme v\u00e4\u010d\u0161ej vo\u013enosti pohybu<\/li>\n<li>EVA vn\u00fatorn\u00e1 ochrana<\/li>\n<li>S gumen\u00fdmi sponami, s\u00fa pru\u017en\u00e9 a\u00a0napriek tomu stabiln\u00e9<\/li>\n<li>Syntetick\u00e1 ko\u017ea<\/li>\n<\/ul>\n","protected":false},"featured_media":11226,"template":"","meta":{"_acf_changed":false},"product_cat":[75,110],"product_tag":[184,335,183,328],"acf":[],"yoast_head":"<!-- This site is optimized with the Yoast SEO plugin v21.4 - https:\/\/yoast.com\/wordpress\/plugins\/seo\/ -->\n<title>Kentucky kr\u00e1tky ochrann\u00fd podbru\u0161n\u00edk - Spicehorse<\/title>\n<meta name=\"description\" content=\"spicehorse.eu | Kentucky Horsewear kr\u00e1tky ochrann\u00fd podbru\u0161n\u00edk\u00a0 zabezpe\u010duje pre ko\u0148a vo\u013enos\u0165 pohybu a\u00a0pohodlie.\" \/>\n<meta name=\"robots\" content=\"index, follow, max-snippet:-1, max-image-preview:large, max-video-preview:-1\" \/>\n<link rel=\"canonical\" href=\"https:\/\/arak.spicehorse.eu\/sk\/produkt\/kentucky-kratky-ochranny-podbrusnik\/\" \/>\n<meta property=\"og:locale\" content=\"sk_SK\" \/>\n<meta property=\"og:type\" content=\"article\" \/>\n<meta property=\"og:title\" content=\"Kentucky kr\u00e1tky ochrann\u00fd podbru\u0161n\u00edk - Spicehorse\" \/>\n<meta property=\"og:description\" content=\"spicehorse.eu | Kentucky Horsewear kr\u00e1tky ochrann\u00fd podbru\u0161n\u00edk\u00a0 zabezpe\u010duje pre ko\u0148a vo\u013enos\u0165 pohybu a\u00a0pohodlie.\" \/>\n<meta property=\"og:url\" content=\"https:\/\/arak.spicehorse.eu\/sk\/produkt\/kentucky-kratky-ochranny-podbrusnik\/\" \/>\n<meta property=\"og:site_name\" content=\"Spicehorse\" \/>\n<meta property=\"article:publisher\" content=\"https:\/\/www.facebook.com\/SPICEHORSE-550385625402457\/\" \/>\n<meta property=\"article:modified_time\" content=\"2025-06-18T09:17:22+00:00\" \/>\n<meta property=\"og:image\" content=\"https:\/\/arak.spicehorse.eu\/wp-content\/uploads\/2020\/03\/42405-05-P.jpg\" \/>\n\t<meta property=\"og:image:width\" content=\"2048\" \/>\n\t<meta property=\"og:image:height\" content=\"2048\" \/>\n\t<meta property=\"og:image:type\" content=\"image\/jpeg\" \/>\n<meta name=\"twitter:card\" content=\"summary_large_image\" \/>\n<meta name=\"twitter:label1\" content=\"Predpokladan\u00fd \u010das \u010d\u00edtania\" \/>\n\t<meta name=\"twitter:data1\" content=\"1 min\u00fata\" \/>\n<script type=\"application\/ld+json\" class=\"yoast-schema-graph\">{\"@context\":\"https:\/\/schema.org\",\"@graph\":[{\"@type\":\"WebPage\",\"@id\":\"https:\/\/arak.spicehorse.eu\/sk\/produkt\/kentucky-kratky-ochranny-podbrusnik\/\",\"url\":\"https:\/\/arak.spicehorse.eu\/sk\/produkt\/kentucky-kratky-ochranny-podbrusnik\/\",\"name\":\"Kentucky kr\u00e1tky ochrann\u00fd podbru\u0161n\u00edk - Spicehorse\",\"isPartOf\":{\"@id\":\"https:\/\/arak.spicehorse.eu\/en\/#website\"},\"datePublished\":\"2020-03-31T16:56:46+00:00\",\"dateModified\":\"2025-06-18T09:17:22+00:00\",\"description\":\"spicehorse.eu | Kentucky Horsewear kr\u00e1tky ochrann\u00fd podbru\u0161n\u00edk\u00a0 zabezpe\u010duje pre ko\u0148a vo\u013enos\u0165 pohybu a\u00a0pohodlie.\",\"breadcrumb\":{\"@id\":\"https:\/\/arak.spicehorse.eu\/sk\/produkt\/kentucky-kratky-ochranny-podbrusnik\/#breadcrumb\"},\"inLanguage\":\"sk-SK\",\"potentialAction\":[{\"@type\":\"ReadAction\",\"target\":[\"https:\/\/arak.spicehorse.eu\/sk\/produkt\/kentucky-kratky-ochranny-podbrusnik\/\"]}]},{\"@type\":\"BreadcrumbList\",\"@id\":\"https:\/\/arak.spicehorse.eu\/sk\/produkt\/kentucky-kratky-ochranny-podbrusnik\/#breadcrumb\",\"itemListElement\":[{\"@type\":\"ListItem\",\"position\":1,\"name\":\"Home\",\"item\":\"https:\/\/arak.spicehorse.eu\/sk\/\"},{\"@type\":\"ListItem\",\"position\":2,\"name\":\"Predaj\u0148a\",\"item\":\"https:\/\/arak.spicehorse.eu\/sk\/predajna\/\"},{\"@type\":\"ListItem\",\"position\":3,\"name\":\"Kentucky kr\u00e1tky ochrann\u00fd podbru\u0161n\u00edk\"}]},{\"@type\":\"WebSite\",\"@id\":\"https:\/\/arak.spicehorse.eu\/en\/#website\",\"url\":\"https:\/\/arak.spicehorse.eu\/en\/\",\"name\":\"Spicehorse\",\"description\":\"UNDER DEVELOPMENT -\",\"potentialAction\":[{\"@type\":\"SearchAction\",\"target\":{\"@type\":\"EntryPoint\",\"urlTemplate\":\"https:\/\/arak.spicehorse.eu\/en\/?s={search_term_string}\"},\"query-input\":\"required name=search_term_string\"}],\"inLanguage\":\"sk-SK\"}]}<\/script>\n<!-- \/ Yoast SEO plugin. -->","yoast_head_json":{"title":"Kentucky kr\u00e1tky ochrann\u00fd podbru\u0161n\u00edk - Spicehorse","description":"spicehorse.eu | Kentucky Horsewear kr\u00e1tky ochrann\u00fd podbru\u0161n\u00edk\u00a0 zabezpe\u010duje pre ko\u0148a vo\u013enos\u0165 pohybu a\u00a0pohodlie.","robots":{"index":"index","follow":"follow","max-snippet":"max-snippet:-1","max-image-preview":"max-image-preview:large","max-video-preview":"max-video-preview:-1"},"canonical":"https:\/\/arak.spicehorse.eu\/sk\/produkt\/kentucky-kratky-ochranny-podbrusnik\/","og_locale":"sk_SK","og_type":"article","og_title":"Kentucky kr\u00e1tky ochrann\u00fd podbru\u0161n\u00edk - Spicehorse","og_description":"spicehorse.eu | Kentucky Horsewear kr\u00e1tky ochrann\u00fd podbru\u0161n\u00edk\u00a0 zabezpe\u010duje pre ko\u0148a vo\u013enos\u0165 pohybu a\u00a0pohodlie.","og_url":"https:\/\/arak.spicehorse.eu\/sk\/produkt\/kentucky-kratky-ochranny-podbrusnik\/","og_site_name":"Spicehorse","article_publisher":"https:\/\/www.facebook.com\/SPICEHORSE-550385625402457\/","article_modified_time":"2025-06-18T09:17:22+00:00","og_image":[{"width":2048,"height":2048,"url":"https:\/\/arak.spicehorse.eu\/wp-content\/uploads\/2020\/03\/42405-05-P.jpg","type":"image\/jpeg"}],"twitter_card":"summary_large_image","twitter_misc":{"Predpokladan\u00fd \u010das \u010d\u00edtania":"1 min\u00fata"},"schema":{"@context":"https:\/\/schema.org","@graph":[{"@type":"WebPage","@id":"https:\/\/arak.spicehorse.eu\/sk\/produkt\/kentucky-kratky-ochranny-podbrusnik\/","url":"https:\/\/arak.spicehorse.eu\/sk\/produkt\/kentucky-kratky-ochranny-podbrusnik\/","name":"Kentucky kr\u00e1tky ochrann\u00fd podbru\u0161n\u00edk - Spicehorse","isPartOf":{"@id":"https:\/\/arak.spicehorse.eu\/en\/#website"},"datePublished":"2020-03-31T16:56:46+00:00","dateModified":"2025-06-18T09:17:22+00:00","description":"spicehorse.eu | Kentucky Horsewear kr\u00e1tky ochrann\u00fd podbru\u0161n\u00edk\u00a0 zabezpe\u010duje pre ko\u0148a vo\u013enos\u0165 pohybu a\u00a0pohodlie.","breadcrumb":{"@id":"https:\/\/arak.spicehorse.eu\/sk\/produkt\/kentucky-kratky-ochranny-podbrusnik\/#breadcrumb"},"inLanguage":"sk-SK","potentialAction":[{"@type":"ReadAction","target":["https:\/\/arak.spicehorse.eu\/sk\/produkt\/kentucky-kratky-ochranny-podbrusnik\/"]}]},{"@type":"BreadcrumbList","@id":"https:\/\/arak.spicehorse.eu\/sk\/produkt\/kentucky-kratky-ochranny-podbrusnik\/#breadcrumb","itemListElement":[{"@type":"ListItem","position":1,"name":"Home","item":"https:\/\/arak.spicehorse.eu\/sk\/"},{"@type":"ListItem","position":2,"name":"Predaj\u0148a","item":"https:\/\/arak.spicehorse.eu\/sk\/predajna\/"},{"@type":"ListItem","position":3,"name":"Kentucky kr\u00e1tky ochrann\u00fd podbru\u0161n\u00edk"}]},{"@type":"WebSite","@id":"https:\/\/arak.spicehorse.eu\/en\/#website","url":"https:\/\/arak.spicehorse.eu\/en\/","name":"Spicehorse","description":"UNDER DEVELOPMENT -","potentialAction":[{"@type":"SearchAction","target":{"@type":"EntryPoint","urlTemplate":"https:\/\/arak.spicehorse.eu\/en\/?s={search_term_string}"},"query-input":"required name=search_term_string"}],"inLanguage":"sk-SK"}]}},"_links":{"self":[{"href":"https:\/\/arak.spicehorse.eu\/sk\/wp-json\/wp\/v2\/product\/11218"}],"collection":[{"href":"https:\/\/arak.spicehorse.eu\/sk\/wp-json\/wp\/v2\/product"}],"about":[{"href":"https:\/\/arak.spicehorse.eu\/sk\/wp-json\/wp\/v2\/types\/product"}],"wp:featuredmedia":[{"embeddable":true,"href":"https:\/\/arak.spicehorse.eu\/sk\/wp-json\/wp\/v2\/media\/11226"}],"wp:attachment":[{"href":"https:\/\/arak.spicehorse.eu\/sk\/wp-json\/wp\/v2\/media?parent=11218"}],"wp:term":[{"taxonomy":"product_cat","embeddable":true,"href":"https:\/\/arak.spicehorse.eu\/sk\/wp-json\/wp\/v2\/product_cat?post=11218"},{"taxonomy":"product_tag","embeddable":true,"href":"https:\/\/arak.spicehorse.eu\/sk\/wp-json\/wp\/v2\/product_tag?post=11218"}],"curies":[{"name":"wp","href":"https:\/\/api.w.org\/{rel}","templated":true}]}}