{"id":113845,"date":"2023-05-11T14:15:47","date_gmt":"2023-05-11T12:15:56","guid":{"rendered":"https:\/\/arak.spicehorse.eu\/?post_type=product&#038;p=113845"},"modified":"2023-07-21T08:25:54","modified_gmt":"2023-07-21T06:25:54","slug":"lemieux-competition-jazdecke-podkolienky-burgundy-2-ks","status":"publish","type":"product","link":"https:\/\/arak.spicehorse.eu\/sk\/produkt\/lemieux-competition-jazdecke-podkolienky-burgundy-2-ks\/","title":{"rendered":"LeMieux Competition jazdeck\u00e9 podkolienky Burgundy 2 ks"},"content":{"rendered":"<p>Nov\u00e9 \u013eahk\u00e9 close contact LeMieux jazdeck\u00e9 podkolienky. Podkolienky s\u00a0kompresn\u00fdm \u0161it\u00edm zabezpe\u010duj\u00fa dokonal\u00e9 prisp\u00f4sobenie sa pod \u010di\u017emami. Maxim\u00e1lne pohodln\u00e9, modern\u00fd dizajn, LeMieux kvalita.<\/p>\n<p>Mo\u017eno pra\u0165 v\u00a0pra\u010dke na 30\u00b0. Perte z\u00a0rubovej strany s\u00a0podobn\u00fdmi farbami. Nevkladajte do su\u0161i\u010dky.<\/p>\n","protected":false},"excerpt":{"rendered":"<ul>\n<li>M\u00e4kk\u00e1 vlnen\u00e1 \u010das\u0165 v\u00a0oblasti l\u00fdtok zabezpe\u010duje dokonal\u00e9 dr\u017eanie a stabilitu<\/li>\n<li>Extra pohodln\u00e9 na nosenie<\/li>\n<li>Tenk\u00e1 elastick\u00e1 horn\u00e1 \u010das\u0165 pre dokonal\u00e9 prisp\u00f4sobenie sa<\/li>\n<\/ul>\n","protected":false},"featured_media":140286,"template":"","meta":{"_acf_changed":false},"product_cat":[76,308,310],"product_tag":[2369,402,2035],"acf":[],"yoast_head":"<!-- This site is optimized with the Yoast SEO plugin v21.4 - https:\/\/yoast.com\/wordpress\/plugins\/seo\/ -->\n<title>LeMieux Competition jazdeck\u00e9 podkolienky Burgundy 2 ks - Spicehorse<\/title>\n<meta name=\"description\" content=\"spicehorse.eu | Nov\u00e9 \u013eahk\u00e9 close contact LeMieux jazdeck\u00e9 podkolienky. Podkolienky s\u00a0kompresn\u00fdm \u0161it\u00edm zabezpe\u010duj\u00fa dokonal\u00e9 prisp\u00f4sobenie sa pod \u010di\u017emami.\" \/>\n<meta name=\"robots\" content=\"index, follow, max-snippet:-1, max-image-preview:large, max-video-preview:-1\" \/>\n<link rel=\"canonical\" href=\"https:\/\/arak.spicehorse.eu\/termek\/lemieux-competition-lovaglozokni-burgundy-2-db\/\" \/>\n<meta property=\"og:locale\" content=\"sk_SK\" \/>\n<meta property=\"og:type\" content=\"article\" \/>\n<meta property=\"og:title\" content=\"LeMieux Competition jazdeck\u00e9 podkolienky Burgundy 2 ks - Spicehorse\" \/>\n<meta property=\"og:description\" content=\"spicehorse.eu | Nov\u00e9 \u013eahk\u00e9 close contact LeMieux jazdeck\u00e9 podkolienky. Podkolienky s\u00a0kompresn\u00fdm \u0161it\u00edm zabezpe\u010duj\u00fa dokonal\u00e9 prisp\u00f4sobenie sa pod \u010di\u017emami.\" \/>\n<meta property=\"og:url\" content=\"https:\/\/arak.spicehorse.eu\/termek\/lemieux-competition-lovaglozokni-burgundy-2-db\/\" \/>\n<meta property=\"og:site_name\" content=\"Spicehorse\" \/>\n<meta property=\"article:publisher\" content=\"https:\/\/www.facebook.com\/SPICEHORSE-550385625402457\/\" \/>\n<meta property=\"article:modified_time\" content=\"2023-07-21T06:25:54+00:00\" \/>\n<meta property=\"og:image\" content=\"https:\/\/arak.spicehorse.eu\/wp-content\/uploads\/2023\/05\/lm-competitionsocks-burgundy.jpeg\" \/>\n\t<meta property=\"og:image:width\" content=\"800\" \/>\n\t<meta property=\"og:image:height\" content=\"800\" \/>\n\t<meta property=\"og:image:type\" content=\"image\/jpeg\" \/>\n<meta name=\"twitter:card\" content=\"summary_large_image\" \/>\n<script type=\"application\/ld+json\" class=\"yoast-schema-graph\">{\"@context\":\"https:\/\/schema.org\",\"@graph\":[{\"@type\":\"WebPage\",\"@id\":\"https:\/\/arak.spicehorse.eu\/termek\/lemieux-competition-lovaglozokni-burgundy-2-db\/\",\"url\":\"https:\/\/arak.spicehorse.eu\/termek\/lemieux-competition-lovaglozokni-burgundy-2-db\/\",\"name\":\"LeMieux Competition jazdeck\u00e9 podkolienky Burgundy 2 ks - Spicehorse\",\"isPartOf\":{\"@id\":\"https:\/\/arak.spicehorse.eu\/en\/#website\"},\"datePublished\":\"2023-05-11T12:15:56+00:00\",\"dateModified\":\"2023-07-21T06:25:54+00:00\",\"description\":\"spicehorse.eu | Nov\u00e9 \u013eahk\u00e9 close contact LeMieux jazdeck\u00e9 podkolienky. Podkolienky s\u00a0kompresn\u00fdm \u0161it\u00edm zabezpe\u010duj\u00fa dokonal\u00e9 prisp\u00f4sobenie sa pod \u010di\u017emami.\",\"breadcrumb\":{\"@id\":\"https:\/\/arak.spicehorse.eu\/termek\/lemieux-competition-lovaglozokni-burgundy-2-db\/#breadcrumb\"},\"inLanguage\":\"sk-SK\",\"potentialAction\":[{\"@type\":\"ReadAction\",\"target\":[\"https:\/\/arak.spicehorse.eu\/termek\/lemieux-competition-lovaglozokni-burgundy-2-db\/\"]}]},{\"@type\":\"BreadcrumbList\",\"@id\":\"https:\/\/arak.spicehorse.eu\/termek\/lemieux-competition-lovaglozokni-burgundy-2-db\/#breadcrumb\",\"itemListElement\":[{\"@type\":\"ListItem\",\"position\":1,\"name\":\"Home\",\"item\":\"https:\/\/arak.spicehorse.eu\/sk\/\"},{\"@type\":\"ListItem\",\"position\":2,\"name\":\"Predaj\u0148a\",\"item\":\"https:\/\/arak.spicehorse.eu\/sk\/predajna\/\"},{\"@type\":\"ListItem\",\"position\":3,\"name\":\"LeMieux Competition jazdeck\u00e9 podkolienky Burgundy 2 ks\"}]},{\"@type\":\"WebSite\",\"@id\":\"https:\/\/arak.spicehorse.eu\/en\/#website\",\"url\":\"https:\/\/arak.spicehorse.eu\/en\/\",\"name\":\"Spicehorse\",\"description\":\"UNDER DEVELOPMENT -\",\"potentialAction\":[{\"@type\":\"SearchAction\",\"target\":{\"@type\":\"EntryPoint\",\"urlTemplate\":\"https:\/\/arak.spicehorse.eu\/en\/?s={search_term_string}\"},\"query-input\":\"required name=search_term_string\"}],\"inLanguage\":\"sk-SK\"}]}<\/script>\n<!-- \/ Yoast SEO plugin. -->","yoast_head_json":{"title":"LeMieux Competition jazdeck\u00e9 podkolienky Burgundy 2 ks - Spicehorse","description":"spicehorse.eu | Nov\u00e9 \u013eahk\u00e9 close contact LeMieux jazdeck\u00e9 podkolienky. Podkolienky s\u00a0kompresn\u00fdm \u0161it\u00edm zabezpe\u010duj\u00fa dokonal\u00e9 prisp\u00f4sobenie sa pod \u010di\u017emami.","robots":{"index":"index","follow":"follow","max-snippet":"max-snippet:-1","max-image-preview":"max-image-preview:large","max-video-preview":"max-video-preview:-1"},"canonical":"https:\/\/arak.spicehorse.eu\/termek\/lemieux-competition-lovaglozokni-burgundy-2-db\/","og_locale":"sk_SK","og_type":"article","og_title":"LeMieux Competition jazdeck\u00e9 podkolienky Burgundy 2 ks - Spicehorse","og_description":"spicehorse.eu | Nov\u00e9 \u013eahk\u00e9 close contact LeMieux jazdeck\u00e9 podkolienky. Podkolienky s\u00a0kompresn\u00fdm \u0161it\u00edm zabezpe\u010duj\u00fa dokonal\u00e9 prisp\u00f4sobenie sa pod \u010di\u017emami.","og_url":"https:\/\/arak.spicehorse.eu\/termek\/lemieux-competition-lovaglozokni-burgundy-2-db\/","og_site_name":"Spicehorse","article_publisher":"https:\/\/www.facebook.com\/SPICEHORSE-550385625402457\/","article_modified_time":"2023-07-21T06:25:54+00:00","og_image":[{"width":800,"height":800,"url":"https:\/\/arak.spicehorse.eu\/wp-content\/uploads\/2023\/05\/lm-competitionsocks-burgundy.jpeg","type":"image\/jpeg"}],"twitter_card":"summary_large_image","schema":{"@context":"https:\/\/schema.org","@graph":[{"@type":"WebPage","@id":"https:\/\/arak.spicehorse.eu\/termek\/lemieux-competition-lovaglozokni-burgundy-2-db\/","url":"https:\/\/arak.spicehorse.eu\/termek\/lemieux-competition-lovaglozokni-burgundy-2-db\/","name":"LeMieux Competition jazdeck\u00e9 podkolienky Burgundy 2 ks - Spicehorse","isPartOf":{"@id":"https:\/\/arak.spicehorse.eu\/en\/#website"},"datePublished":"2023-05-11T12:15:56+00:00","dateModified":"2023-07-21T06:25:54+00:00","description":"spicehorse.eu | Nov\u00e9 \u013eahk\u00e9 close contact LeMieux jazdeck\u00e9 podkolienky. Podkolienky s\u00a0kompresn\u00fdm \u0161it\u00edm zabezpe\u010duj\u00fa dokonal\u00e9 prisp\u00f4sobenie sa pod \u010di\u017emami.","breadcrumb":{"@id":"https:\/\/arak.spicehorse.eu\/termek\/lemieux-competition-lovaglozokni-burgundy-2-db\/#breadcrumb"},"inLanguage":"sk-SK","potentialAction":[{"@type":"ReadAction","target":["https:\/\/arak.spicehorse.eu\/termek\/lemieux-competition-lovaglozokni-burgundy-2-db\/"]}]},{"@type":"BreadcrumbList","@id":"https:\/\/arak.spicehorse.eu\/termek\/lemieux-competition-lovaglozokni-burgundy-2-db\/#breadcrumb","itemListElement":[{"@type":"ListItem","position":1,"name":"Home","item":"https:\/\/arak.spicehorse.eu\/sk\/"},{"@type":"ListItem","position":2,"name":"Predaj\u0148a","item":"https:\/\/arak.spicehorse.eu\/sk\/predajna\/"},{"@type":"ListItem","position":3,"name":"LeMieux Competition jazdeck\u00e9 podkolienky Burgundy 2 ks"}]},{"@type":"WebSite","@id":"https:\/\/arak.spicehorse.eu\/en\/#website","url":"https:\/\/arak.spicehorse.eu\/en\/","name":"Spicehorse","description":"UNDER DEVELOPMENT -","potentialAction":[{"@type":"SearchAction","target":{"@type":"EntryPoint","urlTemplate":"https:\/\/arak.spicehorse.eu\/en\/?s={search_term_string}"},"query-input":"required name=search_term_string"}],"inLanguage":"sk-SK"}]}},"_links":{"self":[{"href":"https:\/\/arak.spicehorse.eu\/sk\/wp-json\/wp\/v2\/product\/113845"}],"collection":[{"href":"https:\/\/arak.spicehorse.eu\/sk\/wp-json\/wp\/v2\/product"}],"about":[{"href":"https:\/\/arak.spicehorse.eu\/sk\/wp-json\/wp\/v2\/types\/product"}],"wp:featuredmedia":[{"embeddable":true,"href":"https:\/\/arak.spicehorse.eu\/sk\/wp-json\/wp\/v2\/media\/140286"}],"wp:attachment":[{"href":"https:\/\/arak.spicehorse.eu\/sk\/wp-json\/wp\/v2\/media?parent=113845"}],"wp:term":[{"taxonomy":"product_cat","embeddable":true,"href":"https:\/\/arak.spicehorse.eu\/sk\/wp-json\/wp\/v2\/product_cat?post=113845"},{"taxonomy":"product_tag","embeddable":true,"href":"https:\/\/arak.spicehorse.eu\/sk\/wp-json\/wp\/v2\/product_tag?post=113845"}],"curies":[{"name":"wp","href":"https:\/\/api.w.org\/{rel}","templated":true}]}}