{"id":11646,"date":"2020-04-21T08:11:50","date_gmt":"2020-04-21T06:11:51","guid":{"rendered":"https:\/\/arak.spicehorse.eu\/?post_type=product&#038;p=11646"},"modified":"2024-11-22T16:58:16","modified_gmt":"2024-11-22T15:58:16","slug":"kentucky-3d-spacer-chranice","status":"publish","type":"product","link":"https:\/\/arak.spicehorse.eu\/sk\/produkt\/kentucky-3d-spacer-chranice\/","title":{"rendered":"Kentucky 3D Spacer chr\u00e1ni\u010de"},"content":{"rendered":"<p>Kentucky Horsewear 3D Spacer chr\u00e1ni\u010de s\u00fa vyroben\u00e9 najnov\u0161ou a\u00a0najmodernej\u0161ou technol\u00f3giou. Kentucky 3D Spacer chr\u00e1ni\u010de sa skladaj\u00fa z\u00a0troch vrstiev, mimoriadne prievzdu\u0161n\u00e1 EVA pena pohlcuj\u00faca \u00fadery a\u00a0r\u00fdchlo schn\u00faca Quick Dry pod\u0161\u00edvka pre maxim\u00e1lne pohodlie. 3D Spicer chr\u00e1ni\u010de \u0161liach s\u00fa mimoriadne prievzdu\u0161n\u00e9 a\u00a0ultra \u013eahk\u00e9, \u00fadr\u017eba je nen\u00e1ro\u010dn\u00e1, rozpty\u013euje tlak a\u00a0pohlcuje \u00fadery. Anatomick\u00e9 tvarovanie, zap\u00ednaj\u00fa sa dvomi pevn\u00fdmi such\u00fdmi zipsami.\u00a0 Vynikaj\u00faca kvalita, maxim\u00e1lna ochrana, na ka\u017edodenn\u00e9 jazdenie alebo do v\u00fdbehu. Mo\u017eno pra\u0165 v\u00a0pr\u00e1\u010dke na 30\u00b0C, nevkladajte do su\u0161i\u010dky.<\/p>\n","protected":false},"excerpt":{"rendered":"<h3>Kentucky 3D Spacer chr\u00e1ni\u010de s\u00fa vyroben\u00e9 najmodernej\u0161ou technol\u00f3giou.<\/h3>\n<p><strong>Ve\u013ekos\u0165: Medium, Full<\/strong><br \/>\n<strong>Farba: \u010dierna, hned\u00e1<\/strong><\/p>\n<ul>\n<li>Ve\u013emi pevn\u00fd, vode odoln\u00fd Solimbra materi\u00e1l<\/li>\n<li>EVA vn\u00fatorn\u00e1 ochrana<\/li>\n<li>Na ka\u017edodenn\u00e9 pou\u017eitie<\/li>\n<li>Anatomick\u00e9 tvarovanie<\/li>\n<li>Dva pevn\u00e9 such\u00e9 zipsy<\/li>\n<li>Na 100% prievzdu\u0161n\u00fd<\/li>\n<li>Jednoduch\u00e1 \u00fadr\u017eba<\/li>\n<li>Rozpty\u013euje tlak<\/li>\n<\/ul>\n","protected":false},"featured_media":11651,"template":"","meta":{"_acf_changed":false},"product_cat":[75,104],"product_tag":[200,184],"acf":[],"yoast_head":"<!-- This site is optimized with the Yoast SEO plugin v21.4 - https:\/\/yoast.com\/wordpress\/plugins\/seo\/ -->\n<title>Kentucky 3D Spacer chr\u00e1ni\u010de - Spicehorse<\/title>\n<meta name=\"description\" content=\"spicehorse.eu | Kentucky Horsewear 3D Spacer chr\u00e1ni\u010de s\u00fa vyroben\u00e9 najmodernej\u0161ou technol\u00f3giou.\" \/>\n<meta name=\"robots\" content=\"index, follow, max-snippet:-1, max-image-preview:large, max-video-preview:-1\" \/>\n<link rel=\"canonical\" href=\"https:\/\/arak.spicehorse.eu\/termek\/kentucky-3d-spacer-invedo\/\" \/>\n<meta property=\"og:locale\" content=\"sk_SK\" \/>\n<meta property=\"og:type\" content=\"article\" \/>\n<meta property=\"og:title\" content=\"Kentucky 3D Spacer chr\u00e1ni\u010de - Spicehorse\" \/>\n<meta property=\"og:description\" content=\"spicehorse.eu | Kentucky Horsewear 3D Spacer chr\u00e1ni\u010de s\u00fa vyroben\u00e9 najmodernej\u0161ou technol\u00f3giou.\" \/>\n<meta property=\"og:url\" content=\"https:\/\/arak.spicehorse.eu\/termek\/kentucky-3d-spacer-invedo\/\" \/>\n<meta property=\"og:site_name\" content=\"Spicehorse\" \/>\n<meta property=\"article:publisher\" content=\"https:\/\/www.facebook.com\/SPICEHORSE-550385625402457\/\" \/>\n<meta property=\"article:modified_time\" content=\"2024-11-22T15:58:16+00:00\" \/>\n<meta property=\"og:image\" content=\"https:\/\/arak.spicehorse.eu\/wp-content\/uploads\/2020\/04\/42306-01-P.jpg\" \/>\n\t<meta property=\"og:image:width\" content=\"2048\" \/>\n\t<meta property=\"og:image:height\" content=\"2048\" \/>\n\t<meta property=\"og:image:type\" content=\"image\/jpeg\" \/>\n<meta name=\"twitter:card\" content=\"summary_large_image\" \/>\n<meta name=\"twitter:label1\" content=\"Predpokladan\u00fd \u010das \u010d\u00edtania\" \/>\n\t<meta name=\"twitter:data1\" content=\"1 min\u00fata\" \/>\n<script type=\"application\/ld+json\" class=\"yoast-schema-graph\">{\"@context\":\"https:\/\/schema.org\",\"@graph\":[{\"@type\":\"WebPage\",\"@id\":\"https:\/\/arak.spicehorse.eu\/termek\/kentucky-3d-spacer-invedo\/\",\"url\":\"https:\/\/arak.spicehorse.eu\/termek\/kentucky-3d-spacer-invedo\/\",\"name\":\"Kentucky 3D Spacer chr\u00e1ni\u010de - Spicehorse\",\"isPartOf\":{\"@id\":\"https:\/\/arak.spicehorse.eu\/en\/#website\"},\"datePublished\":\"2020-04-21T06:11:51+00:00\",\"dateModified\":\"2024-11-22T15:58:16+00:00\",\"description\":\"spicehorse.eu | Kentucky Horsewear 3D Spacer chr\u00e1ni\u010de s\u00fa vyroben\u00e9 najmodernej\u0161ou technol\u00f3giou.\",\"breadcrumb\":{\"@id\":\"https:\/\/arak.spicehorse.eu\/termek\/kentucky-3d-spacer-invedo\/#breadcrumb\"},\"inLanguage\":\"sk-SK\",\"potentialAction\":[{\"@type\":\"ReadAction\",\"target\":[\"https:\/\/arak.spicehorse.eu\/termek\/kentucky-3d-spacer-invedo\/\"]}]},{\"@type\":\"BreadcrumbList\",\"@id\":\"https:\/\/arak.spicehorse.eu\/termek\/kentucky-3d-spacer-invedo\/#breadcrumb\",\"itemListElement\":[{\"@type\":\"ListItem\",\"position\":1,\"name\":\"Home\",\"item\":\"https:\/\/arak.spicehorse.eu\/sk\/\"},{\"@type\":\"ListItem\",\"position\":2,\"name\":\"Predaj\u0148a\",\"item\":\"https:\/\/arak.spicehorse.eu\/sk\/predajna\/\"},{\"@type\":\"ListItem\",\"position\":3,\"name\":\"Kentucky 3D Spacer chr\u00e1ni\u010de\"}]},{\"@type\":\"WebSite\",\"@id\":\"https:\/\/arak.spicehorse.eu\/en\/#website\",\"url\":\"https:\/\/arak.spicehorse.eu\/en\/\",\"name\":\"Spicehorse\",\"description\":\"UNDER DEVELOPMENT -\",\"potentialAction\":[{\"@type\":\"SearchAction\",\"target\":{\"@type\":\"EntryPoint\",\"urlTemplate\":\"https:\/\/arak.spicehorse.eu\/en\/?s={search_term_string}\"},\"query-input\":\"required name=search_term_string\"}],\"inLanguage\":\"sk-SK\"}]}<\/script>\n<!-- \/ Yoast SEO plugin. -->","yoast_head_json":{"title":"Kentucky 3D Spacer chr\u00e1ni\u010de - Spicehorse","description":"spicehorse.eu | Kentucky Horsewear 3D Spacer chr\u00e1ni\u010de s\u00fa vyroben\u00e9 najmodernej\u0161ou technol\u00f3giou.","robots":{"index":"index","follow":"follow","max-snippet":"max-snippet:-1","max-image-preview":"max-image-preview:large","max-video-preview":"max-video-preview:-1"},"canonical":"https:\/\/arak.spicehorse.eu\/termek\/kentucky-3d-spacer-invedo\/","og_locale":"sk_SK","og_type":"article","og_title":"Kentucky 3D Spacer chr\u00e1ni\u010de - Spicehorse","og_description":"spicehorse.eu | Kentucky Horsewear 3D Spacer chr\u00e1ni\u010de s\u00fa vyroben\u00e9 najmodernej\u0161ou technol\u00f3giou.","og_url":"https:\/\/arak.spicehorse.eu\/termek\/kentucky-3d-spacer-invedo\/","og_site_name":"Spicehorse","article_publisher":"https:\/\/www.facebook.com\/SPICEHORSE-550385625402457\/","article_modified_time":"2024-11-22T15:58:16+00:00","og_image":[{"width":2048,"height":2048,"url":"https:\/\/arak.spicehorse.eu\/wp-content\/uploads\/2020\/04\/42306-01-P.jpg","type":"image\/jpeg"}],"twitter_card":"summary_large_image","twitter_misc":{"Predpokladan\u00fd \u010das \u010d\u00edtania":"1 min\u00fata"},"schema":{"@context":"https:\/\/schema.org","@graph":[{"@type":"WebPage","@id":"https:\/\/arak.spicehorse.eu\/termek\/kentucky-3d-spacer-invedo\/","url":"https:\/\/arak.spicehorse.eu\/termek\/kentucky-3d-spacer-invedo\/","name":"Kentucky 3D Spacer chr\u00e1ni\u010de - Spicehorse","isPartOf":{"@id":"https:\/\/arak.spicehorse.eu\/en\/#website"},"datePublished":"2020-04-21T06:11:51+00:00","dateModified":"2024-11-22T15:58:16+00:00","description":"spicehorse.eu | Kentucky Horsewear 3D Spacer chr\u00e1ni\u010de s\u00fa vyroben\u00e9 najmodernej\u0161ou technol\u00f3giou.","breadcrumb":{"@id":"https:\/\/arak.spicehorse.eu\/termek\/kentucky-3d-spacer-invedo\/#breadcrumb"},"inLanguage":"sk-SK","potentialAction":[{"@type":"ReadAction","target":["https:\/\/arak.spicehorse.eu\/termek\/kentucky-3d-spacer-invedo\/"]}]},{"@type":"BreadcrumbList","@id":"https:\/\/arak.spicehorse.eu\/termek\/kentucky-3d-spacer-invedo\/#breadcrumb","itemListElement":[{"@type":"ListItem","position":1,"name":"Home","item":"https:\/\/arak.spicehorse.eu\/sk\/"},{"@type":"ListItem","position":2,"name":"Predaj\u0148a","item":"https:\/\/arak.spicehorse.eu\/sk\/predajna\/"},{"@type":"ListItem","position":3,"name":"Kentucky 3D Spacer chr\u00e1ni\u010de"}]},{"@type":"WebSite","@id":"https:\/\/arak.spicehorse.eu\/en\/#website","url":"https:\/\/arak.spicehorse.eu\/en\/","name":"Spicehorse","description":"UNDER DEVELOPMENT -","potentialAction":[{"@type":"SearchAction","target":{"@type":"EntryPoint","urlTemplate":"https:\/\/arak.spicehorse.eu\/en\/?s={search_term_string}"},"query-input":"required name=search_term_string"}],"inLanguage":"sk-SK"}]}},"_links":{"self":[{"href":"https:\/\/arak.spicehorse.eu\/sk\/wp-json\/wp\/v2\/product\/11646"}],"collection":[{"href":"https:\/\/arak.spicehorse.eu\/sk\/wp-json\/wp\/v2\/product"}],"about":[{"href":"https:\/\/arak.spicehorse.eu\/sk\/wp-json\/wp\/v2\/types\/product"}],"wp:featuredmedia":[{"embeddable":true,"href":"https:\/\/arak.spicehorse.eu\/sk\/wp-json\/wp\/v2\/media\/11651"}],"wp:attachment":[{"href":"https:\/\/arak.spicehorse.eu\/sk\/wp-json\/wp\/v2\/media?parent=11646"}],"wp:term":[{"taxonomy":"product_cat","embeddable":true,"href":"https:\/\/arak.spicehorse.eu\/sk\/wp-json\/wp\/v2\/product_cat?post=11646"},{"taxonomy":"product_tag","embeddable":true,"href":"https:\/\/arak.spicehorse.eu\/sk\/wp-json\/wp\/v2\/product_tag?post=11646"}],"curies":[{"name":"wp","href":"https:\/\/api.w.org\/{rel}","templated":true}]}}