{"id":11688,"date":"2020-04-21T13:12:25","date_gmt":"2020-04-21T11:12:27","guid":{"rendered":"https:\/\/arak.spicehorse.eu\/?post_type=product&#038;p=11688"},"modified":"2024-11-22T16:53:10","modified_gmt":"2024-11-22T15:53:10","slug":"kentucky-3d-spacer-chranice-clenku","status":"publish","type":"product","link":"https:\/\/arak.spicehorse.eu\/sk\/produkt\/kentucky-3d-spacer-chranice-clenku\/","title":{"rendered":"Kentucky 3D Spacer chr\u00e1ni\u010de \u010dlenku"},"content":{"rendered":"<p>Kentucky Horsewear 3D Spacer s\u00fa kr\u00e1tke chr\u00e1ni\u010de \u010dlenkov, vyroben\u00e9 najmodernej\u0161ou a\u00a0najnov\u0161ou technol\u00f3giou. Kentucky 3D Spacer chr\u00e1ni\u010de pozost\u00e1vaj\u00fa z\u00a0troch vrstiev, s\u00fa mimoriadne prievzdu\u0161n\u00e9, v\u010faka EVA vn\u00fatornej ochrane pohlcuj\u00facej \u00fadery a\u00a0Quick Dry vn\u00fatornej v\u00fdplni s\u00fa maxim\u00e1lne pohodln\u00e9. 3D Spacer chr\u00e1ni\u010de \u010dlenkov s\u00fa extra prievzdu\u0161n\u00e9 a\u00a0mimoriadne \u013eahk\u00e9, nen\u00e1ro\u010dn\u00e9 na o\u0161etrovanie a \u00fadr\u017ebu, rozpty\u013euj\u00fa tlak a\u00a0pohlcuj\u00fa \u00fadery. Maj\u00fa anatomick\u00e9 tvarovanie, uzatv\u00e1raj\u00fa sa dvomi bezpe\u010dn\u00fdmi such\u00fdmi zipsami. Vynikaj\u00faca kvalita, maxim\u00e1lna ochrana pri ka\u017edodennom pou\u017e\u00edvan\u00ed na jazdenie alebo do v\u00fdbehu. Mo\u017eno ich pra\u0165 v\u00a0pr\u00e1\u010dke na 30\u00b0C, nevkladajte do su\u0161i\u010dky.<\/p>\n","protected":false},"excerpt":{"rendered":"<h3>Kentucky 3D Spacer chr\u00e1ni\u010de \u010dlenku s\u00fa vyroben\u00e9 tou najmodernej\u0161ou technol\u00f3giou.<\/h3>\n<p><strong>Farba: \u010dierna, hned\u00e1<\/strong><\/p>\n<ul>\n<li>Ve\u013emi pevn\u00fd, nepremokav\u00fd Solimbra materi\u00e1l<\/li>\n<li>EVA vn\u00fatorn\u00e1 ochrana<\/li>\n<li>Na ka\u017edodenn\u00e9 pou\u017eitie<\/li>\n<li>Anatomick\u00e9 tvarovanie<\/li>\n<li>Dva pevn\u00e9 such\u00e9 zipsy<\/li>\n<li>100% prievzdu\u0161nos\u0165<\/li>\n<li>Jednoduch\u00e9 o\u0161etrovanie<\/li>\n<li>Rozpty\u013euje tlak<\/li>\n<\/ul>\n","protected":false},"featured_media":11695,"template":"","meta":{"_acf_changed":false},"product_cat":[78,75,104],"product_tag":[203,184],"acf":[],"yoast_head":"<!-- This site is optimized with the Yoast SEO plugin v21.4 - https:\/\/yoast.com\/wordpress\/plugins\/seo\/ -->\n<title>Kentucky 3D Spacer chr\u00e1ni\u010de \u010dlenku - Spicehorse<\/title>\n<meta name=\"description\" content=\"spicehorse.eu | Kentucky Horsewear 3D Spacer chr\u00e1ni\u010de \u010dlenku s\u00fa vyroben\u00e9 tou najmodernej\u0161ou technol\u00f3giou.\" \/>\n<meta name=\"robots\" content=\"index, follow, max-snippet:-1, max-image-preview:large, max-video-preview:-1\" \/>\n<link rel=\"canonical\" href=\"https:\/\/arak.spicehorse.eu\/termek\/kentucky-3d-spacer-bokavedo\/\" \/>\n<meta property=\"og:locale\" content=\"sk_SK\" \/>\n<meta property=\"og:type\" content=\"article\" \/>\n<meta property=\"og:title\" content=\"Kentucky 3D Spacer chr\u00e1ni\u010de \u010dlenku - Spicehorse\" \/>\n<meta property=\"og:description\" content=\"spicehorse.eu | Kentucky Horsewear 3D Spacer chr\u00e1ni\u010de \u010dlenku s\u00fa vyroben\u00e9 tou najmodernej\u0161ou technol\u00f3giou.\" \/>\n<meta property=\"og:url\" content=\"https:\/\/arak.spicehorse.eu\/termek\/kentucky-3d-spacer-bokavedo\/\" \/>\n<meta property=\"og:site_name\" content=\"Spicehorse\" \/>\n<meta property=\"article:publisher\" content=\"https:\/\/www.facebook.com\/SPICEHORSE-550385625402457\/\" \/>\n<meta property=\"article:modified_time\" content=\"2024-11-22T15:53:10+00:00\" \/>\n<meta property=\"og:image\" content=\"https:\/\/arak.spicehorse.eu\/wp-content\/uploads\/2020\/04\/42307-01-P.jpg\" \/>\n\t<meta property=\"og:image:width\" content=\"2048\" \/>\n\t<meta property=\"og:image:height\" content=\"2048\" \/>\n\t<meta property=\"og:image:type\" content=\"image\/jpeg\" \/>\n<meta name=\"twitter:card\" content=\"summary_large_image\" \/>\n<meta name=\"twitter:label1\" content=\"Predpokladan\u00fd \u010das \u010d\u00edtania\" \/>\n\t<meta name=\"twitter:data1\" content=\"1 min\u00fata\" \/>\n<script type=\"application\/ld+json\" class=\"yoast-schema-graph\">{\"@context\":\"https:\/\/schema.org\",\"@graph\":[{\"@type\":\"WebPage\",\"@id\":\"https:\/\/arak.spicehorse.eu\/termek\/kentucky-3d-spacer-bokavedo\/\",\"url\":\"https:\/\/arak.spicehorse.eu\/termek\/kentucky-3d-spacer-bokavedo\/\",\"name\":\"Kentucky 3D Spacer chr\u00e1ni\u010de \u010dlenku - Spicehorse\",\"isPartOf\":{\"@id\":\"https:\/\/arak.spicehorse.eu\/en\/#website\"},\"datePublished\":\"2020-04-21T11:12:27+00:00\",\"dateModified\":\"2024-11-22T15:53:10+00:00\",\"description\":\"spicehorse.eu | Kentucky Horsewear 3D Spacer chr\u00e1ni\u010de \u010dlenku s\u00fa vyroben\u00e9 tou najmodernej\u0161ou technol\u00f3giou.\",\"breadcrumb\":{\"@id\":\"https:\/\/arak.spicehorse.eu\/termek\/kentucky-3d-spacer-bokavedo\/#breadcrumb\"},\"inLanguage\":\"sk-SK\",\"potentialAction\":[{\"@type\":\"ReadAction\",\"target\":[\"https:\/\/arak.spicehorse.eu\/termek\/kentucky-3d-spacer-bokavedo\/\"]}]},{\"@type\":\"BreadcrumbList\",\"@id\":\"https:\/\/arak.spicehorse.eu\/termek\/kentucky-3d-spacer-bokavedo\/#breadcrumb\",\"itemListElement\":[{\"@type\":\"ListItem\",\"position\":1,\"name\":\"Home\",\"item\":\"https:\/\/arak.spicehorse.eu\/sk\/\"},{\"@type\":\"ListItem\",\"position\":2,\"name\":\"Predaj\u0148a\",\"item\":\"https:\/\/arak.spicehorse.eu\/sk\/predajna\/\"},{\"@type\":\"ListItem\",\"position\":3,\"name\":\"Kentucky 3D Spacer chr\u00e1ni\u010de \u010dlenku\"}]},{\"@type\":\"WebSite\",\"@id\":\"https:\/\/arak.spicehorse.eu\/en\/#website\",\"url\":\"https:\/\/arak.spicehorse.eu\/en\/\",\"name\":\"Spicehorse\",\"description\":\"UNDER DEVELOPMENT -\",\"potentialAction\":[{\"@type\":\"SearchAction\",\"target\":{\"@type\":\"EntryPoint\",\"urlTemplate\":\"https:\/\/arak.spicehorse.eu\/en\/?s={search_term_string}\"},\"query-input\":\"required name=search_term_string\"}],\"inLanguage\":\"sk-SK\"}]}<\/script>\n<!-- \/ Yoast SEO plugin. -->","yoast_head_json":{"title":"Kentucky 3D Spacer chr\u00e1ni\u010de \u010dlenku - Spicehorse","description":"spicehorse.eu | Kentucky Horsewear 3D Spacer chr\u00e1ni\u010de \u010dlenku s\u00fa vyroben\u00e9 tou najmodernej\u0161ou technol\u00f3giou.","robots":{"index":"index","follow":"follow","max-snippet":"max-snippet:-1","max-image-preview":"max-image-preview:large","max-video-preview":"max-video-preview:-1"},"canonical":"https:\/\/arak.spicehorse.eu\/termek\/kentucky-3d-spacer-bokavedo\/","og_locale":"sk_SK","og_type":"article","og_title":"Kentucky 3D Spacer chr\u00e1ni\u010de \u010dlenku - Spicehorse","og_description":"spicehorse.eu | Kentucky Horsewear 3D Spacer chr\u00e1ni\u010de \u010dlenku s\u00fa vyroben\u00e9 tou najmodernej\u0161ou technol\u00f3giou.","og_url":"https:\/\/arak.spicehorse.eu\/termek\/kentucky-3d-spacer-bokavedo\/","og_site_name":"Spicehorse","article_publisher":"https:\/\/www.facebook.com\/SPICEHORSE-550385625402457\/","article_modified_time":"2024-11-22T15:53:10+00:00","og_image":[{"width":2048,"height":2048,"url":"https:\/\/arak.spicehorse.eu\/wp-content\/uploads\/2020\/04\/42307-01-P.jpg","type":"image\/jpeg"}],"twitter_card":"summary_large_image","twitter_misc":{"Predpokladan\u00fd \u010das \u010d\u00edtania":"1 min\u00fata"},"schema":{"@context":"https:\/\/schema.org","@graph":[{"@type":"WebPage","@id":"https:\/\/arak.spicehorse.eu\/termek\/kentucky-3d-spacer-bokavedo\/","url":"https:\/\/arak.spicehorse.eu\/termek\/kentucky-3d-spacer-bokavedo\/","name":"Kentucky 3D Spacer chr\u00e1ni\u010de \u010dlenku - Spicehorse","isPartOf":{"@id":"https:\/\/arak.spicehorse.eu\/en\/#website"},"datePublished":"2020-04-21T11:12:27+00:00","dateModified":"2024-11-22T15:53:10+00:00","description":"spicehorse.eu | Kentucky Horsewear 3D Spacer chr\u00e1ni\u010de \u010dlenku s\u00fa vyroben\u00e9 tou najmodernej\u0161ou technol\u00f3giou.","breadcrumb":{"@id":"https:\/\/arak.spicehorse.eu\/termek\/kentucky-3d-spacer-bokavedo\/#breadcrumb"},"inLanguage":"sk-SK","potentialAction":[{"@type":"ReadAction","target":["https:\/\/arak.spicehorse.eu\/termek\/kentucky-3d-spacer-bokavedo\/"]}]},{"@type":"BreadcrumbList","@id":"https:\/\/arak.spicehorse.eu\/termek\/kentucky-3d-spacer-bokavedo\/#breadcrumb","itemListElement":[{"@type":"ListItem","position":1,"name":"Home","item":"https:\/\/arak.spicehorse.eu\/sk\/"},{"@type":"ListItem","position":2,"name":"Predaj\u0148a","item":"https:\/\/arak.spicehorse.eu\/sk\/predajna\/"},{"@type":"ListItem","position":3,"name":"Kentucky 3D Spacer chr\u00e1ni\u010de \u010dlenku"}]},{"@type":"WebSite","@id":"https:\/\/arak.spicehorse.eu\/en\/#website","url":"https:\/\/arak.spicehorse.eu\/en\/","name":"Spicehorse","description":"UNDER DEVELOPMENT -","potentialAction":[{"@type":"SearchAction","target":{"@type":"EntryPoint","urlTemplate":"https:\/\/arak.spicehorse.eu\/en\/?s={search_term_string}"},"query-input":"required name=search_term_string"}],"inLanguage":"sk-SK"}]}},"_links":{"self":[{"href":"https:\/\/arak.spicehorse.eu\/sk\/wp-json\/wp\/v2\/product\/11688"}],"collection":[{"href":"https:\/\/arak.spicehorse.eu\/sk\/wp-json\/wp\/v2\/product"}],"about":[{"href":"https:\/\/arak.spicehorse.eu\/sk\/wp-json\/wp\/v2\/types\/product"}],"wp:featuredmedia":[{"embeddable":true,"href":"https:\/\/arak.spicehorse.eu\/sk\/wp-json\/wp\/v2\/media\/11695"}],"wp:attachment":[{"href":"https:\/\/arak.spicehorse.eu\/sk\/wp-json\/wp\/v2\/media?parent=11688"}],"wp:term":[{"taxonomy":"product_cat","embeddable":true,"href":"https:\/\/arak.spicehorse.eu\/sk\/wp-json\/wp\/v2\/product_cat?post=11688"},{"taxonomy":"product_tag","embeddable":true,"href":"https:\/\/arak.spicehorse.eu\/sk\/wp-json\/wp\/v2\/product_tag?post=11688"}],"curies":[{"name":"wp","href":"https:\/\/api.w.org\/{rel}","templated":true}]}}