{"id":116945,"date":"2023-05-16T19:14:50","date_gmt":"2023-05-16T17:14:58","guid":{"rendered":"https:\/\/arak.spicehorse.eu\/?post_type=product&#038;p=116945"},"modified":"2025-06-18T14:12:48","modified_gmt":"2025-06-18T12:12:48","slug":"ps-of-sweden-uzdecka-hackamore","status":"publish","type":"product","link":"https:\/\/arak.spicehorse.eu\/sk\/produkt\/ps-of-sweden-uzdecka-hackamore\/","title":{"rendered":"PS of Sweden uzde\u010dka Hackamore"},"content":{"rendered":"<p>PS of Sweden Hackamore uzde\u010dku nemus\u00edme predstavova\u0165. Nov\u00e1 uzde\u010dka PSOS Hackamore je \u010fal\u0161\u00edm v\u00fdvojom p\u00f4vodn\u00e9ho dizajnu, ide o\u00a0nov\u00fa sofistikovan\u00fa verziu s\u00a0mnoh\u00fdmi anatomick\u00fdmi charakteristikami. Je dokonala pre t\u00fdch, ktor\u00ed rad\u0161ej jazdia bez zubadla a\u00a0sna\u017eia sa zabezpe\u010di\u0165 pre kone tie najlep\u0161ie podmienky pre maxim\u00e1lny v\u00fdkon.<\/p>\n<p><strong>N\u00e1nosn\u00edk<\/strong><\/p>\n<p>Anatomicky tvarovan\u00fd, maxim\u00e1lne pru\u017en\u00fd a\u00a0extra \u0161irok\u00fd n\u00e1nosn\u00edk pom\u00e1ha rovnomerne rozpty\u013eova\u0165 tlak na nose. Je jemne polstrovan\u00fd, \u010d\u00edm zabra\u0148uje vy\u0161\u00fachaniu. N\u00e1nosn\u00edk sa nastavuje na vrchu aj na spodku, po\u013eahky ho mo\u017eno nastavi\u0165 na potrebn\u00fa ve\u013ekos\u0165 pod\u013ea n\u00e1rokov ko\u0148a.\u00a0 D\u013a\u017eka l\u00edcnice je 16 cm, na boku grav\u00edrovan\u00e9 PS logo.<\/p>\n<p><strong>N\u00e1tyln\u00edk<\/strong><\/p>\n<p>Tylo ko\u0148a v\u00a0\u010dasti za u\u0161ami je mimoriadne citliv\u00e9, nach\u00e1dza tu mno\u017estvo nervov\u00fdch vl\u00e1kien a\u00a0\u0161liach. Pre zn\u00ed\u017eenie tlaku uzde\u010dky je n\u00e1tyln\u00edk ve\u013emi m\u00e4kko polstrovan\u00fd a\u00a0\u0161irok\u00fd, rovnomerne rozpty\u013euje tlak. V\u010faka vykrojeniu okolo u\u0161\u00ed sa m\u00f4\u017eu u\u0161i prirodzene pohybova\u0165 \u2013 toto v\u0161etko v\u00a0z\u00e1ujme maxim\u00e1lneho pohodlia.<\/p>\n<p><strong>L\u00edcnice<\/strong><\/p>\n<p>L\u00edcnice s\u00fa nastavite\u013en\u00e9, zabra\u0148uj\u00fa, aby sa nezo\u0161mykovali pr\u00edli\u0161 bl\u00edzko o\u010d\u00ed. Hackamore dokonale zapad\u00e1, pri\u010dom dod\u00e1va elegantn\u00fd a\u00a0\u0161t\u00fdlov\u00fd dizajn.<\/p>\n<p><strong>\u010celenka<\/strong><\/p>\n<p>\u010celenka v\u00a0tvare U\u00a0rovnomerne rozpty\u013euje tlak vyv\u00edjan\u00fd na \u010delo a\u00a0o\u010dn\u00e9 dutiny ko\u0148a. Vo vn\u00fatri s\u00a0gumen\u00fdm po\u0165ahom, v\u010faka stopke na n\u00e1tyln\u00edku sa nezo\u0161mykuje. S\u00a0patentovan\u00fdm \u00a0Click-it\u2122 dizajnom, preto \u010delenku mo\u017eno meni\u0165 aj vtedy, ak je u\u017e uzde\u010dka umiestnen\u00e1 na hlavu ko\u0148a.<\/p>\n<p>&nbsp;<\/p>\n<p><strong>Pozn\u00e1mka:<\/strong><\/p>\n<ul>\n<li>Kri\u0161t\u00e1\u013eov\u00fa \u010delenku mo\u017eno k\u00fapi\u0165 osobitne<\/li>\n<li>Bez podhrdeln\u00edka<\/li>\n<li>Dar\u010dek PS dr\u017eiak uzde\u010dky<\/li>\n<\/ul>\n<p>Ru\u010dne vyroben\u00e1 ekologick\u00e1, z\u00a0veg\u00e1nskej rastlinnej u\u0161ne. Pred prv\u00fdm pou\u017eit\u00edm pou\u017eite olej alebo balzam na o\u0161etrenie. Odpor\u00fa\u010da sa pravideln\u00e9 o\u0161etrovanie, po ka\u017edom pou\u017eit\u00ed o\u010distite pr\u00edpravkom na \u010distenie ko\u017ee.<\/p>\n<p><em>V\u00a0pr\u00edpade ak\u00fdchko\u013evek ot\u00e1zok t\u00fdkaj\u00facich sa v\u00fdrobku, alebo ak potrebujete pomoc pri v\u00fdbere vhodnej ve\u013ekosti, resp. ak by ste sa radi bli\u017e\u0161ie obozn\u00e1mili s\u00a0mechanizmom p\u00f4sobenia PS of Sweden anatomick\u00fdch uzde\u010diek, nev\u00e1hajte n\u00e1s kontaktova\u0165, na\u0161i spolupracovn\u00edci V\u00e1m s\u00a0rados\u0165ou pom\u00f4\u017eu pri v\u00fdbere dokonalej uzde\u010dky!<\/em><\/p>\n","protected":false},"excerpt":{"rendered":"<p>Odpor\u00fa\u010da sa pre kone, ktor\u00e9:<\/p>\n<ul>\n<li>Odmietaj\u00fa klasick\u00e9 zubadlo<\/li>\n<li>Ve\u013emi \u013eahko sa stan\u00fa siln\u00fdmi<\/li>\n<li>Dobre reaguj\u00fa na tlak vyv\u00edjan\u00fd na nos<\/li>\n<li>Maj\u00fa stomatologick\u00e9 alebo in\u00e9 probl\u00e9my \u00fastnej dutiny<\/li>\n<\/ul>\n<p>\u0160peci\u00e1lne vlastnosti:<\/p>\n<ul>\n<li>Obch\u00e1dza tlakov\u00e9 body<\/li>\n<li>N\u00e1dhern\u00e9 tvarovanie<\/li>\n<li>Nech\u00e1va vo\u013en\u00e9 citliv\u00e9 nervov\u00e9 zakon\u010denia<\/li>\n<li>Z\u00a0plochej talianskej rastlinnej u\u0161ne<\/li>\n<\/ul>\n","protected":false},"featured_media":116956,"template":"","meta":{"_acf_changed":false},"product_cat":[78,75,511],"product_tag":[517,529],"acf":[],"yoast_head":"<!-- This site is optimized with the Yoast SEO plugin v21.4 - https:\/\/yoast.com\/wordpress\/plugins\/seo\/ -->\n<title>PS of Sweden uzde\u010dka Hackamore - Spicehorse<\/title>\n<meta name=\"description\" content=\"spicehorse.eu | PS of Sweden Hackamore uzde\u010dku nemus\u00edme predstavova\u0165. Nov\u00e1 uzde\u010dka PSOS Hackamore je \u010fal\u0161\u00edm v\u00fdvojom p\u00f4vodn\u00e9ho dizajnu, ide o\u00a0nov\u00fa sofistikovan\u00fa verziu s\u00a0mnoh\u00fdmi anatomick\u00fdmi charakteristikami.\" \/>\n<meta name=\"robots\" content=\"index, follow, max-snippet:-1, max-image-preview:large, max-video-preview:-1\" \/>\n<link rel=\"canonical\" href=\"https:\/\/arak.spicehorse.eu\/sk\/produkt\/ps-of-sweden-uzdecka-hackamore\/\" \/>\n<meta property=\"og:locale\" content=\"sk_SK\" \/>\n<meta property=\"og:type\" content=\"article\" \/>\n<meta property=\"og:title\" content=\"PS of Sweden uzde\u010dka Hackamore - Spicehorse\" \/>\n<meta property=\"og:description\" content=\"spicehorse.eu | PS of Sweden Hackamore uzde\u010dku nemus\u00edme predstavova\u0165. Nov\u00e1 uzde\u010dka PSOS Hackamore je \u010fal\u0161\u00edm v\u00fdvojom p\u00f4vodn\u00e9ho dizajnu, ide o\u00a0nov\u00fa sofistikovan\u00fa verziu s\u00a0mnoh\u00fdmi anatomick\u00fdmi charakteristikami.\" \/>\n<meta property=\"og:url\" content=\"https:\/\/arak.spicehorse.eu\/sk\/produkt\/ps-of-sweden-uzdecka-hackamore\/\" \/>\n<meta property=\"og:site_name\" content=\"Spicehorse\" \/>\n<meta property=\"article:publisher\" content=\"https:\/\/www.facebook.com\/SPICEHORSE-550385625402457\/\" \/>\n<meta property=\"article:modified_time\" content=\"2025-06-18T12:12:48+00:00\" \/>\n<meta property=\"og:image\" content=\"https:\/\/arak.spicehorse.eu\/wp-content\/uploads\/2023\/05\/DSC_9612-scaled.jpg\" \/>\n\t<meta property=\"og:image:width\" content=\"1703\" \/>\n\t<meta property=\"og:image:height\" content=\"2560\" \/>\n\t<meta property=\"og:image:type\" content=\"image\/jpeg\" \/>\n<meta name=\"twitter:card\" content=\"summary_large_image\" \/>\n<meta name=\"twitter:label1\" content=\"Predpokladan\u00fd \u010das \u010d\u00edtania\" \/>\n\t<meta name=\"twitter:data1\" content=\"2 min\u00faty\" \/>\n<script type=\"application\/ld+json\" class=\"yoast-schema-graph\">{\"@context\":\"https:\/\/schema.org\",\"@graph\":[{\"@type\":\"WebPage\",\"@id\":\"https:\/\/arak.spicehorse.eu\/sk\/produkt\/ps-of-sweden-uzdecka-hackamore\/\",\"url\":\"https:\/\/arak.spicehorse.eu\/sk\/produkt\/ps-of-sweden-uzdecka-hackamore\/\",\"name\":\"PS of Sweden uzde\u010dka Hackamore - Spicehorse\",\"isPartOf\":{\"@id\":\"https:\/\/arak.spicehorse.eu\/en\/#website\"},\"datePublished\":\"2023-05-16T17:14:58+00:00\",\"dateModified\":\"2025-06-18T12:12:48+00:00\",\"description\":\"spicehorse.eu | PS of Sweden Hackamore uzde\u010dku nemus\u00edme predstavova\u0165. Nov\u00e1 uzde\u010dka PSOS Hackamore je \u010fal\u0161\u00edm v\u00fdvojom p\u00f4vodn\u00e9ho dizajnu, ide o\u00a0nov\u00fa sofistikovan\u00fa verziu s\u00a0mnoh\u00fdmi anatomick\u00fdmi charakteristikami.\",\"breadcrumb\":{\"@id\":\"https:\/\/arak.spicehorse.eu\/sk\/produkt\/ps-of-sweden-uzdecka-hackamore\/#breadcrumb\"},\"inLanguage\":\"sk-SK\",\"potentialAction\":[{\"@type\":\"ReadAction\",\"target\":[\"https:\/\/arak.spicehorse.eu\/sk\/produkt\/ps-of-sweden-uzdecka-hackamore\/\"]}]},{\"@type\":\"BreadcrumbList\",\"@id\":\"https:\/\/arak.spicehorse.eu\/sk\/produkt\/ps-of-sweden-uzdecka-hackamore\/#breadcrumb\",\"itemListElement\":[{\"@type\":\"ListItem\",\"position\":1,\"name\":\"Home\",\"item\":\"https:\/\/arak.spicehorse.eu\/sk\/\"},{\"@type\":\"ListItem\",\"position\":2,\"name\":\"Predaj\u0148a\",\"item\":\"https:\/\/arak.spicehorse.eu\/sk\/predajna\/\"},{\"@type\":\"ListItem\",\"position\":3,\"name\":\"PS of Sweden uzde\u010dka Hackamore\"}]},{\"@type\":\"WebSite\",\"@id\":\"https:\/\/arak.spicehorse.eu\/en\/#website\",\"url\":\"https:\/\/arak.spicehorse.eu\/en\/\",\"name\":\"Spicehorse\",\"description\":\"UNDER DEVELOPMENT -\",\"potentialAction\":[{\"@type\":\"SearchAction\",\"target\":{\"@type\":\"EntryPoint\",\"urlTemplate\":\"https:\/\/arak.spicehorse.eu\/en\/?s={search_term_string}\"},\"query-input\":\"required name=search_term_string\"}],\"inLanguage\":\"sk-SK\"}]}<\/script>\n<!-- \/ Yoast SEO plugin. -->","yoast_head_json":{"title":"PS of Sweden uzde\u010dka Hackamore - Spicehorse","description":"spicehorse.eu | PS of Sweden Hackamore uzde\u010dku nemus\u00edme predstavova\u0165. Nov\u00e1 uzde\u010dka PSOS Hackamore je \u010fal\u0161\u00edm v\u00fdvojom p\u00f4vodn\u00e9ho dizajnu, ide o\u00a0nov\u00fa sofistikovan\u00fa verziu s\u00a0mnoh\u00fdmi anatomick\u00fdmi charakteristikami.","robots":{"index":"index","follow":"follow","max-snippet":"max-snippet:-1","max-image-preview":"max-image-preview:large","max-video-preview":"max-video-preview:-1"},"canonical":"https:\/\/arak.spicehorse.eu\/sk\/produkt\/ps-of-sweden-uzdecka-hackamore\/","og_locale":"sk_SK","og_type":"article","og_title":"PS of Sweden uzde\u010dka Hackamore - Spicehorse","og_description":"spicehorse.eu | PS of Sweden Hackamore uzde\u010dku nemus\u00edme predstavova\u0165. Nov\u00e1 uzde\u010dka PSOS Hackamore je \u010fal\u0161\u00edm v\u00fdvojom p\u00f4vodn\u00e9ho dizajnu, ide o\u00a0nov\u00fa sofistikovan\u00fa verziu s\u00a0mnoh\u00fdmi anatomick\u00fdmi charakteristikami.","og_url":"https:\/\/arak.spicehorse.eu\/sk\/produkt\/ps-of-sweden-uzdecka-hackamore\/","og_site_name":"Spicehorse","article_publisher":"https:\/\/www.facebook.com\/SPICEHORSE-550385625402457\/","article_modified_time":"2025-06-18T12:12:48+00:00","og_image":[{"width":1703,"height":2560,"url":"https:\/\/arak.spicehorse.eu\/wp-content\/uploads\/2023\/05\/DSC_9612-scaled.jpg","type":"image\/jpeg"}],"twitter_card":"summary_large_image","twitter_misc":{"Predpokladan\u00fd \u010das \u010d\u00edtania":"2 min\u00faty"},"schema":{"@context":"https:\/\/schema.org","@graph":[{"@type":"WebPage","@id":"https:\/\/arak.spicehorse.eu\/sk\/produkt\/ps-of-sweden-uzdecka-hackamore\/","url":"https:\/\/arak.spicehorse.eu\/sk\/produkt\/ps-of-sweden-uzdecka-hackamore\/","name":"PS of Sweden uzde\u010dka Hackamore - Spicehorse","isPartOf":{"@id":"https:\/\/arak.spicehorse.eu\/en\/#website"},"datePublished":"2023-05-16T17:14:58+00:00","dateModified":"2025-06-18T12:12:48+00:00","description":"spicehorse.eu | PS of Sweden Hackamore uzde\u010dku nemus\u00edme predstavova\u0165. Nov\u00e1 uzde\u010dka PSOS Hackamore je \u010fal\u0161\u00edm v\u00fdvojom p\u00f4vodn\u00e9ho dizajnu, ide o\u00a0nov\u00fa sofistikovan\u00fa verziu s\u00a0mnoh\u00fdmi anatomick\u00fdmi charakteristikami.","breadcrumb":{"@id":"https:\/\/arak.spicehorse.eu\/sk\/produkt\/ps-of-sweden-uzdecka-hackamore\/#breadcrumb"},"inLanguage":"sk-SK","potentialAction":[{"@type":"ReadAction","target":["https:\/\/arak.spicehorse.eu\/sk\/produkt\/ps-of-sweden-uzdecka-hackamore\/"]}]},{"@type":"BreadcrumbList","@id":"https:\/\/arak.spicehorse.eu\/sk\/produkt\/ps-of-sweden-uzdecka-hackamore\/#breadcrumb","itemListElement":[{"@type":"ListItem","position":1,"name":"Home","item":"https:\/\/arak.spicehorse.eu\/sk\/"},{"@type":"ListItem","position":2,"name":"Predaj\u0148a","item":"https:\/\/arak.spicehorse.eu\/sk\/predajna\/"},{"@type":"ListItem","position":3,"name":"PS of Sweden uzde\u010dka Hackamore"}]},{"@type":"WebSite","@id":"https:\/\/arak.spicehorse.eu\/en\/#website","url":"https:\/\/arak.spicehorse.eu\/en\/","name":"Spicehorse","description":"UNDER DEVELOPMENT -","potentialAction":[{"@type":"SearchAction","target":{"@type":"EntryPoint","urlTemplate":"https:\/\/arak.spicehorse.eu\/en\/?s={search_term_string}"},"query-input":"required name=search_term_string"}],"inLanguage":"sk-SK"}]}},"_links":{"self":[{"href":"https:\/\/arak.spicehorse.eu\/sk\/wp-json\/wp\/v2\/product\/116945"}],"collection":[{"href":"https:\/\/arak.spicehorse.eu\/sk\/wp-json\/wp\/v2\/product"}],"about":[{"href":"https:\/\/arak.spicehorse.eu\/sk\/wp-json\/wp\/v2\/types\/product"}],"wp:featuredmedia":[{"embeddable":true,"href":"https:\/\/arak.spicehorse.eu\/sk\/wp-json\/wp\/v2\/media\/116956"}],"wp:attachment":[{"href":"https:\/\/arak.spicehorse.eu\/sk\/wp-json\/wp\/v2\/media?parent=116945"}],"wp:term":[{"taxonomy":"product_cat","embeddable":true,"href":"https:\/\/arak.spicehorse.eu\/sk\/wp-json\/wp\/v2\/product_cat?post=116945"},{"taxonomy":"product_tag","embeddable":true,"href":"https:\/\/arak.spicehorse.eu\/sk\/wp-json\/wp\/v2\/product_tag?post=116945"}],"curies":[{"name":"wp","href":"https:\/\/api.w.org\/{rel}","templated":true}]}}