{"id":11735,"date":"2020-04-21T15:52:45","date_gmt":"2020-04-21T13:52:46","guid":{"rendered":"https:\/\/arak.spicehorse.eu\/?post_type=product&#038;p=11735"},"modified":"2023-11-23T11:37:06","modified_gmt":"2023-11-23T10:37:06","slug":"kentucky-solimbra-chranice-clenku","status":"publish","type":"product","link":"https:\/\/arak.spicehorse.eu\/sk\/produkt\/kentucky-solimbra-chranice-clenku\/","title":{"rendered":"Kentucky Solimbra chr\u00e1ni\u010de \u010dlenku"},"content":{"rendered":"<p>Kentucky Horsewear\u00a0Solimbra chr\u00e1ni\u010de \u010dlenkov s\u00fa z\u00a0pevn\u00e9ho odoln\u00e9ho a\u00a0na 100% nepremokav\u00e9ho\u00a0Solimbra materi\u00e1lu s\u00a0jemnou\u00a0pod\u0161\u00edvkou z umel\u00e9ho baran\u010deka\u00a0a\u00a0s\u00a0EVA vn\u00fatornou ochranou. Vynikaj\u00faca kvalita, vysok\u00e1 ochrana, na ka\u017edodenn\u00e9 pou\u017eitie za dostupn\u00e9 ceny. Anatomick\u00e9 tvarovanie, dva pevn\u00e9 a\u00a0bezpe\u010dn\u00e9 such\u00e9 zipsy. Na 100% prievzdu\u0161n\u00fd materi\u00e1l, \u013eahko sa o\u0161etruj\u00fa (mo\u017eno ich pra\u0165 v\u00a0pr\u00e1\u010dke na 30\u00b0C, nevkladajte do su\u0161i\u010dky). S\u00fa ide\u00e1lnou vo\u013ebou pre v\u0161etky oblasti a\u00a0\u00farovne jazdectva. Chr\u00e1ni\u010de mo\u017eno pou\u017e\u00edva\u0165 okrem in\u00e9ho na tr\u00e9ning kon\u00ed, na vodenie, do koloto\u010da, na lon\u017eovanie, do ter\u00e9nu a\u00a0pod.\u00a0S\u00fa vhodn\u00e9 pre v\u0161etky kone, aj pre mlad\u00e9 kone.<\/p>\n","protected":false},"excerpt":{"rendered":"<p><strong>Ve\u013ekos\u0165: Full<\/strong><br \/>\n<strong>Farba: \u010dierna, hned\u00e1<\/strong><\/p>\n<ul>\n<li>Ve\u013emi pevn\u00fd, nepremokav\u00fd Solimbra materi\u00e1l<\/li>\n<li>Vn\u00fatorn\u00e1 \u010das\u0165 z\u00a0umel\u00e9ho baran\u010deka<\/li>\n<li>100% prievzdu\u0161nos\u0165<\/li>\n<li>EVA vn\u00fatorn\u00e1 ochrana<\/li>\n<li>Na ka\u017edodenn\u00e9 pou\u017eitie aj pre mlad\u00e9 kone<\/li>\n<li>Dva pevn\u00e9 such\u00e9 zipsy<\/li>\n<li>Ide\u00e1lne aj pre kone s\u00a0citlivou poko\u017ekou<\/li>\n<\/ul>\n","protected":false},"featured_media":11740,"template":"","meta":{"_acf_changed":false},"product_cat":[75,104],"product_tag":[203,184,186],"acf":[],"yoast_head":"<!-- This site is optimized with the Yoast SEO plugin v21.4 - https:\/\/yoast.com\/wordpress\/plugins\/seo\/ -->\n<title>Kentucky Solimbra chr\u00e1ni\u010de \u010dlenku - Spicehorse<\/title>\n<meta name=\"description\" content=\"spicehorse.eu | Kentucky Horsewear\u00a0Solimbra gama\u0161e s\u00fa z\u00a0pevn\u00e9ho odoln\u00e9ho a\u00a0na 100% nepremokav\u00e9ho Solimbra materi\u00e1lu s\u00a0jemnou pod\u0161\u00edvkou z umel\u00e9ho baran\u010deka a\u00a0s\u00a0EVA vn\u00fatornou ochranou.\" \/>\n<meta name=\"robots\" content=\"index, follow, max-snippet:-1, max-image-preview:large, max-video-preview:-1\" \/>\n<link rel=\"canonical\" href=\"https:\/\/arak.spicehorse.eu\/sk\/produkt\/kentucky-solimbra-chranice-clenku\/\" \/>\n<meta property=\"og:locale\" content=\"sk_SK\" \/>\n<meta property=\"og:type\" content=\"article\" \/>\n<meta property=\"og:title\" content=\"Kentucky Solimbra chr\u00e1ni\u010de \u010dlenku - Spicehorse\" \/>\n<meta property=\"og:description\" content=\"spicehorse.eu | Kentucky Horsewear\u00a0Solimbra gama\u0161e s\u00fa z\u00a0pevn\u00e9ho odoln\u00e9ho a\u00a0na 100% nepremokav\u00e9ho Solimbra materi\u00e1lu s\u00a0jemnou pod\u0161\u00edvkou z umel\u00e9ho baran\u010deka a\u00a0s\u00a0EVA vn\u00fatornou ochranou.\" \/>\n<meta property=\"og:url\" content=\"https:\/\/arak.spicehorse.eu\/sk\/produkt\/kentucky-solimbra-chranice-clenku\/\" \/>\n<meta property=\"og:site_name\" content=\"Spicehorse\" \/>\n<meta property=\"article:publisher\" content=\"https:\/\/www.facebook.com\/SPICEHORSE-550385625402457\/\" \/>\n<meta property=\"article:modified_time\" content=\"2023-11-23T10:37:06+00:00\" \/>\n<meta property=\"og:image\" content=\"https:\/\/arak.spicehorse.eu\/wp-content\/uploads\/2020\/04\/42308-01-P.jpg\" \/>\n\t<meta property=\"og:image:width\" content=\"2048\" \/>\n\t<meta property=\"og:image:height\" content=\"2048\" \/>\n\t<meta property=\"og:image:type\" content=\"image\/jpeg\" \/>\n<meta name=\"twitter:card\" content=\"summary_large_image\" \/>\n<meta name=\"twitter:label1\" content=\"Predpokladan\u00fd \u010das \u010d\u00edtania\" \/>\n\t<meta name=\"twitter:data1\" content=\"1 min\u00fata\" \/>\n<script type=\"application\/ld+json\" class=\"yoast-schema-graph\">{\"@context\":\"https:\/\/schema.org\",\"@graph\":[{\"@type\":\"WebPage\",\"@id\":\"https:\/\/arak.spicehorse.eu\/sk\/produkt\/kentucky-solimbra-chranice-clenku\/\",\"url\":\"https:\/\/arak.spicehorse.eu\/sk\/produkt\/kentucky-solimbra-chranice-clenku\/\",\"name\":\"Kentucky Solimbra chr\u00e1ni\u010de \u010dlenku - Spicehorse\",\"isPartOf\":{\"@id\":\"https:\/\/arak.spicehorse.eu\/en\/#website\"},\"datePublished\":\"2020-04-21T13:52:46+00:00\",\"dateModified\":\"2023-11-23T10:37:06+00:00\",\"description\":\"spicehorse.eu | Kentucky Horsewear\u00a0Solimbra gama\u0161e s\u00fa z\u00a0pevn\u00e9ho odoln\u00e9ho a\u00a0na 100% nepremokav\u00e9ho Solimbra materi\u00e1lu s\u00a0jemnou pod\u0161\u00edvkou z umel\u00e9ho baran\u010deka a\u00a0s\u00a0EVA vn\u00fatornou ochranou.\",\"breadcrumb\":{\"@id\":\"https:\/\/arak.spicehorse.eu\/sk\/produkt\/kentucky-solimbra-chranice-clenku\/#breadcrumb\"},\"inLanguage\":\"sk-SK\",\"potentialAction\":[{\"@type\":\"ReadAction\",\"target\":[\"https:\/\/arak.spicehorse.eu\/sk\/produkt\/kentucky-solimbra-chranice-clenku\/\"]}]},{\"@type\":\"BreadcrumbList\",\"@id\":\"https:\/\/arak.spicehorse.eu\/sk\/produkt\/kentucky-solimbra-chranice-clenku\/#breadcrumb\",\"itemListElement\":[{\"@type\":\"ListItem\",\"position\":1,\"name\":\"Home\",\"item\":\"https:\/\/arak.spicehorse.eu\/sk\/\"},{\"@type\":\"ListItem\",\"position\":2,\"name\":\"Predaj\u0148a\",\"item\":\"https:\/\/arak.spicehorse.eu\/sk\/predajna\/\"},{\"@type\":\"ListItem\",\"position\":3,\"name\":\"Kentucky Solimbra chr\u00e1ni\u010de \u010dlenku\"}]},{\"@type\":\"WebSite\",\"@id\":\"https:\/\/arak.spicehorse.eu\/en\/#website\",\"url\":\"https:\/\/arak.spicehorse.eu\/en\/\",\"name\":\"Spicehorse\",\"description\":\"UNDER DEVELOPMENT -\",\"potentialAction\":[{\"@type\":\"SearchAction\",\"target\":{\"@type\":\"EntryPoint\",\"urlTemplate\":\"https:\/\/arak.spicehorse.eu\/en\/?s={search_term_string}\"},\"query-input\":\"required name=search_term_string\"}],\"inLanguage\":\"sk-SK\"}]}<\/script>\n<!-- \/ Yoast SEO plugin. -->","yoast_head_json":{"title":"Kentucky Solimbra chr\u00e1ni\u010de \u010dlenku - Spicehorse","description":"spicehorse.eu | Kentucky Horsewear\u00a0Solimbra gama\u0161e s\u00fa z\u00a0pevn\u00e9ho odoln\u00e9ho a\u00a0na 100% nepremokav\u00e9ho Solimbra materi\u00e1lu s\u00a0jemnou pod\u0161\u00edvkou z umel\u00e9ho baran\u010deka a\u00a0s\u00a0EVA vn\u00fatornou ochranou.","robots":{"index":"index","follow":"follow","max-snippet":"max-snippet:-1","max-image-preview":"max-image-preview:large","max-video-preview":"max-video-preview:-1"},"canonical":"https:\/\/arak.spicehorse.eu\/sk\/produkt\/kentucky-solimbra-chranice-clenku\/","og_locale":"sk_SK","og_type":"article","og_title":"Kentucky Solimbra chr\u00e1ni\u010de \u010dlenku - Spicehorse","og_description":"spicehorse.eu | Kentucky Horsewear\u00a0Solimbra gama\u0161e s\u00fa z\u00a0pevn\u00e9ho odoln\u00e9ho a\u00a0na 100% nepremokav\u00e9ho Solimbra materi\u00e1lu s\u00a0jemnou pod\u0161\u00edvkou z umel\u00e9ho baran\u010deka a\u00a0s\u00a0EVA vn\u00fatornou ochranou.","og_url":"https:\/\/arak.spicehorse.eu\/sk\/produkt\/kentucky-solimbra-chranice-clenku\/","og_site_name":"Spicehorse","article_publisher":"https:\/\/www.facebook.com\/SPICEHORSE-550385625402457\/","article_modified_time":"2023-11-23T10:37:06+00:00","og_image":[{"width":2048,"height":2048,"url":"https:\/\/arak.spicehorse.eu\/wp-content\/uploads\/2020\/04\/42308-01-P.jpg","type":"image\/jpeg"}],"twitter_card":"summary_large_image","twitter_misc":{"Predpokladan\u00fd \u010das \u010d\u00edtania":"1 min\u00fata"},"schema":{"@context":"https:\/\/schema.org","@graph":[{"@type":"WebPage","@id":"https:\/\/arak.spicehorse.eu\/sk\/produkt\/kentucky-solimbra-chranice-clenku\/","url":"https:\/\/arak.spicehorse.eu\/sk\/produkt\/kentucky-solimbra-chranice-clenku\/","name":"Kentucky Solimbra chr\u00e1ni\u010de \u010dlenku - Spicehorse","isPartOf":{"@id":"https:\/\/arak.spicehorse.eu\/en\/#website"},"datePublished":"2020-04-21T13:52:46+00:00","dateModified":"2023-11-23T10:37:06+00:00","description":"spicehorse.eu | Kentucky Horsewear\u00a0Solimbra gama\u0161e s\u00fa z\u00a0pevn\u00e9ho odoln\u00e9ho a\u00a0na 100% nepremokav\u00e9ho Solimbra materi\u00e1lu s\u00a0jemnou pod\u0161\u00edvkou z umel\u00e9ho baran\u010deka a\u00a0s\u00a0EVA vn\u00fatornou ochranou.","breadcrumb":{"@id":"https:\/\/arak.spicehorse.eu\/sk\/produkt\/kentucky-solimbra-chranice-clenku\/#breadcrumb"},"inLanguage":"sk-SK","potentialAction":[{"@type":"ReadAction","target":["https:\/\/arak.spicehorse.eu\/sk\/produkt\/kentucky-solimbra-chranice-clenku\/"]}]},{"@type":"BreadcrumbList","@id":"https:\/\/arak.spicehorse.eu\/sk\/produkt\/kentucky-solimbra-chranice-clenku\/#breadcrumb","itemListElement":[{"@type":"ListItem","position":1,"name":"Home","item":"https:\/\/arak.spicehorse.eu\/sk\/"},{"@type":"ListItem","position":2,"name":"Predaj\u0148a","item":"https:\/\/arak.spicehorse.eu\/sk\/predajna\/"},{"@type":"ListItem","position":3,"name":"Kentucky Solimbra chr\u00e1ni\u010de \u010dlenku"}]},{"@type":"WebSite","@id":"https:\/\/arak.spicehorse.eu\/en\/#website","url":"https:\/\/arak.spicehorse.eu\/en\/","name":"Spicehorse","description":"UNDER DEVELOPMENT -","potentialAction":[{"@type":"SearchAction","target":{"@type":"EntryPoint","urlTemplate":"https:\/\/arak.spicehorse.eu\/en\/?s={search_term_string}"},"query-input":"required name=search_term_string"}],"inLanguage":"sk-SK"}]}},"_links":{"self":[{"href":"https:\/\/arak.spicehorse.eu\/sk\/wp-json\/wp\/v2\/product\/11735"}],"collection":[{"href":"https:\/\/arak.spicehorse.eu\/sk\/wp-json\/wp\/v2\/product"}],"about":[{"href":"https:\/\/arak.spicehorse.eu\/sk\/wp-json\/wp\/v2\/types\/product"}],"wp:featuredmedia":[{"embeddable":true,"href":"https:\/\/arak.spicehorse.eu\/sk\/wp-json\/wp\/v2\/media\/11740"}],"wp:attachment":[{"href":"https:\/\/arak.spicehorse.eu\/sk\/wp-json\/wp\/v2\/media?parent=11735"}],"wp:term":[{"taxonomy":"product_cat","embeddable":true,"href":"https:\/\/arak.spicehorse.eu\/sk\/wp-json\/wp\/v2\/product_cat?post=11735"},{"taxonomy":"product_tag","embeddable":true,"href":"https:\/\/arak.spicehorse.eu\/sk\/wp-json\/wp\/v2\/product_tag?post=11735"}],"curies":[{"name":"wp","href":"https:\/\/api.w.org\/{rel}","templated":true}]}}