{"id":117369,"date":"2023-05-17T14:20:23","date_gmt":"2023-05-17T12:20:43","guid":{"rendered":"https:\/\/arak.spicehorse.eu\/?post_type=product&#038;p=117369"},"modified":"2023-07-21T08:25:49","modified_gmt":"2023-07-21T06:25:49","slug":"qhp-vypln-na-drdol","status":"publish","type":"product","link":"https:\/\/arak.spicehorse.eu\/sk\/produkt\/qhp-vypln-na-drdol\/","title":{"rendered":"QHP v\u00fdpl\u0148 na drdol"},"content":{"rendered":"<p>Pomocou QHP v\u00fdplne na drdol si po\u013eahky vy\u010darujete dokonal\u00fd drdol aj z krat\u0161\u00edch vlasov.<\/p>\n","protected":false},"excerpt":{"rendered":"<ul>\n<li>V\u00fdpl\u0148 pre vytvorenie dokonal\u00e9ho drdolu<\/li>\n<li>Obtiahnut\u00e1 prav\u00fdmi vlasmi<\/li>\n<li>Prirodzen\u00fd vzh\u013ead<\/li>\n<\/ul>\n","protected":false},"featured_media":117384,"template":"","meta":{"_acf_changed":false},"product_cat":[76,312,308],"product_tag":[217,1973,2035],"acf":[],"yoast_head":"<!-- This site is optimized with the Yoast SEO plugin v21.4 - https:\/\/yoast.com\/wordpress\/plugins\/seo\/ -->\n<title>QHP v\u00fdpl\u0148 na drdol - Spicehorse<\/title>\n<meta name=\"description\" content=\"spicehorse.eu | Pomocou QHP v\u00fdplne na drdol si po\u013eahky vy\u010darujete dokonal\u00fd drdol aj z krat\u0161\u00edch vlasov.\" \/>\n<meta name=\"robots\" content=\"index, follow, max-snippet:-1, max-image-preview:large, max-video-preview:-1\" \/>\n<link rel=\"canonical\" href=\"https:\/\/arak.spicehorse.eu\/termek\/qhp-hajfank\/\" \/>\n<meta property=\"og:locale\" content=\"sk_SK\" \/>\n<meta property=\"og:type\" content=\"article\" \/>\n<meta property=\"og:title\" content=\"QHP v\u00fdpl\u0148 na drdol - Spicehorse\" \/>\n<meta property=\"og:description\" content=\"spicehorse.eu | Pomocou QHP v\u00fdplne na drdol si po\u013eahky vy\u010darujete dokonal\u00fd drdol aj z krat\u0161\u00edch vlasov.\" \/>\n<meta property=\"og:url\" content=\"https:\/\/arak.spicehorse.eu\/termek\/qhp-hajfank\/\" \/>\n<meta property=\"og:site_name\" content=\"Spicehorse\" \/>\n<meta property=\"article:publisher\" content=\"https:\/\/www.facebook.com\/SPICEHORSE-550385625402457\/\" \/>\n<meta property=\"article:modified_time\" content=\"2023-07-21T06:25:49+00:00\" \/>\n<meta property=\"og:image\" content=\"https:\/\/arak.spicehorse.eu\/wp-content\/uploads\/2023\/05\/8279bon_3.jpg\" \/>\n\t<meta property=\"og:image:width\" content=\"1024\" \/>\n\t<meta property=\"og:image:height\" content=\"1024\" \/>\n\t<meta property=\"og:image:type\" content=\"image\/jpeg\" \/>\n<meta name=\"twitter:card\" content=\"summary_large_image\" \/>\n<script type=\"application\/ld+json\" class=\"yoast-schema-graph\">{\"@context\":\"https:\/\/schema.org\",\"@graph\":[{\"@type\":\"WebPage\",\"@id\":\"https:\/\/arak.spicehorse.eu\/termek\/qhp-hajfank\/\",\"url\":\"https:\/\/arak.spicehorse.eu\/termek\/qhp-hajfank\/\",\"name\":\"QHP v\u00fdpl\u0148 na drdol - Spicehorse\",\"isPartOf\":{\"@id\":\"https:\/\/arak.spicehorse.eu\/en\/#website\"},\"datePublished\":\"2023-05-17T12:20:43+00:00\",\"dateModified\":\"2023-07-21T06:25:49+00:00\",\"description\":\"spicehorse.eu | Pomocou QHP v\u00fdplne na drdol si po\u013eahky vy\u010darujete dokonal\u00fd drdol aj z krat\u0161\u00edch vlasov.\",\"breadcrumb\":{\"@id\":\"https:\/\/arak.spicehorse.eu\/termek\/qhp-hajfank\/#breadcrumb\"},\"inLanguage\":\"sk-SK\",\"potentialAction\":[{\"@type\":\"ReadAction\",\"target\":[\"https:\/\/arak.spicehorse.eu\/termek\/qhp-hajfank\/\"]}]},{\"@type\":\"BreadcrumbList\",\"@id\":\"https:\/\/arak.spicehorse.eu\/termek\/qhp-hajfank\/#breadcrumb\",\"itemListElement\":[{\"@type\":\"ListItem\",\"position\":1,\"name\":\"Home\",\"item\":\"https:\/\/arak.spicehorse.eu\/sk\/\"},{\"@type\":\"ListItem\",\"position\":2,\"name\":\"Predaj\u0148a\",\"item\":\"https:\/\/arak.spicehorse.eu\/sk\/predajna\/\"},{\"@type\":\"ListItem\",\"position\":3,\"name\":\"QHP v\u00fdpl\u0148 na drdol\"}]},{\"@type\":\"WebSite\",\"@id\":\"https:\/\/arak.spicehorse.eu\/en\/#website\",\"url\":\"https:\/\/arak.spicehorse.eu\/en\/\",\"name\":\"Spicehorse\",\"description\":\"UNDER DEVELOPMENT -\",\"potentialAction\":[{\"@type\":\"SearchAction\",\"target\":{\"@type\":\"EntryPoint\",\"urlTemplate\":\"https:\/\/arak.spicehorse.eu\/en\/?s={search_term_string}\"},\"query-input\":\"required name=search_term_string\"}],\"inLanguage\":\"sk-SK\"}]}<\/script>\n<!-- \/ Yoast SEO plugin. -->","yoast_head_json":{"title":"QHP v\u00fdpl\u0148 na drdol - Spicehorse","description":"spicehorse.eu | Pomocou QHP v\u00fdplne na drdol si po\u013eahky vy\u010darujete dokonal\u00fd drdol aj z krat\u0161\u00edch vlasov.","robots":{"index":"index","follow":"follow","max-snippet":"max-snippet:-1","max-image-preview":"max-image-preview:large","max-video-preview":"max-video-preview:-1"},"canonical":"https:\/\/arak.spicehorse.eu\/termek\/qhp-hajfank\/","og_locale":"sk_SK","og_type":"article","og_title":"QHP v\u00fdpl\u0148 na drdol - Spicehorse","og_description":"spicehorse.eu | Pomocou QHP v\u00fdplne na drdol si po\u013eahky vy\u010darujete dokonal\u00fd drdol aj z krat\u0161\u00edch vlasov.","og_url":"https:\/\/arak.spicehorse.eu\/termek\/qhp-hajfank\/","og_site_name":"Spicehorse","article_publisher":"https:\/\/www.facebook.com\/SPICEHORSE-550385625402457\/","article_modified_time":"2023-07-21T06:25:49+00:00","og_image":[{"width":1024,"height":1024,"url":"https:\/\/arak.spicehorse.eu\/wp-content\/uploads\/2023\/05\/8279bon_3.jpg","type":"image\/jpeg"}],"twitter_card":"summary_large_image","schema":{"@context":"https:\/\/schema.org","@graph":[{"@type":"WebPage","@id":"https:\/\/arak.spicehorse.eu\/termek\/qhp-hajfank\/","url":"https:\/\/arak.spicehorse.eu\/termek\/qhp-hajfank\/","name":"QHP v\u00fdpl\u0148 na drdol - Spicehorse","isPartOf":{"@id":"https:\/\/arak.spicehorse.eu\/en\/#website"},"datePublished":"2023-05-17T12:20:43+00:00","dateModified":"2023-07-21T06:25:49+00:00","description":"spicehorse.eu | Pomocou QHP v\u00fdplne na drdol si po\u013eahky vy\u010darujete dokonal\u00fd drdol aj z krat\u0161\u00edch vlasov.","breadcrumb":{"@id":"https:\/\/arak.spicehorse.eu\/termek\/qhp-hajfank\/#breadcrumb"},"inLanguage":"sk-SK","potentialAction":[{"@type":"ReadAction","target":["https:\/\/arak.spicehorse.eu\/termek\/qhp-hajfank\/"]}]},{"@type":"BreadcrumbList","@id":"https:\/\/arak.spicehorse.eu\/termek\/qhp-hajfank\/#breadcrumb","itemListElement":[{"@type":"ListItem","position":1,"name":"Home","item":"https:\/\/arak.spicehorse.eu\/sk\/"},{"@type":"ListItem","position":2,"name":"Predaj\u0148a","item":"https:\/\/arak.spicehorse.eu\/sk\/predajna\/"},{"@type":"ListItem","position":3,"name":"QHP v\u00fdpl\u0148 na drdol"}]},{"@type":"WebSite","@id":"https:\/\/arak.spicehorse.eu\/en\/#website","url":"https:\/\/arak.spicehorse.eu\/en\/","name":"Spicehorse","description":"UNDER DEVELOPMENT -","potentialAction":[{"@type":"SearchAction","target":{"@type":"EntryPoint","urlTemplate":"https:\/\/arak.spicehorse.eu\/en\/?s={search_term_string}"},"query-input":"required name=search_term_string"}],"inLanguage":"sk-SK"}]}},"_links":{"self":[{"href":"https:\/\/arak.spicehorse.eu\/sk\/wp-json\/wp\/v2\/product\/117369"}],"collection":[{"href":"https:\/\/arak.spicehorse.eu\/sk\/wp-json\/wp\/v2\/product"}],"about":[{"href":"https:\/\/arak.spicehorse.eu\/sk\/wp-json\/wp\/v2\/types\/product"}],"wp:featuredmedia":[{"embeddable":true,"href":"https:\/\/arak.spicehorse.eu\/sk\/wp-json\/wp\/v2\/media\/117384"}],"wp:attachment":[{"href":"https:\/\/arak.spicehorse.eu\/sk\/wp-json\/wp\/v2\/media?parent=117369"}],"wp:term":[{"taxonomy":"product_cat","embeddable":true,"href":"https:\/\/arak.spicehorse.eu\/sk\/wp-json\/wp\/v2\/product_cat?post=117369"},{"taxonomy":"product_tag","embeddable":true,"href":"https:\/\/arak.spicehorse.eu\/sk\/wp-json\/wp\/v2\/product_tag?post=117369"}],"curies":[{"name":"wp","href":"https:\/\/api.w.org\/{rel}","templated":true}]}}