{"id":121106,"date":"2023-05-19T13:41:24","date_gmt":"2023-05-19T11:41:33","guid":{"rendered":"https:\/\/arak.spicehorse.eu\/?post_type=product&#038;p=121106"},"modified":"2026-04-07T12:31:46","modified_gmt":"2026-04-07T10:31:46","slug":"qhp-romy-jazdecke-cizmy-junior-wide","status":"publish","type":"product","link":"https:\/\/arak.spicehorse.eu\/sk\/produkt\/qhp-romy-jazdecke-cizmy-junior-wide\/","title":{"rendered":"QHP Romy jazdeck\u00e9 \u010di\u017emy Junior Wide"},"content":{"rendered":"<p style=\"font-weight: 400;\">Prisp\u00f4sobte svojmu \u0161t\u00fdlu jazdeck\u00e9 \u010di\u017emy QHP Romy! Vo vrchnej \u010dasti \u010di\u017eiem je such\u00fd zips, v\u010faka \u010domu m\u00f4\u017eete \u013eubovo\u013ene kombinova\u0165 r\u00f4zne ozdoby na \u010di\u017emy. Jazdeck\u00e9 \u010di\u017emy Romy s\u00fa dostupn\u00e9 s lesklou glitrovanou ozdobou. Ostatn\u00e9 ozdoby si mo\u017eno zak\u00fapi\u0165 samostatne. Jazdeck\u00e9 \u010di\u017emy sa vzadu zap\u00ednaj\u00fa such\u00fdm zipsom, vpredu maj\u00fa elastick\u00e9 \u0161n\u00farky pre maxim\u00e1lne pohodlie.<\/p>\n","protected":false},"excerpt":{"rendered":"<ul>\n<li>Materi\u00e1l: ko\u017ea<\/li>\n<li>Materi\u00e1l pod\u0161\u00edvky: PU syntetick\u00fd materi\u00e1l<\/li>\n<li>Podr\u00e1\u017eka: guma<\/li>\n<li>Modern\u00fd \u00fazky strih<\/li>\n<li>Stredne vysok\u00e9 drez\u00farne jazdeck\u00e9 \u010di\u017emy<\/li>\n<li>V hornej \u010dasti ozdoba na such\u00fd zips, preto sa k \u010di\u017em\u00e1m m\u00f4\u017eu pripoji\u0165 ozdoby viacer\u00fdch vzorov.<\/li>\n<li>Dostupn\u00e9 s\u00fa s lesklou glitrovanou ozdobou, ostatn\u00e9 ozdoby si mo\u017eno zak\u00fapi\u0165 samostatne.<\/li>\n<li>V zadnej \u010dasti pru\u017en\u00fd zips<\/li>\n<li>S patentn\u00fdm remienkom navrchu<\/li>\n<li>V prednej \u010dasti dekorat\u00edvne \u0161n\u00farky<\/li>\n<li>Chr\u00e1ni\u010d zipsu pri p\u00e4te<\/li>\n<li>Dekorat\u00edvne \u0161itie na \u0161pi\u010dke<\/li>\n<li>Vn\u00fatorn\u00e1 podo\u0161va vystlan\u00e1 syntetickou ko\u017eou<\/li>\n<li>\u010cas\u0165 chodila pod\u0161it\u00e1 priedu\u0161n\u00fdm materi\u00e1lom<\/li>\n<li>S dr\u017eiakmi na ostrohy<\/li>\n<li>\u010cistite ich o\u0161etruj\u00facim pr\u00edpravkom na ko\u017eu, n\u00e1sledne ich pretrite balzamom na ko\u017eu. Pod\u013ea mo\u017enosti nepou\u017e\u00edvajte olej na ko\u017eu, m\u00f4\u017ee sp\u00f4sobi\u0165 uvo\u013enenie \u0161itia.<\/li>\n<\/ul>\n","protected":false},"featured_media":87316,"template":"","meta":{"_acf_changed":false},"product_cat":[2534,76,1993],"product_tag":[566,2039,2038,2242,1973,2350],"acf":[],"yoast_head":"<!-- This site is optimized with the Yoast SEO plugin v21.4 - https:\/\/yoast.com\/wordpress\/plugins\/seo\/ -->\n<title>QHP Romy jazdeck\u00e9 \u010di\u017emy Junior Wide - Spicehorse<\/title>\n<meta name=\"description\" content=\"spicehorse.eu | Prisp\u00f4sobte svojmu \u0161t\u00fdlu jazdeck\u00e9 \u010di\u017emy QHP Romy! Vo vrchnej \u010dasti \u010di\u017eiem je such\u00fd zips, v\u010faka \u010domu m\u00f4\u017eete \u013eubovo\u013ene kombinova\u0165 r\u00f4zne ozdoby na \u010di\u017emy.\" \/>\n<meta name=\"robots\" content=\"index, follow, max-snippet:-1, max-image-preview:large, max-video-preview:-1\" \/>\n<link rel=\"canonical\" href=\"https:\/\/arak.spicehorse.eu\/sk\/produkt\/qhp-romy-jazdecke-cizmy-junior-wide\/\" \/>\n<meta property=\"og:locale\" content=\"sk_SK\" \/>\n<meta property=\"og:type\" content=\"article\" \/>\n<meta property=\"og:title\" content=\"QHP Romy jazdeck\u00e9 \u010di\u017emy Junior Wide - Spicehorse\" \/>\n<meta property=\"og:description\" content=\"spicehorse.eu | Prisp\u00f4sobte svojmu \u0161t\u00fdlu jazdeck\u00e9 \u010di\u017emy QHP Romy! Vo vrchnej \u010dasti \u010di\u017eiem je such\u00fd zips, v\u010faka \u010domu m\u00f4\u017eete \u013eubovo\u013ene kombinova\u0165 r\u00f4zne ozdoby na \u010di\u017emy.\" \/>\n<meta property=\"og:url\" content=\"https:\/\/arak.spicehorse.eu\/sk\/produkt\/qhp-romy-jazdecke-cizmy-junior-wide\/\" \/>\n<meta property=\"og:site_name\" content=\"Spicehorse\" \/>\n<meta property=\"article:publisher\" content=\"https:\/\/www.facebook.com\/SPICEHORSE-550385625402457\/\" \/>\n<meta property=\"article:modified_time\" content=\"2026-04-07T10:31:46+00:00\" \/>\n<meta property=\"og:image\" content=\"https:\/\/arak.spicehorse.eu\/wp-content\/uploads\/2023\/02\/7172zw_51.jpeg\" \/>\n\t<meta property=\"og:image:width\" content=\"800\" \/>\n\t<meta property=\"og:image:height\" content=\"800\" \/>\n\t<meta property=\"og:image:type\" content=\"image\/jpeg\" \/>\n<meta name=\"twitter:card\" content=\"summary_large_image\" \/>\n<script type=\"application\/ld+json\" class=\"yoast-schema-graph\">{\"@context\":\"https:\/\/schema.org\",\"@graph\":[{\"@type\":\"WebPage\",\"@id\":\"https:\/\/arak.spicehorse.eu\/sk\/produkt\/qhp-romy-jazdecke-cizmy-junior-wide\/\",\"url\":\"https:\/\/arak.spicehorse.eu\/sk\/produkt\/qhp-romy-jazdecke-cizmy-junior-wide\/\",\"name\":\"QHP Romy jazdeck\u00e9 \u010di\u017emy Junior Wide - Spicehorse\",\"isPartOf\":{\"@id\":\"https:\/\/arak.spicehorse.eu\/en\/#website\"},\"datePublished\":\"2023-05-19T11:41:33+00:00\",\"dateModified\":\"2026-04-07T10:31:46+00:00\",\"description\":\"spicehorse.eu | Prisp\u00f4sobte svojmu \u0161t\u00fdlu jazdeck\u00e9 \u010di\u017emy QHP Romy! Vo vrchnej \u010dasti \u010di\u017eiem je such\u00fd zips, v\u010faka \u010domu m\u00f4\u017eete \u013eubovo\u013ene kombinova\u0165 r\u00f4zne ozdoby na \u010di\u017emy.\",\"breadcrumb\":{\"@id\":\"https:\/\/arak.spicehorse.eu\/sk\/produkt\/qhp-romy-jazdecke-cizmy-junior-wide\/#breadcrumb\"},\"inLanguage\":\"sk-SK\",\"potentialAction\":[{\"@type\":\"ReadAction\",\"target\":[\"https:\/\/arak.spicehorse.eu\/sk\/produkt\/qhp-romy-jazdecke-cizmy-junior-wide\/\"]}]},{\"@type\":\"BreadcrumbList\",\"@id\":\"https:\/\/arak.spicehorse.eu\/sk\/produkt\/qhp-romy-jazdecke-cizmy-junior-wide\/#breadcrumb\",\"itemListElement\":[{\"@type\":\"ListItem\",\"position\":1,\"name\":\"Home\",\"item\":\"https:\/\/arak.spicehorse.eu\/sk\/\"},{\"@type\":\"ListItem\",\"position\":2,\"name\":\"Predaj\u0148a\",\"item\":\"https:\/\/arak.spicehorse.eu\/sk\/predajna\/\"},{\"@type\":\"ListItem\",\"position\":3,\"name\":\"QHP Romy jazdeck\u00e9 \u010di\u017emy Junior Wide\"}]},{\"@type\":\"WebSite\",\"@id\":\"https:\/\/arak.spicehorse.eu\/en\/#website\",\"url\":\"https:\/\/arak.spicehorse.eu\/en\/\",\"name\":\"Spicehorse\",\"description\":\"UNDER DEVELOPMENT -\",\"potentialAction\":[{\"@type\":\"SearchAction\",\"target\":{\"@type\":\"EntryPoint\",\"urlTemplate\":\"https:\/\/arak.spicehorse.eu\/en\/?s={search_term_string}\"},\"query-input\":\"required name=search_term_string\"}],\"inLanguage\":\"sk-SK\"}]}<\/script>\n<!-- \/ Yoast SEO plugin. -->","yoast_head_json":{"title":"QHP Romy jazdeck\u00e9 \u010di\u017emy Junior Wide - Spicehorse","description":"spicehorse.eu | Prisp\u00f4sobte svojmu \u0161t\u00fdlu jazdeck\u00e9 \u010di\u017emy QHP Romy! Vo vrchnej \u010dasti \u010di\u017eiem je such\u00fd zips, v\u010faka \u010domu m\u00f4\u017eete \u013eubovo\u013ene kombinova\u0165 r\u00f4zne ozdoby na \u010di\u017emy.","robots":{"index":"index","follow":"follow","max-snippet":"max-snippet:-1","max-image-preview":"max-image-preview:large","max-video-preview":"max-video-preview:-1"},"canonical":"https:\/\/arak.spicehorse.eu\/sk\/produkt\/qhp-romy-jazdecke-cizmy-junior-wide\/","og_locale":"sk_SK","og_type":"article","og_title":"QHP Romy jazdeck\u00e9 \u010di\u017emy Junior Wide - Spicehorse","og_description":"spicehorse.eu | Prisp\u00f4sobte svojmu \u0161t\u00fdlu jazdeck\u00e9 \u010di\u017emy QHP Romy! Vo vrchnej \u010dasti \u010di\u017eiem je such\u00fd zips, v\u010faka \u010domu m\u00f4\u017eete \u013eubovo\u013ene kombinova\u0165 r\u00f4zne ozdoby na \u010di\u017emy.","og_url":"https:\/\/arak.spicehorse.eu\/sk\/produkt\/qhp-romy-jazdecke-cizmy-junior-wide\/","og_site_name":"Spicehorse","article_publisher":"https:\/\/www.facebook.com\/SPICEHORSE-550385625402457\/","article_modified_time":"2026-04-07T10:31:46+00:00","og_image":[{"width":800,"height":800,"url":"https:\/\/arak.spicehorse.eu\/wp-content\/uploads\/2023\/02\/7172zw_51.jpeg","type":"image\/jpeg"}],"twitter_card":"summary_large_image","schema":{"@context":"https:\/\/schema.org","@graph":[{"@type":"WebPage","@id":"https:\/\/arak.spicehorse.eu\/sk\/produkt\/qhp-romy-jazdecke-cizmy-junior-wide\/","url":"https:\/\/arak.spicehorse.eu\/sk\/produkt\/qhp-romy-jazdecke-cizmy-junior-wide\/","name":"QHP Romy jazdeck\u00e9 \u010di\u017emy Junior Wide - Spicehorse","isPartOf":{"@id":"https:\/\/arak.spicehorse.eu\/en\/#website"},"datePublished":"2023-05-19T11:41:33+00:00","dateModified":"2026-04-07T10:31:46+00:00","description":"spicehorse.eu | Prisp\u00f4sobte svojmu \u0161t\u00fdlu jazdeck\u00e9 \u010di\u017emy QHP Romy! Vo vrchnej \u010dasti \u010di\u017eiem je such\u00fd zips, v\u010faka \u010domu m\u00f4\u017eete \u013eubovo\u013ene kombinova\u0165 r\u00f4zne ozdoby na \u010di\u017emy.","breadcrumb":{"@id":"https:\/\/arak.spicehorse.eu\/sk\/produkt\/qhp-romy-jazdecke-cizmy-junior-wide\/#breadcrumb"},"inLanguage":"sk-SK","potentialAction":[{"@type":"ReadAction","target":["https:\/\/arak.spicehorse.eu\/sk\/produkt\/qhp-romy-jazdecke-cizmy-junior-wide\/"]}]},{"@type":"BreadcrumbList","@id":"https:\/\/arak.spicehorse.eu\/sk\/produkt\/qhp-romy-jazdecke-cizmy-junior-wide\/#breadcrumb","itemListElement":[{"@type":"ListItem","position":1,"name":"Home","item":"https:\/\/arak.spicehorse.eu\/sk\/"},{"@type":"ListItem","position":2,"name":"Predaj\u0148a","item":"https:\/\/arak.spicehorse.eu\/sk\/predajna\/"},{"@type":"ListItem","position":3,"name":"QHP Romy jazdeck\u00e9 \u010di\u017emy Junior Wide"}]},{"@type":"WebSite","@id":"https:\/\/arak.spicehorse.eu\/en\/#website","url":"https:\/\/arak.spicehorse.eu\/en\/","name":"Spicehorse","description":"UNDER DEVELOPMENT -","potentialAction":[{"@type":"SearchAction","target":{"@type":"EntryPoint","urlTemplate":"https:\/\/arak.spicehorse.eu\/en\/?s={search_term_string}"},"query-input":"required name=search_term_string"}],"inLanguage":"sk-SK"}]}},"_links":{"self":[{"href":"https:\/\/arak.spicehorse.eu\/sk\/wp-json\/wp\/v2\/product\/121106"}],"collection":[{"href":"https:\/\/arak.spicehorse.eu\/sk\/wp-json\/wp\/v2\/product"}],"about":[{"href":"https:\/\/arak.spicehorse.eu\/sk\/wp-json\/wp\/v2\/types\/product"}],"wp:featuredmedia":[{"embeddable":true,"href":"https:\/\/arak.spicehorse.eu\/sk\/wp-json\/wp\/v2\/media\/87316"}],"wp:attachment":[{"href":"https:\/\/arak.spicehorse.eu\/sk\/wp-json\/wp\/v2\/media?parent=121106"}],"wp:term":[{"taxonomy":"product_cat","embeddable":true,"href":"https:\/\/arak.spicehorse.eu\/sk\/wp-json\/wp\/v2\/product_cat?post=121106"},{"taxonomy":"product_tag","embeddable":true,"href":"https:\/\/arak.spicehorse.eu\/sk\/wp-json\/wp\/v2\/product_tag?post=121106"}],"curies":[{"name":"wp","href":"https:\/\/api.w.org\/{rel}","templated":true}]}}