{"id":122576,"date":"2023-05-22T14:48:22","date_gmt":"2023-05-22T12:48:34","guid":{"rendered":"https:\/\/arak.spicehorse.eu\/?post_type=product&#038;p=122576"},"modified":"2025-01-25T18:35:54","modified_gmt":"2025-01-25T17:35:54","slug":"lemieux-vogue-ohlavka-voditko-royal-blue","status":"publish","type":"product","link":"https:\/\/arak.spicehorse.eu\/sk\/produkt\/lemieux-vogue-ohlavka-voditko-royal-blue\/","title":{"rendered":"LeMieux Vogue ohl\u00e1vka &#038; vod\u00edtko Royal Blue"},"content":{"rendered":"<p style=\"font-weight: 400;\">Extra m\u00e4kk\u00e1 LeMieux Vogue ohl\u00e1vka &amp; vod\u00edtko s fl\u00edsovou pod\u0161\u00edvkou na n\u00e1nosn\u00edku. V\u010faka fl\u00edsovej pod\u0161\u00edvke sa tlak rozklad\u00e1 rovnomerne a preto je pohodln\u00e1 na nosenie. L\u00edcnice s\u00fa tie\u017e pod\u0161it\u00e9. S pevn\u00fdmi niklov\u00fdmi kovov\u00fdmi \u010das\u0165ami. Po oboch stran\u00e1ch nastavite\u013en\u00e1 na potrebn\u00fa ve\u013ekos\u0165. Pevn\u00e9 kovov\u00e9 \u010dasti. Dostupn\u00e1 s ladiacim vod\u00edtkom. S v\u00fd\u0161ivkou LeMieux.<\/p>\n","protected":false},"excerpt":{"rendered":"<ul style=\"font-weight: 400;\">\n<li>Mo\u017eno pra\u0165 v\u00a0pr\u00e1\u010dke na 30 stup\u0148och<\/li>\n<li>Odpor\u00fa\u010da sa pou\u017e\u00edvanie vrecka na pranie<\/li>\n<li>Mo\u017eno pra\u0165 aj ru\u010dne vo vla\u017enej vode<\/li>\n<li>Su\u0161te vo\u013ene na vzduchu<\/li>\n<li>Nevkladajte do su\u0161i\u010dky<\/li>\n<\/ul>\n","protected":false},"featured_media":128038,"template":"","meta":{"_acf_changed":false},"product_cat":[75,114],"product_tag":[2369,189,2484,2485],"acf":[],"yoast_head":"<!-- This site is optimized with the Yoast SEO plugin v21.4 - https:\/\/yoast.com\/wordpress\/plugins\/seo\/ -->\n<title>LeMieux Vogue ohl\u00e1vka &amp; vod\u00edtko Royal Blue - Spicehorse<\/title>\n<meta name=\"description\" content=\"spicehorse.eu | Extra m\u00e4kk\u00e1 LeMieux Vogue ohl\u00e1vka &amp; vod\u00edtko s fl\u00edsovou pod\u0161\u00edvkou na n\u00e1nosn\u00edku. V\u010faka fl\u00edsovej pod\u0161\u00edvke sa tlak rozklad\u00e1 rovnomerne a preto je pohodln\u00e1 na nosenie.\" \/>\n<meta name=\"robots\" content=\"index, follow, max-snippet:-1, max-image-preview:large, max-video-preview:-1\" \/>\n<link rel=\"canonical\" href=\"https:\/\/arak.spicehorse.eu\/termek\/lemieux-vogue-kotofek-vezetoszar-royal-blue\/\" \/>\n<meta property=\"og:locale\" content=\"sk_SK\" \/>\n<meta property=\"og:type\" content=\"article\" \/>\n<meta property=\"og:title\" content=\"LeMieux Vogue ohl\u00e1vka &amp; vod\u00edtko Royal Blue - Spicehorse\" \/>\n<meta property=\"og:description\" content=\"spicehorse.eu | Extra m\u00e4kk\u00e1 LeMieux Vogue ohl\u00e1vka &amp; vod\u00edtko s fl\u00edsovou pod\u0161\u00edvkou na n\u00e1nosn\u00edku. V\u010faka fl\u00edsovej pod\u0161\u00edvke sa tlak rozklad\u00e1 rovnomerne a preto je pohodln\u00e1 na nosenie.\" \/>\n<meta property=\"og:url\" content=\"https:\/\/arak.spicehorse.eu\/termek\/lemieux-vogue-kotofek-vezetoszar-royal-blue\/\" \/>\n<meta property=\"og:site_name\" content=\"Spicehorse\" \/>\n<meta property=\"article:publisher\" content=\"https:\/\/www.facebook.com\/SPICEHORSE-550385625402457\/\" \/>\n<meta property=\"article:modified_time\" content=\"2025-01-25T17:35:54+00:00\" \/>\n<meta property=\"og:image\" content=\"https:\/\/arak.spicehorse.eu\/wp-content\/uploads\/2023\/05\/IMG_4115.jpeg\" \/>\n\t<meta property=\"og:image:width\" content=\"800\" \/>\n\t<meta property=\"og:image:height\" content=\"800\" \/>\n\t<meta property=\"og:image:type\" content=\"image\/jpeg\" \/>\n<meta name=\"twitter:card\" content=\"summary_large_image\" \/>\n<script type=\"application\/ld+json\" class=\"yoast-schema-graph\">{\"@context\":\"https:\/\/schema.org\",\"@graph\":[{\"@type\":\"WebPage\",\"@id\":\"https:\/\/arak.spicehorse.eu\/termek\/lemieux-vogue-kotofek-vezetoszar-royal-blue\/\",\"url\":\"https:\/\/arak.spicehorse.eu\/termek\/lemieux-vogue-kotofek-vezetoszar-royal-blue\/\",\"name\":\"LeMieux Vogue ohl\u00e1vka & vod\u00edtko Royal Blue - Spicehorse\",\"isPartOf\":{\"@id\":\"https:\/\/arak.spicehorse.eu\/en\/#website\"},\"datePublished\":\"2023-05-22T12:48:34+00:00\",\"dateModified\":\"2025-01-25T17:35:54+00:00\",\"description\":\"spicehorse.eu | Extra m\u00e4kk\u00e1 LeMieux Vogue ohl\u00e1vka & vod\u00edtko s fl\u00edsovou pod\u0161\u00edvkou na n\u00e1nosn\u00edku. V\u010faka fl\u00edsovej pod\u0161\u00edvke sa tlak rozklad\u00e1 rovnomerne a preto je pohodln\u00e1 na nosenie.\",\"breadcrumb\":{\"@id\":\"https:\/\/arak.spicehorse.eu\/termek\/lemieux-vogue-kotofek-vezetoszar-royal-blue\/#breadcrumb\"},\"inLanguage\":\"sk-SK\",\"potentialAction\":[{\"@type\":\"ReadAction\",\"target\":[\"https:\/\/arak.spicehorse.eu\/termek\/lemieux-vogue-kotofek-vezetoszar-royal-blue\/\"]}]},{\"@type\":\"BreadcrumbList\",\"@id\":\"https:\/\/arak.spicehorse.eu\/termek\/lemieux-vogue-kotofek-vezetoszar-royal-blue\/#breadcrumb\",\"itemListElement\":[{\"@type\":\"ListItem\",\"position\":1,\"name\":\"Home\",\"item\":\"https:\/\/arak.spicehorse.eu\/sk\/\"},{\"@type\":\"ListItem\",\"position\":2,\"name\":\"Predaj\u0148a\",\"item\":\"https:\/\/arak.spicehorse.eu\/sk\/predajna\/\"},{\"@type\":\"ListItem\",\"position\":3,\"name\":\"LeMieux Vogue ohl\u00e1vka &#038; vod\u00edtko Royal Blue\"}]},{\"@type\":\"WebSite\",\"@id\":\"https:\/\/arak.spicehorse.eu\/en\/#website\",\"url\":\"https:\/\/arak.spicehorse.eu\/en\/\",\"name\":\"Spicehorse\",\"description\":\"UNDER DEVELOPMENT -\",\"potentialAction\":[{\"@type\":\"SearchAction\",\"target\":{\"@type\":\"EntryPoint\",\"urlTemplate\":\"https:\/\/arak.spicehorse.eu\/en\/?s={search_term_string}\"},\"query-input\":\"required name=search_term_string\"}],\"inLanguage\":\"sk-SK\"}]}<\/script>\n<!-- \/ Yoast SEO plugin. -->","yoast_head_json":{"title":"LeMieux Vogue ohl\u00e1vka & vod\u00edtko Royal Blue - Spicehorse","description":"spicehorse.eu | Extra m\u00e4kk\u00e1 LeMieux Vogue ohl\u00e1vka & vod\u00edtko s fl\u00edsovou pod\u0161\u00edvkou na n\u00e1nosn\u00edku. V\u010faka fl\u00edsovej pod\u0161\u00edvke sa tlak rozklad\u00e1 rovnomerne a preto je pohodln\u00e1 na nosenie.","robots":{"index":"index","follow":"follow","max-snippet":"max-snippet:-1","max-image-preview":"max-image-preview:large","max-video-preview":"max-video-preview:-1"},"canonical":"https:\/\/arak.spicehorse.eu\/termek\/lemieux-vogue-kotofek-vezetoszar-royal-blue\/","og_locale":"sk_SK","og_type":"article","og_title":"LeMieux Vogue ohl\u00e1vka & vod\u00edtko Royal Blue - Spicehorse","og_description":"spicehorse.eu | Extra m\u00e4kk\u00e1 LeMieux Vogue ohl\u00e1vka & vod\u00edtko s fl\u00edsovou pod\u0161\u00edvkou na n\u00e1nosn\u00edku. V\u010faka fl\u00edsovej pod\u0161\u00edvke sa tlak rozklad\u00e1 rovnomerne a preto je pohodln\u00e1 na nosenie.","og_url":"https:\/\/arak.spicehorse.eu\/termek\/lemieux-vogue-kotofek-vezetoszar-royal-blue\/","og_site_name":"Spicehorse","article_publisher":"https:\/\/www.facebook.com\/SPICEHORSE-550385625402457\/","article_modified_time":"2025-01-25T17:35:54+00:00","og_image":[{"width":800,"height":800,"url":"https:\/\/arak.spicehorse.eu\/wp-content\/uploads\/2023\/05\/IMG_4115.jpeg","type":"image\/jpeg"}],"twitter_card":"summary_large_image","schema":{"@context":"https:\/\/schema.org","@graph":[{"@type":"WebPage","@id":"https:\/\/arak.spicehorse.eu\/termek\/lemieux-vogue-kotofek-vezetoszar-royal-blue\/","url":"https:\/\/arak.spicehorse.eu\/termek\/lemieux-vogue-kotofek-vezetoszar-royal-blue\/","name":"LeMieux Vogue ohl\u00e1vka & vod\u00edtko Royal Blue - Spicehorse","isPartOf":{"@id":"https:\/\/arak.spicehorse.eu\/en\/#website"},"datePublished":"2023-05-22T12:48:34+00:00","dateModified":"2025-01-25T17:35:54+00:00","description":"spicehorse.eu | Extra m\u00e4kk\u00e1 LeMieux Vogue ohl\u00e1vka & vod\u00edtko s fl\u00edsovou pod\u0161\u00edvkou na n\u00e1nosn\u00edku. V\u010faka fl\u00edsovej pod\u0161\u00edvke sa tlak rozklad\u00e1 rovnomerne a preto je pohodln\u00e1 na nosenie.","breadcrumb":{"@id":"https:\/\/arak.spicehorse.eu\/termek\/lemieux-vogue-kotofek-vezetoszar-royal-blue\/#breadcrumb"},"inLanguage":"sk-SK","potentialAction":[{"@type":"ReadAction","target":["https:\/\/arak.spicehorse.eu\/termek\/lemieux-vogue-kotofek-vezetoszar-royal-blue\/"]}]},{"@type":"BreadcrumbList","@id":"https:\/\/arak.spicehorse.eu\/termek\/lemieux-vogue-kotofek-vezetoszar-royal-blue\/#breadcrumb","itemListElement":[{"@type":"ListItem","position":1,"name":"Home","item":"https:\/\/arak.spicehorse.eu\/sk\/"},{"@type":"ListItem","position":2,"name":"Predaj\u0148a","item":"https:\/\/arak.spicehorse.eu\/sk\/predajna\/"},{"@type":"ListItem","position":3,"name":"LeMieux Vogue ohl\u00e1vka &#038; vod\u00edtko Royal Blue"}]},{"@type":"WebSite","@id":"https:\/\/arak.spicehorse.eu\/en\/#website","url":"https:\/\/arak.spicehorse.eu\/en\/","name":"Spicehorse","description":"UNDER DEVELOPMENT -","potentialAction":[{"@type":"SearchAction","target":{"@type":"EntryPoint","urlTemplate":"https:\/\/arak.spicehorse.eu\/en\/?s={search_term_string}"},"query-input":"required name=search_term_string"}],"inLanguage":"sk-SK"}]}},"_links":{"self":[{"href":"https:\/\/arak.spicehorse.eu\/sk\/wp-json\/wp\/v2\/product\/122576"}],"collection":[{"href":"https:\/\/arak.spicehorse.eu\/sk\/wp-json\/wp\/v2\/product"}],"about":[{"href":"https:\/\/arak.spicehorse.eu\/sk\/wp-json\/wp\/v2\/types\/product"}],"wp:featuredmedia":[{"embeddable":true,"href":"https:\/\/arak.spicehorse.eu\/sk\/wp-json\/wp\/v2\/media\/128038"}],"wp:attachment":[{"href":"https:\/\/arak.spicehorse.eu\/sk\/wp-json\/wp\/v2\/media?parent=122576"}],"wp:term":[{"taxonomy":"product_cat","embeddable":true,"href":"https:\/\/arak.spicehorse.eu\/sk\/wp-json\/wp\/v2\/product_cat?post=122576"},{"taxonomy":"product_tag","embeddable":true,"href":"https:\/\/arak.spicehorse.eu\/sk\/wp-json\/wp\/v2\/product_tag?post=122576"}],"curies":[{"name":"wp","href":"https:\/\/api.w.org\/{rel}","templated":true}]}}