{"id":12476,"date":"2020-05-12T18:02:37","date_gmt":"2020-05-12T16:02:46","guid":{"rendered":"https:\/\/arak.spicehorse.eu\/?post_type=product&#038;p=12476"},"modified":"2023-11-23T11:36:48","modified_gmt":"2023-11-23T10:36:48","slug":"kentucky-kozene-zvon-na-kopyta","status":"publish","type":"product","link":"https:\/\/arak.spicehorse.eu\/sk\/produkt\/kentucky-kozene-zvon-na-kopyta\/","title":{"rendered":"Kentucky ko\u017een\u00e9 zvon na kopyt\u00e1"},"content":{"rendered":"<p><span lang=\"SK\">Zvony na kopyt\u00e1\u00a0Kentucky Horsewear\u00a0zo syntetickej ko\u017ee dokonale pohlcuj\u00fa \u00fadery, zabezpe\u010duj\u00fa maxim\u00e1lnu ochranu a\u00a0polstrovanie. Poskytuj\u00fa extra ochranu n\u00f4h pred poraneniami sp\u00f4soben\u00fdmi zakopnut\u00edm, preto\u017ee s\u00fa pevn\u00e9, tvrd\u00e9, vyroben\u00e9 z\u00a0na 100% nepremokav\u00e9ho PVC materi\u00e1lu.<\/span><\/p>\n<p><span lang=\"SK\">Pri umiest\u0148ovan\u00ed sa m\u00f4\u017eu zda\u0165 mal\u00e9, ale boli \u0161peci\u00e1lne vyvinut\u00e9 tak, aby dokonale sadli, boli bezpe\u010dn\u00e9 a\u00a0stabiln\u00e9. V\u010faka siln\u00fdm such\u00fdm zipsom sa ve\u013emi \u013eahko nas\u00e1dzaj\u00fa, o\u0161etrovanie je tie\u017e jednoduch\u00e9, preto\u017ee sa daj\u00fa pra\u0165 v\u00a0pr\u00e1\u010dke na 30\u00b0 (nevkladajte do su\u0161i\u010dky). Pre dokonal\u00fd lesk pou\u017e\u00edvajte ochrann\u00fd \u010distiaci spray \u00a0Kentucky Tack Cleaner! Syntetick\u00e1 ko\u017ea na 100% priate\u013esk\u00e1 k\u00a0zvierat\u00e1m odpudzuje ne\u010distoty, pot a\u00a0vodu, preto je odoln\u00e1. Zvony na kopyt\u00e1 s\u00fa pevn\u00e9, pru\u017en\u00e9 a\u00a0pohodln\u00e9, v\u010faka vyvinutiu odborn\u00edkmi maj\u00fa dokonal\u00e9 uplatnenie vo v\u0161etk\u00fdch odvetviach jazdectva.<\/span><\/p>\n","protected":false},"excerpt":{"rendered":"<h3><strong>Dokonal\u00e1 ochrana n\u00f4h pred poraneniami sp\u00f4soben\u00fdmi zakopnut\u00edm, preto\u017ee s\u00fa pevn\u00e9, tvrd\u00e9, vyroben\u00e9 z na 100% nepremokav\u00e9ho PVC materi\u00e1lu<\/strong><\/h3>\n<p><strong>Ve\u013ekosti: M, L, XL, XXL<\/strong><br \/>\n<strong>Farba:\u00a0\u010dierna<\/strong><\/p>\n<ul>\n<li>Dokonale sa prisp\u00f4sobuj\u00fa, s\u00fa bezpe\u010dn\u00e9, pohlcuj\u00fa \u00fadery, s\u00fa stabiln\u00e9<\/li>\n<li>Pru\u017en\u00e9 a pohodln\u00e9<\/li>\n<li>Bezprostredn\u00fd kontakt v\u00a0z\u00e1ujme vy\u0161\u0161ej ochrany a pohodlia<\/li>\n<li>Vyroben\u00e9 z\u00a0na 100% nepremokavej syntetickej PVC ko\u017ee<\/li>\n<li>\u013dahko sa aplikuj\u00fa, jednoduch\u00e9 o\u0161etrovanie<\/li>\n<li>Vhodn\u00e9 pre v\u0161etky jazdeck\u00e9 odvetvia<\/li>\n<\/ul>\n","protected":false},"featured_media":12539,"template":"","meta":{"_acf_changed":false},"product_cat":[75,116],"product_tag":[184,335,255],"acf":[],"yoast_head":"<!-- This site is optimized with the Yoast SEO plugin v21.4 - https:\/\/yoast.com\/wordpress\/plugins\/seo\/ -->\n<title>Kentucky ko\u017een\u00e9 zvon na kopyt\u00e1 - Spicehorse<\/title>\n<meta name=\"description\" content=\"spicehorse.eu | Kentucky Horsewear | Dokonal\u00e1 ochrana n\u00f4h pred poraneniami sp\u00f4soben\u00fdmi zakopnut\u00edm, preto\u017ee s\u00fa pevn\u00e9, tvrd\u00e9, vyroben\u00e9 z na 100% nepremokav\u00e9ho PVC materi\u00e1lu\" \/>\n<meta name=\"robots\" content=\"index, follow, max-snippet:-1, max-image-preview:large, max-video-preview:-1\" \/>\n<link rel=\"canonical\" href=\"https:\/\/arak.spicehorse.eu\/sk\/produkt\/kentucky-kozene-zvon-na-kopyta\/\" \/>\n<meta property=\"og:locale\" content=\"sk_SK\" \/>\n<meta property=\"og:type\" content=\"article\" \/>\n<meta property=\"og:title\" content=\"Kentucky ko\u017een\u00e9 zvon na kopyt\u00e1 - Spicehorse\" \/>\n<meta property=\"og:description\" content=\"spicehorse.eu | Kentucky Horsewear | Dokonal\u00e1 ochrana n\u00f4h pred poraneniami sp\u00f4soben\u00fdmi zakopnut\u00edm, preto\u017ee s\u00fa pevn\u00e9, tvrd\u00e9, vyroben\u00e9 z na 100% nepremokav\u00e9ho PVC materi\u00e1lu\" \/>\n<meta property=\"og:url\" content=\"https:\/\/arak.spicehorse.eu\/sk\/produkt\/kentucky-kozene-zvon-na-kopyta\/\" \/>\n<meta property=\"og:site_name\" content=\"Spicehorse\" \/>\n<meta property=\"article:publisher\" content=\"https:\/\/www.facebook.com\/SPICEHORSE-550385625402457\/\" \/>\n<meta property=\"article:modified_time\" content=\"2023-11-23T10:36:48+00:00\" \/>\n<meta property=\"og:image\" content=\"https:\/\/arak.spicehorse.eu\/wp-content\/uploads\/2020\/05\/88294-01-P.jpg\" \/>\n\t<meta property=\"og:image:width\" content=\"2048\" \/>\n\t<meta property=\"og:image:height\" content=\"2048\" \/>\n\t<meta property=\"og:image:type\" content=\"image\/jpeg\" \/>\n<meta name=\"twitter:card\" content=\"summary_large_image\" \/>\n<meta name=\"twitter:label1\" content=\"Predpokladan\u00fd \u010das \u010d\u00edtania\" \/>\n\t<meta name=\"twitter:data1\" content=\"1 min\u00fata\" \/>\n<script type=\"application\/ld+json\" class=\"yoast-schema-graph\">{\"@context\":\"https:\/\/schema.org\",\"@graph\":[{\"@type\":\"WebPage\",\"@id\":\"https:\/\/arak.spicehorse.eu\/sk\/produkt\/kentucky-kozene-zvon-na-kopyta\/\",\"url\":\"https:\/\/arak.spicehorse.eu\/sk\/produkt\/kentucky-kozene-zvon-na-kopyta\/\",\"name\":\"Kentucky ko\u017een\u00e9 zvon na kopyt\u00e1 - Spicehorse\",\"isPartOf\":{\"@id\":\"https:\/\/arak.spicehorse.eu\/en\/#website\"},\"datePublished\":\"2020-05-12T16:02:46+00:00\",\"dateModified\":\"2023-11-23T10:36:48+00:00\",\"description\":\"spicehorse.eu | Kentucky Horsewear | Dokonal\u00e1 ochrana n\u00f4h pred poraneniami sp\u00f4soben\u00fdmi zakopnut\u00edm, preto\u017ee s\u00fa pevn\u00e9, tvrd\u00e9, vyroben\u00e9 z na 100% nepremokav\u00e9ho PVC materi\u00e1lu\",\"breadcrumb\":{\"@id\":\"https:\/\/arak.spicehorse.eu\/sk\/produkt\/kentucky-kozene-zvon-na-kopyta\/#breadcrumb\"},\"inLanguage\":\"sk-SK\",\"potentialAction\":[{\"@type\":\"ReadAction\",\"target\":[\"https:\/\/arak.spicehorse.eu\/sk\/produkt\/kentucky-kozene-zvon-na-kopyta\/\"]}]},{\"@type\":\"BreadcrumbList\",\"@id\":\"https:\/\/arak.spicehorse.eu\/sk\/produkt\/kentucky-kozene-zvon-na-kopyta\/#breadcrumb\",\"itemListElement\":[{\"@type\":\"ListItem\",\"position\":1,\"name\":\"Home\",\"item\":\"https:\/\/arak.spicehorse.eu\/sk\/\"},{\"@type\":\"ListItem\",\"position\":2,\"name\":\"Predaj\u0148a\",\"item\":\"https:\/\/arak.spicehorse.eu\/sk\/predajna\/\"},{\"@type\":\"ListItem\",\"position\":3,\"name\":\"Kentucky ko\u017een\u00e9 zvon na kopyt\u00e1\"}]},{\"@type\":\"WebSite\",\"@id\":\"https:\/\/arak.spicehorse.eu\/en\/#website\",\"url\":\"https:\/\/arak.spicehorse.eu\/en\/\",\"name\":\"Spicehorse\",\"description\":\"UNDER DEVELOPMENT -\",\"potentialAction\":[{\"@type\":\"SearchAction\",\"target\":{\"@type\":\"EntryPoint\",\"urlTemplate\":\"https:\/\/arak.spicehorse.eu\/en\/?s={search_term_string}\"},\"query-input\":\"required name=search_term_string\"}],\"inLanguage\":\"sk-SK\"}]}<\/script>\n<!-- \/ Yoast SEO plugin. -->","yoast_head_json":{"title":"Kentucky ko\u017een\u00e9 zvon na kopyt\u00e1 - Spicehorse","description":"spicehorse.eu | Kentucky Horsewear | Dokonal\u00e1 ochrana n\u00f4h pred poraneniami sp\u00f4soben\u00fdmi zakopnut\u00edm, preto\u017ee s\u00fa pevn\u00e9, tvrd\u00e9, vyroben\u00e9 z na 100% nepremokav\u00e9ho PVC materi\u00e1lu","robots":{"index":"index","follow":"follow","max-snippet":"max-snippet:-1","max-image-preview":"max-image-preview:large","max-video-preview":"max-video-preview:-1"},"canonical":"https:\/\/arak.spicehorse.eu\/sk\/produkt\/kentucky-kozene-zvon-na-kopyta\/","og_locale":"sk_SK","og_type":"article","og_title":"Kentucky ko\u017een\u00e9 zvon na kopyt\u00e1 - Spicehorse","og_description":"spicehorse.eu | Kentucky Horsewear | Dokonal\u00e1 ochrana n\u00f4h pred poraneniami sp\u00f4soben\u00fdmi zakopnut\u00edm, preto\u017ee s\u00fa pevn\u00e9, tvrd\u00e9, vyroben\u00e9 z na 100% nepremokav\u00e9ho PVC materi\u00e1lu","og_url":"https:\/\/arak.spicehorse.eu\/sk\/produkt\/kentucky-kozene-zvon-na-kopyta\/","og_site_name":"Spicehorse","article_publisher":"https:\/\/www.facebook.com\/SPICEHORSE-550385625402457\/","article_modified_time":"2023-11-23T10:36:48+00:00","og_image":[{"width":2048,"height":2048,"url":"https:\/\/arak.spicehorse.eu\/wp-content\/uploads\/2020\/05\/88294-01-P.jpg","type":"image\/jpeg"}],"twitter_card":"summary_large_image","twitter_misc":{"Predpokladan\u00fd \u010das \u010d\u00edtania":"1 min\u00fata"},"schema":{"@context":"https:\/\/schema.org","@graph":[{"@type":"WebPage","@id":"https:\/\/arak.spicehorse.eu\/sk\/produkt\/kentucky-kozene-zvon-na-kopyta\/","url":"https:\/\/arak.spicehorse.eu\/sk\/produkt\/kentucky-kozene-zvon-na-kopyta\/","name":"Kentucky ko\u017een\u00e9 zvon na kopyt\u00e1 - Spicehorse","isPartOf":{"@id":"https:\/\/arak.spicehorse.eu\/en\/#website"},"datePublished":"2020-05-12T16:02:46+00:00","dateModified":"2023-11-23T10:36:48+00:00","description":"spicehorse.eu | Kentucky Horsewear | Dokonal\u00e1 ochrana n\u00f4h pred poraneniami sp\u00f4soben\u00fdmi zakopnut\u00edm, preto\u017ee s\u00fa pevn\u00e9, tvrd\u00e9, vyroben\u00e9 z na 100% nepremokav\u00e9ho PVC materi\u00e1lu","breadcrumb":{"@id":"https:\/\/arak.spicehorse.eu\/sk\/produkt\/kentucky-kozene-zvon-na-kopyta\/#breadcrumb"},"inLanguage":"sk-SK","potentialAction":[{"@type":"ReadAction","target":["https:\/\/arak.spicehorse.eu\/sk\/produkt\/kentucky-kozene-zvon-na-kopyta\/"]}]},{"@type":"BreadcrumbList","@id":"https:\/\/arak.spicehorse.eu\/sk\/produkt\/kentucky-kozene-zvon-na-kopyta\/#breadcrumb","itemListElement":[{"@type":"ListItem","position":1,"name":"Home","item":"https:\/\/arak.spicehorse.eu\/sk\/"},{"@type":"ListItem","position":2,"name":"Predaj\u0148a","item":"https:\/\/arak.spicehorse.eu\/sk\/predajna\/"},{"@type":"ListItem","position":3,"name":"Kentucky ko\u017een\u00e9 zvon na kopyt\u00e1"}]},{"@type":"WebSite","@id":"https:\/\/arak.spicehorse.eu\/en\/#website","url":"https:\/\/arak.spicehorse.eu\/en\/","name":"Spicehorse","description":"UNDER DEVELOPMENT -","potentialAction":[{"@type":"SearchAction","target":{"@type":"EntryPoint","urlTemplate":"https:\/\/arak.spicehorse.eu\/en\/?s={search_term_string}"},"query-input":"required name=search_term_string"}],"inLanguage":"sk-SK"}]}},"_links":{"self":[{"href":"https:\/\/arak.spicehorse.eu\/sk\/wp-json\/wp\/v2\/product\/12476"}],"collection":[{"href":"https:\/\/arak.spicehorse.eu\/sk\/wp-json\/wp\/v2\/product"}],"about":[{"href":"https:\/\/arak.spicehorse.eu\/sk\/wp-json\/wp\/v2\/types\/product"}],"wp:featuredmedia":[{"embeddable":true,"href":"https:\/\/arak.spicehorse.eu\/sk\/wp-json\/wp\/v2\/media\/12539"}],"wp:attachment":[{"href":"https:\/\/arak.spicehorse.eu\/sk\/wp-json\/wp\/v2\/media?parent=12476"}],"wp:term":[{"taxonomy":"product_cat","embeddable":true,"href":"https:\/\/arak.spicehorse.eu\/sk\/wp-json\/wp\/v2\/product_cat?post=12476"},{"taxonomy":"product_tag","embeddable":true,"href":"https:\/\/arak.spicehorse.eu\/sk\/wp-json\/wp\/v2\/product_tag?post=12476"}],"curies":[{"name":"wp","href":"https:\/\/api.w.org\/{rel}","templated":true}]}}