{"id":126537,"date":"2023-06-01T15:10:00","date_gmt":"2023-06-01T13:10:02","guid":{"rendered":"https:\/\/arak.spicehorse.eu\/?post_type=product&#038;p=126537"},"modified":"2025-06-16T10:20:35","modified_gmt":"2025-06-16T08:20:35","slug":"likit-paddock","status":"publish","type":"product","link":"https:\/\/arak.spicehorse.eu\/sk\/produkt\/likit-paddock\/","title":{"rendered":"Likit Paddock"},"content":{"rendered":"<p>Likit Paddock obsahuje \u0161irok\u00fa \u0161k\u00e1lu z\u00e1kladn\u00fdch vitam\u00ednov a\u00a0miner\u00e1lnych l\u00e1tok, \u010falej v\u010faka vynikaj\u00facim vlastnostiam pridan\u00e9ho cesnaku, olejov a\u00a0kvasn\u00edc je dokonalou a\u00a0\u00fa\u010dinnou vo\u013ebou v\u00a0\u010dase, ke\u010f kone nemaj\u00fa ide\u00e1lne podmienky na pastvu.<\/p>\n<ul>\n<li>Neskuto\u010dne chutn\u00e9<\/li>\n<li>Jednoduch\u00e9 pou\u017eitie<\/li>\n<li>Obsahuje cesnak, preto pom\u00e1ha chr\u00e1ni\u0165 pred hmyzom a\u00a0pre\u010dis\u0165uje d\u00fdchacie cesty<\/li>\n<li>Happy Hooves formula \u00a0obsahuj\u00faca biot\u00edn, metion\u00edn a\u00a0zinok podporuje zdrav\u00fd rast kopyta<\/li>\n<li>Obsahuje oleje pre leskl\u00fa srs\u0165 a\u00a0pru\u017en\u00e9 \u0161\u013eachy<\/li>\n<li>Dod\u00e1va \u017eiviny na doplnenie nedostatkov p\u00f4dy\/pasienkov\/krmiva<\/li>\n<li>Kvasnice podporuj\u00fa tr\u00e1venia<\/li>\n<li>Ide\u00e1lne pre v\u0161etky kone aj pon\u00edky<\/li>\n<\/ul>\n<p>V\u00e1ha: 8 kg<\/p>\n","protected":false},"excerpt":{"rendered":"<p>Likit Paddock obsahuje \u0161irok\u00fa \u0161k\u00e1lu z\u00e1kladn\u00fdch vitam\u00ednov a\u00a0miner\u00e1lnych l\u00e1tok, \u010falej v\u010faka vynikaj\u00facim vlastnostiam pridan\u00e9ho cesnaku, olejov a\u00a0kvasn\u00edc je dokonalou a\u00a0\u00fa\u010dinnou vo\u013ebou v\u00a0\u010dase, ke\u010f kone nemaj\u00fa ide\u00e1lne podmienky na pastvu. Neskuto\u010dne chutn\u00e9 Jednoduch\u00e9 pou\u017eitie Obsahuje cesnak, preto pom\u00e1ha chr\u00e1ni\u0165 pred hmyzom a\u00a0pre\u010dis\u0165uje d\u00fdchacie cesty Happy Hooves formula \u00a0obsahuj\u00faca biot\u00edn, metion\u00edn a\u00a0zinok podporuje zdrav\u00fd rast kopyta Obsahuje [&hellip;]<\/p>\n","protected":false},"featured_media":126553,"template":"","meta":{"_acf_changed":false},"product_cat":[3178,75,100,120],"product_tag":[2392],"acf":[],"yoast_head":"<!-- This site is optimized with the Yoast SEO plugin v21.4 - https:\/\/yoast.com\/wordpress\/plugins\/seo\/ -->\n<title>Likit Paddock - Spicehorse<\/title>\n<meta name=\"description\" content=\"picehorse.eu | Likit Paddock obsahuje \u0161irok\u00fa \u0161k\u00e1lu z\u00e1kladn\u00fdch vitam\u00ednov a\u00a0miner\u00e1lnych l\u00e1tok, \u010falej v\u010faka vynikaj\u00facim vlastnostiam pridan\u00e9ho cesnaku, olejov a\u00a0kvasn\u00edc je dokonalou a\u00a0\u00fa\u010dinnou vo\u013ebou v\u00a0\u010dase, ke\u010f kone nemaj\u00fa ide\u00e1lne podmienky na pastvu.\" \/>\n<meta name=\"robots\" content=\"index, follow, max-snippet:-1, max-image-preview:large, max-video-preview:-1\" \/>\n<link rel=\"canonical\" href=\"https:\/\/arak.spicehorse.eu\/sk\/produkt\/likit-paddock\/\" \/>\n<meta property=\"og:locale\" content=\"sk_SK\" \/>\n<meta property=\"og:type\" content=\"article\" \/>\n<meta property=\"og:title\" content=\"Likit Paddock - Spicehorse\" \/>\n<meta property=\"og:description\" content=\"picehorse.eu | Likit Paddock obsahuje \u0161irok\u00fa \u0161k\u00e1lu z\u00e1kladn\u00fdch vitam\u00ednov a\u00a0miner\u00e1lnych l\u00e1tok, \u010falej v\u010faka vynikaj\u00facim vlastnostiam pridan\u00e9ho cesnaku, olejov a\u00a0kvasn\u00edc je dokonalou a\u00a0\u00fa\u010dinnou vo\u013ebou v\u00a0\u010dase, ke\u010f kone nemaj\u00fa ide\u00e1lne podmienky na pastvu.\" \/>\n<meta property=\"og:url\" content=\"https:\/\/arak.spicehorse.eu\/sk\/produkt\/likit-paddock\/\" \/>\n<meta property=\"og:site_name\" content=\"Spicehorse\" \/>\n<meta property=\"article:publisher\" content=\"https:\/\/www.facebook.com\/SPICEHORSE-550385625402457\/\" \/>\n<meta property=\"article:modified_time\" content=\"2025-06-16T08:20:35+00:00\" \/>\n<meta property=\"og:image\" content=\"https:\/\/arak.spicehorse.eu\/wp-content\/uploads\/2023\/06\/Likit-Paddock.jpg\" \/>\n\t<meta property=\"og:image:width\" content=\"1400\" \/>\n\t<meta property=\"og:image:height\" content=\"1400\" \/>\n\t<meta property=\"og:image:type\" content=\"image\/jpeg\" \/>\n<meta name=\"twitter:card\" content=\"summary_large_image\" \/>\n<meta name=\"twitter:label1\" content=\"Predpokladan\u00fd \u010das \u010d\u00edtania\" \/>\n\t<meta name=\"twitter:data1\" content=\"1 min\u00fata\" \/>\n<script type=\"application\/ld+json\" class=\"yoast-schema-graph\">{\"@context\":\"https:\/\/schema.org\",\"@graph\":[{\"@type\":\"WebPage\",\"@id\":\"https:\/\/arak.spicehorse.eu\/sk\/produkt\/likit-paddock\/\",\"url\":\"https:\/\/arak.spicehorse.eu\/sk\/produkt\/likit-paddock\/\",\"name\":\"Likit Paddock - Spicehorse\",\"isPartOf\":{\"@id\":\"https:\/\/arak.spicehorse.eu\/en\/#website\"},\"datePublished\":\"2023-06-01T13:10:02+00:00\",\"dateModified\":\"2025-06-16T08:20:35+00:00\",\"description\":\"picehorse.eu | Likit Paddock obsahuje \u0161irok\u00fa \u0161k\u00e1lu z\u00e1kladn\u00fdch vitam\u00ednov a\u00a0miner\u00e1lnych l\u00e1tok, \u010falej v\u010faka vynikaj\u00facim vlastnostiam pridan\u00e9ho cesnaku, olejov a\u00a0kvasn\u00edc je dokonalou a\u00a0\u00fa\u010dinnou vo\u013ebou v\u00a0\u010dase, ke\u010f kone nemaj\u00fa ide\u00e1lne podmienky na pastvu.\",\"breadcrumb\":{\"@id\":\"https:\/\/arak.spicehorse.eu\/sk\/produkt\/likit-paddock\/#breadcrumb\"},\"inLanguage\":\"sk-SK\",\"potentialAction\":[{\"@type\":\"ReadAction\",\"target\":[\"https:\/\/arak.spicehorse.eu\/sk\/produkt\/likit-paddock\/\"]}]},{\"@type\":\"BreadcrumbList\",\"@id\":\"https:\/\/arak.spicehorse.eu\/sk\/produkt\/likit-paddock\/#breadcrumb\",\"itemListElement\":[{\"@type\":\"ListItem\",\"position\":1,\"name\":\"Home\",\"item\":\"https:\/\/arak.spicehorse.eu\/sk\/\"},{\"@type\":\"ListItem\",\"position\":2,\"name\":\"Predaj\u0148a\",\"item\":\"https:\/\/arak.spicehorse.eu\/sk\/predajna\/\"},{\"@type\":\"ListItem\",\"position\":3,\"name\":\"Likit Paddock\"}]},{\"@type\":\"WebSite\",\"@id\":\"https:\/\/arak.spicehorse.eu\/en\/#website\",\"url\":\"https:\/\/arak.spicehorse.eu\/en\/\",\"name\":\"Spicehorse\",\"description\":\"UNDER DEVELOPMENT -\",\"potentialAction\":[{\"@type\":\"SearchAction\",\"target\":{\"@type\":\"EntryPoint\",\"urlTemplate\":\"https:\/\/arak.spicehorse.eu\/en\/?s={search_term_string}\"},\"query-input\":\"required name=search_term_string\"}],\"inLanguage\":\"sk-SK\"}]}<\/script>\n<!-- \/ Yoast SEO plugin. -->","yoast_head_json":{"title":"Likit Paddock - Spicehorse","description":"picehorse.eu | Likit Paddock obsahuje \u0161irok\u00fa \u0161k\u00e1lu z\u00e1kladn\u00fdch vitam\u00ednov a\u00a0miner\u00e1lnych l\u00e1tok, \u010falej v\u010faka vynikaj\u00facim vlastnostiam pridan\u00e9ho cesnaku, olejov a\u00a0kvasn\u00edc je dokonalou a\u00a0\u00fa\u010dinnou vo\u013ebou v\u00a0\u010dase, ke\u010f kone nemaj\u00fa ide\u00e1lne podmienky na pastvu.","robots":{"index":"index","follow":"follow","max-snippet":"max-snippet:-1","max-image-preview":"max-image-preview:large","max-video-preview":"max-video-preview:-1"},"canonical":"https:\/\/arak.spicehorse.eu\/sk\/produkt\/likit-paddock\/","og_locale":"sk_SK","og_type":"article","og_title":"Likit Paddock - Spicehorse","og_description":"picehorse.eu | Likit Paddock obsahuje \u0161irok\u00fa \u0161k\u00e1lu z\u00e1kladn\u00fdch vitam\u00ednov a\u00a0miner\u00e1lnych l\u00e1tok, \u010falej v\u010faka vynikaj\u00facim vlastnostiam pridan\u00e9ho cesnaku, olejov a\u00a0kvasn\u00edc je dokonalou a\u00a0\u00fa\u010dinnou vo\u013ebou v\u00a0\u010dase, ke\u010f kone nemaj\u00fa ide\u00e1lne podmienky na pastvu.","og_url":"https:\/\/arak.spicehorse.eu\/sk\/produkt\/likit-paddock\/","og_site_name":"Spicehorse","article_publisher":"https:\/\/www.facebook.com\/SPICEHORSE-550385625402457\/","article_modified_time":"2025-06-16T08:20:35+00:00","og_image":[{"width":1400,"height":1400,"url":"https:\/\/arak.spicehorse.eu\/wp-content\/uploads\/2023\/06\/Likit-Paddock.jpg","type":"image\/jpeg"}],"twitter_card":"summary_large_image","twitter_misc":{"Predpokladan\u00fd \u010das \u010d\u00edtania":"1 min\u00fata"},"schema":{"@context":"https:\/\/schema.org","@graph":[{"@type":"WebPage","@id":"https:\/\/arak.spicehorse.eu\/sk\/produkt\/likit-paddock\/","url":"https:\/\/arak.spicehorse.eu\/sk\/produkt\/likit-paddock\/","name":"Likit Paddock - Spicehorse","isPartOf":{"@id":"https:\/\/arak.spicehorse.eu\/en\/#website"},"datePublished":"2023-06-01T13:10:02+00:00","dateModified":"2025-06-16T08:20:35+00:00","description":"picehorse.eu | Likit Paddock obsahuje \u0161irok\u00fa \u0161k\u00e1lu z\u00e1kladn\u00fdch vitam\u00ednov a\u00a0miner\u00e1lnych l\u00e1tok, \u010falej v\u010faka vynikaj\u00facim vlastnostiam pridan\u00e9ho cesnaku, olejov a\u00a0kvasn\u00edc je dokonalou a\u00a0\u00fa\u010dinnou vo\u013ebou v\u00a0\u010dase, ke\u010f kone nemaj\u00fa ide\u00e1lne podmienky na pastvu.","breadcrumb":{"@id":"https:\/\/arak.spicehorse.eu\/sk\/produkt\/likit-paddock\/#breadcrumb"},"inLanguage":"sk-SK","potentialAction":[{"@type":"ReadAction","target":["https:\/\/arak.spicehorse.eu\/sk\/produkt\/likit-paddock\/"]}]},{"@type":"BreadcrumbList","@id":"https:\/\/arak.spicehorse.eu\/sk\/produkt\/likit-paddock\/#breadcrumb","itemListElement":[{"@type":"ListItem","position":1,"name":"Home","item":"https:\/\/arak.spicehorse.eu\/sk\/"},{"@type":"ListItem","position":2,"name":"Predaj\u0148a","item":"https:\/\/arak.spicehorse.eu\/sk\/predajna\/"},{"@type":"ListItem","position":3,"name":"Likit Paddock"}]},{"@type":"WebSite","@id":"https:\/\/arak.spicehorse.eu\/en\/#website","url":"https:\/\/arak.spicehorse.eu\/en\/","name":"Spicehorse","description":"UNDER DEVELOPMENT -","potentialAction":[{"@type":"SearchAction","target":{"@type":"EntryPoint","urlTemplate":"https:\/\/arak.spicehorse.eu\/en\/?s={search_term_string}"},"query-input":"required name=search_term_string"}],"inLanguage":"sk-SK"}]}},"_links":{"self":[{"href":"https:\/\/arak.spicehorse.eu\/sk\/wp-json\/wp\/v2\/product\/126537"}],"collection":[{"href":"https:\/\/arak.spicehorse.eu\/sk\/wp-json\/wp\/v2\/product"}],"about":[{"href":"https:\/\/arak.spicehorse.eu\/sk\/wp-json\/wp\/v2\/types\/product"}],"wp:featuredmedia":[{"embeddable":true,"href":"https:\/\/arak.spicehorse.eu\/sk\/wp-json\/wp\/v2\/media\/126553"}],"wp:attachment":[{"href":"https:\/\/arak.spicehorse.eu\/sk\/wp-json\/wp\/v2\/media?parent=126537"}],"wp:term":[{"taxonomy":"product_cat","embeddable":true,"href":"https:\/\/arak.spicehorse.eu\/sk\/wp-json\/wp\/v2\/product_cat?post=126537"},{"taxonomy":"product_tag","embeddable":true,"href":"https:\/\/arak.spicehorse.eu\/sk\/wp-json\/wp\/v2\/product_tag?post=126537"}],"curies":[{"name":"wp","href":"https:\/\/api.w.org\/{rel}","templated":true}]}}