{"id":12672,"date":"2020-05-10T10:53:42","date_gmt":"2020-05-10T08:53:42","guid":{"rendered":"https:\/\/arak.spicehorse.eu\/product\/kentucky-woven-stable-bag\/"},"modified":"2025-07-17T20:27:24","modified_gmt":"2025-07-17T18:27:24","slug":"equestrian-stockholm-stajnova-taska","status":"publish","type":"product","link":"https:\/\/arak.spicehorse.eu\/sk\/produkt\/equestrian-stockholm-stajnova-taska\/","title":{"rendered":"Equestrian Stockholm staj\u0148ov\u00e1 ta\u0161ka"},"content":{"rendered":"<p>Extra ve\u013ek\u00e1 staj\u0148ov\u00e1 ta\u0161ka \u00a0Equestrian Stockholm z\u00a0ve\u013emi odolnej polyesterovej tkaniny. M\u00e1 leskl\u00fa \u010diernu farbu a\u00a0dvojit\u00e9 u\u0161i.<\/p>\n<p>Je dokonal\u00e1 na skladovanie a\u00a0prepravu sena, podlo\u017eiek pod sedlo a\u00a0in\u00fdch potrieb.<\/p>\n<p>Jednoduch\u00e9 skladovanie, d\u00e1 sa \u00faplne posklada\u0165.<\/p>\n","protected":false},"excerpt":{"rendered":"<ul>\n<li>Ve\u013ekos\u0165: 60 cm \u0161\u00edrka \/ 45 cm v\u00fd\u0161ka\u00a0\/ 30 cm h\u013abka<\/li>\n<li>U\u0161i: dvojit\u00e9 u\u0161i \/ dlh\u00e9 &#8211; mo\u017eno ho prevesi\u0165 cez rameno, kr\u00e1tke &#8211; na nosenie v ruk\u00e1ch<\/li>\n<li>Farba: \u010dierna s\u00a0biely ES logom<\/li>\n<li>Pranie: \u013eahko sa \u010dist\u00ed vla\u017enou vodou<\/li>\n<\/ul>\n","protected":false},"featured_media":12277,"template":"","meta":{"_acf_changed":false},"product_cat":[76,311,75,100,120],"product_tag":[351,272],"acf":[],"yoast_head":"<!-- This site is optimized with the Yoast SEO plugin v21.4 - https:\/\/yoast.com\/wordpress\/plugins\/seo\/ -->\n<title>Equestrian Stockholm staj\u0148ov\u00e1 ta\u0161ka - Spicehorse<\/title>\n<meta name=\"description\" content=\"spicehorse.eu | Extra ve\u013ek\u00e1 staj\u0148ov\u00e1 ta\u0161ka \u00a0Equestrian Stockholm z\u00a0ve\u013emi odolnej polyesterovej tkaniny. M\u00e1 leskl\u00fa \u010diernu farbu a\u00a0dvojit\u00e9 u\u0161i.\" \/>\n<meta name=\"robots\" content=\"index, follow, max-snippet:-1, max-image-preview:large, max-video-preview:-1\" \/>\n<link rel=\"canonical\" href=\"https:\/\/arak.spicehorse.eu\/sk\/produkt\/equestrian-stockholm-stajnova-taska\/\" \/>\n<meta property=\"og:locale\" content=\"sk_SK\" \/>\n<meta property=\"og:type\" content=\"article\" \/>\n<meta property=\"og:title\" content=\"Equestrian Stockholm staj\u0148ov\u00e1 ta\u0161ka - Spicehorse\" \/>\n<meta property=\"og:description\" content=\"spicehorse.eu | Extra ve\u013ek\u00e1 staj\u0148ov\u00e1 ta\u0161ka \u00a0Equestrian Stockholm z\u00a0ve\u013emi odolnej polyesterovej tkaniny. M\u00e1 leskl\u00fa \u010diernu farbu a\u00a0dvojit\u00e9 u\u0161i.\" \/>\n<meta property=\"og:url\" content=\"https:\/\/arak.spicehorse.eu\/sk\/produkt\/equestrian-stockholm-stajnova-taska\/\" \/>\n<meta property=\"og:site_name\" content=\"Spicehorse\" \/>\n<meta property=\"article:publisher\" content=\"https:\/\/www.facebook.com\/SPICEHORSE-550385625402457\/\" \/>\n<meta property=\"article:modified_time\" content=\"2025-07-17T18:27:24+00:00\" \/>\n<meta property=\"og:image\" content=\"https:\/\/arak.spicehorse.eu\/wp-content\/uploads\/2020\/05\/equestrian-stockholm-stallpase.jpg\" \/>\n\t<meta property=\"og:image:width\" content=\"600\" \/>\n\t<meta property=\"og:image:height\" content=\"800\" \/>\n\t<meta property=\"og:image:type\" content=\"image\/jpeg\" \/>\n<meta name=\"twitter:card\" content=\"summary_large_image\" \/>\n<script type=\"application\/ld+json\" class=\"yoast-schema-graph\">{\"@context\":\"https:\/\/schema.org\",\"@graph\":[{\"@type\":\"WebPage\",\"@id\":\"https:\/\/arak.spicehorse.eu\/sk\/produkt\/equestrian-stockholm-stajnova-taska\/\",\"url\":\"https:\/\/arak.spicehorse.eu\/sk\/produkt\/equestrian-stockholm-stajnova-taska\/\",\"name\":\"Equestrian Stockholm staj\u0148ov\u00e1 ta\u0161ka - Spicehorse\",\"isPartOf\":{\"@id\":\"https:\/\/arak.spicehorse.eu\/en\/#website\"},\"datePublished\":\"2020-05-10T08:53:42+00:00\",\"dateModified\":\"2025-07-17T18:27:24+00:00\",\"description\":\"spicehorse.eu | Extra ve\u013ek\u00e1 staj\u0148ov\u00e1 ta\u0161ka \u00a0Equestrian Stockholm z\u00a0ve\u013emi odolnej polyesterovej tkaniny. M\u00e1 leskl\u00fa \u010diernu farbu a\u00a0dvojit\u00e9 u\u0161i.\",\"breadcrumb\":{\"@id\":\"https:\/\/arak.spicehorse.eu\/sk\/produkt\/equestrian-stockholm-stajnova-taska\/#breadcrumb\"},\"inLanguage\":\"sk-SK\",\"potentialAction\":[{\"@type\":\"ReadAction\",\"target\":[\"https:\/\/arak.spicehorse.eu\/sk\/produkt\/equestrian-stockholm-stajnova-taska\/\"]}]},{\"@type\":\"BreadcrumbList\",\"@id\":\"https:\/\/arak.spicehorse.eu\/sk\/produkt\/equestrian-stockholm-stajnova-taska\/#breadcrumb\",\"itemListElement\":[{\"@type\":\"ListItem\",\"position\":1,\"name\":\"Home\",\"item\":\"https:\/\/arak.spicehorse.eu\/sk\/\"},{\"@type\":\"ListItem\",\"position\":2,\"name\":\"Predaj\u0148a\",\"item\":\"https:\/\/arak.spicehorse.eu\/sk\/predajna\/\"},{\"@type\":\"ListItem\",\"position\":3,\"name\":\"Equestrian Stockholm staj\u0148ov\u00e1 ta\u0161ka\"}]},{\"@type\":\"WebSite\",\"@id\":\"https:\/\/arak.spicehorse.eu\/en\/#website\",\"url\":\"https:\/\/arak.spicehorse.eu\/en\/\",\"name\":\"Spicehorse\",\"description\":\"UNDER DEVELOPMENT -\",\"potentialAction\":[{\"@type\":\"SearchAction\",\"target\":{\"@type\":\"EntryPoint\",\"urlTemplate\":\"https:\/\/arak.spicehorse.eu\/en\/?s={search_term_string}\"},\"query-input\":\"required name=search_term_string\"}],\"inLanguage\":\"sk-SK\"}]}<\/script>\n<!-- \/ Yoast SEO plugin. -->","yoast_head_json":{"title":"Equestrian Stockholm staj\u0148ov\u00e1 ta\u0161ka - Spicehorse","description":"spicehorse.eu | Extra ve\u013ek\u00e1 staj\u0148ov\u00e1 ta\u0161ka \u00a0Equestrian Stockholm z\u00a0ve\u013emi odolnej polyesterovej tkaniny. M\u00e1 leskl\u00fa \u010diernu farbu a\u00a0dvojit\u00e9 u\u0161i.","robots":{"index":"index","follow":"follow","max-snippet":"max-snippet:-1","max-image-preview":"max-image-preview:large","max-video-preview":"max-video-preview:-1"},"canonical":"https:\/\/arak.spicehorse.eu\/sk\/produkt\/equestrian-stockholm-stajnova-taska\/","og_locale":"sk_SK","og_type":"article","og_title":"Equestrian Stockholm staj\u0148ov\u00e1 ta\u0161ka - Spicehorse","og_description":"spicehorse.eu | Extra ve\u013ek\u00e1 staj\u0148ov\u00e1 ta\u0161ka \u00a0Equestrian Stockholm z\u00a0ve\u013emi odolnej polyesterovej tkaniny. M\u00e1 leskl\u00fa \u010diernu farbu a\u00a0dvojit\u00e9 u\u0161i.","og_url":"https:\/\/arak.spicehorse.eu\/sk\/produkt\/equestrian-stockholm-stajnova-taska\/","og_site_name":"Spicehorse","article_publisher":"https:\/\/www.facebook.com\/SPICEHORSE-550385625402457\/","article_modified_time":"2025-07-17T18:27:24+00:00","og_image":[{"width":600,"height":800,"url":"https:\/\/arak.spicehorse.eu\/wp-content\/uploads\/2020\/05\/equestrian-stockholm-stallpase.jpg","type":"image\/jpeg"}],"twitter_card":"summary_large_image","schema":{"@context":"https:\/\/schema.org","@graph":[{"@type":"WebPage","@id":"https:\/\/arak.spicehorse.eu\/sk\/produkt\/equestrian-stockholm-stajnova-taska\/","url":"https:\/\/arak.spicehorse.eu\/sk\/produkt\/equestrian-stockholm-stajnova-taska\/","name":"Equestrian Stockholm staj\u0148ov\u00e1 ta\u0161ka - Spicehorse","isPartOf":{"@id":"https:\/\/arak.spicehorse.eu\/en\/#website"},"datePublished":"2020-05-10T08:53:42+00:00","dateModified":"2025-07-17T18:27:24+00:00","description":"spicehorse.eu | Extra ve\u013ek\u00e1 staj\u0148ov\u00e1 ta\u0161ka \u00a0Equestrian Stockholm z\u00a0ve\u013emi odolnej polyesterovej tkaniny. M\u00e1 leskl\u00fa \u010diernu farbu a\u00a0dvojit\u00e9 u\u0161i.","breadcrumb":{"@id":"https:\/\/arak.spicehorse.eu\/sk\/produkt\/equestrian-stockholm-stajnova-taska\/#breadcrumb"},"inLanguage":"sk-SK","potentialAction":[{"@type":"ReadAction","target":["https:\/\/arak.spicehorse.eu\/sk\/produkt\/equestrian-stockholm-stajnova-taska\/"]}]},{"@type":"BreadcrumbList","@id":"https:\/\/arak.spicehorse.eu\/sk\/produkt\/equestrian-stockholm-stajnova-taska\/#breadcrumb","itemListElement":[{"@type":"ListItem","position":1,"name":"Home","item":"https:\/\/arak.spicehorse.eu\/sk\/"},{"@type":"ListItem","position":2,"name":"Predaj\u0148a","item":"https:\/\/arak.spicehorse.eu\/sk\/predajna\/"},{"@type":"ListItem","position":3,"name":"Equestrian Stockholm staj\u0148ov\u00e1 ta\u0161ka"}]},{"@type":"WebSite","@id":"https:\/\/arak.spicehorse.eu\/en\/#website","url":"https:\/\/arak.spicehorse.eu\/en\/","name":"Spicehorse","description":"UNDER DEVELOPMENT -","potentialAction":[{"@type":"SearchAction","target":{"@type":"EntryPoint","urlTemplate":"https:\/\/arak.spicehorse.eu\/en\/?s={search_term_string}"},"query-input":"required name=search_term_string"}],"inLanguage":"sk-SK"}]}},"_links":{"self":[{"href":"https:\/\/arak.spicehorse.eu\/sk\/wp-json\/wp\/v2\/product\/12672"}],"collection":[{"href":"https:\/\/arak.spicehorse.eu\/sk\/wp-json\/wp\/v2\/product"}],"about":[{"href":"https:\/\/arak.spicehorse.eu\/sk\/wp-json\/wp\/v2\/types\/product"}],"wp:featuredmedia":[{"embeddable":true,"href":"https:\/\/arak.spicehorse.eu\/sk\/wp-json\/wp\/v2\/media\/12277"}],"wp:attachment":[{"href":"https:\/\/arak.spicehorse.eu\/sk\/wp-json\/wp\/v2\/media?parent=12672"}],"wp:term":[{"taxonomy":"product_cat","embeddable":true,"href":"https:\/\/arak.spicehorse.eu\/sk\/wp-json\/wp\/v2\/product_cat?post=12672"},{"taxonomy":"product_tag","embeddable":true,"href":"https:\/\/arak.spicehorse.eu\/sk\/wp-json\/wp\/v2\/product_tag?post=12672"}],"curies":[{"name":"wp","href":"https:\/\/api.w.org\/{rel}","templated":true}]}}