{"id":12806,"date":"2020-05-24T10:49:57","date_gmt":"2020-05-24T08:49:58","guid":{"rendered":"https:\/\/arak.spicehorse.eu\/?post_type=product&#038;p=12806"},"modified":"2023-11-23T11:36:36","modified_gmt":"2023-11-23T10:36:36","slug":"kentucky-taska-l-na-kantare","status":"publish","type":"product","link":"https:\/\/arak.spicehorse.eu\/sk\/produkt\/kentucky-taska-l-na-kantare\/","title":{"rendered":"Kentucky ta\u0161ka L na kant\u00e1re"},"content":{"rendered":"<p>Kentucky Horsewear ta\u0161ka na kant\u00e1re chr\u00e1ni kant\u00e1re pri transporte, po\u010das s\u00fa\u0165a\u017e\u00ed, alebo aj pri dom\u00e1com pou\u017e\u00edvan\u00ed. Vn\u00fatro ta\u0161ky je z\u00a0umelej ko\u017eu\u0161iny, chr\u00e1ni ko\u017een\u00e9 kant\u00e1re pred po\u0161koden\u00edm. Vo vn\u00fatri sa nach\u00e1dza h\u00e1\u010dik, na ktor\u00fd sa kant\u00e1r \u013eahko upev\u0148uje. Visa\u010dku s\u00a0logom m\u00f4\u017eeme obr\u00e1ti\u0165 a\u00a0grav\u00edrova\u0165. Na vrchu ta\u0161ky sa nach\u00e1dza z\u00e1vesn\u00fd h\u00e1\u010dik, \u013eahko ju m\u00f4\u017eeme zavesi\u0165 na \u013eubovo\u013en\u00e9 miesto.<\/p>\n<p>Ta\u0161ka je vyroben\u00e1 z\u00a0rovnak\u00e9ho materi\u00e1lu so \u0161tepovan\u00edm v\u00a0tvare diamantu, ako ostatn\u00e9 staj\u0148ov\u00e9 doplnky Kentucky Horsewear (staj\u0148ov\u00fd z\u00e1ves, parav\u00e1n na dvere boxu, chr\u00e1ni\u010d hlavy) a\u00a0Kentucky deky!\u00a0Preto touto ta\u0161kou na kant\u00e1re nasad\u00edme korunu n\u00e1\u0161mu Kentucky show s\u00fa\u0165a\u017en\u00e9mu outfitu.<\/p>\n<p>Kentucky ta\u0161ku na kant\u00e1re m\u00f4\u017eeme pra\u0165 v\u00a0pr\u00e1\u010dke na 30\u00b0 (nevkladajte do su\u0161i\u010dky).<\/p>\n","protected":false},"excerpt":{"rendered":"<h3><strong>Kentucky Horsewear ta\u0161ka na kant\u00e1re chr\u00e1ni kant\u00e1re pri transporte, po\u010das s\u00fa\u0165a\u017e\u00ed, alebo aj pri dom\u00e1com pou\u017e\u00edvan\u00ed. \u00a0<\/strong><\/h3>\n<p><strong>Ve\u013ekos\u0165: L<\/strong><br \/>\n<strong>Farba: navy<\/strong><\/p>\n<ul>\n<li>Poskytuje kant\u00e1rom ochranu<\/li>\n<li>Vn\u00fatro z\u00a0umelej ko\u017eu\u0161iny<\/li>\n<li>Kant\u00e1r v\u00a0nej mo\u017eno uchyti\u0165<\/li>\n<li>Ta\u0161ka sa \u013eahko upev\u0148uje, zavesuje<\/li>\n<li>Mo\u017eno ju grav\u00edrova\u0165<\/li>\n<li>\u0160tepovanie v\u00a0tvare diamantu, dokonale lad\u00ed s\u00a0dekami a\u00a0staj\u0148ov\u00fdmi doplnkami<\/li>\n<li>Mo\u017eno pra\u0165 v\u00a0pr\u00e1\u010dke na 30\u00b0 (nevkladajte do su\u0161i\u010dky)<\/li>\n<\/ul>\n","protected":false},"featured_media":69687,"template":"","meta":{"_acf_changed":false},"product_cat":[75,120,511],"product_tag":[184,272],"acf":[],"yoast_head":"<!-- This site is optimized with the Yoast SEO plugin v21.4 - https:\/\/yoast.com\/wordpress\/plugins\/seo\/ -->\n<title>Kentucky ta\u0161ka L na kant\u00e1re - Spicehorse<\/title>\n<meta name=\"description\" content=\"spicehorse.eu | Kentucky Horsewear ta\u0161ka na kant\u00e1re chr\u00e1ni kant\u00e1re pri transporte, po\u010das s\u00fa\u0165a\u017e\u00ed, alebo aj pri dom\u00e1com pou\u017e\u00edvan\u00ed.\" \/>\n<meta name=\"robots\" content=\"index, follow, max-snippet:-1, max-image-preview:large, max-video-preview:-1\" \/>\n<link rel=\"canonical\" href=\"https:\/\/arak.spicehorse.eu\/sk\/produkt\/kentucky-taska-l-na-kantare\/\" \/>\n<meta property=\"og:locale\" content=\"sk_SK\" \/>\n<meta property=\"og:type\" content=\"article\" \/>\n<meta property=\"og:title\" content=\"Kentucky ta\u0161ka L na kant\u00e1re - Spicehorse\" \/>\n<meta property=\"og:description\" content=\"spicehorse.eu | Kentucky Horsewear ta\u0161ka na kant\u00e1re chr\u00e1ni kant\u00e1re pri transporte, po\u010das s\u00fa\u0165a\u017e\u00ed, alebo aj pri dom\u00e1com pou\u017e\u00edvan\u00ed.\" \/>\n<meta property=\"og:url\" content=\"https:\/\/arak.spicehorse.eu\/sk\/produkt\/kentucky-taska-l-na-kantare\/\" \/>\n<meta property=\"og:site_name\" content=\"Spicehorse\" \/>\n<meta property=\"article:publisher\" content=\"https:\/\/www.facebook.com\/SPICEHORSE-550385625402457\/\" \/>\n<meta property=\"article:modified_time\" content=\"2023-11-23T10:36:36+00:00\" \/>\n<meta property=\"og:image\" content=\"https:\/\/arak.spicehorse.eu\/wp-content\/uploads\/2020\/05\/ca026fea7d4605cd2de9f5fb89e39534b0d8e9a21ecded506c627c15b93876bc.jpg\" \/>\n\t<meta property=\"og:image:width\" content=\"2048\" \/>\n\t<meta property=\"og:image:height\" content=\"2048\" \/>\n\t<meta property=\"og:image:type\" content=\"image\/jpeg\" \/>\n<meta name=\"twitter:card\" content=\"summary_large_image\" \/>\n<meta name=\"twitter:label1\" content=\"Predpokladan\u00fd \u010das \u010d\u00edtania\" \/>\n\t<meta name=\"twitter:data1\" content=\"1 min\u00fata\" \/>\n<script type=\"application\/ld+json\" class=\"yoast-schema-graph\">{\"@context\":\"https:\/\/schema.org\",\"@graph\":[{\"@type\":\"WebPage\",\"@id\":\"https:\/\/arak.spicehorse.eu\/sk\/produkt\/kentucky-taska-l-na-kantare\/\",\"url\":\"https:\/\/arak.spicehorse.eu\/sk\/produkt\/kentucky-taska-l-na-kantare\/\",\"name\":\"Kentucky ta\u0161ka L na kant\u00e1re - Spicehorse\",\"isPartOf\":{\"@id\":\"https:\/\/arak.spicehorse.eu\/en\/#website\"},\"datePublished\":\"2020-05-24T08:49:58+00:00\",\"dateModified\":\"2023-11-23T10:36:36+00:00\",\"description\":\"spicehorse.eu | Kentucky Horsewear ta\u0161ka na kant\u00e1re chr\u00e1ni kant\u00e1re pri transporte, po\u010das s\u00fa\u0165a\u017e\u00ed, alebo aj pri dom\u00e1com pou\u017e\u00edvan\u00ed.\",\"breadcrumb\":{\"@id\":\"https:\/\/arak.spicehorse.eu\/sk\/produkt\/kentucky-taska-l-na-kantare\/#breadcrumb\"},\"inLanguage\":\"sk-SK\",\"potentialAction\":[{\"@type\":\"ReadAction\",\"target\":[\"https:\/\/arak.spicehorse.eu\/sk\/produkt\/kentucky-taska-l-na-kantare\/\"]}]},{\"@type\":\"BreadcrumbList\",\"@id\":\"https:\/\/arak.spicehorse.eu\/sk\/produkt\/kentucky-taska-l-na-kantare\/#breadcrumb\",\"itemListElement\":[{\"@type\":\"ListItem\",\"position\":1,\"name\":\"Home\",\"item\":\"https:\/\/arak.spicehorse.eu\/sk\/\"},{\"@type\":\"ListItem\",\"position\":2,\"name\":\"Predaj\u0148a\",\"item\":\"https:\/\/arak.spicehorse.eu\/sk\/predajna\/\"},{\"@type\":\"ListItem\",\"position\":3,\"name\":\"Kentucky ta\u0161ka L na kant\u00e1re\"}]},{\"@type\":\"WebSite\",\"@id\":\"https:\/\/arak.spicehorse.eu\/en\/#website\",\"url\":\"https:\/\/arak.spicehorse.eu\/en\/\",\"name\":\"Spicehorse\",\"description\":\"UNDER DEVELOPMENT -\",\"potentialAction\":[{\"@type\":\"SearchAction\",\"target\":{\"@type\":\"EntryPoint\",\"urlTemplate\":\"https:\/\/arak.spicehorse.eu\/en\/?s={search_term_string}\"},\"query-input\":\"required name=search_term_string\"}],\"inLanguage\":\"sk-SK\"}]}<\/script>\n<!-- \/ Yoast SEO plugin. -->","yoast_head_json":{"title":"Kentucky ta\u0161ka L na kant\u00e1re - Spicehorse","description":"spicehorse.eu | Kentucky Horsewear ta\u0161ka na kant\u00e1re chr\u00e1ni kant\u00e1re pri transporte, po\u010das s\u00fa\u0165a\u017e\u00ed, alebo aj pri dom\u00e1com pou\u017e\u00edvan\u00ed.","robots":{"index":"index","follow":"follow","max-snippet":"max-snippet:-1","max-image-preview":"max-image-preview:large","max-video-preview":"max-video-preview:-1"},"canonical":"https:\/\/arak.spicehorse.eu\/sk\/produkt\/kentucky-taska-l-na-kantare\/","og_locale":"sk_SK","og_type":"article","og_title":"Kentucky ta\u0161ka L na kant\u00e1re - Spicehorse","og_description":"spicehorse.eu | Kentucky Horsewear ta\u0161ka na kant\u00e1re chr\u00e1ni kant\u00e1re pri transporte, po\u010das s\u00fa\u0165a\u017e\u00ed, alebo aj pri dom\u00e1com pou\u017e\u00edvan\u00ed.","og_url":"https:\/\/arak.spicehorse.eu\/sk\/produkt\/kentucky-taska-l-na-kantare\/","og_site_name":"Spicehorse","article_publisher":"https:\/\/www.facebook.com\/SPICEHORSE-550385625402457\/","article_modified_time":"2023-11-23T10:36:36+00:00","og_image":[{"width":2048,"height":2048,"url":"https:\/\/arak.spicehorse.eu\/wp-content\/uploads\/2020\/05\/ca026fea7d4605cd2de9f5fb89e39534b0d8e9a21ecded506c627c15b93876bc.jpg","type":"image\/jpeg"}],"twitter_card":"summary_large_image","twitter_misc":{"Predpokladan\u00fd \u010das \u010d\u00edtania":"1 min\u00fata"},"schema":{"@context":"https:\/\/schema.org","@graph":[{"@type":"WebPage","@id":"https:\/\/arak.spicehorse.eu\/sk\/produkt\/kentucky-taska-l-na-kantare\/","url":"https:\/\/arak.spicehorse.eu\/sk\/produkt\/kentucky-taska-l-na-kantare\/","name":"Kentucky ta\u0161ka L na kant\u00e1re - Spicehorse","isPartOf":{"@id":"https:\/\/arak.spicehorse.eu\/en\/#website"},"datePublished":"2020-05-24T08:49:58+00:00","dateModified":"2023-11-23T10:36:36+00:00","description":"spicehorse.eu | Kentucky Horsewear ta\u0161ka na kant\u00e1re chr\u00e1ni kant\u00e1re pri transporte, po\u010das s\u00fa\u0165a\u017e\u00ed, alebo aj pri dom\u00e1com pou\u017e\u00edvan\u00ed.","breadcrumb":{"@id":"https:\/\/arak.spicehorse.eu\/sk\/produkt\/kentucky-taska-l-na-kantare\/#breadcrumb"},"inLanguage":"sk-SK","potentialAction":[{"@type":"ReadAction","target":["https:\/\/arak.spicehorse.eu\/sk\/produkt\/kentucky-taska-l-na-kantare\/"]}]},{"@type":"BreadcrumbList","@id":"https:\/\/arak.spicehorse.eu\/sk\/produkt\/kentucky-taska-l-na-kantare\/#breadcrumb","itemListElement":[{"@type":"ListItem","position":1,"name":"Home","item":"https:\/\/arak.spicehorse.eu\/sk\/"},{"@type":"ListItem","position":2,"name":"Predaj\u0148a","item":"https:\/\/arak.spicehorse.eu\/sk\/predajna\/"},{"@type":"ListItem","position":3,"name":"Kentucky ta\u0161ka L na kant\u00e1re"}]},{"@type":"WebSite","@id":"https:\/\/arak.spicehorse.eu\/en\/#website","url":"https:\/\/arak.spicehorse.eu\/en\/","name":"Spicehorse","description":"UNDER DEVELOPMENT -","potentialAction":[{"@type":"SearchAction","target":{"@type":"EntryPoint","urlTemplate":"https:\/\/arak.spicehorse.eu\/en\/?s={search_term_string}"},"query-input":"required name=search_term_string"}],"inLanguage":"sk-SK"}]}},"_links":{"self":[{"href":"https:\/\/arak.spicehorse.eu\/sk\/wp-json\/wp\/v2\/product\/12806"}],"collection":[{"href":"https:\/\/arak.spicehorse.eu\/sk\/wp-json\/wp\/v2\/product"}],"about":[{"href":"https:\/\/arak.spicehorse.eu\/sk\/wp-json\/wp\/v2\/types\/product"}],"wp:featuredmedia":[{"embeddable":true,"href":"https:\/\/arak.spicehorse.eu\/sk\/wp-json\/wp\/v2\/media\/69687"}],"wp:attachment":[{"href":"https:\/\/arak.spicehorse.eu\/sk\/wp-json\/wp\/v2\/media?parent=12806"}],"wp:term":[{"taxonomy":"product_cat","embeddable":true,"href":"https:\/\/arak.spicehorse.eu\/sk\/wp-json\/wp\/v2\/product_cat?post=12806"},{"taxonomy":"product_tag","embeddable":true,"href":"https:\/\/arak.spicehorse.eu\/sk\/wp-json\/wp\/v2\/product_tag?post=12806"}],"curies":[{"name":"wp","href":"https:\/\/api.w.org\/{rel}","templated":true}]}}