{"id":12969,"date":"2020-06-02T20:22:28","date_gmt":"2020-06-02T18:22:28","guid":{"rendered":"https:\/\/arak.spicehorse.eu\/?post_type=product&#038;p=12969"},"modified":"2025-12-07T13:22:30","modified_gmt":"2025-12-07T12:22:30","slug":"equestrian-stockholm-bordeaux-skokova-podsedlova-decka","status":"publish","type":"product","link":"https:\/\/arak.spicehorse.eu\/sk\/produkt\/equestrian-stockholm-bordeaux-skokova-podsedlova-decka\/","title":{"rendered":"Equestrian Stockholm Bordeaux skokov\u00e1 podsedlov\u00e1 de\u010dka"},"content":{"rendered":"<p>Equestrian Stockholm skokov\u00e1 podsedlov\u00e9 de\u010dky v\u00a0elegantnom dizajne vo ve\u013ekosti full. V\u00a0prekr\u00e1snej bordovej farbe, so strieborn\u00fdm a\u00a0bordov\u00fdm \u0161nurovan\u00edm, ur\u010dite sa stan\u00fa va\u0161imi ob\u013e\u00faben\u00fdmi! Vonkaj\u0161\u00ed materi\u00e1l je leskl\u00fd a\u00a0odpudzuje \u0161pinu, na boku sa nach\u00e1dza strieborn\u00e1 kovov\u00e1 tabu\u013eka s\u00a0n\u00e1pisom\u00a0Equestrian Stockholm. Vn\u00fatorn\u00e1 \u010das\u0165 z\u00a0extra r\u00fdchlo schn\u00faceho materi\u00e1lu mimoriadne \u00fa\u010dinne pohlcuje vlhkos\u0165.<\/p>\n<p>Dokonale lad\u00ed s\u00a0ostatn\u00fdmi v\u00fdrobkami kolekcie Equestrian Stockholm Bordeaux.<\/p>\n","protected":false},"excerpt":{"rendered":"<ul>\n<li>Ve\u013ekos\u0165: Full<\/li>\n<li>Farba: bordov\u00e1<\/li>\n<li>\u0160nurovanie: strieborn\u00e9, bordov\u00e9<\/li>\n<li>Kovov\u00e1 tabu\u013eka: strieborn\u00e1<\/li>\n<li>Pranie: na 30\u00b0\u00a0stup\u0148och \/ nepou\u017e\u00edvajte aviv\u00e1\u017e \/ nevkladajte do su\u0161i\u010dky\/ perte z\u00a0rubovej strany v\u00a0z\u00e1ujme \u00fa\u010dinnej\u0161ieho prania a\u00a0ochrany kovovej tabu\u013eky\/ such\u00e9 zipsy majte zapnut\u00e9<\/li>\n<\/ul>\n","protected":false},"featured_media":196459,"template":"","meta":{"_acf_changed":false},"product_cat":[1747,75,367],"product_tag":[492,351,361,219,2498],"acf":[],"yoast_head":"<!-- This site is optimized with the Yoast SEO plugin v21.4 - https:\/\/yoast.com\/wordpress\/plugins\/seo\/ -->\n<title>Equestrian Stockholm Bordeaux skokov\u00e1 podsedlov\u00e1 de\u010dka - Spicehorse<\/title>\n<meta name=\"description\" content=\"spicehorse.eu | Equestrian Stockholm skokov\u00e1 podsedlov\u00e9 de\u010dky v\u00a0elegantnom dizajne vo ve\u013ekosti full. V\u00a0prekr\u00e1snej bordovej farbe, so strieborn\u00fdm a\u00a0bordov\u00fdm \u0161nurovan\u00edm, ur\u010dite sa stan\u00fa va\u0161imi ob\u013e\u00faben\u00fdmi!\" \/>\n<meta name=\"robots\" content=\"index, follow, max-snippet:-1, max-image-preview:large, max-video-preview:-1\" \/>\n<link rel=\"canonical\" href=\"https:\/\/arak.spicehorse.eu\/sk\/produkt\/equestrian-stockholm-bordeaux-skokova-podsedlova-decka\/\" \/>\n<meta property=\"og:locale\" content=\"sk_SK\" \/>\n<meta property=\"og:type\" content=\"article\" \/>\n<meta property=\"og:title\" content=\"Equestrian Stockholm Bordeaux skokov\u00e1 podsedlov\u00e1 de\u010dka - Spicehorse\" \/>\n<meta property=\"og:description\" content=\"spicehorse.eu | Equestrian Stockholm skokov\u00e1 podsedlov\u00e9 de\u010dky v\u00a0elegantnom dizajne vo ve\u013ekosti full. V\u00a0prekr\u00e1snej bordovej farbe, so strieborn\u00fdm a\u00a0bordov\u00fdm \u0161nurovan\u00edm, ur\u010dite sa stan\u00fa va\u0161imi ob\u013e\u00faben\u00fdmi!\" \/>\n<meta property=\"og:url\" content=\"https:\/\/arak.spicehorse.eu\/sk\/produkt\/equestrian-stockholm-bordeaux-skokova-podsedlova-decka\/\" \/>\n<meta property=\"og:site_name\" content=\"Spicehorse\" \/>\n<meta property=\"article:publisher\" content=\"https:\/\/www.facebook.com\/SPICEHORSE-550385625402457\/\" \/>\n<meta property=\"article:modified_time\" content=\"2025-12-07T12:22:30+00:00\" \/>\n<meta property=\"og:image\" content=\"https:\/\/arak.spicehorse.eu\/wp-content\/uploads\/2020\/06\/bordeaux-classic-saddlepad-jump-1-1-2000pxjpg.webp\" \/>\n\t<meta property=\"og:image:width\" content=\"1500\" \/>\n\t<meta property=\"og:image:height\" content=\"2000\" \/>\n\t<meta property=\"og:image:type\" content=\"image\/webp\" \/>\n<meta name=\"twitter:card\" content=\"summary_large_image\" \/>\n<script type=\"application\/ld+json\" class=\"yoast-schema-graph\">{\"@context\":\"https:\/\/schema.org\",\"@graph\":[{\"@type\":\"WebPage\",\"@id\":\"https:\/\/arak.spicehorse.eu\/sk\/produkt\/equestrian-stockholm-bordeaux-skokova-podsedlova-decka\/\",\"url\":\"https:\/\/arak.spicehorse.eu\/sk\/produkt\/equestrian-stockholm-bordeaux-skokova-podsedlova-decka\/\",\"name\":\"Equestrian Stockholm Bordeaux skokov\u00e1 podsedlov\u00e1 de\u010dka - Spicehorse\",\"isPartOf\":{\"@id\":\"https:\/\/arak.spicehorse.eu\/en\/#website\"},\"datePublished\":\"2020-06-02T18:22:28+00:00\",\"dateModified\":\"2025-12-07T12:22:30+00:00\",\"description\":\"spicehorse.eu | Equestrian Stockholm skokov\u00e1 podsedlov\u00e9 de\u010dky v\u00a0elegantnom dizajne vo ve\u013ekosti full. V\u00a0prekr\u00e1snej bordovej farbe, so strieborn\u00fdm a\u00a0bordov\u00fdm \u0161nurovan\u00edm, ur\u010dite sa stan\u00fa va\u0161imi ob\u013e\u00faben\u00fdmi!\",\"breadcrumb\":{\"@id\":\"https:\/\/arak.spicehorse.eu\/sk\/produkt\/equestrian-stockholm-bordeaux-skokova-podsedlova-decka\/#breadcrumb\"},\"inLanguage\":\"sk-SK\",\"potentialAction\":[{\"@type\":\"ReadAction\",\"target\":[\"https:\/\/arak.spicehorse.eu\/sk\/produkt\/equestrian-stockholm-bordeaux-skokova-podsedlova-decka\/\"]}]},{\"@type\":\"BreadcrumbList\",\"@id\":\"https:\/\/arak.spicehorse.eu\/sk\/produkt\/equestrian-stockholm-bordeaux-skokova-podsedlova-decka\/#breadcrumb\",\"itemListElement\":[{\"@type\":\"ListItem\",\"position\":1,\"name\":\"Home\",\"item\":\"https:\/\/arak.spicehorse.eu\/sk\/\"},{\"@type\":\"ListItem\",\"position\":2,\"name\":\"Predaj\u0148a\",\"item\":\"https:\/\/arak.spicehorse.eu\/sk\/predajna\/\"},{\"@type\":\"ListItem\",\"position\":3,\"name\":\"Equestrian Stockholm Bordeaux skokov\u00e1 podsedlov\u00e1 de\u010dka\"}]},{\"@type\":\"WebSite\",\"@id\":\"https:\/\/arak.spicehorse.eu\/en\/#website\",\"url\":\"https:\/\/arak.spicehorse.eu\/en\/\",\"name\":\"Spicehorse\",\"description\":\"UNDER DEVELOPMENT -\",\"potentialAction\":[{\"@type\":\"SearchAction\",\"target\":{\"@type\":\"EntryPoint\",\"urlTemplate\":\"https:\/\/arak.spicehorse.eu\/en\/?s={search_term_string}\"},\"query-input\":\"required name=search_term_string\"}],\"inLanguage\":\"sk-SK\"}]}<\/script>\n<!-- \/ Yoast SEO plugin. -->","yoast_head_json":{"title":"Equestrian Stockholm Bordeaux skokov\u00e1 podsedlov\u00e1 de\u010dka - Spicehorse","description":"spicehorse.eu | Equestrian Stockholm skokov\u00e1 podsedlov\u00e9 de\u010dky v\u00a0elegantnom dizajne vo ve\u013ekosti full. V\u00a0prekr\u00e1snej bordovej farbe, so strieborn\u00fdm a\u00a0bordov\u00fdm \u0161nurovan\u00edm, ur\u010dite sa stan\u00fa va\u0161imi ob\u013e\u00faben\u00fdmi!","robots":{"index":"index","follow":"follow","max-snippet":"max-snippet:-1","max-image-preview":"max-image-preview:large","max-video-preview":"max-video-preview:-1"},"canonical":"https:\/\/arak.spicehorse.eu\/sk\/produkt\/equestrian-stockholm-bordeaux-skokova-podsedlova-decka\/","og_locale":"sk_SK","og_type":"article","og_title":"Equestrian Stockholm Bordeaux skokov\u00e1 podsedlov\u00e1 de\u010dka - Spicehorse","og_description":"spicehorse.eu | Equestrian Stockholm skokov\u00e1 podsedlov\u00e9 de\u010dky v\u00a0elegantnom dizajne vo ve\u013ekosti full. V\u00a0prekr\u00e1snej bordovej farbe, so strieborn\u00fdm a\u00a0bordov\u00fdm \u0161nurovan\u00edm, ur\u010dite sa stan\u00fa va\u0161imi ob\u013e\u00faben\u00fdmi!","og_url":"https:\/\/arak.spicehorse.eu\/sk\/produkt\/equestrian-stockholm-bordeaux-skokova-podsedlova-decka\/","og_site_name":"Spicehorse","article_publisher":"https:\/\/www.facebook.com\/SPICEHORSE-550385625402457\/","article_modified_time":"2025-12-07T12:22:30+00:00","og_image":[{"width":1500,"height":2000,"url":"https:\/\/arak.spicehorse.eu\/wp-content\/uploads\/2020\/06\/bordeaux-classic-saddlepad-jump-1-1-2000pxjpg.webp","type":"image\/webp"}],"twitter_card":"summary_large_image","schema":{"@context":"https:\/\/schema.org","@graph":[{"@type":"WebPage","@id":"https:\/\/arak.spicehorse.eu\/sk\/produkt\/equestrian-stockholm-bordeaux-skokova-podsedlova-decka\/","url":"https:\/\/arak.spicehorse.eu\/sk\/produkt\/equestrian-stockholm-bordeaux-skokova-podsedlova-decka\/","name":"Equestrian Stockholm Bordeaux skokov\u00e1 podsedlov\u00e1 de\u010dka - Spicehorse","isPartOf":{"@id":"https:\/\/arak.spicehorse.eu\/en\/#website"},"datePublished":"2020-06-02T18:22:28+00:00","dateModified":"2025-12-07T12:22:30+00:00","description":"spicehorse.eu | Equestrian Stockholm skokov\u00e1 podsedlov\u00e9 de\u010dky v\u00a0elegantnom dizajne vo ve\u013ekosti full. V\u00a0prekr\u00e1snej bordovej farbe, so strieborn\u00fdm a\u00a0bordov\u00fdm \u0161nurovan\u00edm, ur\u010dite sa stan\u00fa va\u0161imi ob\u013e\u00faben\u00fdmi!","breadcrumb":{"@id":"https:\/\/arak.spicehorse.eu\/sk\/produkt\/equestrian-stockholm-bordeaux-skokova-podsedlova-decka\/#breadcrumb"},"inLanguage":"sk-SK","potentialAction":[{"@type":"ReadAction","target":["https:\/\/arak.spicehorse.eu\/sk\/produkt\/equestrian-stockholm-bordeaux-skokova-podsedlova-decka\/"]}]},{"@type":"BreadcrumbList","@id":"https:\/\/arak.spicehorse.eu\/sk\/produkt\/equestrian-stockholm-bordeaux-skokova-podsedlova-decka\/#breadcrumb","itemListElement":[{"@type":"ListItem","position":1,"name":"Home","item":"https:\/\/arak.spicehorse.eu\/sk\/"},{"@type":"ListItem","position":2,"name":"Predaj\u0148a","item":"https:\/\/arak.spicehorse.eu\/sk\/predajna\/"},{"@type":"ListItem","position":3,"name":"Equestrian Stockholm Bordeaux skokov\u00e1 podsedlov\u00e1 de\u010dka"}]},{"@type":"WebSite","@id":"https:\/\/arak.spicehorse.eu\/en\/#website","url":"https:\/\/arak.spicehorse.eu\/en\/","name":"Spicehorse","description":"UNDER DEVELOPMENT -","potentialAction":[{"@type":"SearchAction","target":{"@type":"EntryPoint","urlTemplate":"https:\/\/arak.spicehorse.eu\/en\/?s={search_term_string}"},"query-input":"required name=search_term_string"}],"inLanguage":"sk-SK"}]}},"_links":{"self":[{"href":"https:\/\/arak.spicehorse.eu\/sk\/wp-json\/wp\/v2\/product\/12969"}],"collection":[{"href":"https:\/\/arak.spicehorse.eu\/sk\/wp-json\/wp\/v2\/product"}],"about":[{"href":"https:\/\/arak.spicehorse.eu\/sk\/wp-json\/wp\/v2\/types\/product"}],"wp:featuredmedia":[{"embeddable":true,"href":"https:\/\/arak.spicehorse.eu\/sk\/wp-json\/wp\/v2\/media\/196459"}],"wp:attachment":[{"href":"https:\/\/arak.spicehorse.eu\/sk\/wp-json\/wp\/v2\/media?parent=12969"}],"wp:term":[{"taxonomy":"product_cat","embeddable":true,"href":"https:\/\/arak.spicehorse.eu\/sk\/wp-json\/wp\/v2\/product_cat?post=12969"},{"taxonomy":"product_tag","embeddable":true,"href":"https:\/\/arak.spicehorse.eu\/sk\/wp-json\/wp\/v2\/product_tag?post=12969"}],"curies":[{"name":"wp","href":"https:\/\/api.w.org\/{rel}","templated":true}]}}