{"id":13029,"date":"2020-06-07T18:54:20","date_gmt":"2020-06-07T16:54:21","guid":{"rendered":"https:\/\/arak.spicehorse.eu\/?post_type=product&#038;p=13029"},"modified":"2023-11-23T11:36:21","modified_gmt":"2023-11-23T10:36:21","slug":"kentucky-wellington-leather-cabraka-s-tlmicom-zvuku","status":"publish","type":"product","link":"https:\/\/arak.spicehorse.eu\/sk\/produkt\/kentucky-wellington-leather-cabraka-s-tlmicom-zvuku\/","title":{"rendered":"Kentucky Wellington Leather \u010dabraka s tlmi\u010dom zvuku"},"content":{"rendered":"<p class=\"s12\"><span class=\"s9\"><span lang=\"SK\">Mimoriadne popul\u00e1rna ko\u017eenkov\u00e1 \u010dabraka<\/span><\/span><span lang=\"SK\">\u00a0<span class=\"s9\">Kentucky\u00a0Horsewear<\/span>\u00a0<span class=\"s9\">Wellington v\u00a0americkom \u0161t\u00fdle. Hned\u00fd lem z\u00a0ko\u017eenky dod\u00e1va ru\u010dne pletenej \u010dabrake extra vzh\u013ead. \u00a0<\/span><\/span><\/p>\n<p class=\"s12\"><span class=\"s9\"><span lang=\"SK\">\u010cabraka chr\u00e1ni u\u0161i ko\u0148a po\u010das jazdenia vo\u010di hmyzu a\u00a0nepr\u00edjemn\u00e9mu hluku. Je modern\u00e1, jedine\u010dn\u00e1, ru\u010dne pleten\u00e1 a mimoriadne odoln\u00e1. Oblas\u0165 okolo u\u0161\u00ed je vyroben\u00e1 z\u00a0pru\u017en\u00e9ho materi\u00e1lu,\u00a0slim\u00a0fit. \u010cas\u0165 okolo u\u0161\u00ed s\u00a0tlmi\u010dom zvuku dokonale dosad\u00e1 a\u00a0nezo\u0161mykuje sa. Chr\u00e1ni u\u0161i ko\u0148a pred hmyzom a\u00a0nepr\u00edjemn\u00fdmi zvukmi, t\u00fdm p\u00e1dom tieto neodv\u00e1dzaj\u00fa pozornos\u0165 ko\u0148a. <\/span><\/span><span lang=\"SK\">V\u010faka pred\u013a\u017eenej \u010dasti v\u00a0oblasti krku sa \u010dabraka ne\u0161m\u00fdka. Je bez loga, \u013eahko na nej m\u00f4\u017eete umiestni\u0165 svoje vlastn\u00e9 alebo sponzorsk\u00e9 logo.<\/span><\/p>\n","protected":false},"excerpt":{"rendered":"<h3>Lem z\u00a0hnedej ko\u017eenky dod\u00e1va \u010dabrake \u0161peci\u00e1lny vzh\u013ead.<\/h3>\n<p><strong>Ve\u013ekos\u0165: Full<\/strong><br \/>\n<strong>Farba: \u010dierna, hned\u00e1, tmavomodr\u00e1<\/strong><\/p>\n<ul>\n<li>Ochrana vo\u010di hmyzu<\/li>\n<li>Americk\u00fd \u0161t\u00fdl<\/li>\n<li>Lem z\u00a0hnedej ko\u017eenky<\/li>\n<li>Vyroben\u00e9 zo \u0161peci\u00e1lneho materi\u00e1lu tlmiaceho zvuky<\/li>\n<li>Ru\u010dne vyr\u00e1ban\u00fd v\u00fdrobok vysokej kvality<\/li>\n<li>S\u00a0pred\u013a\u017eenou \u010das\u0165ou v\u00a0oblasti krku, aby sa \u010dabraka nezo\u0161mykovala<\/li>\n<li>Bez loga<\/li>\n<li>\u013dahko na \u0148u mo\u017eno vy\u0161i\u0165 vlastn\u00e9 logo<\/li>\n<\/ul>\n","protected":false},"featured_media":66416,"template":"","meta":{"_acf_changed":false},"product_cat":[75,108],"product_tag":[265,184,335,266],"acf":[],"yoast_head":"<!-- This site is optimized with the Yoast SEO plugin v21.4 - https:\/\/yoast.com\/wordpress\/plugins\/seo\/ -->\n<title>Kentucky Wellington Leather \u010dabraka s tlmi\u010dom zvuku - Spicehorse<\/title>\n<meta name=\"description\" content=\"spicehorse.eu | Kentucky Ko\u017een\u00e9 \u010dabraky na u\u0161i Wellington. Leskl\u00e9 vl\u00e1kna dod\u00e1vaj\u00fa tkanine \u010dabraky mimoriadny lesk.\" \/>\n<meta name=\"robots\" content=\"index, follow, max-snippet:-1, max-image-preview:large, max-video-preview:-1\" \/>\n<link rel=\"canonical\" href=\"https:\/\/arak.spicehorse.eu\/sk\/produkt\/kentucky-wellington-leather-cabraka-s-tlmicom-zvuku\/\" \/>\n<meta property=\"og:locale\" content=\"sk_SK\" \/>\n<meta property=\"og:type\" content=\"article\" \/>\n<meta property=\"og:title\" content=\"Kentucky Wellington Leather \u010dabraka s tlmi\u010dom zvuku - Spicehorse\" \/>\n<meta property=\"og:description\" content=\"spicehorse.eu | Kentucky Ko\u017een\u00e9 \u010dabraky na u\u0161i Wellington. Leskl\u00e9 vl\u00e1kna dod\u00e1vaj\u00fa tkanine \u010dabraky mimoriadny lesk.\" \/>\n<meta property=\"og:url\" content=\"https:\/\/arak.spicehorse.eu\/sk\/produkt\/kentucky-wellington-leather-cabraka-s-tlmicom-zvuku\/\" \/>\n<meta property=\"og:site_name\" content=\"Spicehorse\" \/>\n<meta property=\"article:publisher\" content=\"https:\/\/www.facebook.com\/SPICEHORSE-550385625402457\/\" \/>\n<meta property=\"article:modified_time\" content=\"2023-11-23T10:36:21+00:00\" \/>\n<meta property=\"og:image\" content=\"https:\/\/arak.spicehorse.eu\/wp-content\/uploads\/2020\/06\/42612-33-2-564c22e810080218547dfa1c1093aa08-article-photobook-l.png\" \/>\n\t<meta property=\"og:image:width\" content=\"728\" \/>\n\t<meta property=\"og:image:height\" content=\"728\" \/>\n\t<meta property=\"og:image:type\" content=\"image\/png\" \/>\n<meta name=\"twitter:card\" content=\"summary_large_image\" \/>\n<meta name=\"twitter:label1\" content=\"Predpokladan\u00fd \u010das \u010d\u00edtania\" \/>\n\t<meta name=\"twitter:data1\" content=\"1 min\u00fata\" \/>\n<script type=\"application\/ld+json\" class=\"yoast-schema-graph\">{\"@context\":\"https:\/\/schema.org\",\"@graph\":[{\"@type\":\"WebPage\",\"@id\":\"https:\/\/arak.spicehorse.eu\/sk\/produkt\/kentucky-wellington-leather-cabraka-s-tlmicom-zvuku\/\",\"url\":\"https:\/\/arak.spicehorse.eu\/sk\/produkt\/kentucky-wellington-leather-cabraka-s-tlmicom-zvuku\/\",\"name\":\"Kentucky Wellington Leather \u010dabraka s tlmi\u010dom zvuku - Spicehorse\",\"isPartOf\":{\"@id\":\"https:\/\/arak.spicehorse.eu\/en\/#website\"},\"datePublished\":\"2020-06-07T16:54:21+00:00\",\"dateModified\":\"2023-11-23T10:36:21+00:00\",\"description\":\"spicehorse.eu | Kentucky Ko\u017een\u00e9 \u010dabraky na u\u0161i Wellington. Leskl\u00e9 vl\u00e1kna dod\u00e1vaj\u00fa tkanine \u010dabraky mimoriadny lesk.\",\"breadcrumb\":{\"@id\":\"https:\/\/arak.spicehorse.eu\/sk\/produkt\/kentucky-wellington-leather-cabraka-s-tlmicom-zvuku\/#breadcrumb\"},\"inLanguage\":\"sk-SK\",\"potentialAction\":[{\"@type\":\"ReadAction\",\"target\":[\"https:\/\/arak.spicehorse.eu\/sk\/produkt\/kentucky-wellington-leather-cabraka-s-tlmicom-zvuku\/\"]}]},{\"@type\":\"BreadcrumbList\",\"@id\":\"https:\/\/arak.spicehorse.eu\/sk\/produkt\/kentucky-wellington-leather-cabraka-s-tlmicom-zvuku\/#breadcrumb\",\"itemListElement\":[{\"@type\":\"ListItem\",\"position\":1,\"name\":\"Home\",\"item\":\"https:\/\/arak.spicehorse.eu\/sk\/\"},{\"@type\":\"ListItem\",\"position\":2,\"name\":\"Predaj\u0148a\",\"item\":\"https:\/\/arak.spicehorse.eu\/sk\/predajna\/\"},{\"@type\":\"ListItem\",\"position\":3,\"name\":\"Kentucky Wellington Leather \u010dabraka s tlmi\u010dom zvuku\"}]},{\"@type\":\"WebSite\",\"@id\":\"https:\/\/arak.spicehorse.eu\/en\/#website\",\"url\":\"https:\/\/arak.spicehorse.eu\/en\/\",\"name\":\"Spicehorse\",\"description\":\"UNDER DEVELOPMENT -\",\"potentialAction\":[{\"@type\":\"SearchAction\",\"target\":{\"@type\":\"EntryPoint\",\"urlTemplate\":\"https:\/\/arak.spicehorse.eu\/en\/?s={search_term_string}\"},\"query-input\":\"required name=search_term_string\"}],\"inLanguage\":\"sk-SK\"}]}<\/script>\n<!-- \/ Yoast SEO plugin. -->","yoast_head_json":{"title":"Kentucky Wellington Leather \u010dabraka s tlmi\u010dom zvuku - Spicehorse","description":"spicehorse.eu | Kentucky Ko\u017een\u00e9 \u010dabraky na u\u0161i Wellington. Leskl\u00e9 vl\u00e1kna dod\u00e1vaj\u00fa tkanine \u010dabraky mimoriadny lesk.","robots":{"index":"index","follow":"follow","max-snippet":"max-snippet:-1","max-image-preview":"max-image-preview:large","max-video-preview":"max-video-preview:-1"},"canonical":"https:\/\/arak.spicehorse.eu\/sk\/produkt\/kentucky-wellington-leather-cabraka-s-tlmicom-zvuku\/","og_locale":"sk_SK","og_type":"article","og_title":"Kentucky Wellington Leather \u010dabraka s tlmi\u010dom zvuku - Spicehorse","og_description":"spicehorse.eu | Kentucky Ko\u017een\u00e9 \u010dabraky na u\u0161i Wellington. Leskl\u00e9 vl\u00e1kna dod\u00e1vaj\u00fa tkanine \u010dabraky mimoriadny lesk.","og_url":"https:\/\/arak.spicehorse.eu\/sk\/produkt\/kentucky-wellington-leather-cabraka-s-tlmicom-zvuku\/","og_site_name":"Spicehorse","article_publisher":"https:\/\/www.facebook.com\/SPICEHORSE-550385625402457\/","article_modified_time":"2023-11-23T10:36:21+00:00","og_image":[{"width":728,"height":728,"url":"https:\/\/arak.spicehorse.eu\/wp-content\/uploads\/2020\/06\/42612-33-2-564c22e810080218547dfa1c1093aa08-article-photobook-l.png","type":"image\/png"}],"twitter_card":"summary_large_image","twitter_misc":{"Predpokladan\u00fd \u010das \u010d\u00edtania":"1 min\u00fata"},"schema":{"@context":"https:\/\/schema.org","@graph":[{"@type":"WebPage","@id":"https:\/\/arak.spicehorse.eu\/sk\/produkt\/kentucky-wellington-leather-cabraka-s-tlmicom-zvuku\/","url":"https:\/\/arak.spicehorse.eu\/sk\/produkt\/kentucky-wellington-leather-cabraka-s-tlmicom-zvuku\/","name":"Kentucky Wellington Leather \u010dabraka s tlmi\u010dom zvuku - Spicehorse","isPartOf":{"@id":"https:\/\/arak.spicehorse.eu\/en\/#website"},"datePublished":"2020-06-07T16:54:21+00:00","dateModified":"2023-11-23T10:36:21+00:00","description":"spicehorse.eu | Kentucky Ko\u017een\u00e9 \u010dabraky na u\u0161i Wellington. Leskl\u00e9 vl\u00e1kna dod\u00e1vaj\u00fa tkanine \u010dabraky mimoriadny lesk.","breadcrumb":{"@id":"https:\/\/arak.spicehorse.eu\/sk\/produkt\/kentucky-wellington-leather-cabraka-s-tlmicom-zvuku\/#breadcrumb"},"inLanguage":"sk-SK","potentialAction":[{"@type":"ReadAction","target":["https:\/\/arak.spicehorse.eu\/sk\/produkt\/kentucky-wellington-leather-cabraka-s-tlmicom-zvuku\/"]}]},{"@type":"BreadcrumbList","@id":"https:\/\/arak.spicehorse.eu\/sk\/produkt\/kentucky-wellington-leather-cabraka-s-tlmicom-zvuku\/#breadcrumb","itemListElement":[{"@type":"ListItem","position":1,"name":"Home","item":"https:\/\/arak.spicehorse.eu\/sk\/"},{"@type":"ListItem","position":2,"name":"Predaj\u0148a","item":"https:\/\/arak.spicehorse.eu\/sk\/predajna\/"},{"@type":"ListItem","position":3,"name":"Kentucky Wellington Leather \u010dabraka s tlmi\u010dom zvuku"}]},{"@type":"WebSite","@id":"https:\/\/arak.spicehorse.eu\/en\/#website","url":"https:\/\/arak.spicehorse.eu\/en\/","name":"Spicehorse","description":"UNDER DEVELOPMENT -","potentialAction":[{"@type":"SearchAction","target":{"@type":"EntryPoint","urlTemplate":"https:\/\/arak.spicehorse.eu\/en\/?s={search_term_string}"},"query-input":"required name=search_term_string"}],"inLanguage":"sk-SK"}]}},"_links":{"self":[{"href":"https:\/\/arak.spicehorse.eu\/sk\/wp-json\/wp\/v2\/product\/13029"}],"collection":[{"href":"https:\/\/arak.spicehorse.eu\/sk\/wp-json\/wp\/v2\/product"}],"about":[{"href":"https:\/\/arak.spicehorse.eu\/sk\/wp-json\/wp\/v2\/types\/product"}],"wp:featuredmedia":[{"embeddable":true,"href":"https:\/\/arak.spicehorse.eu\/sk\/wp-json\/wp\/v2\/media\/66416"}],"wp:attachment":[{"href":"https:\/\/arak.spicehorse.eu\/sk\/wp-json\/wp\/v2\/media?parent=13029"}],"wp:term":[{"taxonomy":"product_cat","embeddable":true,"href":"https:\/\/arak.spicehorse.eu\/sk\/wp-json\/wp\/v2\/product_cat?post=13029"},{"taxonomy":"product_tag","embeddable":true,"href":"https:\/\/arak.spicehorse.eu\/sk\/wp-json\/wp\/v2\/product_tag?post=13029"}],"curies":[{"name":"wp","href":"https:\/\/api.w.org\/{rel}","templated":true}]}}