{"id":13110,"date":"2020-06-10T08:47:22","date_gmt":"2020-06-10T06:47:22","guid":{"rendered":"https:\/\/arak.spicehorse.eu\/?post_type=product&#038;p=13110"},"modified":"2025-10-16T18:02:12","modified_gmt":"2025-10-16T16:02:12","slug":"grooming-deluxe-drziak-na-sedlo","status":"publish","type":"product","link":"https:\/\/arak.spicehorse.eu\/sk\/produkt\/grooming-deluxe-drziak-na-sedlo\/","title":{"rendered":"Grooming Deluxe dr\u017eiak na sedlo"},"content":{"rendered":"<p>Grooming Deluxe dr\u017eiak na sedlo je dokonal\u00fdm doplnkom jazdeckej v\u00fdbavy! Je vyroben\u00fd z\u00a0bambusu, ktor\u00fd je mimoriadne odoln\u00fd a\u00a0trval\u00fd, \u013eahko sa \u010dist\u00ed. M\u00e1 dva ve\u0161iaky, \u013eahko na\u0148 m\u00f4\u017eeme zavesi\u0165 sedlo aj podsedlov\u00fa de\u010dku. M\u00f4\u017ee sa zavesi\u0165 kamko\u013evek v\u010faka kovov\u00e9mu ve\u0161iaku na zadnej strane. So zlat\u00fdm Grooming Deluxe logom, v\u00a0elegantnom dizajne. Tento Grooming Deluxe ve\u0161iak bude va\u0161\u00edm dokonal\u00fdm spolo\u010dn\u00edkom doma alebo po\u010das s\u00fa\u0165a\u017e\u00ed.<\/p>\n","protected":false},"excerpt":{"rendered":"<h3>Tento GD dr\u017eiak na sedlo bude va\u0161\u00edm dokonal\u00fdm spolo\u010dn\u00edkom doma aj po\u010das s\u00fa\u0165a\u017e\u00ed.<\/h3>\n<ul>\n<li>s\u00a0dvomi ve\u0161iakmi pre sedlo a\u00a0podsedlov\u00fa de\u010dku<\/li>\n<li>v\u010faka ve\u0161iaku ho mo\u017eno kamko\u013evek zavesi\u0165<\/li>\n<li>\u013eahko sa \u010dist\u00ed<\/li>\n<li>je vyroben\u00fd z\u00a0bambusu: extra odoln\u00fd<\/li>\n<\/ul>\n","protected":false},"featured_media":13113,"template":"","meta":{"_acf_changed":false},"product_cat":[78,75,120],"product_tag":[486,467,338],"acf":[],"yoast_head":"<!-- This site is optimized with the Yoast SEO plugin v21.4 - https:\/\/yoast.com\/wordpress\/plugins\/seo\/ -->\n<title>Grooming Deluxe dr\u017eiak na sedlo - Spicehorse<\/title>\n<meta name=\"description\" content=\"spicehorse.eu | Tento Grooming Deluxe dr\u017eiak na sedlo bude va\u0161\u00edm dokonal\u00fdm spolo\u010dn\u00edkom doma aj po\u010das s\u00fa\u0165a\u017e\u00ed.\" \/>\n<meta name=\"robots\" content=\"index, follow, max-snippet:-1, max-image-preview:large, max-video-preview:-1\" \/>\n<link rel=\"canonical\" href=\"https:\/\/arak.spicehorse.eu\/sk\/produkt\/grooming-deluxe-drziak-na-sedlo\/\" \/>\n<meta property=\"og:locale\" content=\"sk_SK\" \/>\n<meta property=\"og:type\" content=\"article\" \/>\n<meta property=\"og:title\" content=\"Grooming Deluxe dr\u017eiak na sedlo - Spicehorse\" \/>\n<meta property=\"og:description\" content=\"spicehorse.eu | Tento Grooming Deluxe dr\u017eiak na sedlo bude va\u0161\u00edm dokonal\u00fdm spolo\u010dn\u00edkom doma aj po\u010das s\u00fa\u0165a\u017e\u00ed.\" \/>\n<meta property=\"og:url\" content=\"https:\/\/arak.spicehorse.eu\/sk\/produkt\/grooming-deluxe-drziak-na-sedlo\/\" \/>\n<meta property=\"og:site_name\" content=\"Spicehorse\" \/>\n<meta property=\"article:publisher\" content=\"https:\/\/www.facebook.com\/SPICEHORSE-550385625402457\/\" \/>\n<meta property=\"article:modified_time\" content=\"2025-10-16T16:02:12+00:00\" \/>\n<meta property=\"og:image\" content=\"https:\/\/arak.spicehorse.eu\/wp-content\/uploads\/2020\/06\/82122-05-P.jpg\" \/>\n\t<meta property=\"og:image:width\" content=\"2048\" \/>\n\t<meta property=\"og:image:height\" content=\"2048\" \/>\n\t<meta property=\"og:image:type\" content=\"image\/jpeg\" \/>\n<meta name=\"twitter:card\" content=\"summary_large_image\" \/>\n<script type=\"application\/ld+json\" class=\"yoast-schema-graph\">{\"@context\":\"https:\/\/schema.org\",\"@graph\":[{\"@type\":\"WebPage\",\"@id\":\"https:\/\/arak.spicehorse.eu\/sk\/produkt\/grooming-deluxe-drziak-na-sedlo\/\",\"url\":\"https:\/\/arak.spicehorse.eu\/sk\/produkt\/grooming-deluxe-drziak-na-sedlo\/\",\"name\":\"Grooming Deluxe dr\u017eiak na sedlo - Spicehorse\",\"isPartOf\":{\"@id\":\"https:\/\/arak.spicehorse.eu\/en\/#website\"},\"datePublished\":\"2020-06-10T06:47:22+00:00\",\"dateModified\":\"2025-10-16T16:02:12+00:00\",\"description\":\"spicehorse.eu | Tento Grooming Deluxe dr\u017eiak na sedlo bude va\u0161\u00edm dokonal\u00fdm spolo\u010dn\u00edkom doma aj po\u010das s\u00fa\u0165a\u017e\u00ed.\",\"breadcrumb\":{\"@id\":\"https:\/\/arak.spicehorse.eu\/sk\/produkt\/grooming-deluxe-drziak-na-sedlo\/#breadcrumb\"},\"inLanguage\":\"sk-SK\",\"potentialAction\":[{\"@type\":\"ReadAction\",\"target\":[\"https:\/\/arak.spicehorse.eu\/sk\/produkt\/grooming-deluxe-drziak-na-sedlo\/\"]}]},{\"@type\":\"BreadcrumbList\",\"@id\":\"https:\/\/arak.spicehorse.eu\/sk\/produkt\/grooming-deluxe-drziak-na-sedlo\/#breadcrumb\",\"itemListElement\":[{\"@type\":\"ListItem\",\"position\":1,\"name\":\"Home\",\"item\":\"https:\/\/arak.spicehorse.eu\/sk\/\"},{\"@type\":\"ListItem\",\"position\":2,\"name\":\"Predaj\u0148a\",\"item\":\"https:\/\/arak.spicehorse.eu\/sk\/predajna\/\"},{\"@type\":\"ListItem\",\"position\":3,\"name\":\"Grooming Deluxe dr\u017eiak na sedlo\"}]},{\"@type\":\"WebSite\",\"@id\":\"https:\/\/arak.spicehorse.eu\/en\/#website\",\"url\":\"https:\/\/arak.spicehorse.eu\/en\/\",\"name\":\"Spicehorse\",\"description\":\"UNDER DEVELOPMENT -\",\"potentialAction\":[{\"@type\":\"SearchAction\",\"target\":{\"@type\":\"EntryPoint\",\"urlTemplate\":\"https:\/\/arak.spicehorse.eu\/en\/?s={search_term_string}\"},\"query-input\":\"required name=search_term_string\"}],\"inLanguage\":\"sk-SK\"}]}<\/script>\n<!-- \/ Yoast SEO plugin. -->","yoast_head_json":{"title":"Grooming Deluxe dr\u017eiak na sedlo - Spicehorse","description":"spicehorse.eu | Tento Grooming Deluxe dr\u017eiak na sedlo bude va\u0161\u00edm dokonal\u00fdm spolo\u010dn\u00edkom doma aj po\u010das s\u00fa\u0165a\u017e\u00ed.","robots":{"index":"index","follow":"follow","max-snippet":"max-snippet:-1","max-image-preview":"max-image-preview:large","max-video-preview":"max-video-preview:-1"},"canonical":"https:\/\/arak.spicehorse.eu\/sk\/produkt\/grooming-deluxe-drziak-na-sedlo\/","og_locale":"sk_SK","og_type":"article","og_title":"Grooming Deluxe dr\u017eiak na sedlo - Spicehorse","og_description":"spicehorse.eu | Tento Grooming Deluxe dr\u017eiak na sedlo bude va\u0161\u00edm dokonal\u00fdm spolo\u010dn\u00edkom doma aj po\u010das s\u00fa\u0165a\u017e\u00ed.","og_url":"https:\/\/arak.spicehorse.eu\/sk\/produkt\/grooming-deluxe-drziak-na-sedlo\/","og_site_name":"Spicehorse","article_publisher":"https:\/\/www.facebook.com\/SPICEHORSE-550385625402457\/","article_modified_time":"2025-10-16T16:02:12+00:00","og_image":[{"width":2048,"height":2048,"url":"https:\/\/arak.spicehorse.eu\/wp-content\/uploads\/2020\/06\/82122-05-P.jpg","type":"image\/jpeg"}],"twitter_card":"summary_large_image","schema":{"@context":"https:\/\/schema.org","@graph":[{"@type":"WebPage","@id":"https:\/\/arak.spicehorse.eu\/sk\/produkt\/grooming-deluxe-drziak-na-sedlo\/","url":"https:\/\/arak.spicehorse.eu\/sk\/produkt\/grooming-deluxe-drziak-na-sedlo\/","name":"Grooming Deluxe dr\u017eiak na sedlo - Spicehorse","isPartOf":{"@id":"https:\/\/arak.spicehorse.eu\/en\/#website"},"datePublished":"2020-06-10T06:47:22+00:00","dateModified":"2025-10-16T16:02:12+00:00","description":"spicehorse.eu | Tento Grooming Deluxe dr\u017eiak na sedlo bude va\u0161\u00edm dokonal\u00fdm spolo\u010dn\u00edkom doma aj po\u010das s\u00fa\u0165a\u017e\u00ed.","breadcrumb":{"@id":"https:\/\/arak.spicehorse.eu\/sk\/produkt\/grooming-deluxe-drziak-na-sedlo\/#breadcrumb"},"inLanguage":"sk-SK","potentialAction":[{"@type":"ReadAction","target":["https:\/\/arak.spicehorse.eu\/sk\/produkt\/grooming-deluxe-drziak-na-sedlo\/"]}]},{"@type":"BreadcrumbList","@id":"https:\/\/arak.spicehorse.eu\/sk\/produkt\/grooming-deluxe-drziak-na-sedlo\/#breadcrumb","itemListElement":[{"@type":"ListItem","position":1,"name":"Home","item":"https:\/\/arak.spicehorse.eu\/sk\/"},{"@type":"ListItem","position":2,"name":"Predaj\u0148a","item":"https:\/\/arak.spicehorse.eu\/sk\/predajna\/"},{"@type":"ListItem","position":3,"name":"Grooming Deluxe dr\u017eiak na sedlo"}]},{"@type":"WebSite","@id":"https:\/\/arak.spicehorse.eu\/en\/#website","url":"https:\/\/arak.spicehorse.eu\/en\/","name":"Spicehorse","description":"UNDER DEVELOPMENT -","potentialAction":[{"@type":"SearchAction","target":{"@type":"EntryPoint","urlTemplate":"https:\/\/arak.spicehorse.eu\/en\/?s={search_term_string}"},"query-input":"required name=search_term_string"}],"inLanguage":"sk-SK"}]}},"_links":{"self":[{"href":"https:\/\/arak.spicehorse.eu\/sk\/wp-json\/wp\/v2\/product\/13110"}],"collection":[{"href":"https:\/\/arak.spicehorse.eu\/sk\/wp-json\/wp\/v2\/product"}],"about":[{"href":"https:\/\/arak.spicehorse.eu\/sk\/wp-json\/wp\/v2\/types\/product"}],"wp:featuredmedia":[{"embeddable":true,"href":"https:\/\/arak.spicehorse.eu\/sk\/wp-json\/wp\/v2\/media\/13113"}],"wp:attachment":[{"href":"https:\/\/arak.spicehorse.eu\/sk\/wp-json\/wp\/v2\/media?parent=13110"}],"wp:term":[{"taxonomy":"product_cat","embeddable":true,"href":"https:\/\/arak.spicehorse.eu\/sk\/wp-json\/wp\/v2\/product_cat?post=13110"},{"taxonomy":"product_tag","embeddable":true,"href":"https:\/\/arak.spicehorse.eu\/sk\/wp-json\/wp\/v2\/product_tag?post=13110"}],"curies":[{"name":"wp","href":"https:\/\/api.w.org\/{rel}","templated":true}]}}