{"id":13352,"date":"2020-06-22T19:12:29","date_gmt":"2020-06-22T17:12:30","guid":{"rendered":"https:\/\/arak.spicehorse.eu\/?post_type=product&#038;p=13352"},"modified":"2023-11-23T11:34:52","modified_gmt":"2023-11-23T10:34:52","slug":"kentucky-wellington-stone-pearl-cabraka","status":"publish","type":"product","link":"https:\/\/arak.spicehorse.eu\/sk\/produkt\/kentucky-wellington-stone-pearl-cabraka\/","title":{"rendered":"Kentucky Wellington Stone &#038; Pearl \u010dabraka"},"content":{"rendered":"<p>Kamienkami zdoben\u00e1 verzia mimoriadne popul\u00e1rnej \u010dabraky\u00a0v\u00a0americkom \u0161t\u00fdle\u00a0Kentucky\u00a0Horsewear\u00a0Wellington Stone &amp; Pearl. \u010cabraka je vyroben\u00e1 pevn\u00fdm ru\u010dn\u00fdm pleten\u00edm, zdoben\u00e1 je n\u00e1dhern\u00fdmi kri\u0161t\u00e1\u013emi a\u00a0kamienkami vo farbe \u010dabraky. Extra vzh\u013ead je v\u010faka nej zaru\u010den\u00fd! \u010cabraka chr\u00e1ni u\u0161i ko\u0148a po\u010das jazdenia. Oblas\u0165 okolo u\u0161\u00ed je vyroben\u00e1 z\u00a0pru\u017en\u00e9ho materi\u00e1lu,\u00a0slim fit.<\/p>\n<p>V\u010faka pred\u013a\u017eenej \u010dasti v\u00a0oblasti krku sa \u010dabraka ne\u0161m\u00fdka. Je bez loga, \u013eahko na nej m\u00f4\u017eete umiestni\u0165 svoje vlastn\u00e9 alebo sponzorsk\u00e9 logo. Ru\u010dn\u00e9 pranie!<\/p>\n","protected":false},"excerpt":{"rendered":"<h3>Kentucky Wellington Stone &amp; Pearl \u010dabraka je zdoben\u00e1 n\u00e1dhern\u00fdmi kri\u0161t\u00e1\u013emi a\u00a0kamienkami vo farbe \u010dabraky<\/h3>\n<ul>\n<li>Ochrana proti hmyzu<\/li>\n<li>Americk\u00fd \u0161t\u00fdl<\/li>\n<li>\u0160peci\u00e1lne zdobenie kamienkami a kri\u0161t\u00e1\u013emi<\/li>\n<li>Ru\u010dne vyroben\u00fd v\u00fdrobok vynikaj\u00facej kvality<\/li>\n<li>S\u00a0pred\u013a\u017eenou kr\u010dnou \u010das\u0165ou, aby sa \u010dabraka ne\u0161m\u00fdkala<\/li>\n<\/ul>\n","protected":false},"featured_media":66437,"template":"","meta":{"_acf_changed":false},"product_cat":[75,108],"product_tag":[265,241,184],"acf":[],"yoast_head":"<!-- This site is optimized with the Yoast SEO plugin v21.4 - https:\/\/yoast.com\/wordpress\/plugins\/seo\/ -->\n<title>Kentucky Wellington Stone &amp; Pearl \u010dabraka - Spicehorse<\/title>\n<meta name=\"description\" content=\"spicehorse.eu | Kentucky Horsewear Wellington Stone &amp; Pearl \u010dabraka je zdoben\u00e1 n\u00e1dhern\u00fdmi kri\u0161t\u00e1\u013emi a kamienkami vo farbe \u010dabraky\" \/>\n<meta name=\"robots\" content=\"index, follow, max-snippet:-1, max-image-preview:large, max-video-preview:-1\" \/>\n<link rel=\"canonical\" href=\"https:\/\/arak.spicehorse.eu\/sk\/produkt\/kentucky-wellington-stone-pearl-cabraka\/\" \/>\n<meta property=\"og:locale\" content=\"sk_SK\" \/>\n<meta property=\"og:type\" content=\"article\" \/>\n<meta property=\"og:title\" content=\"Kentucky Wellington Stone &amp; Pearl \u010dabraka - Spicehorse\" \/>\n<meta property=\"og:description\" content=\"spicehorse.eu | Kentucky Horsewear Wellington Stone &amp; Pearl \u010dabraka je zdoben\u00e1 n\u00e1dhern\u00fdmi kri\u0161t\u00e1\u013emi a kamienkami vo farbe \u010dabraky\" \/>\n<meta property=\"og:url\" content=\"https:\/\/arak.spicehorse.eu\/sk\/produkt\/kentucky-wellington-stone-pearl-cabraka\/\" \/>\n<meta property=\"og:site_name\" content=\"Spicehorse\" \/>\n<meta property=\"article:publisher\" content=\"https:\/\/www.facebook.com\/SPICEHORSE-550385625402457\/\" \/>\n<meta property=\"article:modified_time\" content=\"2023-11-23T10:34:52+00:00\" \/>\n<meta property=\"og:image\" content=\"https:\/\/arak.spicehorse.eu\/wp-content\/uploads\/2020\/06\/b-564c22e810080218547dfa1c1093aa08-article-photobook-l.webp\" \/>\n\t<meta property=\"og:image:width\" content=\"728\" \/>\n\t<meta property=\"og:image:height\" content=\"728\" \/>\n\t<meta property=\"og:image:type\" content=\"image\/webp\" \/>\n<meta name=\"twitter:card\" content=\"summary_large_image\" \/>\n<meta name=\"twitter:label1\" content=\"Predpokladan\u00fd \u010das \u010d\u00edtania\" \/>\n\t<meta name=\"twitter:data1\" content=\"1 min\u00fata\" \/>\n<script type=\"application\/ld+json\" class=\"yoast-schema-graph\">{\"@context\":\"https:\/\/schema.org\",\"@graph\":[{\"@type\":\"WebPage\",\"@id\":\"https:\/\/arak.spicehorse.eu\/sk\/produkt\/kentucky-wellington-stone-pearl-cabraka\/\",\"url\":\"https:\/\/arak.spicehorse.eu\/sk\/produkt\/kentucky-wellington-stone-pearl-cabraka\/\",\"name\":\"Kentucky Wellington Stone & Pearl \u010dabraka - Spicehorse\",\"isPartOf\":{\"@id\":\"https:\/\/arak.spicehorse.eu\/en\/#website\"},\"datePublished\":\"2020-06-22T17:12:30+00:00\",\"dateModified\":\"2023-11-23T10:34:52+00:00\",\"description\":\"spicehorse.eu | Kentucky Horsewear Wellington Stone & Pearl \u010dabraka je zdoben\u00e1 n\u00e1dhern\u00fdmi kri\u0161t\u00e1\u013emi a kamienkami vo farbe \u010dabraky\",\"breadcrumb\":{\"@id\":\"https:\/\/arak.spicehorse.eu\/sk\/produkt\/kentucky-wellington-stone-pearl-cabraka\/#breadcrumb\"},\"inLanguage\":\"sk-SK\",\"potentialAction\":[{\"@type\":\"ReadAction\",\"target\":[\"https:\/\/arak.spicehorse.eu\/sk\/produkt\/kentucky-wellington-stone-pearl-cabraka\/\"]}]},{\"@type\":\"BreadcrumbList\",\"@id\":\"https:\/\/arak.spicehorse.eu\/sk\/produkt\/kentucky-wellington-stone-pearl-cabraka\/#breadcrumb\",\"itemListElement\":[{\"@type\":\"ListItem\",\"position\":1,\"name\":\"Home\",\"item\":\"https:\/\/arak.spicehorse.eu\/sk\/\"},{\"@type\":\"ListItem\",\"position\":2,\"name\":\"Predaj\u0148a\",\"item\":\"https:\/\/arak.spicehorse.eu\/sk\/predajna\/\"},{\"@type\":\"ListItem\",\"position\":3,\"name\":\"Kentucky Wellington Stone &#038; Pearl \u010dabraka\"}]},{\"@type\":\"WebSite\",\"@id\":\"https:\/\/arak.spicehorse.eu\/en\/#website\",\"url\":\"https:\/\/arak.spicehorse.eu\/en\/\",\"name\":\"Spicehorse\",\"description\":\"UNDER DEVELOPMENT -\",\"potentialAction\":[{\"@type\":\"SearchAction\",\"target\":{\"@type\":\"EntryPoint\",\"urlTemplate\":\"https:\/\/arak.spicehorse.eu\/en\/?s={search_term_string}\"},\"query-input\":\"required name=search_term_string\"}],\"inLanguage\":\"sk-SK\"}]}<\/script>\n<!-- \/ Yoast SEO plugin. -->","yoast_head_json":{"title":"Kentucky Wellington Stone & Pearl \u010dabraka - Spicehorse","description":"spicehorse.eu | Kentucky Horsewear Wellington Stone & Pearl \u010dabraka je zdoben\u00e1 n\u00e1dhern\u00fdmi kri\u0161t\u00e1\u013emi a kamienkami vo farbe \u010dabraky","robots":{"index":"index","follow":"follow","max-snippet":"max-snippet:-1","max-image-preview":"max-image-preview:large","max-video-preview":"max-video-preview:-1"},"canonical":"https:\/\/arak.spicehorse.eu\/sk\/produkt\/kentucky-wellington-stone-pearl-cabraka\/","og_locale":"sk_SK","og_type":"article","og_title":"Kentucky Wellington Stone & Pearl \u010dabraka - Spicehorse","og_description":"spicehorse.eu | Kentucky Horsewear Wellington Stone & Pearl \u010dabraka je zdoben\u00e1 n\u00e1dhern\u00fdmi kri\u0161t\u00e1\u013emi a kamienkami vo farbe \u010dabraky","og_url":"https:\/\/arak.spicehorse.eu\/sk\/produkt\/kentucky-wellington-stone-pearl-cabraka\/","og_site_name":"Spicehorse","article_publisher":"https:\/\/www.facebook.com\/SPICEHORSE-550385625402457\/","article_modified_time":"2023-11-23T10:34:52+00:00","og_image":[{"width":728,"height":728,"url":"https:\/\/arak.spicehorse.eu\/wp-content\/uploads\/2020\/06\/b-564c22e810080218547dfa1c1093aa08-article-photobook-l.webp","type":"image\/webp"}],"twitter_card":"summary_large_image","twitter_misc":{"Predpokladan\u00fd \u010das \u010d\u00edtania":"1 min\u00fata"},"schema":{"@context":"https:\/\/schema.org","@graph":[{"@type":"WebPage","@id":"https:\/\/arak.spicehorse.eu\/sk\/produkt\/kentucky-wellington-stone-pearl-cabraka\/","url":"https:\/\/arak.spicehorse.eu\/sk\/produkt\/kentucky-wellington-stone-pearl-cabraka\/","name":"Kentucky Wellington Stone & Pearl \u010dabraka - Spicehorse","isPartOf":{"@id":"https:\/\/arak.spicehorse.eu\/en\/#website"},"datePublished":"2020-06-22T17:12:30+00:00","dateModified":"2023-11-23T10:34:52+00:00","description":"spicehorse.eu | Kentucky Horsewear Wellington Stone & Pearl \u010dabraka je zdoben\u00e1 n\u00e1dhern\u00fdmi kri\u0161t\u00e1\u013emi a kamienkami vo farbe \u010dabraky","breadcrumb":{"@id":"https:\/\/arak.spicehorse.eu\/sk\/produkt\/kentucky-wellington-stone-pearl-cabraka\/#breadcrumb"},"inLanguage":"sk-SK","potentialAction":[{"@type":"ReadAction","target":["https:\/\/arak.spicehorse.eu\/sk\/produkt\/kentucky-wellington-stone-pearl-cabraka\/"]}]},{"@type":"BreadcrumbList","@id":"https:\/\/arak.spicehorse.eu\/sk\/produkt\/kentucky-wellington-stone-pearl-cabraka\/#breadcrumb","itemListElement":[{"@type":"ListItem","position":1,"name":"Home","item":"https:\/\/arak.spicehorse.eu\/sk\/"},{"@type":"ListItem","position":2,"name":"Predaj\u0148a","item":"https:\/\/arak.spicehorse.eu\/sk\/predajna\/"},{"@type":"ListItem","position":3,"name":"Kentucky Wellington Stone &#038; Pearl \u010dabraka"}]},{"@type":"WebSite","@id":"https:\/\/arak.spicehorse.eu\/en\/#website","url":"https:\/\/arak.spicehorse.eu\/en\/","name":"Spicehorse","description":"UNDER DEVELOPMENT -","potentialAction":[{"@type":"SearchAction","target":{"@type":"EntryPoint","urlTemplate":"https:\/\/arak.spicehorse.eu\/en\/?s={search_term_string}"},"query-input":"required name=search_term_string"}],"inLanguage":"sk-SK"}]}},"_links":{"self":[{"href":"https:\/\/arak.spicehorse.eu\/sk\/wp-json\/wp\/v2\/product\/13352"}],"collection":[{"href":"https:\/\/arak.spicehorse.eu\/sk\/wp-json\/wp\/v2\/product"}],"about":[{"href":"https:\/\/arak.spicehorse.eu\/sk\/wp-json\/wp\/v2\/types\/product"}],"wp:featuredmedia":[{"embeddable":true,"href":"https:\/\/arak.spicehorse.eu\/sk\/wp-json\/wp\/v2\/media\/66437"}],"wp:attachment":[{"href":"https:\/\/arak.spicehorse.eu\/sk\/wp-json\/wp\/v2\/media?parent=13352"}],"wp:term":[{"taxonomy":"product_cat","embeddable":true,"href":"https:\/\/arak.spicehorse.eu\/sk\/wp-json\/wp\/v2\/product_cat?post=13352"},{"taxonomy":"product_tag","embeddable":true,"href":"https:\/\/arak.spicehorse.eu\/sk\/wp-json\/wp\/v2\/product_tag?post=13352"}],"curies":[{"name":"wp","href":"https:\/\/api.w.org\/{rel}","templated":true}]}}