{"id":136464,"date":"2023-07-03T16:03:29","date_gmt":"2023-07-03T14:03:33","guid":{"rendered":"https:\/\/arak.spicehorse.eu\/?post_type=product&#038;p=136464"},"modified":"2023-11-23T11:17:09","modified_gmt":"2023-11-23T10:17:09","slug":"kentucky-moonboots-air-velcro-chranice-clenkov","status":"publish","type":"product","link":"https:\/\/arak.spicehorse.eu\/sk\/produkt\/kentucky-moonboots-air-velcro-chranice-clenkov\/","title":{"rendered":"Kentucky Moonboots Air Velcro chr\u00e1ni\u010de \u010dlenkov"},"content":{"rendered":"<p>Kentucky Horsewear Moonboots Air chr\u00e1ni\u010de \u010dlenkov s\u00fa vyroben\u00e9 z pevn\u00e9ho materi\u00e1lu s TPU krytom s viacer\u00fdmi vetrac\u00edmi otvormi a sie\u0165ov\u00fdmi vetrac\u00edmi otvormi umiestnen\u00fdmi do tvaru trojuholn\u00edka. Vn\u00fatorn\u00e1 \u010das\u0165 obsahuje extra TPU vrstvu, aby chr\u00e1nila nohy pred poraneniami pri pohybe. M\u00e4kk\u00e1 pr\u00edrodn\u00e1 guma chr\u00e1ni nohy ko\u0148a pred vy\u0161\u00fachan\u00edm. Pru\u017en\u00fd zap\u00ednac\u00ed reme\u0148 sa ve\u013emi \u013eahko nastavuje na po\u017eadovan\u00fa ve\u013ekos\u0165.<br \/>\nKentucky Moonboot Air chr\u00e1ni\u010de \u010dlenkov s\u00fa pod\u013ea medzin\u00e1rodn\u00fdch pravidiel FEI povolen\u00e9 v kateg\u00f3ri\u00e1ch drez\u00fary kon\u00ed, s v\u00fdnimkou mlad\u00fdch kon\u00ed.<br \/>\nKentucky chr\u00e1ni\u010de s\u00fa mimoriadne priedu\u0161n\u00e9 a vyroben\u00e9 s\u00fa s pod\u0161\u00edvkou z dobre zn\u00e1meho 3D Spacer materi\u00e1lu, ktor\u00fd sa pou\u017e\u00edva aj v pr\u00edpade 3D chr\u00e1ni\u010dov \u0161liach a deky. Vonkaj\u0161\u00ed TPU kryt m\u00e1 \u013eahk\u00fa v\u00e1hu, napriek tomu je mimoriadne pevn\u00fd. Elastick\u00e9 uzatv\u00e1ranie na patenty vysokej kvality zabezpe\u010duje maxim\u00e1lne pri\u013enutie a bezpe\u010dnos\u0165 pre ko\u0148a, chr\u00e1ni\u010de sa neot\u00e1\u010daj\u00fa a nezo\u0161mykuj\u00fa sa.<br \/>\nV\u010faka anatomick\u00e9mu tvarovaniu chr\u00e1ni\u010de dobre dosadaj\u00fa na nohy ko\u0148a, t\u00fdm p\u00e1dom zabezpe\u010duj\u00fa maxim\u00e1lne pohodlie a ochranu. V\u010faka maxim\u00e1lnej vo\u013enosti pohybu dok\u00e1\u017ee n\u00e1\u0161 k\u00f4\u0148 lep\u0161ie sk\u00e1ka\u0165.<br \/>\nVe\u013ekos\u0165 M<br \/>\nChr\u00e1ni\u010de mo\u017eno pra\u0165 v pr\u00e1\u010dke na 30\u00b0C (nevkladajte do su\u0161i\u010dky). Odpor\u00fa\u010dame pou\u017e\u00edvanie vrecka na pranie, aby sme predi\u0161li \u0161krabancom. Pou\u017e\u00edvajte Kentucky Boots Cleanert, ktor\u00fd je vyroben\u00fd \u0161peci\u00e1lne na \u010distenie TPU chr\u00e1ni\u010dov \u0161liach a \u010dlenkov. Pou\u017e\u00edvan\u00edm bud\u00fa chr\u00e1ni\u010de leskl\u00e9, tak\u00e9 ako nov\u00e9.<\/p>\n","protected":false},"excerpt":{"rendered":"<h3 style=\"font-weight: 400;\"><strong>Kentucky Horsewear Moonboots Air chr\u00e1ni\u010de s\u00fa vyroben\u00e9 z\u00a0pevn\u00e9ho materi\u00e1lu s TPU krytom s\u00a0viacer\u00fdmi vetrac\u00edmi otvormi a\u00a0sie\u0165ov\u00fdmi vetrac\u00edmi otvormi umiestnen\u00fdmi do tvaru trojuholn\u00edka<\/strong><\/h3>\n<ul style=\"font-weight: 400;\">\n<li>Z pevn\u00e9ho TPU materi\u00e1lu s\u00a0vetrac\u00edmi otvormi v\u00a0z\u00e1ujme optim\u00e1lneho vetrania a chladenia<\/li>\n<li>Inovat\u00edvny tvar, maxim\u00e1lna vo\u013enos\u0165 pohybu<\/li>\n<li>Priedu\u0161n\u00e1 3D Spacer pod\u0161\u00edvka pre v\u00e4\u010d\u0161ie pohodlie a\u00a0lep\u0161ie pr\u00fadenie vzduchu<\/li>\n<li>Pru\u017en\u00e9 zap\u00ednanie cvokmi<\/li>\n<li>Schv\u00e1len\u00e9 FEI<\/li>\n<\/ul>\n","protected":false},"featured_media":136478,"template":"","meta":{"_acf_changed":false},"product_cat":[75,104],"product_tag":[203,184],"acf":[],"yoast_head":"<!-- This site is optimized with the Yoast SEO plugin v21.4 - https:\/\/yoast.com\/wordpress\/plugins\/seo\/ -->\n<title>Kentucky Moonboots Air Velcro chr\u00e1ni\u010de \u010dlenkov - Spicehorse<\/title>\n<meta name=\"description\" content=\"spicehorse.eu | Kentucky Horsewear Moonboots Air chr\u00e1ni\u010de \u010dlenkov s\u00fa vyroben\u00e9 z pevn\u00e9ho materi\u00e1lu s TPU krytom s viacer\u00fdmi vetrac\u00edmi otvormi a sie\u0165ov\u00fdmi vetrac\u00edmi otvormi umiestnen\u00fdmi do tvaru trojuholn\u00edka.\" \/>\n<meta name=\"robots\" content=\"index, follow, max-snippet:-1, max-image-preview:large, max-video-preview:-1\" \/>\n<link rel=\"canonical\" href=\"https:\/\/arak.spicehorse.eu\/sk\/produkt\/kentucky-moonboots-air-velcro-chranice-clenkov\/\" \/>\n<meta property=\"og:locale\" content=\"sk_SK\" \/>\n<meta property=\"og:type\" content=\"article\" \/>\n<meta property=\"og:title\" content=\"Kentucky Moonboots Air Velcro chr\u00e1ni\u010de \u010dlenkov - Spicehorse\" \/>\n<meta property=\"og:description\" content=\"spicehorse.eu | Kentucky Horsewear Moonboots Air chr\u00e1ni\u010de \u010dlenkov s\u00fa vyroben\u00e9 z pevn\u00e9ho materi\u00e1lu s TPU krytom s viacer\u00fdmi vetrac\u00edmi otvormi a sie\u0165ov\u00fdmi vetrac\u00edmi otvormi umiestnen\u00fdmi do tvaru trojuholn\u00edka.\" \/>\n<meta property=\"og:url\" content=\"https:\/\/arak.spicehorse.eu\/sk\/produkt\/kentucky-moonboots-air-velcro-chranice-clenkov\/\" \/>\n<meta property=\"og:site_name\" content=\"Spicehorse\" \/>\n<meta property=\"article:publisher\" content=\"https:\/\/www.facebook.com\/SPICEHORSE-550385625402457\/\" \/>\n<meta property=\"article:modified_time\" content=\"2023-11-23T10:17:09+00:00\" \/>\n<meta property=\"og:image\" content=\"https:\/\/arak.spicehorse.eu\/wp-content\/uploads\/2023\/07\/179a4230-e8502ded370e565d04389cf2c54c4715-article-photobook-crop.png\" \/>\n\t<meta property=\"og:image:width\" content=\"545\" \/>\n\t<meta property=\"og:image:height\" content=\"545\" \/>\n\t<meta property=\"og:image:type\" content=\"image\/png\" \/>\n<meta name=\"twitter:card\" content=\"summary_large_image\" \/>\n<meta name=\"twitter:label1\" content=\"Predpokladan\u00fd \u010das \u010d\u00edtania\" \/>\n\t<meta name=\"twitter:data1\" content=\"1 min\u00fata\" \/>\n<script type=\"application\/ld+json\" class=\"yoast-schema-graph\">{\"@context\":\"https:\/\/schema.org\",\"@graph\":[{\"@type\":\"WebPage\",\"@id\":\"https:\/\/arak.spicehorse.eu\/sk\/produkt\/kentucky-moonboots-air-velcro-chranice-clenkov\/\",\"url\":\"https:\/\/arak.spicehorse.eu\/sk\/produkt\/kentucky-moonboots-air-velcro-chranice-clenkov\/\",\"name\":\"Kentucky Moonboots Air Velcro chr\u00e1ni\u010de \u010dlenkov - Spicehorse\",\"isPartOf\":{\"@id\":\"https:\/\/arak.spicehorse.eu\/en\/#website\"},\"datePublished\":\"2023-07-03T14:03:33+00:00\",\"dateModified\":\"2023-11-23T10:17:09+00:00\",\"description\":\"spicehorse.eu | Kentucky Horsewear Moonboots Air chr\u00e1ni\u010de \u010dlenkov s\u00fa vyroben\u00e9 z pevn\u00e9ho materi\u00e1lu s TPU krytom s viacer\u00fdmi vetrac\u00edmi otvormi a sie\u0165ov\u00fdmi vetrac\u00edmi otvormi umiestnen\u00fdmi do tvaru trojuholn\u00edka.\",\"breadcrumb\":{\"@id\":\"https:\/\/arak.spicehorse.eu\/sk\/produkt\/kentucky-moonboots-air-velcro-chranice-clenkov\/#breadcrumb\"},\"inLanguage\":\"sk-SK\",\"potentialAction\":[{\"@type\":\"ReadAction\",\"target\":[\"https:\/\/arak.spicehorse.eu\/sk\/produkt\/kentucky-moonboots-air-velcro-chranice-clenkov\/\"]}]},{\"@type\":\"BreadcrumbList\",\"@id\":\"https:\/\/arak.spicehorse.eu\/sk\/produkt\/kentucky-moonboots-air-velcro-chranice-clenkov\/#breadcrumb\",\"itemListElement\":[{\"@type\":\"ListItem\",\"position\":1,\"name\":\"Home\",\"item\":\"https:\/\/arak.spicehorse.eu\/sk\/\"},{\"@type\":\"ListItem\",\"position\":2,\"name\":\"Predaj\u0148a\",\"item\":\"https:\/\/arak.spicehorse.eu\/sk\/predajna\/\"},{\"@type\":\"ListItem\",\"position\":3,\"name\":\"Kentucky Moonboots Air Velcro chr\u00e1ni\u010de \u010dlenkov\"}]},{\"@type\":\"WebSite\",\"@id\":\"https:\/\/arak.spicehorse.eu\/en\/#website\",\"url\":\"https:\/\/arak.spicehorse.eu\/en\/\",\"name\":\"Spicehorse\",\"description\":\"UNDER DEVELOPMENT -\",\"potentialAction\":[{\"@type\":\"SearchAction\",\"target\":{\"@type\":\"EntryPoint\",\"urlTemplate\":\"https:\/\/arak.spicehorse.eu\/en\/?s={search_term_string}\"},\"query-input\":\"required name=search_term_string\"}],\"inLanguage\":\"sk-SK\"}]}<\/script>\n<!-- \/ Yoast SEO plugin. -->","yoast_head_json":{"title":"Kentucky Moonboots Air Velcro chr\u00e1ni\u010de \u010dlenkov - Spicehorse","description":"spicehorse.eu | Kentucky Horsewear Moonboots Air chr\u00e1ni\u010de \u010dlenkov s\u00fa vyroben\u00e9 z pevn\u00e9ho materi\u00e1lu s TPU krytom s viacer\u00fdmi vetrac\u00edmi otvormi a sie\u0165ov\u00fdmi vetrac\u00edmi otvormi umiestnen\u00fdmi do tvaru trojuholn\u00edka.","robots":{"index":"index","follow":"follow","max-snippet":"max-snippet:-1","max-image-preview":"max-image-preview:large","max-video-preview":"max-video-preview:-1"},"canonical":"https:\/\/arak.spicehorse.eu\/sk\/produkt\/kentucky-moonboots-air-velcro-chranice-clenkov\/","og_locale":"sk_SK","og_type":"article","og_title":"Kentucky Moonboots Air Velcro chr\u00e1ni\u010de \u010dlenkov - Spicehorse","og_description":"spicehorse.eu | Kentucky Horsewear Moonboots Air chr\u00e1ni\u010de \u010dlenkov s\u00fa vyroben\u00e9 z pevn\u00e9ho materi\u00e1lu s TPU krytom s viacer\u00fdmi vetrac\u00edmi otvormi a sie\u0165ov\u00fdmi vetrac\u00edmi otvormi umiestnen\u00fdmi do tvaru trojuholn\u00edka.","og_url":"https:\/\/arak.spicehorse.eu\/sk\/produkt\/kentucky-moonboots-air-velcro-chranice-clenkov\/","og_site_name":"Spicehorse","article_publisher":"https:\/\/www.facebook.com\/SPICEHORSE-550385625402457\/","article_modified_time":"2023-11-23T10:17:09+00:00","og_image":[{"width":545,"height":545,"url":"https:\/\/arak.spicehorse.eu\/wp-content\/uploads\/2023\/07\/179a4230-e8502ded370e565d04389cf2c54c4715-article-photobook-crop.png","type":"image\/png"}],"twitter_card":"summary_large_image","twitter_misc":{"Predpokladan\u00fd \u010das \u010d\u00edtania":"1 min\u00fata"},"schema":{"@context":"https:\/\/schema.org","@graph":[{"@type":"WebPage","@id":"https:\/\/arak.spicehorse.eu\/sk\/produkt\/kentucky-moonboots-air-velcro-chranice-clenkov\/","url":"https:\/\/arak.spicehorse.eu\/sk\/produkt\/kentucky-moonboots-air-velcro-chranice-clenkov\/","name":"Kentucky Moonboots Air Velcro chr\u00e1ni\u010de \u010dlenkov - Spicehorse","isPartOf":{"@id":"https:\/\/arak.spicehorse.eu\/en\/#website"},"datePublished":"2023-07-03T14:03:33+00:00","dateModified":"2023-11-23T10:17:09+00:00","description":"spicehorse.eu | Kentucky Horsewear Moonboots Air chr\u00e1ni\u010de \u010dlenkov s\u00fa vyroben\u00e9 z pevn\u00e9ho materi\u00e1lu s TPU krytom s viacer\u00fdmi vetrac\u00edmi otvormi a sie\u0165ov\u00fdmi vetrac\u00edmi otvormi umiestnen\u00fdmi do tvaru trojuholn\u00edka.","breadcrumb":{"@id":"https:\/\/arak.spicehorse.eu\/sk\/produkt\/kentucky-moonboots-air-velcro-chranice-clenkov\/#breadcrumb"},"inLanguage":"sk-SK","potentialAction":[{"@type":"ReadAction","target":["https:\/\/arak.spicehorse.eu\/sk\/produkt\/kentucky-moonboots-air-velcro-chranice-clenkov\/"]}]},{"@type":"BreadcrumbList","@id":"https:\/\/arak.spicehorse.eu\/sk\/produkt\/kentucky-moonboots-air-velcro-chranice-clenkov\/#breadcrumb","itemListElement":[{"@type":"ListItem","position":1,"name":"Home","item":"https:\/\/arak.spicehorse.eu\/sk\/"},{"@type":"ListItem","position":2,"name":"Predaj\u0148a","item":"https:\/\/arak.spicehorse.eu\/sk\/predajna\/"},{"@type":"ListItem","position":3,"name":"Kentucky Moonboots Air Velcro chr\u00e1ni\u010de \u010dlenkov"}]},{"@type":"WebSite","@id":"https:\/\/arak.spicehorse.eu\/en\/#website","url":"https:\/\/arak.spicehorse.eu\/en\/","name":"Spicehorse","description":"UNDER DEVELOPMENT -","potentialAction":[{"@type":"SearchAction","target":{"@type":"EntryPoint","urlTemplate":"https:\/\/arak.spicehorse.eu\/en\/?s={search_term_string}"},"query-input":"required name=search_term_string"}],"inLanguage":"sk-SK"}]}},"_links":{"self":[{"href":"https:\/\/arak.spicehorse.eu\/sk\/wp-json\/wp\/v2\/product\/136464"}],"collection":[{"href":"https:\/\/arak.spicehorse.eu\/sk\/wp-json\/wp\/v2\/product"}],"about":[{"href":"https:\/\/arak.spicehorse.eu\/sk\/wp-json\/wp\/v2\/types\/product"}],"wp:featuredmedia":[{"embeddable":true,"href":"https:\/\/arak.spicehorse.eu\/sk\/wp-json\/wp\/v2\/media\/136478"}],"wp:attachment":[{"href":"https:\/\/arak.spicehorse.eu\/sk\/wp-json\/wp\/v2\/media?parent=136464"}],"wp:term":[{"taxonomy":"product_cat","embeddable":true,"href":"https:\/\/arak.spicehorse.eu\/sk\/wp-json\/wp\/v2\/product_cat?post=136464"},{"taxonomy":"product_tag","embeddable":true,"href":"https:\/\/arak.spicehorse.eu\/sk\/wp-json\/wp\/v2\/product_tag?post=136464"}],"curies":[{"name":"wp","href":"https:\/\/api.w.org\/{rel}","templated":true}]}}