{"id":13667,"date":"2020-08-04T12:48:17","date_gmt":"2020-08-04T10:48:17","guid":{"rendered":"https:\/\/arak.spicehorse.eu\/?post_type=product&#038;p=13667"},"modified":"2023-11-23T11:34:46","modified_gmt":"2023-11-23T10:34:46","slug":"kentucky-cyro-ice-chladiace-bandaze","status":"publish","type":"product","link":"https:\/\/arak.spicehorse.eu\/sk\/produkt\/kentucky-cyro-ice-chladiace-bandaze\/","title":{"rendered":"Kentucky Cryo Ice chladiace band\u00e1\u017ee"},"content":{"rendered":"<p>Pomocou Kentucky Horsewear Cyro Ice chladiacej band\u00e1\u017ee sa n\u00e1\u0161 k\u00f4\u0148 r\u00fdchlej\u0161ie regeneruje po intenz\u00edvnej pr\u00e1ci. Maj\u00fa anatomick\u00e9 tvarovanie s\u00a0odn\u00edmate\u013enou chladiacou vlo\u017ekou, ktor\u00fa m\u00f4\u017eeme skladova\u0165 v\u00a0chladni\u010dke alebo mrazni\u010dke. Nohy ko\u0148a nimi m\u00f4\u017eeme \u00fa\u010dinne chladi\u0165 a\u017e 20 min\u00fat, poskytuj\u00fa intenz\u00edvnu relax\u00e1ciu! \u00a0Kentucky Horsewear Cyro Ice chladiace band\u00e1\u017ee zni\u017euj\u00fa boles\u0165, ur\u00fdch\u013euj\u00fa proces regener\u00e1cie po \u00faraze, zlep\u0161uj\u00fa krvn\u00fd obeh a\u00a0zni\u017euj\u00fa z\u00e1paly. Vonkaj\u0161\u00ed neopr\u00e9nov\u00fd priepustn\u00fd kryt zabezpe\u010duje dokonal\u00fa vo\u013enos\u0165 pohybu, v\u010faka pevn\u00fdm a\u00a0stabiln\u00fdm such\u00fdm zipsom sa upev\u0148uj\u00fa r\u00fdchlo a\u00a0bezpe\u010dne. Mo\u017eno pra\u0165 v\u00a0pr\u00e1\u010dke na 30\u00b0C bez toho, aby sa zn\u00ed\u017eila \u00fa\u010dinnos\u0165 alebo v\u00fdkon (nevkladajte do su\u0161i\u010dky).<\/p>\n","protected":false},"excerpt":{"rendered":"<h3>Pomocou Kentucky Cyro Ice chladiacej band\u00e1\u017ee sa n\u00e1\u0161 k\u00f4\u0148 r\u00fdchlej\u0161ie regeneruje po intenz\u00edvnej pr\u00e1ci.<\/h3>\n<p><strong>Ve\u013ekos\u0165: jedna ve\u013ekos\u0165<\/strong><br \/>\n<strong>Farba: \u010dierna<\/strong><\/p>\n<ul>\n<li>Anatomicky tvarovan\u00e1 vonkaj\u0161ia \u010das\u0165<\/li>\n<li>Priepustn\u00fd neopr\u00e9nov\u00fd vonkaj\u0161\u00ed kryt<\/li>\n<li>Pevn\u00e9 such\u00e9 zipsy, jednoduch\u00e9 pou\u017e\u00edvanie<\/li>\n<li>Cyro technol\u00f3giou podporuje a ur\u00fdch\u013euje proces regener\u00e1cie<\/li>\n<\/ul>\n","protected":false},"featured_media":55573,"template":"","meta":{"_acf_changed":false},"product_cat":[75,118],"product_tag":[1732,544,184,442,444],"acf":[],"yoast_head":"<!-- This site is optimized with the Yoast SEO plugin v21.4 - https:\/\/yoast.com\/wordpress\/plugins\/seo\/ -->\n<title>Kentucky Cryo Ice chladiace band\u00e1\u017ee - Spicehorse<\/title>\n<meta name=\"description\" content=\"spicehorse.eu | Pomocou Kentucky Horsewear Cyro Ice chladiacej band\u00e1\u017ee sa n\u00e1\u0161 k\u00f4\u0148 r\u00fdchlej\u0161ie regeneruje po intenz\u00edvnej pr\u00e1ci.\" \/>\n<meta name=\"robots\" content=\"index, follow, max-snippet:-1, max-image-preview:large, max-video-preview:-1\" \/>\n<link rel=\"canonical\" href=\"https:\/\/arak.spicehorse.eu\/sk\/produkt\/kentucky-cyro-ice-chladiace-bandaze\/\" \/>\n<meta property=\"og:locale\" content=\"sk_SK\" \/>\n<meta property=\"og:type\" content=\"article\" \/>\n<meta property=\"og:title\" content=\"Kentucky Cryo Ice chladiace band\u00e1\u017ee - Spicehorse\" \/>\n<meta property=\"og:description\" content=\"spicehorse.eu | Pomocou Kentucky Horsewear Cyro Ice chladiacej band\u00e1\u017ee sa n\u00e1\u0161 k\u00f4\u0148 r\u00fdchlej\u0161ie regeneruje po intenz\u00edvnej pr\u00e1ci.\" \/>\n<meta property=\"og:url\" content=\"https:\/\/arak.spicehorse.eu\/sk\/produkt\/kentucky-cyro-ice-chladiace-bandaze\/\" \/>\n<meta property=\"og:site_name\" content=\"Spicehorse\" \/>\n<meta property=\"article:publisher\" content=\"https:\/\/www.facebook.com\/SPICEHORSE-550385625402457\/\" \/>\n<meta property=\"article:modified_time\" content=\"2023-11-23T10:34:46+00:00\" \/>\n<meta property=\"og:image\" content=\"https:\/\/arak.spicehorse.eu\/wp-content\/uploads\/2020\/08\/f9b955a13a704d0dceed4b0fc09e5ddcf3086a663a22e993979a78e30f48c8e3.jpg\" \/>\n\t<meta property=\"og:image:width\" content=\"2048\" \/>\n\t<meta property=\"og:image:height\" content=\"2048\" \/>\n\t<meta property=\"og:image:type\" content=\"image\/jpeg\" \/>\n<meta name=\"twitter:card\" content=\"summary_large_image\" \/>\n<meta name=\"twitter:label1\" content=\"Predpokladan\u00fd \u010das \u010d\u00edtania\" \/>\n\t<meta name=\"twitter:data1\" content=\"1 min\u00fata\" \/>\n<script type=\"application\/ld+json\" class=\"yoast-schema-graph\">{\"@context\":\"https:\/\/schema.org\",\"@graph\":[{\"@type\":\"WebPage\",\"@id\":\"https:\/\/arak.spicehorse.eu\/sk\/produkt\/kentucky-cyro-ice-chladiace-bandaze\/\",\"url\":\"https:\/\/arak.spicehorse.eu\/sk\/produkt\/kentucky-cyro-ice-chladiace-bandaze\/\",\"name\":\"Kentucky Cryo Ice chladiace band\u00e1\u017ee - Spicehorse\",\"isPartOf\":{\"@id\":\"https:\/\/arak.spicehorse.eu\/en\/#website\"},\"datePublished\":\"2020-08-04T10:48:17+00:00\",\"dateModified\":\"2023-11-23T10:34:46+00:00\",\"description\":\"spicehorse.eu | Pomocou Kentucky Horsewear Cyro Ice chladiacej band\u00e1\u017ee sa n\u00e1\u0161 k\u00f4\u0148 r\u00fdchlej\u0161ie regeneruje po intenz\u00edvnej pr\u00e1ci.\",\"breadcrumb\":{\"@id\":\"https:\/\/arak.spicehorse.eu\/sk\/produkt\/kentucky-cyro-ice-chladiace-bandaze\/#breadcrumb\"},\"inLanguage\":\"sk-SK\",\"potentialAction\":[{\"@type\":\"ReadAction\",\"target\":[\"https:\/\/arak.spicehorse.eu\/sk\/produkt\/kentucky-cyro-ice-chladiace-bandaze\/\"]}]},{\"@type\":\"BreadcrumbList\",\"@id\":\"https:\/\/arak.spicehorse.eu\/sk\/produkt\/kentucky-cyro-ice-chladiace-bandaze\/#breadcrumb\",\"itemListElement\":[{\"@type\":\"ListItem\",\"position\":1,\"name\":\"Home\",\"item\":\"https:\/\/arak.spicehorse.eu\/sk\/\"},{\"@type\":\"ListItem\",\"position\":2,\"name\":\"Predaj\u0148a\",\"item\":\"https:\/\/arak.spicehorse.eu\/sk\/predajna\/\"},{\"@type\":\"ListItem\",\"position\":3,\"name\":\"Kentucky Cryo Ice chladiace band\u00e1\u017ee\"}]},{\"@type\":\"WebSite\",\"@id\":\"https:\/\/arak.spicehorse.eu\/en\/#website\",\"url\":\"https:\/\/arak.spicehorse.eu\/en\/\",\"name\":\"Spicehorse\",\"description\":\"UNDER DEVELOPMENT -\",\"potentialAction\":[{\"@type\":\"SearchAction\",\"target\":{\"@type\":\"EntryPoint\",\"urlTemplate\":\"https:\/\/arak.spicehorse.eu\/en\/?s={search_term_string}\"},\"query-input\":\"required name=search_term_string\"}],\"inLanguage\":\"sk-SK\"}]}<\/script>\n<!-- \/ Yoast SEO plugin. -->","yoast_head_json":{"title":"Kentucky Cryo Ice chladiace band\u00e1\u017ee - Spicehorse","description":"spicehorse.eu | Pomocou Kentucky Horsewear Cyro Ice chladiacej band\u00e1\u017ee sa n\u00e1\u0161 k\u00f4\u0148 r\u00fdchlej\u0161ie regeneruje po intenz\u00edvnej pr\u00e1ci.","robots":{"index":"index","follow":"follow","max-snippet":"max-snippet:-1","max-image-preview":"max-image-preview:large","max-video-preview":"max-video-preview:-1"},"canonical":"https:\/\/arak.spicehorse.eu\/sk\/produkt\/kentucky-cyro-ice-chladiace-bandaze\/","og_locale":"sk_SK","og_type":"article","og_title":"Kentucky Cryo Ice chladiace band\u00e1\u017ee - Spicehorse","og_description":"spicehorse.eu | Pomocou Kentucky Horsewear Cyro Ice chladiacej band\u00e1\u017ee sa n\u00e1\u0161 k\u00f4\u0148 r\u00fdchlej\u0161ie regeneruje po intenz\u00edvnej pr\u00e1ci.","og_url":"https:\/\/arak.spicehorse.eu\/sk\/produkt\/kentucky-cyro-ice-chladiace-bandaze\/","og_site_name":"Spicehorse","article_publisher":"https:\/\/www.facebook.com\/SPICEHORSE-550385625402457\/","article_modified_time":"2023-11-23T10:34:46+00:00","og_image":[{"width":2048,"height":2048,"url":"https:\/\/arak.spicehorse.eu\/wp-content\/uploads\/2020\/08\/f9b955a13a704d0dceed4b0fc09e5ddcf3086a663a22e993979a78e30f48c8e3.jpg","type":"image\/jpeg"}],"twitter_card":"summary_large_image","twitter_misc":{"Predpokladan\u00fd \u010das \u010d\u00edtania":"1 min\u00fata"},"schema":{"@context":"https:\/\/schema.org","@graph":[{"@type":"WebPage","@id":"https:\/\/arak.spicehorse.eu\/sk\/produkt\/kentucky-cyro-ice-chladiace-bandaze\/","url":"https:\/\/arak.spicehorse.eu\/sk\/produkt\/kentucky-cyro-ice-chladiace-bandaze\/","name":"Kentucky Cryo Ice chladiace band\u00e1\u017ee - Spicehorse","isPartOf":{"@id":"https:\/\/arak.spicehorse.eu\/en\/#website"},"datePublished":"2020-08-04T10:48:17+00:00","dateModified":"2023-11-23T10:34:46+00:00","description":"spicehorse.eu | Pomocou Kentucky Horsewear Cyro Ice chladiacej band\u00e1\u017ee sa n\u00e1\u0161 k\u00f4\u0148 r\u00fdchlej\u0161ie regeneruje po intenz\u00edvnej pr\u00e1ci.","breadcrumb":{"@id":"https:\/\/arak.spicehorse.eu\/sk\/produkt\/kentucky-cyro-ice-chladiace-bandaze\/#breadcrumb"},"inLanguage":"sk-SK","potentialAction":[{"@type":"ReadAction","target":["https:\/\/arak.spicehorse.eu\/sk\/produkt\/kentucky-cyro-ice-chladiace-bandaze\/"]}]},{"@type":"BreadcrumbList","@id":"https:\/\/arak.spicehorse.eu\/sk\/produkt\/kentucky-cyro-ice-chladiace-bandaze\/#breadcrumb","itemListElement":[{"@type":"ListItem","position":1,"name":"Home","item":"https:\/\/arak.spicehorse.eu\/sk\/"},{"@type":"ListItem","position":2,"name":"Predaj\u0148a","item":"https:\/\/arak.spicehorse.eu\/sk\/predajna\/"},{"@type":"ListItem","position":3,"name":"Kentucky Cryo Ice chladiace band\u00e1\u017ee"}]},{"@type":"WebSite","@id":"https:\/\/arak.spicehorse.eu\/en\/#website","url":"https:\/\/arak.spicehorse.eu\/en\/","name":"Spicehorse","description":"UNDER DEVELOPMENT -","potentialAction":[{"@type":"SearchAction","target":{"@type":"EntryPoint","urlTemplate":"https:\/\/arak.spicehorse.eu\/en\/?s={search_term_string}"},"query-input":"required name=search_term_string"}],"inLanguage":"sk-SK"}]}},"_links":{"self":[{"href":"https:\/\/arak.spicehorse.eu\/sk\/wp-json\/wp\/v2\/product\/13667"}],"collection":[{"href":"https:\/\/arak.spicehorse.eu\/sk\/wp-json\/wp\/v2\/product"}],"about":[{"href":"https:\/\/arak.spicehorse.eu\/sk\/wp-json\/wp\/v2\/types\/product"}],"wp:featuredmedia":[{"embeddable":true,"href":"https:\/\/arak.spicehorse.eu\/sk\/wp-json\/wp\/v2\/media\/55573"}],"wp:attachment":[{"href":"https:\/\/arak.spicehorse.eu\/sk\/wp-json\/wp\/v2\/media?parent=13667"}],"wp:term":[{"taxonomy":"product_cat","embeddable":true,"href":"https:\/\/arak.spicehorse.eu\/sk\/wp-json\/wp\/v2\/product_cat?post=13667"},{"taxonomy":"product_tag","embeddable":true,"href":"https:\/\/arak.spicehorse.eu\/sk\/wp-json\/wp\/v2\/product_tag?post=13667"}],"curies":[{"name":"wp","href":"https:\/\/api.w.org\/{rel}","templated":true}]}}