{"id":14106,"date":"2020-08-03T17:41:40","date_gmt":"2020-08-03T15:41:40","guid":{"rendered":"https:\/\/arak.spicehorse.eu\/product\/ps-of-sweden-pioneer-kantar\/"},"modified":"2025-06-18T14:33:50","modified_gmt":"2025-06-18T12:33:50","slug":"ps-of-sweden-pioneer-uzdecka","status":"publish","type":"product","link":"https:\/\/arak.spicehorse.eu\/sk\/produkt\/ps-of-sweden-pioneer-uzdecka\/","title":{"rendered":"PS of Sweden uzde\u010dka Pioneer"},"content":{"rendered":"<p>Objav rozdiely oproti v\u0161etk\u00fdm doteraj\u0161\u00edm uzde\u010dk\u00e1m! PS of Sweden Pioneer uzde\u010dka. Dokonale sa prisp\u00f4sobuj\u00faca anatomick\u00e1 uzde\u010dka, so zabudovan\u00fdm polstrovan\u00edm pohlcuj\u00facim \u00fadery, v\u010faka ktor\u00e9mu netla\u010d\u00ed na nervov\u00e9 zakon\u010denia, tv\u00e1rov\u00e9 kosti sa m\u00f4\u017eu vo\u013ene h\u00fdba\u0165. N\u00e1nosn\u00edk je mo\u017en\u00e9 \u013eubovo\u013ene nastavi\u0165, nastaven\u00edm na dlh\u0161\u00ed z neho \u013eahko z\u00edskame uzde\u010dku typu hannover, nastaven\u00edm na krat\u0161\u00ed z\u00a0neho z\u00edskame klasick\u00fa anglick\u00fa uzde\u010dku.<\/p>\n<p><strong>N\u00e1nosn\u00edk<\/strong><\/p>\n<p>V\u00fd\u0161ku n\u00e1nosn\u00edka mo\u017eno nastavi\u0165 na 3 metre v z\u00e1ujme dokonal\u00e9ho prisp\u00f4sobenia, v\u010faka \u010domu m\u00f4\u017eeme minimalizova\u0165 riziko za\u0161tipnutia zubadla.<\/p>\n<p><strong>N\u00e1tyln\u00edk<\/strong><\/p>\n<p>Patentovan\u00fd, \u0161peci\u00e1lne tvarovan\u00fd a\u00a0extra polstrovan\u00fd n\u00e1tyln\u00edk vo v\u00fdraznej miere zni\u017euje tlak na oblas\u0165 za u\u0161ami a\u00a0na \u0161iju ko\u0148a.<\/p>\n<p><strong>L\u00edcnice<\/strong><\/p>\n<p>L\u00edcnice s\u00fa patentovan\u00e9, nastavite\u013en\u00e9 a\u00a0pru\u017en\u00e9, v\u010faka nim zubadlo dokonale zapad\u00e1 do \u00fast ko\u0148a. \u013dahko sa nastavuj\u00fa, s\u00fa menite\u013en\u00e9.<\/p>\n<p>PS of Sweden Pioneer uzde\u010dky s\u00fa priate\u013esk\u00e9 k\u00a0prostrediu, s\u00fa vyroben\u00e9 z\u00a0veg\u00e1nskej morenej rastlinnej u\u0161ne, s\u00fa ide\u00e1lne pre park\u00farov\u00e9 sk\u00e1kanie, drez\u00faru aj jazdenie. Pre kone a\u00a0pon\u00edky s\u00a0povoleniami FEI, USEF\/USDF a\u00a0BD vo v\u0161etk\u00fdch f\u00e1zach park\u00farov\u00e9ho jazdectva, drez\u00fary a\u00a0jazdectva.<\/p>\n<p><strong>Pozn\u00e1mka:<\/strong><\/p>\n<ul>\n<li>Bez podhrdeln\u00edka<\/li>\n<li>Kri\u0161t\u00e1\u013eov\u00fa \u010delenku je mo\u017en\u00e9 samostatne zak\u00fapi\u0165<\/li>\n<li>Bez o\u0165a\u017ee<\/li>\n<\/ul>\n<p><em>V\u00a0pr\u00edpade ak\u00fdchko\u013evek ot\u00e1zok t\u00fdkaj\u00facich sa v\u00fdrobku, alebo ak potrebujete pomoc pri v\u00fdbere vhodnej ve\u013ekosti, resp. ak by ste sa radi bli\u017e\u0161ie obozn\u00e1mili s\u00a0mechanizmom p\u00f4sobenia PS of Sweden anatomick\u00fdch uzde\u010diek, nev\u00e1hajte n\u00e1s kontaktova\u0165, na\u0161i spolupracovn\u00edci V\u00e1m s\u00a0rados\u0165ou pom\u00f4\u017eu pri v\u00fdbere dokonalej uzde\u010dky! <\/em><\/p>\n","protected":false},"excerpt":{"rendered":"<p><img loading=\"lazy\" decoding=\"async\" src=\"https:\/\/shop.textalk.se\/shop\/ws10\/64010\/files\/Symbols\/Eco-friendly.jpg\" width=\"168\" height=\"138\" \/><\/p>\n","protected":false},"featured_media":84189,"template":"","meta":{"_acf_changed":false},"product_cat":[78,75,511],"product_tag":[517,529],"acf":[],"yoast_head":"<!-- This site is optimized with the Yoast SEO plugin v21.4 - https:\/\/yoast.com\/wordpress\/plugins\/seo\/ -->\n<title>PS of Sweden uzde\u010dka Pioneer - Spicehorse<\/title>\n<meta name=\"description\" content=\"spicehorse.eu | Objav rozdiely oproti v\u0161etk\u00fdm doteraj\u0161\u00edm uzde\u010dk\u00e1m! PS of Sweden Pioneer uzde\u010dka.\" \/>\n<meta name=\"robots\" content=\"index, follow, max-snippet:-1, max-image-preview:large, max-video-preview:-1\" \/>\n<link rel=\"canonical\" href=\"https:\/\/arak.spicehorse.eu\/sk\/produkt\/ps-of-sweden-pioneer-uzdecka\/\" \/>\n<meta property=\"og:locale\" content=\"sk_SK\" \/>\n<meta property=\"og:type\" content=\"article\" \/>\n<meta property=\"og:title\" content=\"PS of Sweden uzde\u010dka Pioneer - Spicehorse\" \/>\n<meta property=\"og:description\" content=\"spicehorse.eu | Objav rozdiely oproti v\u0161etk\u00fdm doteraj\u0161\u00edm uzde\u010dk\u00e1m! PS of Sweden Pioneer uzde\u010dka.\" \/>\n<meta property=\"og:url\" content=\"https:\/\/arak.spicehorse.eu\/sk\/produkt\/ps-of-sweden-pioneer-uzdecka\/\" \/>\n<meta property=\"og:site_name\" content=\"Spicehorse\" \/>\n<meta property=\"article:publisher\" content=\"https:\/\/www.facebook.com\/SPICEHORSE-550385625402457\/\" \/>\n<meta property=\"article:modified_time\" content=\"2025-06-18T12:33:50+00:00\" \/>\n<meta property=\"og:image\" content=\"https:\/\/arak.spicehorse.eu\/wp-content\/uploads\/2020\/08\/DSC_6958-scaled.jpg\" \/>\n\t<meta property=\"og:image:width\" content=\"1703\" \/>\n\t<meta property=\"og:image:height\" content=\"2560\" \/>\n\t<meta property=\"og:image:type\" content=\"image\/jpeg\" \/>\n<meta name=\"twitter:card\" content=\"summary_large_image\" \/>\n<meta name=\"twitter:label1\" content=\"Predpokladan\u00fd \u010das \u010d\u00edtania\" \/>\n\t<meta name=\"twitter:data1\" content=\"2 min\u00faty\" \/>\n<script type=\"application\/ld+json\" class=\"yoast-schema-graph\">{\"@context\":\"https:\/\/schema.org\",\"@graph\":[{\"@type\":\"WebPage\",\"@id\":\"https:\/\/arak.spicehorse.eu\/sk\/produkt\/ps-of-sweden-pioneer-uzdecka\/\",\"url\":\"https:\/\/arak.spicehorse.eu\/sk\/produkt\/ps-of-sweden-pioneer-uzdecka\/\",\"name\":\"PS of Sweden uzde\u010dka Pioneer - Spicehorse\",\"isPartOf\":{\"@id\":\"https:\/\/arak.spicehorse.eu\/en\/#website\"},\"datePublished\":\"2020-08-03T15:41:40+00:00\",\"dateModified\":\"2025-06-18T12:33:50+00:00\",\"description\":\"spicehorse.eu | Objav rozdiely oproti v\u0161etk\u00fdm doteraj\u0161\u00edm uzde\u010dk\u00e1m! PS of Sweden Pioneer uzde\u010dka.\",\"breadcrumb\":{\"@id\":\"https:\/\/arak.spicehorse.eu\/sk\/produkt\/ps-of-sweden-pioneer-uzdecka\/#breadcrumb\"},\"inLanguage\":\"sk-SK\",\"potentialAction\":[{\"@type\":\"ReadAction\",\"target\":[\"https:\/\/arak.spicehorse.eu\/sk\/produkt\/ps-of-sweden-pioneer-uzdecka\/\"]}]},{\"@type\":\"BreadcrumbList\",\"@id\":\"https:\/\/arak.spicehorse.eu\/sk\/produkt\/ps-of-sweden-pioneer-uzdecka\/#breadcrumb\",\"itemListElement\":[{\"@type\":\"ListItem\",\"position\":1,\"name\":\"Home\",\"item\":\"https:\/\/arak.spicehorse.eu\/sk\/\"},{\"@type\":\"ListItem\",\"position\":2,\"name\":\"Predaj\u0148a\",\"item\":\"https:\/\/arak.spicehorse.eu\/sk\/predajna\/\"},{\"@type\":\"ListItem\",\"position\":3,\"name\":\"PS of Sweden uzde\u010dka Pioneer\"}]},{\"@type\":\"WebSite\",\"@id\":\"https:\/\/arak.spicehorse.eu\/en\/#website\",\"url\":\"https:\/\/arak.spicehorse.eu\/en\/\",\"name\":\"Spicehorse\",\"description\":\"UNDER DEVELOPMENT -\",\"potentialAction\":[{\"@type\":\"SearchAction\",\"target\":{\"@type\":\"EntryPoint\",\"urlTemplate\":\"https:\/\/arak.spicehorse.eu\/en\/?s={search_term_string}\"},\"query-input\":\"required name=search_term_string\"}],\"inLanguage\":\"sk-SK\"}]}<\/script>\n<!-- \/ Yoast SEO plugin. -->","yoast_head_json":{"title":"PS of Sweden uzde\u010dka Pioneer - Spicehorse","description":"spicehorse.eu | Objav rozdiely oproti v\u0161etk\u00fdm doteraj\u0161\u00edm uzde\u010dk\u00e1m! PS of Sweden Pioneer uzde\u010dka.","robots":{"index":"index","follow":"follow","max-snippet":"max-snippet:-1","max-image-preview":"max-image-preview:large","max-video-preview":"max-video-preview:-1"},"canonical":"https:\/\/arak.spicehorse.eu\/sk\/produkt\/ps-of-sweden-pioneer-uzdecka\/","og_locale":"sk_SK","og_type":"article","og_title":"PS of Sweden uzde\u010dka Pioneer - Spicehorse","og_description":"spicehorse.eu | Objav rozdiely oproti v\u0161etk\u00fdm doteraj\u0161\u00edm uzde\u010dk\u00e1m! PS of Sweden Pioneer uzde\u010dka.","og_url":"https:\/\/arak.spicehorse.eu\/sk\/produkt\/ps-of-sweden-pioneer-uzdecka\/","og_site_name":"Spicehorse","article_publisher":"https:\/\/www.facebook.com\/SPICEHORSE-550385625402457\/","article_modified_time":"2025-06-18T12:33:50+00:00","og_image":[{"width":1703,"height":2560,"url":"https:\/\/arak.spicehorse.eu\/wp-content\/uploads\/2020\/08\/DSC_6958-scaled.jpg","type":"image\/jpeg"}],"twitter_card":"summary_large_image","twitter_misc":{"Predpokladan\u00fd \u010das \u010d\u00edtania":"2 min\u00faty"},"schema":{"@context":"https:\/\/schema.org","@graph":[{"@type":"WebPage","@id":"https:\/\/arak.spicehorse.eu\/sk\/produkt\/ps-of-sweden-pioneer-uzdecka\/","url":"https:\/\/arak.spicehorse.eu\/sk\/produkt\/ps-of-sweden-pioneer-uzdecka\/","name":"PS of Sweden uzde\u010dka Pioneer - Spicehorse","isPartOf":{"@id":"https:\/\/arak.spicehorse.eu\/en\/#website"},"datePublished":"2020-08-03T15:41:40+00:00","dateModified":"2025-06-18T12:33:50+00:00","description":"spicehorse.eu | Objav rozdiely oproti v\u0161etk\u00fdm doteraj\u0161\u00edm uzde\u010dk\u00e1m! PS of Sweden Pioneer uzde\u010dka.","breadcrumb":{"@id":"https:\/\/arak.spicehorse.eu\/sk\/produkt\/ps-of-sweden-pioneer-uzdecka\/#breadcrumb"},"inLanguage":"sk-SK","potentialAction":[{"@type":"ReadAction","target":["https:\/\/arak.spicehorse.eu\/sk\/produkt\/ps-of-sweden-pioneer-uzdecka\/"]}]},{"@type":"BreadcrumbList","@id":"https:\/\/arak.spicehorse.eu\/sk\/produkt\/ps-of-sweden-pioneer-uzdecka\/#breadcrumb","itemListElement":[{"@type":"ListItem","position":1,"name":"Home","item":"https:\/\/arak.spicehorse.eu\/sk\/"},{"@type":"ListItem","position":2,"name":"Predaj\u0148a","item":"https:\/\/arak.spicehorse.eu\/sk\/predajna\/"},{"@type":"ListItem","position":3,"name":"PS of Sweden uzde\u010dka Pioneer"}]},{"@type":"WebSite","@id":"https:\/\/arak.spicehorse.eu\/en\/#website","url":"https:\/\/arak.spicehorse.eu\/en\/","name":"Spicehorse","description":"UNDER DEVELOPMENT -","potentialAction":[{"@type":"SearchAction","target":{"@type":"EntryPoint","urlTemplate":"https:\/\/arak.spicehorse.eu\/en\/?s={search_term_string}"},"query-input":"required name=search_term_string"}],"inLanguage":"sk-SK"}]}},"_links":{"self":[{"href":"https:\/\/arak.spicehorse.eu\/sk\/wp-json\/wp\/v2\/product\/14106"}],"collection":[{"href":"https:\/\/arak.spicehorse.eu\/sk\/wp-json\/wp\/v2\/product"}],"about":[{"href":"https:\/\/arak.spicehorse.eu\/sk\/wp-json\/wp\/v2\/types\/product"}],"wp:featuredmedia":[{"embeddable":true,"href":"https:\/\/arak.spicehorse.eu\/sk\/wp-json\/wp\/v2\/media\/84189"}],"wp:attachment":[{"href":"https:\/\/arak.spicehorse.eu\/sk\/wp-json\/wp\/v2\/media?parent=14106"}],"wp:term":[{"taxonomy":"product_cat","embeddable":true,"href":"https:\/\/arak.spicehorse.eu\/sk\/wp-json\/wp\/v2\/product_cat?post=14106"},{"taxonomy":"product_tag","embeddable":true,"href":"https:\/\/arak.spicehorse.eu\/sk\/wp-json\/wp\/v2\/product_tag?post=14106"}],"curies":[{"name":"wp","href":"https:\/\/api.w.org\/{rel}","templated":true}]}}