{"id":141375,"date":"2023-07-19T09:25:03","date_gmt":"2023-07-19T07:25:11","guid":{"rendered":"https:\/\/arak.spicehorse.eu\/?post_type=product&#038;p=141375"},"modified":"2023-11-22T15:32:57","modified_gmt":"2023-11-22T14:32:57","slug":"lemieux-earth-tricko-ocean","status":"publish","type":"product","link":"https:\/\/arak.spicehorse.eu\/sk\/produkt\/lemieux-earth-tricko-ocean\/","title":{"rendered":"LeMieux Earth tri\u010dko Ocean"},"content":{"rendered":"<div>\n<p><span lang=\"SK\">Exkluz\u00edvne LeMieux Earth tri\u010dko vyroben\u00e9 z\u00a0recyklovan\u00fdch materi\u00e1lov.<\/span><\/p>\n<\/div>\n<div>\n<p><span lang=\"SK\">Je s\u00fa\u010das\u0165ou exkluz\u00edvnej kolekcie Earth (Zem), v\u00a0znamen\u00ed ekologick\u00e9ho v\u00fdvoja a\u00a0udr\u017eate\u013enosti.<\/span><\/p>\n<\/div>\n<div>\n<p><span lang=\"SK\">Materi\u00e1l je z\u00a0recyklovan\u00fdch PET flia\u0161, k\u00fdm n\u00e1pis LeMieux je z\u00a0recyklovanej gumy, pr\u00e1ve preto je tri\u010dko bl\u00edzke nielen tvojmu srdcu, ale aj celej plan\u00e9te.<\/span><\/p>\n<\/div>\n<div>\n<p><span lang=\"SK\">V\u00a0z\u00e1ujme zni\u017eovania mno\u017estva odpadov s\u00fa etikety kolekcie Earth vyroben\u00e9 z\u00a0recyklovan\u00e9ho kart\u00f3nu, vonkaj\u0161\u00ed obalov\u00fd materi\u00e1l je biologicky odb\u00farate\u013en\u00fd. Kr\u00e1sny dizajn bez odpadov!<\/span><\/p>\n<\/div>\n<div>\n<p><span lang=\"SK\">Vyberte si spomedzi troch kr\u00e1snych farieb kolekcie Earth, a\u00a0to Moss, Thistle alebo Ocean.<\/span><\/p>\n<\/div>\n<div>\n<p><span lang=\"SK\">Pre ochranu na\u0161ej plan\u00e9ty uzatvorila spolo\u010dnos\u0165 LeMieux partnerstvo s Ecologi, v\u00fdsledkom \u010doho sa pri ka\u017edej pr\u00edle\u017eitosti, ke\u010f si niekto zak\u00fapi v\u00fdrobok z\u00a0kolekcie zaviazali na vysadenie jedn\u00e9ho stromu.\u00a0 \u201cZak\u00fap si v\u00fdrobok a\u00a0zasa\u010f strom.\u201d<\/span><\/p>\n<\/div>\n<div>\n<p><span lang=\"SK\">Mo\u017eno pra\u0165 v\u00a0pr\u00e1\u010dke na 30 stup\u0148och. Pred pran\u00edm obr\u00e1\u0165te naruby. Perte s\u00a0podobn\u00fdmi farbami. Nevkladajte do su\u0161i\u010dky.\u00a0 <\/span><\/p>\n<\/div>\n","protected":false},"excerpt":{"rendered":"<p>Exkluz\u00edvne LeMieux Earth tri\u010dko vyroben\u00e9 z\u00a0recyklovan\u00fdch materi\u00e1lov. Je s\u00fa\u010das\u0165ou exkluz\u00edvnej kolekcie Earth (Zem), v\u00a0znamen\u00ed ekologick\u00e9ho v\u00fdvoja a\u00a0udr\u017eate\u013enosti. Materi\u00e1l je z\u00a0recyklovan\u00fdch PET flia\u0161, k\u00fdm n\u00e1pis LeMieux je z\u00a0recyklovanej gumy, pr\u00e1ve preto je tri\u010dko bl\u00edzke nielen tvojmu srdcu, ale aj celej plan\u00e9te. V\u00a0z\u00e1ujme zni\u017eovania mno\u017estva odpadov s\u00fa etikety kolekcie Earth vyroben\u00e9 z\u00a0recyklovan\u00e9ho kart\u00f3nu, vonkaj\u0161\u00ed obalov\u00fd materi\u00e1l je [&hellip;]<\/p>\n","protected":false},"featured_media":141390,"template":"","meta":{"_acf_changed":false},"product_cat":[78,76,307],"product_tag":[2513,2369,2517,420],"acf":[],"yoast_head":"<!-- This site is optimized with the Yoast SEO plugin v21.4 - https:\/\/yoast.com\/wordpress\/plugins\/seo\/ -->\n<title>LeMieux Earth tri\u010dko Ocean - Spicehorse<\/title>\n<meta name=\"description\" content=\"spicehorse.eu | Exkluz\u00edvne LeMieux Earth tri\u010dko vyroben\u00e9 z\u00a0recyklovan\u00fdch materi\u00e1lov.\" \/>\n<meta name=\"robots\" content=\"index, follow, max-snippet:-1, max-image-preview:large, max-video-preview:-1\" \/>\n<link rel=\"canonical\" href=\"https:\/\/arak.spicehorse.eu\/sk\/produkt\/lemieux-earth-tricko-ocean\/\" \/>\n<meta property=\"og:locale\" content=\"sk_SK\" \/>\n<meta property=\"og:type\" content=\"article\" \/>\n<meta property=\"og:title\" content=\"LeMieux Earth tri\u010dko Ocean - Spicehorse\" \/>\n<meta property=\"og:description\" content=\"spicehorse.eu | Exkluz\u00edvne LeMieux Earth tri\u010dko vyroben\u00e9 z\u00a0recyklovan\u00fdch materi\u00e1lov.\" \/>\n<meta property=\"og:url\" content=\"https:\/\/arak.spicehorse.eu\/sk\/produkt\/lemieux-earth-tricko-ocean\/\" \/>\n<meta property=\"og:site_name\" content=\"Spicehorse\" \/>\n<meta property=\"article:publisher\" content=\"https:\/\/www.facebook.com\/SPICEHORSE-550385625402457\/\" \/>\n<meta property=\"article:modified_time\" content=\"2023-11-22T14:32:57+00:00\" \/>\n<meta property=\"og:image\" content=\"https:\/\/arak.spicehorse.eu\/wp-content\/uploads\/2023\/07\/lm-earthtshirt-ocean1-hr_copy-1.jpg\" \/>\n\t<meta property=\"og:image:width\" content=\"800\" \/>\n\t<meta property=\"og:image:height\" content=\"800\" \/>\n\t<meta property=\"og:image:type\" content=\"image\/jpeg\" \/>\n<meta name=\"twitter:card\" content=\"summary_large_image\" \/>\n<meta name=\"twitter:label1\" content=\"Predpokladan\u00fd \u010das \u010d\u00edtania\" \/>\n\t<meta name=\"twitter:data1\" content=\"1 min\u00fata\" \/>\n<script type=\"application\/ld+json\" class=\"yoast-schema-graph\">{\"@context\":\"https:\/\/schema.org\",\"@graph\":[{\"@type\":\"WebPage\",\"@id\":\"https:\/\/arak.spicehorse.eu\/sk\/produkt\/lemieux-earth-tricko-ocean\/\",\"url\":\"https:\/\/arak.spicehorse.eu\/sk\/produkt\/lemieux-earth-tricko-ocean\/\",\"name\":\"LeMieux Earth tri\u010dko Ocean - Spicehorse\",\"isPartOf\":{\"@id\":\"https:\/\/arak.spicehorse.eu\/en\/#website\"},\"datePublished\":\"2023-07-19T07:25:11+00:00\",\"dateModified\":\"2023-11-22T14:32:57+00:00\",\"description\":\"spicehorse.eu | Exkluz\u00edvne LeMieux Earth tri\u010dko vyroben\u00e9 z\u00a0recyklovan\u00fdch materi\u00e1lov.\",\"breadcrumb\":{\"@id\":\"https:\/\/arak.spicehorse.eu\/sk\/produkt\/lemieux-earth-tricko-ocean\/#breadcrumb\"},\"inLanguage\":\"sk-SK\",\"potentialAction\":[{\"@type\":\"ReadAction\",\"target\":[\"https:\/\/arak.spicehorse.eu\/sk\/produkt\/lemieux-earth-tricko-ocean\/\"]}]},{\"@type\":\"BreadcrumbList\",\"@id\":\"https:\/\/arak.spicehorse.eu\/sk\/produkt\/lemieux-earth-tricko-ocean\/#breadcrumb\",\"itemListElement\":[{\"@type\":\"ListItem\",\"position\":1,\"name\":\"Home\",\"item\":\"https:\/\/arak.spicehorse.eu\/sk\/\"},{\"@type\":\"ListItem\",\"position\":2,\"name\":\"Predaj\u0148a\",\"item\":\"https:\/\/arak.spicehorse.eu\/sk\/predajna\/\"},{\"@type\":\"ListItem\",\"position\":3,\"name\":\"LeMieux Earth tri\u010dko Ocean\"}]},{\"@type\":\"WebSite\",\"@id\":\"https:\/\/arak.spicehorse.eu\/en\/#website\",\"url\":\"https:\/\/arak.spicehorse.eu\/en\/\",\"name\":\"Spicehorse\",\"description\":\"UNDER DEVELOPMENT -\",\"potentialAction\":[{\"@type\":\"SearchAction\",\"target\":{\"@type\":\"EntryPoint\",\"urlTemplate\":\"https:\/\/arak.spicehorse.eu\/en\/?s={search_term_string}\"},\"query-input\":\"required name=search_term_string\"}],\"inLanguage\":\"sk-SK\"}]}<\/script>\n<!-- \/ Yoast SEO plugin. -->","yoast_head_json":{"title":"LeMieux Earth tri\u010dko Ocean - Spicehorse","description":"spicehorse.eu | Exkluz\u00edvne LeMieux Earth tri\u010dko vyroben\u00e9 z\u00a0recyklovan\u00fdch materi\u00e1lov.","robots":{"index":"index","follow":"follow","max-snippet":"max-snippet:-1","max-image-preview":"max-image-preview:large","max-video-preview":"max-video-preview:-1"},"canonical":"https:\/\/arak.spicehorse.eu\/sk\/produkt\/lemieux-earth-tricko-ocean\/","og_locale":"sk_SK","og_type":"article","og_title":"LeMieux Earth tri\u010dko Ocean - Spicehorse","og_description":"spicehorse.eu | Exkluz\u00edvne LeMieux Earth tri\u010dko vyroben\u00e9 z\u00a0recyklovan\u00fdch materi\u00e1lov.","og_url":"https:\/\/arak.spicehorse.eu\/sk\/produkt\/lemieux-earth-tricko-ocean\/","og_site_name":"Spicehorse","article_publisher":"https:\/\/www.facebook.com\/SPICEHORSE-550385625402457\/","article_modified_time":"2023-11-22T14:32:57+00:00","og_image":[{"width":800,"height":800,"url":"https:\/\/arak.spicehorse.eu\/wp-content\/uploads\/2023\/07\/lm-earthtshirt-ocean1-hr_copy-1.jpg","type":"image\/jpeg"}],"twitter_card":"summary_large_image","twitter_misc":{"Predpokladan\u00fd \u010das \u010d\u00edtania":"1 min\u00fata"},"schema":{"@context":"https:\/\/schema.org","@graph":[{"@type":"WebPage","@id":"https:\/\/arak.spicehorse.eu\/sk\/produkt\/lemieux-earth-tricko-ocean\/","url":"https:\/\/arak.spicehorse.eu\/sk\/produkt\/lemieux-earth-tricko-ocean\/","name":"LeMieux Earth tri\u010dko Ocean - Spicehorse","isPartOf":{"@id":"https:\/\/arak.spicehorse.eu\/en\/#website"},"datePublished":"2023-07-19T07:25:11+00:00","dateModified":"2023-11-22T14:32:57+00:00","description":"spicehorse.eu | Exkluz\u00edvne LeMieux Earth tri\u010dko vyroben\u00e9 z\u00a0recyklovan\u00fdch materi\u00e1lov.","breadcrumb":{"@id":"https:\/\/arak.spicehorse.eu\/sk\/produkt\/lemieux-earth-tricko-ocean\/#breadcrumb"},"inLanguage":"sk-SK","potentialAction":[{"@type":"ReadAction","target":["https:\/\/arak.spicehorse.eu\/sk\/produkt\/lemieux-earth-tricko-ocean\/"]}]},{"@type":"BreadcrumbList","@id":"https:\/\/arak.spicehorse.eu\/sk\/produkt\/lemieux-earth-tricko-ocean\/#breadcrumb","itemListElement":[{"@type":"ListItem","position":1,"name":"Home","item":"https:\/\/arak.spicehorse.eu\/sk\/"},{"@type":"ListItem","position":2,"name":"Predaj\u0148a","item":"https:\/\/arak.spicehorse.eu\/sk\/predajna\/"},{"@type":"ListItem","position":3,"name":"LeMieux Earth tri\u010dko Ocean"}]},{"@type":"WebSite","@id":"https:\/\/arak.spicehorse.eu\/en\/#website","url":"https:\/\/arak.spicehorse.eu\/en\/","name":"Spicehorse","description":"UNDER DEVELOPMENT -","potentialAction":[{"@type":"SearchAction","target":{"@type":"EntryPoint","urlTemplate":"https:\/\/arak.spicehorse.eu\/en\/?s={search_term_string}"},"query-input":"required name=search_term_string"}],"inLanguage":"sk-SK"}]}},"_links":{"self":[{"href":"https:\/\/arak.spicehorse.eu\/sk\/wp-json\/wp\/v2\/product\/141375"}],"collection":[{"href":"https:\/\/arak.spicehorse.eu\/sk\/wp-json\/wp\/v2\/product"}],"about":[{"href":"https:\/\/arak.spicehorse.eu\/sk\/wp-json\/wp\/v2\/types\/product"}],"wp:featuredmedia":[{"embeddable":true,"href":"https:\/\/arak.spicehorse.eu\/sk\/wp-json\/wp\/v2\/media\/141390"}],"wp:attachment":[{"href":"https:\/\/arak.spicehorse.eu\/sk\/wp-json\/wp\/v2\/media?parent=141375"}],"wp:term":[{"taxonomy":"product_cat","embeddable":true,"href":"https:\/\/arak.spicehorse.eu\/sk\/wp-json\/wp\/v2\/product_cat?post=141375"},{"taxonomy":"product_tag","embeddable":true,"href":"https:\/\/arak.spicehorse.eu\/sk\/wp-json\/wp\/v2\/product_tag?post=141375"}],"curies":[{"name":"wp","href":"https:\/\/api.w.org\/{rel}","templated":true}]}}