{"id":143857,"date":"2023-07-21T10:39:21","date_gmt":"2023-07-21T08:39:22","guid":{"rendered":"https:\/\/arak.spicehorse.eu\/?post_type=product&#038;p=143857"},"modified":"2023-07-25T19:47:55","modified_gmt":"2023-07-25T17:47:55","slug":"nathalie-deluxe-sampon-pre-psov","status":"publish","type":"product","link":"https:\/\/arak.spicehorse.eu\/sk\/produkt\/nathalie-deluxe-sampon-pre-psov\/","title":{"rendered":"Nathalie Deluxe \u0161amp\u00f3n pre psov"},"content":{"rendered":"<div>\n<p><span lang=\"SK\">Neparfumovan\u00fd \u0161amp\u00f3n pre psov Nathalie Deluxe s\u00a0bio kokosov\u00fdm olejom a s\u00a0jemne \u010distiacimi komponentmi. Pou\u017e\u00edvan\u00edm sa st\u00e1va srs\u0165 \u010distou, jemnou a\u00a0lesklou. Hydratuje poko\u017eku. Bol vyvinut\u00fd vyslovene pre psov, s\u00a0maxim\u00e1lnym oh\u013eadom na \u017eivotn\u00e9 prostredie.<\/span><\/p>\n<\/div>\n<div>\n<p><span lang=\"SK\">Riedenie: 1:10 = pH 6,2<\/span><\/p>\n<\/div>\n<div>\n<p><strong><span lang=\"SK\">Zlo\u017eenie:<\/span><\/strong><\/p>\n<\/div>\n<div>\n<p><span lang=\"SK\">Aqua, Glycerin, Sodium Laureth Sulfate, Cocamidopropyl Betaine, Coco-Glucoside, Glycol Distearate, PEG-7 Glyceryl Cocoate, Guar Hydroxypropyltrimonium Chloride,\u00a0Caprylyl Glycol, Cocos Nucifera Oil, Dicaprylyl<span class=\"apple-converted-space\">\u00a0<\/span>Ether, Glyceryl Oleate, Triticum Vulgare Protein, 1,2-Hexanediol, Decyl Glucoside, Laureth-4,<span class=\"apple-converted-space\">\u00a0<\/span>Sodium Chloride, Sodium Gluconate, Citric Acid,\u00a0Sodium Benzoate, Benzoic Acid, Phenoxyethanol.<\/span><\/p>\n<\/div>\n","protected":false},"excerpt":{"rendered":"<p>Neparfumovan\u00fd \u0161amp\u00f3n pre psov Nathalie Deluxe s\u00a0bio kokosov\u00fdm olejom a s\u00a0jemne \u010distiacimi komponentmi. Pou\u017e\u00edvan\u00edm sa st\u00e1va srs\u0165 \u010distou, jemnou a\u00a0lesklou. Hydratuje poko\u017eku. Bol vyvinut\u00fd vyslovene pre psov, s\u00a0maxim\u00e1lnym oh\u013eadom na \u017eivotn\u00e9 prostredie. Riedenie: 1:10 = pH 6,2 Zlo\u017eenie: Aqua, Glycerin, Sodium Laureth Sulfate, Cocamidopropyl Betaine, Coco-Glucoside, Glycol Distearate, PEG-7 Glyceryl Cocoate, Guar Hydroxypropyltrimonium Chloride,\u00a0Caprylyl Glycol, [&hellip;]<\/p>\n","protected":false},"featured_media":143866,"template":"","meta":{"_acf_changed":false},"product_cat":[74,1603],"product_tag":[1446,401,228],"acf":[],"yoast_head":"<!-- This site is optimized with the Yoast SEO plugin v21.4 - https:\/\/yoast.com\/wordpress\/plugins\/seo\/ -->\n<title>Nathalie Deluxe \u0161amp\u00f3n pre psov - Spicehorse<\/title>\n<meta name=\"description\" content=\"spicehorse.eu | Neparfumovan\u00fd \u0161amp\u00f3n pre psov Nathalie Deluxe s\u00a0bio kokosov\u00fdm olejom a s\u00a0jemne \u010distiacimi komponentmi.\" \/>\n<meta name=\"robots\" content=\"index, follow, max-snippet:-1, max-image-preview:large, max-video-preview:-1\" \/>\n<link rel=\"canonical\" href=\"https:\/\/arak.spicehorse.eu\/termek\/nathalie-deluxe-kutyasampon\/\" \/>\n<meta property=\"og:locale\" content=\"sk_SK\" \/>\n<meta property=\"og:type\" content=\"article\" \/>\n<meta property=\"og:title\" content=\"Nathalie Deluxe \u0161amp\u00f3n pre psov - Spicehorse\" \/>\n<meta property=\"og:description\" content=\"spicehorse.eu | Neparfumovan\u00fd \u0161amp\u00f3n pre psov Nathalie Deluxe s\u00a0bio kokosov\u00fdm olejom a s\u00a0jemne \u010distiacimi komponentmi.\" \/>\n<meta property=\"og:url\" content=\"https:\/\/arak.spicehorse.eu\/termek\/nathalie-deluxe-kutyasampon\/\" \/>\n<meta property=\"og:site_name\" content=\"Spicehorse\" \/>\n<meta property=\"article:publisher\" content=\"https:\/\/www.facebook.com\/SPICEHORSE-550385625402457\/\" \/>\n<meta property=\"article:modified_time\" content=\"2023-07-25T17:47:55+00:00\" \/>\n<meta property=\"og:image\" content=\"https:\/\/arak.spicehorse.eu\/wp-content\/uploads\/2023\/07\/Nathalie-Deluxe-Shampoo-500ml-med-logo-1536x1536-1.jpg\" \/>\n\t<meta property=\"og:image:width\" content=\"1536\" \/>\n\t<meta property=\"og:image:height\" content=\"1536\" \/>\n\t<meta property=\"og:image:type\" content=\"image\/jpeg\" \/>\n<meta name=\"twitter:card\" content=\"summary_large_image\" \/>\n<script type=\"application\/ld+json\" class=\"yoast-schema-graph\">{\"@context\":\"https:\/\/schema.org\",\"@graph\":[{\"@type\":\"WebPage\",\"@id\":\"https:\/\/arak.spicehorse.eu\/termek\/nathalie-deluxe-kutyasampon\/\",\"url\":\"https:\/\/arak.spicehorse.eu\/termek\/nathalie-deluxe-kutyasampon\/\",\"name\":\"Nathalie Deluxe \u0161amp\u00f3n pre psov - Spicehorse\",\"isPartOf\":{\"@id\":\"https:\/\/arak.spicehorse.eu\/en\/#website\"},\"datePublished\":\"2023-07-21T08:39:22+00:00\",\"dateModified\":\"2023-07-25T17:47:55+00:00\",\"description\":\"spicehorse.eu | Neparfumovan\u00fd \u0161amp\u00f3n pre psov Nathalie Deluxe s\u00a0bio kokosov\u00fdm olejom a s\u00a0jemne \u010distiacimi komponentmi.\",\"breadcrumb\":{\"@id\":\"https:\/\/arak.spicehorse.eu\/termek\/nathalie-deluxe-kutyasampon\/#breadcrumb\"},\"inLanguage\":\"sk-SK\",\"potentialAction\":[{\"@type\":\"ReadAction\",\"target\":[\"https:\/\/arak.spicehorse.eu\/termek\/nathalie-deluxe-kutyasampon\/\"]}]},{\"@type\":\"BreadcrumbList\",\"@id\":\"https:\/\/arak.spicehorse.eu\/termek\/nathalie-deluxe-kutyasampon\/#breadcrumb\",\"itemListElement\":[{\"@type\":\"ListItem\",\"position\":1,\"name\":\"Home\",\"item\":\"https:\/\/arak.spicehorse.eu\/sk\/\"},{\"@type\":\"ListItem\",\"position\":2,\"name\":\"Predaj\u0148a\",\"item\":\"https:\/\/arak.spicehorse.eu\/sk\/predajna\/\"},{\"@type\":\"ListItem\",\"position\":3,\"name\":\"Nathalie Deluxe \u0161amp\u00f3n pre psov\"}]},{\"@type\":\"WebSite\",\"@id\":\"https:\/\/arak.spicehorse.eu\/en\/#website\",\"url\":\"https:\/\/arak.spicehorse.eu\/en\/\",\"name\":\"Spicehorse\",\"description\":\"UNDER DEVELOPMENT -\",\"potentialAction\":[{\"@type\":\"SearchAction\",\"target\":{\"@type\":\"EntryPoint\",\"urlTemplate\":\"https:\/\/arak.spicehorse.eu\/en\/?s={search_term_string}\"},\"query-input\":\"required name=search_term_string\"}],\"inLanguage\":\"sk-SK\"}]}<\/script>\n<!-- \/ Yoast SEO plugin. -->","yoast_head_json":{"title":"Nathalie Deluxe \u0161amp\u00f3n pre psov - Spicehorse","description":"spicehorse.eu | Neparfumovan\u00fd \u0161amp\u00f3n pre psov Nathalie Deluxe s\u00a0bio kokosov\u00fdm olejom a s\u00a0jemne \u010distiacimi komponentmi.","robots":{"index":"index","follow":"follow","max-snippet":"max-snippet:-1","max-image-preview":"max-image-preview:large","max-video-preview":"max-video-preview:-1"},"canonical":"https:\/\/arak.spicehorse.eu\/termek\/nathalie-deluxe-kutyasampon\/","og_locale":"sk_SK","og_type":"article","og_title":"Nathalie Deluxe \u0161amp\u00f3n pre psov - Spicehorse","og_description":"spicehorse.eu | Neparfumovan\u00fd \u0161amp\u00f3n pre psov Nathalie Deluxe s\u00a0bio kokosov\u00fdm olejom a s\u00a0jemne \u010distiacimi komponentmi.","og_url":"https:\/\/arak.spicehorse.eu\/termek\/nathalie-deluxe-kutyasampon\/","og_site_name":"Spicehorse","article_publisher":"https:\/\/www.facebook.com\/SPICEHORSE-550385625402457\/","article_modified_time":"2023-07-25T17:47:55+00:00","og_image":[{"width":1536,"height":1536,"url":"https:\/\/arak.spicehorse.eu\/wp-content\/uploads\/2023\/07\/Nathalie-Deluxe-Shampoo-500ml-med-logo-1536x1536-1.jpg","type":"image\/jpeg"}],"twitter_card":"summary_large_image","schema":{"@context":"https:\/\/schema.org","@graph":[{"@type":"WebPage","@id":"https:\/\/arak.spicehorse.eu\/termek\/nathalie-deluxe-kutyasampon\/","url":"https:\/\/arak.spicehorse.eu\/termek\/nathalie-deluxe-kutyasampon\/","name":"Nathalie Deluxe \u0161amp\u00f3n pre psov - Spicehorse","isPartOf":{"@id":"https:\/\/arak.spicehorse.eu\/en\/#website"},"datePublished":"2023-07-21T08:39:22+00:00","dateModified":"2023-07-25T17:47:55+00:00","description":"spicehorse.eu | Neparfumovan\u00fd \u0161amp\u00f3n pre psov Nathalie Deluxe s\u00a0bio kokosov\u00fdm olejom a s\u00a0jemne \u010distiacimi komponentmi.","breadcrumb":{"@id":"https:\/\/arak.spicehorse.eu\/termek\/nathalie-deluxe-kutyasampon\/#breadcrumb"},"inLanguage":"sk-SK","potentialAction":[{"@type":"ReadAction","target":["https:\/\/arak.spicehorse.eu\/termek\/nathalie-deluxe-kutyasampon\/"]}]},{"@type":"BreadcrumbList","@id":"https:\/\/arak.spicehorse.eu\/termek\/nathalie-deluxe-kutyasampon\/#breadcrumb","itemListElement":[{"@type":"ListItem","position":1,"name":"Home","item":"https:\/\/arak.spicehorse.eu\/sk\/"},{"@type":"ListItem","position":2,"name":"Predaj\u0148a","item":"https:\/\/arak.spicehorse.eu\/sk\/predajna\/"},{"@type":"ListItem","position":3,"name":"Nathalie Deluxe \u0161amp\u00f3n pre psov"}]},{"@type":"WebSite","@id":"https:\/\/arak.spicehorse.eu\/en\/#website","url":"https:\/\/arak.spicehorse.eu\/en\/","name":"Spicehorse","description":"UNDER DEVELOPMENT -","potentialAction":[{"@type":"SearchAction","target":{"@type":"EntryPoint","urlTemplate":"https:\/\/arak.spicehorse.eu\/en\/?s={search_term_string}"},"query-input":"required name=search_term_string"}],"inLanguage":"sk-SK"}]}},"_links":{"self":[{"href":"https:\/\/arak.spicehorse.eu\/sk\/wp-json\/wp\/v2\/product\/143857"}],"collection":[{"href":"https:\/\/arak.spicehorse.eu\/sk\/wp-json\/wp\/v2\/product"}],"about":[{"href":"https:\/\/arak.spicehorse.eu\/sk\/wp-json\/wp\/v2\/types\/product"}],"wp:featuredmedia":[{"embeddable":true,"href":"https:\/\/arak.spicehorse.eu\/sk\/wp-json\/wp\/v2\/media\/143866"}],"wp:attachment":[{"href":"https:\/\/arak.spicehorse.eu\/sk\/wp-json\/wp\/v2\/media?parent=143857"}],"wp:term":[{"taxonomy":"product_cat","embeddable":true,"href":"https:\/\/arak.spicehorse.eu\/sk\/wp-json\/wp\/v2\/product_cat?post=143857"},{"taxonomy":"product_tag","embeddable":true,"href":"https:\/\/arak.spicehorse.eu\/sk\/wp-json\/wp\/v2\/product_tag?post=143857"}],"curies":[{"name":"wp","href":"https:\/\/api.w.org\/{rel}","templated":true}]}}