{"id":144393,"date":"2023-07-23T09:43:52","date_gmt":"2023-07-23T07:43:53","guid":{"rendered":"https:\/\/arak.spicehorse.eu\/?post_type=product&#038;p=144393"},"modified":"2023-07-25T19:50:24","modified_gmt":"2023-07-25T17:50:24","slug":"nathalie-skinhealer-sprej","status":"publish","type":"product","link":"https:\/\/arak.spicehorse.eu\/sk\/produkt\/nathalie-skinhealer-sprej\/","title":{"rendered":"Nathalie Skinhealer sprej"},"content":{"rendered":"<div>\n<p><span lang=\"SK\">Pou\u017e\u00edvajte upokojuj\u00faci sprej Nathalieoin Skinhealer s\u00a0obsahom alanto\u00ednu, ak poko\u017eka v\u00e1\u0161ho psa o\u010dervenie a\u00a0je vidite\u013ene podr\u00e1\u017eden\u00e1. V\u010faka prirodzen\u00fdm zlo\u017ek\u00e1m, ktor\u00e9 maj\u00fa o\u0161etruj\u00face a\u00a0hydrata\u010dn\u00e9 \u00fa\u010dinky upokojuje poko\u017eku a\u00a0ur\u00fdch\u013euje proces jej regener\u00e1cie. Je obzvl\u00e1\u0161\u0165 vhodn\u00fd na poko\u017eku po strihan\u00ed. Sprej nastriekajte na poko\u017eku a\u00a0jemne votrite do ko\u017ee.<\/span><\/p>\n<\/div>\n<div>\n<p><span lang=\"SK\">Pou\u017e\u00edvajte zo vzdialenosti 5-10 cm od srsti.<\/span><\/p>\n<\/div>\n<div>\n<p><strong><span lang=\"SK\">Zlo\u017eenie:<\/span><\/strong><\/p>\n<\/div>\n<div>\n<p><span lang=\"SK\">Aqua, Glycerin, Sodium Chloride, Betaine,\u00a0Aloe Barbadensis Leaf Juice Powder, Allantoin,\u00a0Panthenol, PEG-40 Hydrogenated Castor Oil,\u00a0Parfum, Sodium Gluconate, Lactic Acid,\u00a0Sodium Benzoate, Phenoxyethanol.<\/span><\/p>\n<\/div>\n","protected":false},"excerpt":{"rendered":"<p>Pou\u017e\u00edvajte upokojuj\u00faci sprej Nathalieoin Skinhealer s\u00a0obsahom alanto\u00ednu, ak poko\u017eka v\u00e1\u0161ho psa o\u010dervenie a\u00a0je vidite\u013ene podr\u00e1\u017eden\u00e1. V\u010faka prirodzen\u00fdm zlo\u017ek\u00e1m, ktor\u00e9 maj\u00fa o\u0161etruj\u00face a\u00a0hydrata\u010dn\u00e9 \u00fa\u010dinky upokojuje poko\u017eku a\u00a0ur\u00fdch\u013euje proces jej regener\u00e1cie. Je obzvl\u00e1\u0161\u0165 vhodn\u00fd na poko\u017eku po strihan\u00ed. Sprej nastriekajte na poko\u017eku a\u00a0jemne votrite do ko\u017ee. Pou\u017e\u00edvajte zo vzdialenosti 5-10 cm od srsti. Zlo\u017eenie: Aqua, Glycerin, Sodium [&hellip;]<\/p>\n","protected":false},"featured_media":144402,"template":"","meta":{"_acf_changed":false},"product_cat":[74,1603],"product_tag":[1446,401,228],"acf":[],"yoast_head":"<!-- This site is optimized with the Yoast SEO plugin v21.4 - https:\/\/yoast.com\/wordpress\/plugins\/seo\/ -->\n<title>Nathalie Skinhealer sprej - Spicehorse<\/title>\n<meta name=\"description\" content=\"spicehorse.eu | Pou\u017e\u00edvajte upokojuj\u00faci sprej Nathalieoin Skinhealer s\u00a0obsahom alanto\u00ednu, ak poko\u017eka v\u00e1\u0161ho psa o\u010dervenie a\u00a0je vidite\u013ene podr\u00e1\u017eden\u00e1.\" \/>\n<meta name=\"robots\" content=\"index, follow, max-snippet:-1, max-image-preview:large, max-video-preview:-1\" \/>\n<link rel=\"canonical\" href=\"https:\/\/arak.spicehorse.eu\/termek\/nathalie-skinhealer-spray\/\" \/>\n<meta property=\"og:locale\" content=\"sk_SK\" \/>\n<meta property=\"og:type\" content=\"article\" \/>\n<meta property=\"og:title\" content=\"Nathalie Skinhealer sprej - Spicehorse\" \/>\n<meta property=\"og:description\" content=\"spicehorse.eu | Pou\u017e\u00edvajte upokojuj\u00faci sprej Nathalieoin Skinhealer s\u00a0obsahom alanto\u00ednu, ak poko\u017eka v\u00e1\u0161ho psa o\u010dervenie a\u00a0je vidite\u013ene podr\u00e1\u017eden\u00e1.\" \/>\n<meta property=\"og:url\" content=\"https:\/\/arak.spicehorse.eu\/termek\/nathalie-skinhealer-spray\/\" \/>\n<meta property=\"og:site_name\" content=\"Spicehorse\" \/>\n<meta property=\"article:publisher\" content=\"https:\/\/www.facebook.com\/SPICEHORSE-550385625402457\/\" \/>\n<meta property=\"article:modified_time\" content=\"2023-07-25T17:50:24+00:00\" \/>\n<meta property=\"og:image\" content=\"https:\/\/arak.spicehorse.eu\/wp-content\/uploads\/2023\/07\/Nathalie-Skinhealer-Spray-250ml-1536x1536-1.jpg\" \/>\n\t<meta property=\"og:image:width\" content=\"1536\" \/>\n\t<meta property=\"og:image:height\" content=\"1536\" \/>\n\t<meta property=\"og:image:type\" content=\"image\/jpeg\" \/>\n<meta name=\"twitter:card\" content=\"summary_large_image\" \/>\n<meta name=\"twitter:label1\" content=\"Predpokladan\u00fd \u010das \u010d\u00edtania\" \/>\n\t<meta name=\"twitter:data1\" content=\"1 min\u00fata\" \/>\n<script type=\"application\/ld+json\" class=\"yoast-schema-graph\">{\"@context\":\"https:\/\/schema.org\",\"@graph\":[{\"@type\":\"WebPage\",\"@id\":\"https:\/\/arak.spicehorse.eu\/termek\/nathalie-skinhealer-spray\/\",\"url\":\"https:\/\/arak.spicehorse.eu\/termek\/nathalie-skinhealer-spray\/\",\"name\":\"Nathalie Skinhealer sprej - Spicehorse\",\"isPartOf\":{\"@id\":\"https:\/\/arak.spicehorse.eu\/en\/#website\"},\"datePublished\":\"2023-07-23T07:43:53+00:00\",\"dateModified\":\"2023-07-25T17:50:24+00:00\",\"description\":\"spicehorse.eu | Pou\u017e\u00edvajte upokojuj\u00faci sprej Nathalieoin Skinhealer s\u00a0obsahom alanto\u00ednu, ak poko\u017eka v\u00e1\u0161ho psa o\u010dervenie a\u00a0je vidite\u013ene podr\u00e1\u017eden\u00e1.\",\"breadcrumb\":{\"@id\":\"https:\/\/arak.spicehorse.eu\/termek\/nathalie-skinhealer-spray\/#breadcrumb\"},\"inLanguage\":\"sk-SK\",\"potentialAction\":[{\"@type\":\"ReadAction\",\"target\":[\"https:\/\/arak.spicehorse.eu\/termek\/nathalie-skinhealer-spray\/\"]}]},{\"@type\":\"BreadcrumbList\",\"@id\":\"https:\/\/arak.spicehorse.eu\/termek\/nathalie-skinhealer-spray\/#breadcrumb\",\"itemListElement\":[{\"@type\":\"ListItem\",\"position\":1,\"name\":\"Home\",\"item\":\"https:\/\/arak.spicehorse.eu\/sk\/\"},{\"@type\":\"ListItem\",\"position\":2,\"name\":\"Predaj\u0148a\",\"item\":\"https:\/\/arak.spicehorse.eu\/sk\/predajna\/\"},{\"@type\":\"ListItem\",\"position\":3,\"name\":\"Nathalie Skinhealer sprej\"}]},{\"@type\":\"WebSite\",\"@id\":\"https:\/\/arak.spicehorse.eu\/en\/#website\",\"url\":\"https:\/\/arak.spicehorse.eu\/en\/\",\"name\":\"Spicehorse\",\"description\":\"UNDER DEVELOPMENT -\",\"potentialAction\":[{\"@type\":\"SearchAction\",\"target\":{\"@type\":\"EntryPoint\",\"urlTemplate\":\"https:\/\/arak.spicehorse.eu\/en\/?s={search_term_string}\"},\"query-input\":\"required name=search_term_string\"}],\"inLanguage\":\"sk-SK\"}]}<\/script>\n<!-- \/ Yoast SEO plugin. -->","yoast_head_json":{"title":"Nathalie Skinhealer sprej - Spicehorse","description":"spicehorse.eu | Pou\u017e\u00edvajte upokojuj\u00faci sprej Nathalieoin Skinhealer s\u00a0obsahom alanto\u00ednu, ak poko\u017eka v\u00e1\u0161ho psa o\u010dervenie a\u00a0je vidite\u013ene podr\u00e1\u017eden\u00e1.","robots":{"index":"index","follow":"follow","max-snippet":"max-snippet:-1","max-image-preview":"max-image-preview:large","max-video-preview":"max-video-preview:-1"},"canonical":"https:\/\/arak.spicehorse.eu\/termek\/nathalie-skinhealer-spray\/","og_locale":"sk_SK","og_type":"article","og_title":"Nathalie Skinhealer sprej - Spicehorse","og_description":"spicehorse.eu | Pou\u017e\u00edvajte upokojuj\u00faci sprej Nathalieoin Skinhealer s\u00a0obsahom alanto\u00ednu, ak poko\u017eka v\u00e1\u0161ho psa o\u010dervenie a\u00a0je vidite\u013ene podr\u00e1\u017eden\u00e1.","og_url":"https:\/\/arak.spicehorse.eu\/termek\/nathalie-skinhealer-spray\/","og_site_name":"Spicehorse","article_publisher":"https:\/\/www.facebook.com\/SPICEHORSE-550385625402457\/","article_modified_time":"2023-07-25T17:50:24+00:00","og_image":[{"width":1536,"height":1536,"url":"https:\/\/arak.spicehorse.eu\/wp-content\/uploads\/2023\/07\/Nathalie-Skinhealer-Spray-250ml-1536x1536-1.jpg","type":"image\/jpeg"}],"twitter_card":"summary_large_image","twitter_misc":{"Predpokladan\u00fd \u010das \u010d\u00edtania":"1 min\u00fata"},"schema":{"@context":"https:\/\/schema.org","@graph":[{"@type":"WebPage","@id":"https:\/\/arak.spicehorse.eu\/termek\/nathalie-skinhealer-spray\/","url":"https:\/\/arak.spicehorse.eu\/termek\/nathalie-skinhealer-spray\/","name":"Nathalie Skinhealer sprej - Spicehorse","isPartOf":{"@id":"https:\/\/arak.spicehorse.eu\/en\/#website"},"datePublished":"2023-07-23T07:43:53+00:00","dateModified":"2023-07-25T17:50:24+00:00","description":"spicehorse.eu | Pou\u017e\u00edvajte upokojuj\u00faci sprej Nathalieoin Skinhealer s\u00a0obsahom alanto\u00ednu, ak poko\u017eka v\u00e1\u0161ho psa o\u010dervenie a\u00a0je vidite\u013ene podr\u00e1\u017eden\u00e1.","breadcrumb":{"@id":"https:\/\/arak.spicehorse.eu\/termek\/nathalie-skinhealer-spray\/#breadcrumb"},"inLanguage":"sk-SK","potentialAction":[{"@type":"ReadAction","target":["https:\/\/arak.spicehorse.eu\/termek\/nathalie-skinhealer-spray\/"]}]},{"@type":"BreadcrumbList","@id":"https:\/\/arak.spicehorse.eu\/termek\/nathalie-skinhealer-spray\/#breadcrumb","itemListElement":[{"@type":"ListItem","position":1,"name":"Home","item":"https:\/\/arak.spicehorse.eu\/sk\/"},{"@type":"ListItem","position":2,"name":"Predaj\u0148a","item":"https:\/\/arak.spicehorse.eu\/sk\/predajna\/"},{"@type":"ListItem","position":3,"name":"Nathalie Skinhealer sprej"}]},{"@type":"WebSite","@id":"https:\/\/arak.spicehorse.eu\/en\/#website","url":"https:\/\/arak.spicehorse.eu\/en\/","name":"Spicehorse","description":"UNDER DEVELOPMENT -","potentialAction":[{"@type":"SearchAction","target":{"@type":"EntryPoint","urlTemplate":"https:\/\/arak.spicehorse.eu\/en\/?s={search_term_string}"},"query-input":"required name=search_term_string"}],"inLanguage":"sk-SK"}]}},"_links":{"self":[{"href":"https:\/\/arak.spicehorse.eu\/sk\/wp-json\/wp\/v2\/product\/144393"}],"collection":[{"href":"https:\/\/arak.spicehorse.eu\/sk\/wp-json\/wp\/v2\/product"}],"about":[{"href":"https:\/\/arak.spicehorse.eu\/sk\/wp-json\/wp\/v2\/types\/product"}],"wp:featuredmedia":[{"embeddable":true,"href":"https:\/\/arak.spicehorse.eu\/sk\/wp-json\/wp\/v2\/media\/144402"}],"wp:attachment":[{"href":"https:\/\/arak.spicehorse.eu\/sk\/wp-json\/wp\/v2\/media?parent=144393"}],"wp:term":[{"taxonomy":"product_cat","embeddable":true,"href":"https:\/\/arak.spicehorse.eu\/sk\/wp-json\/wp\/v2\/product_cat?post=144393"},{"taxonomy":"product_tag","embeddable":true,"href":"https:\/\/arak.spicehorse.eu\/sk\/wp-json\/wp\/v2\/product_tag?post=144393"}],"curies":[{"name":"wp","href":"https:\/\/api.w.org\/{rel}","templated":true}]}}