{"id":147014,"date":"2023-07-31T09:31:50","date_gmt":"2023-07-31T07:31:55","guid":{"rendered":"https:\/\/arak.spicehorse.eu\/?post_type=product&#038;p=147014"},"modified":"2023-10-13T08:15:39","modified_gmt":"2023-10-13T06:15:39","slug":"qhp-bobby-body","status":"publish","type":"product","link":"https:\/\/arak.spicehorse.eu\/sk\/produkt\/qhp-bobby-body\/","title":{"rendered":"QHP Bobby body"},"content":{"rendered":"<p style=\"font-weight: 400;\">V\u0161ak je rozko\u0161n\u00e9 toto QHP body vyroben\u00e9 pre deti? S\u00a0n\u00e1pisom \u201cHere I am! Where is my pony?\u201d (Som tu, kde je m\u00f4j pon\u00edk?) v prednej \u010dasti. Zadn\u00e1 \u010das\u0165 je zdoben\u00e1 vo vzore podkovy. Toto body je prv\u00fdm krokom k tomu, aby sa na\u0161e die\u0165a stalo skuto\u010dn\u00fdm priate\u013eom kon\u00ed!<\/p>\n","protected":false},"excerpt":{"rendered":"<ul style=\"font-weight: 400;\">\n<li>Materi\u00e1l: 95% bavlna, 5% elastan<\/li>\n<li>Zap\u00edna sa na tri cvoky<\/li>\n<li>Kr\u00e1tky ruk\u00e1v<\/li>\n<li>S\u00a0n\u00e1pisom \u2018Here I am! Where is my pony?\u2019<\/li>\n<li>Vzadu so vzorom podkovy<\/li>\n<li>Mo\u017eno pra\u0165 v\u00a0pr\u00e1\u010dke na 30\u00b0, nevkladajte do su\u0161i\u010dky, nepou\u017e\u00edvajte aviv\u00e1\u017e.<\/li>\n<\/ul>\n","protected":false},"featured_media":147027,"template":"","meta":{"_acf_changed":false},"product_cat":[2534,76,307],"product_tag":[2242,1973,420],"acf":[],"yoast_head":"<!-- This site is optimized with the Yoast SEO plugin v21.4 - https:\/\/yoast.com\/wordpress\/plugins\/seo\/ -->\n<title>QHP Bobby body - Spicehorse<\/title>\n<meta name=\"description\" content=\"spicehorse.eu | V\u0161ak je rozko\u0161n\u00e9 toto QHP body vyroben\u00e9 pre deti? S\u00a0n\u00e1pisom \u201cHere I am! Where is my pony?\u201d (Som tu, kde je m\u00f4j pon\u00edk?) v prednej \u010dasti.\" \/>\n<meta name=\"robots\" content=\"index, follow, max-snippet:-1, max-image-preview:large, max-video-preview:-1\" \/>\n<link rel=\"canonical\" href=\"https:\/\/arak.spicehorse.eu\/termek\/qhp-bobby-body\/\" \/>\n<meta property=\"og:locale\" content=\"sk_SK\" \/>\n<meta property=\"og:type\" content=\"article\" \/>\n<meta property=\"og:title\" content=\"QHP Bobby body - Spicehorse\" \/>\n<meta property=\"og:description\" content=\"spicehorse.eu | V\u0161ak je rozko\u0161n\u00e9 toto QHP body vyroben\u00e9 pre deti? S\u00a0n\u00e1pisom \u201cHere I am! Where is my pony?\u201d (Som tu, kde je m\u00f4j pon\u00edk?) v prednej \u010dasti.\" \/>\n<meta property=\"og:url\" content=\"https:\/\/arak.spicehorse.eu\/termek\/qhp-bobby-body\/\" \/>\n<meta property=\"og:site_name\" content=\"Spicehorse\" \/>\n<meta property=\"article:publisher\" content=\"https:\/\/www.facebook.com\/SPICEHORSE-550385625402457\/\" \/>\n<meta property=\"article:modified_time\" content=\"2023-10-13T06:15:39+00:00\" \/>\n<meta property=\"og:image\" content=\"https:\/\/arak.spicehorse.eu\/wp-content\/uploads\/2023\/07\/8686bb-3.jpg\" \/>\n\t<meta property=\"og:image:width\" content=\"1024\" \/>\n\t<meta property=\"og:image:height\" content=\"1280\" \/>\n\t<meta property=\"og:image:type\" content=\"image\/jpeg\" \/>\n<meta name=\"twitter:card\" content=\"summary_large_image\" \/>\n<script type=\"application\/ld+json\" class=\"yoast-schema-graph\">{\"@context\":\"https:\/\/schema.org\",\"@graph\":[{\"@type\":\"WebPage\",\"@id\":\"https:\/\/arak.spicehorse.eu\/termek\/qhp-bobby-body\/\",\"url\":\"https:\/\/arak.spicehorse.eu\/termek\/qhp-bobby-body\/\",\"name\":\"QHP Bobby body - Spicehorse\",\"isPartOf\":{\"@id\":\"https:\/\/arak.spicehorse.eu\/en\/#website\"},\"datePublished\":\"2023-07-31T07:31:55+00:00\",\"dateModified\":\"2023-10-13T06:15:39+00:00\",\"description\":\"spicehorse.eu | V\u0161ak je rozko\u0161n\u00e9 toto QHP body vyroben\u00e9 pre deti? S\u00a0n\u00e1pisom \u201cHere I am! Where is my pony?\u201d (Som tu, kde je m\u00f4j pon\u00edk?) v prednej \u010dasti.\",\"breadcrumb\":{\"@id\":\"https:\/\/arak.spicehorse.eu\/termek\/qhp-bobby-body\/#breadcrumb\"},\"inLanguage\":\"sk-SK\",\"potentialAction\":[{\"@type\":\"ReadAction\",\"target\":[\"https:\/\/arak.spicehorse.eu\/termek\/qhp-bobby-body\/\"]}]},{\"@type\":\"BreadcrumbList\",\"@id\":\"https:\/\/arak.spicehorse.eu\/termek\/qhp-bobby-body\/#breadcrumb\",\"itemListElement\":[{\"@type\":\"ListItem\",\"position\":1,\"name\":\"Home\",\"item\":\"https:\/\/arak.spicehorse.eu\/sk\/\"},{\"@type\":\"ListItem\",\"position\":2,\"name\":\"Predaj\u0148a\",\"item\":\"https:\/\/arak.spicehorse.eu\/sk\/predajna\/\"},{\"@type\":\"ListItem\",\"position\":3,\"name\":\"QHP Bobby body\"}]},{\"@type\":\"WebSite\",\"@id\":\"https:\/\/arak.spicehorse.eu\/en\/#website\",\"url\":\"https:\/\/arak.spicehorse.eu\/en\/\",\"name\":\"Spicehorse\",\"description\":\"UNDER DEVELOPMENT -\",\"potentialAction\":[{\"@type\":\"SearchAction\",\"target\":{\"@type\":\"EntryPoint\",\"urlTemplate\":\"https:\/\/arak.spicehorse.eu\/en\/?s={search_term_string}\"},\"query-input\":\"required name=search_term_string\"}],\"inLanguage\":\"sk-SK\"}]}<\/script>\n<!-- \/ Yoast SEO plugin. -->","yoast_head_json":{"title":"QHP Bobby body - Spicehorse","description":"spicehorse.eu | V\u0161ak je rozko\u0161n\u00e9 toto QHP body vyroben\u00e9 pre deti? S\u00a0n\u00e1pisom \u201cHere I am! Where is my pony?\u201d (Som tu, kde je m\u00f4j pon\u00edk?) v prednej \u010dasti.","robots":{"index":"index","follow":"follow","max-snippet":"max-snippet:-1","max-image-preview":"max-image-preview:large","max-video-preview":"max-video-preview:-1"},"canonical":"https:\/\/arak.spicehorse.eu\/termek\/qhp-bobby-body\/","og_locale":"sk_SK","og_type":"article","og_title":"QHP Bobby body - Spicehorse","og_description":"spicehorse.eu | V\u0161ak je rozko\u0161n\u00e9 toto QHP body vyroben\u00e9 pre deti? S\u00a0n\u00e1pisom \u201cHere I am! Where is my pony?\u201d (Som tu, kde je m\u00f4j pon\u00edk?) v prednej \u010dasti.","og_url":"https:\/\/arak.spicehorse.eu\/termek\/qhp-bobby-body\/","og_site_name":"Spicehorse","article_publisher":"https:\/\/www.facebook.com\/SPICEHORSE-550385625402457\/","article_modified_time":"2023-10-13T06:15:39+00:00","og_image":[{"width":1024,"height":1280,"url":"https:\/\/arak.spicehorse.eu\/wp-content\/uploads\/2023\/07\/8686bb-3.jpg","type":"image\/jpeg"}],"twitter_card":"summary_large_image","schema":{"@context":"https:\/\/schema.org","@graph":[{"@type":"WebPage","@id":"https:\/\/arak.spicehorse.eu\/termek\/qhp-bobby-body\/","url":"https:\/\/arak.spicehorse.eu\/termek\/qhp-bobby-body\/","name":"QHP Bobby body - Spicehorse","isPartOf":{"@id":"https:\/\/arak.spicehorse.eu\/en\/#website"},"datePublished":"2023-07-31T07:31:55+00:00","dateModified":"2023-10-13T06:15:39+00:00","description":"spicehorse.eu | V\u0161ak je rozko\u0161n\u00e9 toto QHP body vyroben\u00e9 pre deti? S\u00a0n\u00e1pisom \u201cHere I am! Where is my pony?\u201d (Som tu, kde je m\u00f4j pon\u00edk?) v prednej \u010dasti.","breadcrumb":{"@id":"https:\/\/arak.spicehorse.eu\/termek\/qhp-bobby-body\/#breadcrumb"},"inLanguage":"sk-SK","potentialAction":[{"@type":"ReadAction","target":["https:\/\/arak.spicehorse.eu\/termek\/qhp-bobby-body\/"]}]},{"@type":"BreadcrumbList","@id":"https:\/\/arak.spicehorse.eu\/termek\/qhp-bobby-body\/#breadcrumb","itemListElement":[{"@type":"ListItem","position":1,"name":"Home","item":"https:\/\/arak.spicehorse.eu\/sk\/"},{"@type":"ListItem","position":2,"name":"Predaj\u0148a","item":"https:\/\/arak.spicehorse.eu\/sk\/predajna\/"},{"@type":"ListItem","position":3,"name":"QHP Bobby body"}]},{"@type":"WebSite","@id":"https:\/\/arak.spicehorse.eu\/en\/#website","url":"https:\/\/arak.spicehorse.eu\/en\/","name":"Spicehorse","description":"UNDER DEVELOPMENT -","potentialAction":[{"@type":"SearchAction","target":{"@type":"EntryPoint","urlTemplate":"https:\/\/arak.spicehorse.eu\/en\/?s={search_term_string}"},"query-input":"required name=search_term_string"}],"inLanguage":"sk-SK"}]}},"_links":{"self":[{"href":"https:\/\/arak.spicehorse.eu\/sk\/wp-json\/wp\/v2\/product\/147014"}],"collection":[{"href":"https:\/\/arak.spicehorse.eu\/sk\/wp-json\/wp\/v2\/product"}],"about":[{"href":"https:\/\/arak.spicehorse.eu\/sk\/wp-json\/wp\/v2\/types\/product"}],"wp:featuredmedia":[{"embeddable":true,"href":"https:\/\/arak.spicehorse.eu\/sk\/wp-json\/wp\/v2\/media\/147027"}],"wp:attachment":[{"href":"https:\/\/arak.spicehorse.eu\/sk\/wp-json\/wp\/v2\/media?parent=147014"}],"wp:term":[{"taxonomy":"product_cat","embeddable":true,"href":"https:\/\/arak.spicehorse.eu\/sk\/wp-json\/wp\/v2\/product_cat?post=147014"},{"taxonomy":"product_tag","embeddable":true,"href":"https:\/\/arak.spicehorse.eu\/sk\/wp-json\/wp\/v2\/product_tag?post=147014"}],"curies":[{"name":"wp","href":"https:\/\/api.w.org\/{rel}","templated":true}]}}