{"id":148119,"date":"2023-08-01T16:51:24","date_gmt":"2023-08-01T14:51:25","guid":{"rendered":"https:\/\/arak.spicehorse.eu\/?post_type=product&#038;p=148119"},"modified":"2023-08-01T16:55:56","modified_gmt":"2023-08-01T14:55:56","slug":"myfamily-basic-chrom-visacka-maly-kruh","status":"publish","type":"product","link":"https:\/\/arak.spicehorse.eu\/sk\/produkt\/myfamily-basic-chrom-visacka-maly-kruh\/","title":{"rendered":"MyFamily Basic chr\u00f3m visa\u010dka &#8211; mal\u00fd kruh"},"content":{"rendered":"<p>MyFamily visa\u010dka s jedine\u010dn\u00fdm grav\u00edrovan\u00edm, ktor\u00fa d\u00e1vame ku ka\u017ed\u00e9mu n\u00e1kupu GRATIS ako dar\u010dek!<\/p>\n<p>Iba n\u00e1m nap\u00ed\u0161 \u010do m\u00e1me na \u0148u nap\u00edsa\u0165 a\u00a0my ju pre Teba vyhotov\u00edme za 2 min\u00faty!<\/p>\n","protected":false},"excerpt":{"rendered":"<h3><strong>Ku ka\u017ed\u00e9mu n\u00e1kupu GRATIS grav\u00edrovan\u00e1 visa\u010dka ako dar\u010dek!<\/strong><\/h3>\n<ul>\n<li>MYFAMILY ru\u010dne vyroben\u00e1 kovov\u00e1 visa\u010dka<\/li>\n<li>S\u00a0jedine\u010dn\u00fdm grav\u00edrovan\u00edm<\/li>\n<li>Mo\u017eno ju pou\u017ei\u0165 aj ako k\u013e\u00fa\u010denku<\/li>\n<li>Nap\u00ed\u0161 n\u00e1m ak\u00fd text si \u017eel\u00e1\u0161 vygrav\u00edrova\u0165 (napr. meno ko\u0148a, pes, vlastn\u00e9 meno, meno kamar\u00e1ta, priezvisko a pod.)<\/li>\n<\/ul>\n","protected":false},"featured_media":148133,"template":"","meta":{"_acf_changed":false},"product_cat":[74,304],"product_tag":[2537,453],"acf":[],"yoast_head":"<!-- This site is optimized with the Yoast SEO plugin v21.4 - https:\/\/yoast.com\/wordpress\/plugins\/seo\/ -->\n<title>MyFamily Basic chr\u00f3m visa\u010dka - mal\u00fd kruh - Spicehorse<\/title>\n<meta name=\"description\" content=\"spicehorse.eu | MyFamily visa\u010dka s jedine\u010dn\u00fdm grav\u00edrovan\u00edm, ktor\u00fa d\u00e1vame ku ka\u017ed\u00e9mu n\u00e1kupu GRATIS ako dar\u010dek!\" \/>\n<meta name=\"robots\" content=\"index, follow, max-snippet:-1, max-image-preview:large, max-video-preview:-1\" \/>\n<link rel=\"canonical\" href=\"https:\/\/arak.spicehorse.eu\/termek\/myfamily-basic-krom-bileta-kis-kor\/\" \/>\n<meta property=\"og:locale\" content=\"sk_SK\" \/>\n<meta property=\"og:type\" content=\"article\" \/>\n<meta property=\"og:title\" content=\"MyFamily Basic chr\u00f3m visa\u010dka - mal\u00fd kruh - Spicehorse\" \/>\n<meta property=\"og:description\" content=\"spicehorse.eu | MyFamily visa\u010dka s jedine\u010dn\u00fdm grav\u00edrovan\u00edm, ktor\u00fa d\u00e1vame ku ka\u017ed\u00e9mu n\u00e1kupu GRATIS ako dar\u010dek!\" \/>\n<meta property=\"og:url\" content=\"https:\/\/arak.spicehorse.eu\/termek\/myfamily-basic-krom-bileta-kis-kor\/\" \/>\n<meta property=\"og:site_name\" content=\"Spicehorse\" \/>\n<meta property=\"article:publisher\" content=\"https:\/\/www.facebook.com\/SPICEHORSE-550385625402457\/\" \/>\n<meta property=\"article:modified_time\" content=\"2023-08-01T14:55:56+00:00\" \/>\n<meta property=\"og:image\" content=\"https:\/\/arak.spicehorse.eu\/wp-content\/uploads\/2023\/08\/id-tag-basic-collection-small-round-in-chrome-plated-brass.jpg\" \/>\n\t<meta property=\"og:image:width\" content=\"1024\" \/>\n\t<meta property=\"og:image:height\" content=\"1024\" \/>\n\t<meta property=\"og:image:type\" content=\"image\/jpeg\" \/>\n<meta name=\"twitter:card\" content=\"summary_large_image\" \/>\n<script type=\"application\/ld+json\" class=\"yoast-schema-graph\">{\"@context\":\"https:\/\/schema.org\",\"@graph\":[{\"@type\":\"WebPage\",\"@id\":\"https:\/\/arak.spicehorse.eu\/termek\/myfamily-basic-krom-bileta-kis-kor\/\",\"url\":\"https:\/\/arak.spicehorse.eu\/termek\/myfamily-basic-krom-bileta-kis-kor\/\",\"name\":\"MyFamily Basic chr\u00f3m visa\u010dka - mal\u00fd kruh - Spicehorse\",\"isPartOf\":{\"@id\":\"https:\/\/arak.spicehorse.eu\/en\/#website\"},\"datePublished\":\"2023-08-01T14:51:25+00:00\",\"dateModified\":\"2023-08-01T14:55:56+00:00\",\"description\":\"spicehorse.eu | MyFamily visa\u010dka s jedine\u010dn\u00fdm grav\u00edrovan\u00edm, ktor\u00fa d\u00e1vame ku ka\u017ed\u00e9mu n\u00e1kupu GRATIS ako dar\u010dek!\",\"breadcrumb\":{\"@id\":\"https:\/\/arak.spicehorse.eu\/termek\/myfamily-basic-krom-bileta-kis-kor\/#breadcrumb\"},\"inLanguage\":\"sk-SK\",\"potentialAction\":[{\"@type\":\"ReadAction\",\"target\":[\"https:\/\/arak.spicehorse.eu\/termek\/myfamily-basic-krom-bileta-kis-kor\/\"]}]},{\"@type\":\"BreadcrumbList\",\"@id\":\"https:\/\/arak.spicehorse.eu\/termek\/myfamily-basic-krom-bileta-kis-kor\/#breadcrumb\",\"itemListElement\":[{\"@type\":\"ListItem\",\"position\":1,\"name\":\"Home\",\"item\":\"https:\/\/arak.spicehorse.eu\/sk\/\"},{\"@type\":\"ListItem\",\"position\":2,\"name\":\"Predaj\u0148a\",\"item\":\"https:\/\/arak.spicehorse.eu\/sk\/predajna\/\"},{\"@type\":\"ListItem\",\"position\":3,\"name\":\"MyFamily Basic chr\u00f3m visa\u010dka &#8211; mal\u00fd kruh\"}]},{\"@type\":\"WebSite\",\"@id\":\"https:\/\/arak.spicehorse.eu\/en\/#website\",\"url\":\"https:\/\/arak.spicehorse.eu\/en\/\",\"name\":\"Spicehorse\",\"description\":\"UNDER DEVELOPMENT -\",\"potentialAction\":[{\"@type\":\"SearchAction\",\"target\":{\"@type\":\"EntryPoint\",\"urlTemplate\":\"https:\/\/arak.spicehorse.eu\/en\/?s={search_term_string}\"},\"query-input\":\"required name=search_term_string\"}],\"inLanguage\":\"sk-SK\"}]}<\/script>\n<!-- \/ Yoast SEO plugin. -->","yoast_head_json":{"title":"MyFamily Basic chr\u00f3m visa\u010dka - mal\u00fd kruh - Spicehorse","description":"spicehorse.eu | MyFamily visa\u010dka s jedine\u010dn\u00fdm grav\u00edrovan\u00edm, ktor\u00fa d\u00e1vame ku ka\u017ed\u00e9mu n\u00e1kupu GRATIS ako dar\u010dek!","robots":{"index":"index","follow":"follow","max-snippet":"max-snippet:-1","max-image-preview":"max-image-preview:large","max-video-preview":"max-video-preview:-1"},"canonical":"https:\/\/arak.spicehorse.eu\/termek\/myfamily-basic-krom-bileta-kis-kor\/","og_locale":"sk_SK","og_type":"article","og_title":"MyFamily Basic chr\u00f3m visa\u010dka - mal\u00fd kruh - Spicehorse","og_description":"spicehorse.eu | MyFamily visa\u010dka s jedine\u010dn\u00fdm grav\u00edrovan\u00edm, ktor\u00fa d\u00e1vame ku ka\u017ed\u00e9mu n\u00e1kupu GRATIS ako dar\u010dek!","og_url":"https:\/\/arak.spicehorse.eu\/termek\/myfamily-basic-krom-bileta-kis-kor\/","og_site_name":"Spicehorse","article_publisher":"https:\/\/www.facebook.com\/SPICEHORSE-550385625402457\/","article_modified_time":"2023-08-01T14:55:56+00:00","og_image":[{"width":1024,"height":1024,"url":"https:\/\/arak.spicehorse.eu\/wp-content\/uploads\/2023\/08\/id-tag-basic-collection-small-round-in-chrome-plated-brass.jpg","type":"image\/jpeg"}],"twitter_card":"summary_large_image","schema":{"@context":"https:\/\/schema.org","@graph":[{"@type":"WebPage","@id":"https:\/\/arak.spicehorse.eu\/termek\/myfamily-basic-krom-bileta-kis-kor\/","url":"https:\/\/arak.spicehorse.eu\/termek\/myfamily-basic-krom-bileta-kis-kor\/","name":"MyFamily Basic chr\u00f3m visa\u010dka - mal\u00fd kruh - Spicehorse","isPartOf":{"@id":"https:\/\/arak.spicehorse.eu\/en\/#website"},"datePublished":"2023-08-01T14:51:25+00:00","dateModified":"2023-08-01T14:55:56+00:00","description":"spicehorse.eu | MyFamily visa\u010dka s jedine\u010dn\u00fdm grav\u00edrovan\u00edm, ktor\u00fa d\u00e1vame ku ka\u017ed\u00e9mu n\u00e1kupu GRATIS ako dar\u010dek!","breadcrumb":{"@id":"https:\/\/arak.spicehorse.eu\/termek\/myfamily-basic-krom-bileta-kis-kor\/#breadcrumb"},"inLanguage":"sk-SK","potentialAction":[{"@type":"ReadAction","target":["https:\/\/arak.spicehorse.eu\/termek\/myfamily-basic-krom-bileta-kis-kor\/"]}]},{"@type":"BreadcrumbList","@id":"https:\/\/arak.spicehorse.eu\/termek\/myfamily-basic-krom-bileta-kis-kor\/#breadcrumb","itemListElement":[{"@type":"ListItem","position":1,"name":"Home","item":"https:\/\/arak.spicehorse.eu\/sk\/"},{"@type":"ListItem","position":2,"name":"Predaj\u0148a","item":"https:\/\/arak.spicehorse.eu\/sk\/predajna\/"},{"@type":"ListItem","position":3,"name":"MyFamily Basic chr\u00f3m visa\u010dka &#8211; mal\u00fd kruh"}]},{"@type":"WebSite","@id":"https:\/\/arak.spicehorse.eu\/en\/#website","url":"https:\/\/arak.spicehorse.eu\/en\/","name":"Spicehorse","description":"UNDER DEVELOPMENT -","potentialAction":[{"@type":"SearchAction","target":{"@type":"EntryPoint","urlTemplate":"https:\/\/arak.spicehorse.eu\/en\/?s={search_term_string}"},"query-input":"required name=search_term_string"}],"inLanguage":"sk-SK"}]}},"_links":{"self":[{"href":"https:\/\/arak.spicehorse.eu\/sk\/wp-json\/wp\/v2\/product\/148119"}],"collection":[{"href":"https:\/\/arak.spicehorse.eu\/sk\/wp-json\/wp\/v2\/product"}],"about":[{"href":"https:\/\/arak.spicehorse.eu\/sk\/wp-json\/wp\/v2\/types\/product"}],"wp:featuredmedia":[{"embeddable":true,"href":"https:\/\/arak.spicehorse.eu\/sk\/wp-json\/wp\/v2\/media\/148133"}],"wp:attachment":[{"href":"https:\/\/arak.spicehorse.eu\/sk\/wp-json\/wp\/v2\/media?parent=148119"}],"wp:term":[{"taxonomy":"product_cat","embeddable":true,"href":"https:\/\/arak.spicehorse.eu\/sk\/wp-json\/wp\/v2\/product_cat?post=148119"},{"taxonomy":"product_tag","embeddable":true,"href":"https:\/\/arak.spicehorse.eu\/sk\/wp-json\/wp\/v2\/product_tag?post=148119"}],"curies":[{"name":"wp","href":"https:\/\/api.w.org\/{rel}","templated":true}]}}