{"id":150246,"date":"2023-08-05T16:50:22","date_gmt":"2023-08-05T14:50:23","guid":{"rendered":"https:\/\/arak.spicehorse.eu\/?post_type=product&#038;p=150246"},"modified":"2026-01-19T18:33:29","modified_gmt":"2026-01-19T17:33:29","slug":"spicehorse-x-equestrian-stockholm-midnight-blue-drezurna-podsedlova-decka","status":"publish","type":"product","link":"https:\/\/arak.spicehorse.eu\/sk\/produkt\/spicehorse-x-equestrian-stockholm-midnight-blue-drezurna-podsedlova-decka\/","title":{"rendered":"Spicehorse x Equestrian Stockholm Midnight Blue drez\u00farna podsedlov\u00e1 de\u010dka"},"content":{"rendered":"<p>Sta\u0148te sa s\u00fa\u010das\u0165ou t\u00edmu Spicehorse!<\/p>\n<p>Jedine\u010dn\u00e1 nad\u010dasov\u00e1 Equestrian Stockholm podsedlov\u00e1 de\u010dka!<\/p>\n<p>Anatomick\u00e9 tvarovanie, dokonale dosad\u00e1 na ko\u0148a. Vonkaj\u0161ia \u010das\u0165 je z\u00a0leskl\u00e9ho materi\u00e1lu odpudzuj\u00faceho ne\u010distoty, vn\u00fatorn\u00e1 \u010das\u0165 je z\u00a0extra r\u00fdchlo schn\u00faceho a\u00a0prievzdu\u0161n\u00e9ho materi\u00e1lu. S\u00a0nev\u0161edn\u00fdmi strieborn\u00fdmi detailmi.<\/p>\n<p>Dokonale lad\u00ed s ostatn\u00fdmi v\u00fdrobkami kolekcie Equestrian Stockholm Midnight Blue.<\/p>\n","protected":false},"excerpt":{"rendered":"<ul>\n<li>Ve\u013ekos\u0165: Full<\/li>\n<li>Farba: leskl\u00e1 modra<\/li>\n<li>Lem: leskl\u00fd modra<\/li>\n<li>\u0160nurovanie: modr\u00e1-strieborn\u00e9<\/li>\n<li>Kovov\u00e1 tabu\u013eka: strieborn\u00e1 logo Spicehorse<\/li>\n<li>Vn\u00fatorn\u00e1 \u010das\u0165: Super Dry Quick<\/li>\n<li>Vonkaj\u0161ia \u010das\u0165: leskl\u00fd materi\u00e1l odpudzuj\u00faci ne\u010distoty<\/li>\n<li>Pranie: na 30\u00b0 stup\u0148och \/ nepou\u017e\u00edvajte aviv\u00e1\u017e \/ nevkladajte do su\u0161i\u010dky \/ perte z rubovej strany v z\u00e1ujme \u00fa\u010dinnej\u0161ieho prania a ochrany kovovej tabu\u013eky \/ such\u00e9 zipsy majte zapnut\u00e9<\/li>\n<\/ul>\n","protected":false},"featured_media":205890,"template":"","meta":{"_acf_changed":false},"product_cat":[75,367],"product_tag":[217,351,614,413,1351],"acf":[],"yoast_head":"<!-- This site is optimized with the Yoast SEO plugin v21.4 - https:\/\/yoast.com\/wordpress\/plugins\/seo\/ -->\n<title>Spicehorse x Equestrian Stockholm Midnight Blue drez\u00farna podsedlov\u00e1 de\u010dka - Spicehorse<\/title>\n<meta name=\"description\" content=\"spicehorse.eu | Jedine\u010dn\u00e1 nad\u010dasov\u00e1 Equestrian Stockholm podsedlov\u00e1 de\u010dka! Jedine\u010dn\u00e1 nad\u010dasov\u00e1 Equestrian Stockholm podsedlov\u00e1 de\u010dka!\" \/>\n<meta name=\"robots\" content=\"index, follow, max-snippet:-1, max-image-preview:large, max-video-preview:-1\" \/>\n<link rel=\"canonical\" href=\"https:\/\/arak.spicehorse.eu\/sk\/produkt\/spicehorse-x-equestrian-stockholm-midnight-blue-drezurna-podsedlova-decka\/\" \/>\n<meta property=\"og:locale\" content=\"sk_SK\" \/>\n<meta property=\"og:type\" content=\"article\" \/>\n<meta property=\"og:title\" content=\"Spicehorse x Equestrian Stockholm Midnight Blue drez\u00farna podsedlov\u00e1 de\u010dka - Spicehorse\" \/>\n<meta property=\"og:description\" content=\"spicehorse.eu | Jedine\u010dn\u00e1 nad\u010dasov\u00e1 Equestrian Stockholm podsedlov\u00e1 de\u010dka! Jedine\u010dn\u00e1 nad\u010dasov\u00e1 Equestrian Stockholm podsedlov\u00e1 de\u010dka!\" \/>\n<meta property=\"og:url\" content=\"https:\/\/arak.spicehorse.eu\/sk\/produkt\/spicehorse-x-equestrian-stockholm-midnight-blue-drezurna-podsedlova-decka\/\" \/>\n<meta property=\"og:site_name\" content=\"Spicehorse\" \/>\n<meta property=\"article:publisher\" content=\"https:\/\/www.facebook.com\/SPICEHORSE-550385625402457\/\" \/>\n<meta property=\"article:modified_time\" content=\"2026-01-19T17:33:29+00:00\" \/>\n<meta property=\"og:image\" content=\"https:\/\/arak.spicehorse.eu\/wp-content\/uploads\/2023\/08\/spicehorse-es-dressage.jpg\" \/>\n\t<meta property=\"og:image:width\" content=\"1600\" \/>\n\t<meta property=\"og:image:height\" content=\"1600\" \/>\n\t<meta property=\"og:image:type\" content=\"image\/jpeg\" \/>\n<meta name=\"twitter:card\" content=\"summary_large_image\" \/>\n<script type=\"application\/ld+json\" class=\"yoast-schema-graph\">{\"@context\":\"https:\/\/schema.org\",\"@graph\":[{\"@type\":\"WebPage\",\"@id\":\"https:\/\/arak.spicehorse.eu\/sk\/produkt\/spicehorse-x-equestrian-stockholm-midnight-blue-drezurna-podsedlova-decka\/\",\"url\":\"https:\/\/arak.spicehorse.eu\/sk\/produkt\/spicehorse-x-equestrian-stockholm-midnight-blue-drezurna-podsedlova-decka\/\",\"name\":\"Spicehorse x Equestrian Stockholm Midnight Blue drez\u00farna podsedlov\u00e1 de\u010dka - Spicehorse\",\"isPartOf\":{\"@id\":\"https:\/\/arak.spicehorse.eu\/en\/#website\"},\"datePublished\":\"2023-08-05T14:50:23+00:00\",\"dateModified\":\"2026-01-19T17:33:29+00:00\",\"description\":\"spicehorse.eu | Jedine\u010dn\u00e1 nad\u010dasov\u00e1 Equestrian Stockholm podsedlov\u00e1 de\u010dka! Jedine\u010dn\u00e1 nad\u010dasov\u00e1 Equestrian Stockholm podsedlov\u00e1 de\u010dka!\",\"breadcrumb\":{\"@id\":\"https:\/\/arak.spicehorse.eu\/sk\/produkt\/spicehorse-x-equestrian-stockholm-midnight-blue-drezurna-podsedlova-decka\/#breadcrumb\"},\"inLanguage\":\"sk-SK\",\"potentialAction\":[{\"@type\":\"ReadAction\",\"target\":[\"https:\/\/arak.spicehorse.eu\/sk\/produkt\/spicehorse-x-equestrian-stockholm-midnight-blue-drezurna-podsedlova-decka\/\"]}]},{\"@type\":\"BreadcrumbList\",\"@id\":\"https:\/\/arak.spicehorse.eu\/sk\/produkt\/spicehorse-x-equestrian-stockholm-midnight-blue-drezurna-podsedlova-decka\/#breadcrumb\",\"itemListElement\":[{\"@type\":\"ListItem\",\"position\":1,\"name\":\"Home\",\"item\":\"https:\/\/arak.spicehorse.eu\/sk\/\"},{\"@type\":\"ListItem\",\"position\":2,\"name\":\"Predaj\u0148a\",\"item\":\"https:\/\/arak.spicehorse.eu\/sk\/predajna\/\"},{\"@type\":\"ListItem\",\"position\":3,\"name\":\"Spicehorse x Equestrian Stockholm Midnight Blue drez\u00farna podsedlov\u00e1 de\u010dka\"}]},{\"@type\":\"WebSite\",\"@id\":\"https:\/\/arak.spicehorse.eu\/en\/#website\",\"url\":\"https:\/\/arak.spicehorse.eu\/en\/\",\"name\":\"Spicehorse\",\"description\":\"UNDER DEVELOPMENT -\",\"potentialAction\":[{\"@type\":\"SearchAction\",\"target\":{\"@type\":\"EntryPoint\",\"urlTemplate\":\"https:\/\/arak.spicehorse.eu\/en\/?s={search_term_string}\"},\"query-input\":\"required name=search_term_string\"}],\"inLanguage\":\"sk-SK\"}]}<\/script>\n<!-- \/ Yoast SEO plugin. -->","yoast_head_json":{"title":"Spicehorse x Equestrian Stockholm Midnight Blue drez\u00farna podsedlov\u00e1 de\u010dka - Spicehorse","description":"spicehorse.eu | Jedine\u010dn\u00e1 nad\u010dasov\u00e1 Equestrian Stockholm podsedlov\u00e1 de\u010dka! Jedine\u010dn\u00e1 nad\u010dasov\u00e1 Equestrian Stockholm podsedlov\u00e1 de\u010dka!","robots":{"index":"index","follow":"follow","max-snippet":"max-snippet:-1","max-image-preview":"max-image-preview:large","max-video-preview":"max-video-preview:-1"},"canonical":"https:\/\/arak.spicehorse.eu\/sk\/produkt\/spicehorse-x-equestrian-stockholm-midnight-blue-drezurna-podsedlova-decka\/","og_locale":"sk_SK","og_type":"article","og_title":"Spicehorse x Equestrian Stockholm Midnight Blue drez\u00farna podsedlov\u00e1 de\u010dka - Spicehorse","og_description":"spicehorse.eu | Jedine\u010dn\u00e1 nad\u010dasov\u00e1 Equestrian Stockholm podsedlov\u00e1 de\u010dka! Jedine\u010dn\u00e1 nad\u010dasov\u00e1 Equestrian Stockholm podsedlov\u00e1 de\u010dka!","og_url":"https:\/\/arak.spicehorse.eu\/sk\/produkt\/spicehorse-x-equestrian-stockholm-midnight-blue-drezurna-podsedlova-decka\/","og_site_name":"Spicehorse","article_publisher":"https:\/\/www.facebook.com\/SPICEHORSE-550385625402457\/","article_modified_time":"2026-01-19T17:33:29+00:00","og_image":[{"width":1600,"height":1600,"url":"https:\/\/arak.spicehorse.eu\/wp-content\/uploads\/2023\/08\/spicehorse-es-dressage.jpg","type":"image\/jpeg"}],"twitter_card":"summary_large_image","schema":{"@context":"https:\/\/schema.org","@graph":[{"@type":"WebPage","@id":"https:\/\/arak.spicehorse.eu\/sk\/produkt\/spicehorse-x-equestrian-stockholm-midnight-blue-drezurna-podsedlova-decka\/","url":"https:\/\/arak.spicehorse.eu\/sk\/produkt\/spicehorse-x-equestrian-stockholm-midnight-blue-drezurna-podsedlova-decka\/","name":"Spicehorse x Equestrian Stockholm Midnight Blue drez\u00farna podsedlov\u00e1 de\u010dka - Spicehorse","isPartOf":{"@id":"https:\/\/arak.spicehorse.eu\/en\/#website"},"datePublished":"2023-08-05T14:50:23+00:00","dateModified":"2026-01-19T17:33:29+00:00","description":"spicehorse.eu | Jedine\u010dn\u00e1 nad\u010dasov\u00e1 Equestrian Stockholm podsedlov\u00e1 de\u010dka! Jedine\u010dn\u00e1 nad\u010dasov\u00e1 Equestrian Stockholm podsedlov\u00e1 de\u010dka!","breadcrumb":{"@id":"https:\/\/arak.spicehorse.eu\/sk\/produkt\/spicehorse-x-equestrian-stockholm-midnight-blue-drezurna-podsedlova-decka\/#breadcrumb"},"inLanguage":"sk-SK","potentialAction":[{"@type":"ReadAction","target":["https:\/\/arak.spicehorse.eu\/sk\/produkt\/spicehorse-x-equestrian-stockholm-midnight-blue-drezurna-podsedlova-decka\/"]}]},{"@type":"BreadcrumbList","@id":"https:\/\/arak.spicehorse.eu\/sk\/produkt\/spicehorse-x-equestrian-stockholm-midnight-blue-drezurna-podsedlova-decka\/#breadcrumb","itemListElement":[{"@type":"ListItem","position":1,"name":"Home","item":"https:\/\/arak.spicehorse.eu\/sk\/"},{"@type":"ListItem","position":2,"name":"Predaj\u0148a","item":"https:\/\/arak.spicehorse.eu\/sk\/predajna\/"},{"@type":"ListItem","position":3,"name":"Spicehorse x Equestrian Stockholm Midnight Blue drez\u00farna podsedlov\u00e1 de\u010dka"}]},{"@type":"WebSite","@id":"https:\/\/arak.spicehorse.eu\/en\/#website","url":"https:\/\/arak.spicehorse.eu\/en\/","name":"Spicehorse","description":"UNDER DEVELOPMENT -","potentialAction":[{"@type":"SearchAction","target":{"@type":"EntryPoint","urlTemplate":"https:\/\/arak.spicehorse.eu\/en\/?s={search_term_string}"},"query-input":"required name=search_term_string"}],"inLanguage":"sk-SK"}]}},"_links":{"self":[{"href":"https:\/\/arak.spicehorse.eu\/sk\/wp-json\/wp\/v2\/product\/150246"}],"collection":[{"href":"https:\/\/arak.spicehorse.eu\/sk\/wp-json\/wp\/v2\/product"}],"about":[{"href":"https:\/\/arak.spicehorse.eu\/sk\/wp-json\/wp\/v2\/types\/product"}],"wp:featuredmedia":[{"embeddable":true,"href":"https:\/\/arak.spicehorse.eu\/sk\/wp-json\/wp\/v2\/media\/205890"}],"wp:attachment":[{"href":"https:\/\/arak.spicehorse.eu\/sk\/wp-json\/wp\/v2\/media?parent=150246"}],"wp:term":[{"taxonomy":"product_cat","embeddable":true,"href":"https:\/\/arak.spicehorse.eu\/sk\/wp-json\/wp\/v2\/product_cat?post=150246"},{"taxonomy":"product_tag","embeddable":true,"href":"https:\/\/arak.spicehorse.eu\/sk\/wp-json\/wp\/v2\/product_tag?post=150246"}],"curies":[{"name":"wp","href":"https:\/\/api.w.org\/{rel}","templated":true}]}}