{"id":15082,"date":"2020-09-07T10:19:44","date_gmt":"2020-09-07T08:19:46","guid":{"rendered":"https:\/\/arak.spicehorse.eu\/?post_type=product&#038;p=15082"},"modified":"2025-11-24T17:05:20","modified_gmt":"2025-11-24T16:05:20","slug":"equestrian-stockholm-classic-navy-kabat","status":"publish","type":"product","link":"https:\/\/arak.spicehorse.eu\/sk\/produkt\/equestrian-stockholm-classic-navy-kabat\/","title":{"rendered":"Equestrian Stockholm kab\u00e1t Classic Navy"},"content":{"rendered":"<p>Kr\u00e1sny Equestrian Stockholm v\u00a0hlbokej modrej farbe s\u00a0chr\u00f3movan\u00fdmi detailmi.<\/p>\n<p>Dokonal\u00fd v\u00a0ka\u017edom ro\u010dnom obdob\u00ed, \u013eahk\u00fd, napriek tomu dok\u00e1\u017ee udr\u017ea\u0165 extra teplo aj vo ve\u013emi chladnom po\u010das\u00ed v\u010faka tepelnoizola\u010dnej eco pod\u0161\u00edvke.<\/p>\n<p>Jazdeck\u00fd kab\u00e1t je v\u00fdrobok priate\u013esk\u00fd k\u00a0prostrediu aj zvierat\u00e1m. V\u00fdpl\u0148 je bez peria, vyroben\u00e1 viacvrstvovou ECO-2sy technol\u00f3giou z\u00a0ekologick\u00e9ho, recyklovan\u00e9ho materi\u00e1lu. Je mimoriadne tepl\u00fd, napriek tomu \u013eahk\u00fd, popri tom prievzdu\u0161n\u00fd, vode a\u00a0vetru odoln\u00fd, vyroben\u00fd z\u00a0recyklovan\u00fdch k\u00e1vov\u00fdch b\u00f4bov, ktor\u00e9 pohlcuj\u00fa pachy, preto nie je potrebn\u00e9 kab\u00e1t \u010dasto pra\u0165, \u010d\u00edm tie\u017e chr\u00e1nime prostredie!<\/p>\n<p>S\u00a0vy\u0161\u00edvan\u00fdm Equestrian Stockholm logom na chrbte, s\u00a0kovov\u00fdm logom na pravom ruk\u00e1ve. So strieborn\u00fdm zrkadlov\u00fdm zipsom, s\u00a0ES logom na be\u017eci.<\/p>\n<p>Norm\u00e1lna ve\u013ekos\u0165. Modelka je vysok\u00e1 170 cm a\u00a0m\u00e1 na sebe kab\u00e1t vo ve\u013ekosti XS.<\/p>\n","protected":false},"excerpt":{"rendered":"<ul>\n<li>Farba: Navy modr\u00e1<\/li>\n<li>Chr\u00f3movan\u00fd zrkadlov\u00fd YKK zips<\/li>\n<li>145 gr ECO pod\u0161\u00edvka<\/li>\n<li>100% nylonov\u00fd vrchn\u00fd materi\u00e1l<\/li>\n<li>Pranie: na 30\u00b0C<\/li>\n<li>Nepou\u017e\u00edvajte aviv\u00e1\u017e \/ nevkladajte do su\u0161i\u010dky\/ pou\u017e\u00edvajte vrecko na pranie<\/li>\n<\/ul>\n","protected":false},"featured_media":15576,"template":"","meta":{"_acf_changed":false},"product_cat":[76,306],"product_tag":[348,351,413],"acf":[],"yoast_head":"<!-- This site is optimized with the Yoast SEO plugin v21.4 - https:\/\/yoast.com\/wordpress\/plugins\/seo\/ -->\n<title>Equestrian Stockholm kab\u00e1t Classic Navy - Spicehorse<\/title>\n<meta name=\"description\" content=\"spicehorse.eu |\u00a0Kr\u00e1sny Equestrian Stockholm v\u00a0hlbokej modrej farbe s\u00a0chr\u00f3movan\u00fdmi detailmi. Dokonal\u00fd v\u00a0ka\u017edom ro\u010dnom obdob\u00ed, \u013eahk\u00fd, napriek tomu dok\u00e1\u017ee udr\u017ea\u0165 extra teplo aj vo ve\u013emi chladnom po\u010das\u00ed v\u010faka tepelnoizola\u010dnej eco pod\u0161\u00edvke.\" \/>\n<meta name=\"robots\" content=\"index, follow, max-snippet:-1, max-image-preview:large, max-video-preview:-1\" \/>\n<link rel=\"canonical\" href=\"https:\/\/arak.spicehorse.eu\/sk\/produkt\/equestrian-stockholm-classic-navy-kabat\/\" \/>\n<meta property=\"og:locale\" content=\"sk_SK\" \/>\n<meta property=\"og:type\" content=\"article\" \/>\n<meta property=\"og:title\" content=\"Equestrian Stockholm kab\u00e1t Classic Navy - Spicehorse\" \/>\n<meta property=\"og:description\" content=\"spicehorse.eu |\u00a0Kr\u00e1sny Equestrian Stockholm v\u00a0hlbokej modrej farbe s\u00a0chr\u00f3movan\u00fdmi detailmi. Dokonal\u00fd v\u00a0ka\u017edom ro\u010dnom obdob\u00ed, \u013eahk\u00fd, napriek tomu dok\u00e1\u017ee udr\u017ea\u0165 extra teplo aj vo ve\u013emi chladnom po\u010das\u00ed v\u010faka tepelnoizola\u010dnej eco pod\u0161\u00edvke.\" \/>\n<meta property=\"og:url\" content=\"https:\/\/arak.spicehorse.eu\/sk\/produkt\/equestrian-stockholm-classic-navy-kabat\/\" \/>\n<meta property=\"og:site_name\" content=\"Spicehorse\" \/>\n<meta property=\"article:publisher\" content=\"https:\/\/www.facebook.com\/SPICEHORSE-550385625402457\/\" \/>\n<meta property=\"article:modified_time\" content=\"2025-11-24T16:05:20+00:00\" \/>\n<meta property=\"og:image\" content=\"https:\/\/arak.spicehorse.eu\/wp-content\/uploads\/2020\/09\/light-weight-jacket-classic-Navy-1-1.jpg\" \/>\n\t<meta property=\"og:image:width\" content=\"800\" \/>\n\t<meta property=\"og:image:height\" content=\"800\" \/>\n\t<meta property=\"og:image:type\" content=\"image\/jpeg\" \/>\n<meta name=\"twitter:card\" content=\"summary_large_image\" \/>\n<meta name=\"twitter:label1\" content=\"Predpokladan\u00fd \u010das \u010d\u00edtania\" \/>\n\t<meta name=\"twitter:data1\" content=\"1 min\u00fata\" \/>\n<script type=\"application\/ld+json\" class=\"yoast-schema-graph\">{\"@context\":\"https:\/\/schema.org\",\"@graph\":[{\"@type\":\"WebPage\",\"@id\":\"https:\/\/arak.spicehorse.eu\/sk\/produkt\/equestrian-stockholm-classic-navy-kabat\/\",\"url\":\"https:\/\/arak.spicehorse.eu\/sk\/produkt\/equestrian-stockholm-classic-navy-kabat\/\",\"name\":\"Equestrian Stockholm kab\u00e1t Classic Navy - Spicehorse\",\"isPartOf\":{\"@id\":\"https:\/\/arak.spicehorse.eu\/en\/#website\"},\"datePublished\":\"2020-09-07T08:19:46+00:00\",\"dateModified\":\"2025-11-24T16:05:20+00:00\",\"description\":\"spicehorse.eu |\u00a0Kr\u00e1sny Equestrian Stockholm v\u00a0hlbokej modrej farbe s\u00a0chr\u00f3movan\u00fdmi detailmi. Dokonal\u00fd v\u00a0ka\u017edom ro\u010dnom obdob\u00ed, \u013eahk\u00fd, napriek tomu dok\u00e1\u017ee udr\u017ea\u0165 extra teplo aj vo ve\u013emi chladnom po\u010das\u00ed v\u010faka tepelnoizola\u010dnej eco pod\u0161\u00edvke.\",\"breadcrumb\":{\"@id\":\"https:\/\/arak.spicehorse.eu\/sk\/produkt\/equestrian-stockholm-classic-navy-kabat\/#breadcrumb\"},\"inLanguage\":\"sk-SK\",\"potentialAction\":[{\"@type\":\"ReadAction\",\"target\":[\"https:\/\/arak.spicehorse.eu\/sk\/produkt\/equestrian-stockholm-classic-navy-kabat\/\"]}]},{\"@type\":\"BreadcrumbList\",\"@id\":\"https:\/\/arak.spicehorse.eu\/sk\/produkt\/equestrian-stockholm-classic-navy-kabat\/#breadcrumb\",\"itemListElement\":[{\"@type\":\"ListItem\",\"position\":1,\"name\":\"Home\",\"item\":\"https:\/\/arak.spicehorse.eu\/sk\/\"},{\"@type\":\"ListItem\",\"position\":2,\"name\":\"Predaj\u0148a\",\"item\":\"https:\/\/arak.spicehorse.eu\/sk\/predajna\/\"},{\"@type\":\"ListItem\",\"position\":3,\"name\":\"Equestrian Stockholm kab\u00e1t Classic Navy\"}]},{\"@type\":\"WebSite\",\"@id\":\"https:\/\/arak.spicehorse.eu\/en\/#website\",\"url\":\"https:\/\/arak.spicehorse.eu\/en\/\",\"name\":\"Spicehorse\",\"description\":\"UNDER DEVELOPMENT -\",\"potentialAction\":[{\"@type\":\"SearchAction\",\"target\":{\"@type\":\"EntryPoint\",\"urlTemplate\":\"https:\/\/arak.spicehorse.eu\/en\/?s={search_term_string}\"},\"query-input\":\"required name=search_term_string\"}],\"inLanguage\":\"sk-SK\"}]}<\/script>\n<!-- \/ Yoast SEO plugin. -->","yoast_head_json":{"title":"Equestrian Stockholm kab\u00e1t Classic Navy - Spicehorse","description":"spicehorse.eu |\u00a0Kr\u00e1sny Equestrian Stockholm v\u00a0hlbokej modrej farbe s\u00a0chr\u00f3movan\u00fdmi detailmi. Dokonal\u00fd v\u00a0ka\u017edom ro\u010dnom obdob\u00ed, \u013eahk\u00fd, napriek tomu dok\u00e1\u017ee udr\u017ea\u0165 extra teplo aj vo ve\u013emi chladnom po\u010das\u00ed v\u010faka tepelnoizola\u010dnej eco pod\u0161\u00edvke.","robots":{"index":"index","follow":"follow","max-snippet":"max-snippet:-1","max-image-preview":"max-image-preview:large","max-video-preview":"max-video-preview:-1"},"canonical":"https:\/\/arak.spicehorse.eu\/sk\/produkt\/equestrian-stockholm-classic-navy-kabat\/","og_locale":"sk_SK","og_type":"article","og_title":"Equestrian Stockholm kab\u00e1t Classic Navy - Spicehorse","og_description":"spicehorse.eu |\u00a0Kr\u00e1sny Equestrian Stockholm v\u00a0hlbokej modrej farbe s\u00a0chr\u00f3movan\u00fdmi detailmi. Dokonal\u00fd v\u00a0ka\u017edom ro\u010dnom obdob\u00ed, \u013eahk\u00fd, napriek tomu dok\u00e1\u017ee udr\u017ea\u0165 extra teplo aj vo ve\u013emi chladnom po\u010das\u00ed v\u010faka tepelnoizola\u010dnej eco pod\u0161\u00edvke.","og_url":"https:\/\/arak.spicehorse.eu\/sk\/produkt\/equestrian-stockholm-classic-navy-kabat\/","og_site_name":"Spicehorse","article_publisher":"https:\/\/www.facebook.com\/SPICEHORSE-550385625402457\/","article_modified_time":"2025-11-24T16:05:20+00:00","og_image":[{"width":800,"height":800,"url":"https:\/\/arak.spicehorse.eu\/wp-content\/uploads\/2020\/09\/light-weight-jacket-classic-Navy-1-1.jpg","type":"image\/jpeg"}],"twitter_card":"summary_large_image","twitter_misc":{"Predpokladan\u00fd \u010das \u010d\u00edtania":"1 min\u00fata"},"schema":{"@context":"https:\/\/schema.org","@graph":[{"@type":"WebPage","@id":"https:\/\/arak.spicehorse.eu\/sk\/produkt\/equestrian-stockholm-classic-navy-kabat\/","url":"https:\/\/arak.spicehorse.eu\/sk\/produkt\/equestrian-stockholm-classic-navy-kabat\/","name":"Equestrian Stockholm kab\u00e1t Classic Navy - Spicehorse","isPartOf":{"@id":"https:\/\/arak.spicehorse.eu\/en\/#website"},"datePublished":"2020-09-07T08:19:46+00:00","dateModified":"2025-11-24T16:05:20+00:00","description":"spicehorse.eu |\u00a0Kr\u00e1sny Equestrian Stockholm v\u00a0hlbokej modrej farbe s\u00a0chr\u00f3movan\u00fdmi detailmi. Dokonal\u00fd v\u00a0ka\u017edom ro\u010dnom obdob\u00ed, \u013eahk\u00fd, napriek tomu dok\u00e1\u017ee udr\u017ea\u0165 extra teplo aj vo ve\u013emi chladnom po\u010das\u00ed v\u010faka tepelnoizola\u010dnej eco pod\u0161\u00edvke.","breadcrumb":{"@id":"https:\/\/arak.spicehorse.eu\/sk\/produkt\/equestrian-stockholm-classic-navy-kabat\/#breadcrumb"},"inLanguage":"sk-SK","potentialAction":[{"@type":"ReadAction","target":["https:\/\/arak.spicehorse.eu\/sk\/produkt\/equestrian-stockholm-classic-navy-kabat\/"]}]},{"@type":"BreadcrumbList","@id":"https:\/\/arak.spicehorse.eu\/sk\/produkt\/equestrian-stockholm-classic-navy-kabat\/#breadcrumb","itemListElement":[{"@type":"ListItem","position":1,"name":"Home","item":"https:\/\/arak.spicehorse.eu\/sk\/"},{"@type":"ListItem","position":2,"name":"Predaj\u0148a","item":"https:\/\/arak.spicehorse.eu\/sk\/predajna\/"},{"@type":"ListItem","position":3,"name":"Equestrian Stockholm kab\u00e1t Classic Navy"}]},{"@type":"WebSite","@id":"https:\/\/arak.spicehorse.eu\/en\/#website","url":"https:\/\/arak.spicehorse.eu\/en\/","name":"Spicehorse","description":"UNDER DEVELOPMENT -","potentialAction":[{"@type":"SearchAction","target":{"@type":"EntryPoint","urlTemplate":"https:\/\/arak.spicehorse.eu\/en\/?s={search_term_string}"},"query-input":"required name=search_term_string"}],"inLanguage":"sk-SK"}]}},"_links":{"self":[{"href":"https:\/\/arak.spicehorse.eu\/sk\/wp-json\/wp\/v2\/product\/15082"}],"collection":[{"href":"https:\/\/arak.spicehorse.eu\/sk\/wp-json\/wp\/v2\/product"}],"about":[{"href":"https:\/\/arak.spicehorse.eu\/sk\/wp-json\/wp\/v2\/types\/product"}],"wp:featuredmedia":[{"embeddable":true,"href":"https:\/\/arak.spicehorse.eu\/sk\/wp-json\/wp\/v2\/media\/15576"}],"wp:attachment":[{"href":"https:\/\/arak.spicehorse.eu\/sk\/wp-json\/wp\/v2\/media?parent=15082"}],"wp:term":[{"taxonomy":"product_cat","embeddable":true,"href":"https:\/\/arak.spicehorse.eu\/sk\/wp-json\/wp\/v2\/product_cat?post=15082"},{"taxonomy":"product_tag","embeddable":true,"href":"https:\/\/arak.spicehorse.eu\/sk\/wp-json\/wp\/v2\/product_tag?post=15082"}],"curies":[{"name":"wp","href":"https:\/\/api.w.org\/{rel}","templated":true}]}}