{"id":154415,"date":"2023-08-19T10:48:44","date_gmt":"2023-08-19T08:48:48","guid":{"rendered":"https:\/\/arak.spicehorse.eu\/?post_type=product&#038;p=154415"},"modified":"2024-06-10T18:23:09","modified_gmt":"2024-06-10T16:23:09","slug":"lemieux-detske-jazdecke-leginy-spruce","status":"publish","type":"product","link":"https:\/\/arak.spicehorse.eu\/sk\/produkt\/lemieux-detske-jazdecke-leginy-spruce\/","title":{"rendered":"LeMieux detsk\u00e9 jazdeck\u00e9 leg\u00edny Spruce"},"content":{"rendered":"<div>\n<p class=\"Textbody\"><span lang=\"SK\">Akt\u00edvni mlad\u00ed jazdci m\u00f4\u017eu komfortne sedie\u0165 v sedle v\u010faka t\u00fdmto nov\u00fdm Lemieux jazdeck\u00fdm leg\u00ednam. S\u00fa vyroben\u00e9 z \u013eahk\u00e9ho technick\u00e9ho materi\u00e1lu, odv\u00e1dzaj\u00fa vlhkos\u0165, udr\u017eia jazdca v pr\u00edjemnom chlade a suchu.<\/span><\/p>\n<\/div>\n<div>\n<p class=\"Textbody\"><span lang=\"SK\">Z bez\u0161vov\u00e9ho elastick\u00e9ho materi\u00e1lu na\u0165ahuj\u00faceho sa do \u0161tyroch smerov, s pevne dr\u017eiacou driekovou \u010das\u0165ou, zabezpe\u010duj\u00fa dokonal\u00fa vo\u013enos\u0165 pohybu po\u010das jazdenia.<\/span><\/p>\n<\/div>\n<div>\n<p class=\"Textbody\"><span lang=\"SK\">S dvomi pru\u017en\u00fdmi va\u010dkami na telef\u00f3n po oboch stran\u00e1ch, aj po\u010das jazdenia v nich m\u00f4\u017eeme bezpe\u010dne skladova\u0165 svoje drobnosti.\u00a0 <\/span><\/p>\n<\/div>\n<div>\n<p class=\"Textbody\"><span lang=\"SK\">Plne silik\u00f3nov\u00e1 sedacia \u010das\u0165, v\u010faka \u010domu maxim\u00e1lne priliehaj\u00fa.<\/span><\/p>\n<\/div>\n<div>\n<p class=\"Textbody\"><span lang=\"SK\">S pru\u017enou l\u00fdtkovou \u010das\u0165ou z Lycra materi\u00e1lu, extra pohodln\u00e9, s\u00fa dokonalou vo\u013ebou pre ka\u017ed\u00e9ho mlad\u00e9ho jazdca.<\/span><\/p>\n<\/div>\n<div>\n<p class=\"Textbody\"><span lang=\"SK\">Mo\u017eno pra\u0165 v pr\u00e1\u010dke na 30 stup\u0148och. Perte z rubovej strany s podobn\u00fdmi farbami. Nevkladajte do su\u0161i\u010dky.<\/span><\/p>\n<\/div>\n","protected":false},"excerpt":{"rendered":"<p>Akt\u00edvni mlad\u00ed jazdci m\u00f4\u017eu komfortne sedie\u0165 v sedle v\u010faka t\u00fdmto nov\u00fdm Lemieux jazdeck\u00fdm leg\u00ednam. S\u00fa vyroben\u00e9 z \u013eahk\u00e9ho technick\u00e9ho materi\u00e1lu, odv\u00e1dzaj\u00fa vlhkos\u0165, udr\u017eia jazdca v pr\u00edjemnom chlade a suchu. Z bez\u0161vov\u00e9ho elastick\u00e9ho materi\u00e1lu na\u0165ahuj\u00faceho sa do \u0161tyroch smerov, s pevne dr\u017eiacou driekovou \u010das\u0165ou, zabezpe\u010duj\u00fa dokonal\u00fa vo\u013enos\u0165 pohybu po\u010das jazdenia. S dvomi pru\u017en\u00fdmi va\u010dkami na telef\u00f3n [&hellip;]<\/p>\n","protected":false},"featured_media":155445,"template":"","meta":{"_acf_changed":false},"product_cat":[2534,78,76,305],"product_tag":[2242,2369,2546,2589,381,2577],"acf":[],"yoast_head":"<!-- This site is optimized with the Yoast SEO plugin v21.4 - https:\/\/yoast.com\/wordpress\/plugins\/seo\/ -->\n<title>LeMieux detsk\u00e9 jazdeck\u00e9 leg\u00edny Spruce - Spicehorse<\/title>\n<meta name=\"description\" content=\"spicehorse.eu | Akt\u00edvni mlad\u00ed jazdci m\u00f4\u017eu komfortne sedie\u0165 v sedle v\u010faka t\u00fdmto nov\u00fdm Lemieux jazdeck\u00fdm leg\u00ednam.\" \/>\n<meta name=\"robots\" content=\"index, follow, max-snippet:-1, max-image-preview:large, max-video-preview:-1\" \/>\n<link rel=\"canonical\" href=\"https:\/\/arak.spicehorse.eu\/sk\/produkt\/lemieux-detske-jazdecke-leginy-spruce\/\" \/>\n<meta property=\"og:locale\" content=\"sk_SK\" \/>\n<meta property=\"og:type\" content=\"article\" \/>\n<meta property=\"og:title\" content=\"LeMieux detsk\u00e9 jazdeck\u00e9 leg\u00edny Spruce - Spicehorse\" \/>\n<meta property=\"og:description\" content=\"spicehorse.eu | Akt\u00edvni mlad\u00ed jazdci m\u00f4\u017eu komfortne sedie\u0165 v sedle v\u010faka t\u00fdmto nov\u00fdm Lemieux jazdeck\u00fdm leg\u00ednam.\" \/>\n<meta property=\"og:url\" content=\"https:\/\/arak.spicehorse.eu\/sk\/produkt\/lemieux-detske-jazdecke-leginy-spruce\/\" \/>\n<meta property=\"og:site_name\" content=\"Spicehorse\" \/>\n<meta property=\"article:publisher\" content=\"https:\/\/www.facebook.com\/SPICEHORSE-550385625402457\/\" \/>\n<meta property=\"article:modified_time\" content=\"2024-06-10T16:23:09+00:00\" \/>\n<meta property=\"og:image\" content=\"https:\/\/arak.spicehorse.eu\/wp-content\/uploads\/2023\/08\/pull-ons-spruce-hr-1.jpg\" \/>\n\t<meta property=\"og:image:width\" content=\"800\" \/>\n\t<meta property=\"og:image:height\" content=\"800\" \/>\n\t<meta property=\"og:image:type\" content=\"image\/jpeg\" \/>\n<meta name=\"twitter:card\" content=\"summary_large_image\" \/>\n<meta name=\"twitter:label1\" content=\"Predpokladan\u00fd \u010das \u010d\u00edtania\" \/>\n\t<meta name=\"twitter:data1\" content=\"1 min\u00fata\" \/>\n<script type=\"application\/ld+json\" class=\"yoast-schema-graph\">{\"@context\":\"https:\/\/schema.org\",\"@graph\":[{\"@type\":\"WebPage\",\"@id\":\"https:\/\/arak.spicehorse.eu\/sk\/produkt\/lemieux-detske-jazdecke-leginy-spruce\/\",\"url\":\"https:\/\/arak.spicehorse.eu\/sk\/produkt\/lemieux-detske-jazdecke-leginy-spruce\/\",\"name\":\"LeMieux detsk\u00e9 jazdeck\u00e9 leg\u00edny Spruce - Spicehorse\",\"isPartOf\":{\"@id\":\"https:\/\/arak.spicehorse.eu\/en\/#website\"},\"datePublished\":\"2023-08-19T08:48:48+00:00\",\"dateModified\":\"2024-06-10T16:23:09+00:00\",\"description\":\"spicehorse.eu | Akt\u00edvni mlad\u00ed jazdci m\u00f4\u017eu komfortne sedie\u0165 v sedle v\u010faka t\u00fdmto nov\u00fdm Lemieux jazdeck\u00fdm leg\u00ednam.\",\"breadcrumb\":{\"@id\":\"https:\/\/arak.spicehorse.eu\/sk\/produkt\/lemieux-detske-jazdecke-leginy-spruce\/#breadcrumb\"},\"inLanguage\":\"sk-SK\",\"potentialAction\":[{\"@type\":\"ReadAction\",\"target\":[\"https:\/\/arak.spicehorse.eu\/sk\/produkt\/lemieux-detske-jazdecke-leginy-spruce\/\"]}]},{\"@type\":\"BreadcrumbList\",\"@id\":\"https:\/\/arak.spicehorse.eu\/sk\/produkt\/lemieux-detske-jazdecke-leginy-spruce\/#breadcrumb\",\"itemListElement\":[{\"@type\":\"ListItem\",\"position\":1,\"name\":\"Home\",\"item\":\"https:\/\/arak.spicehorse.eu\/sk\/\"},{\"@type\":\"ListItem\",\"position\":2,\"name\":\"Predaj\u0148a\",\"item\":\"https:\/\/arak.spicehorse.eu\/sk\/predajna\/\"},{\"@type\":\"ListItem\",\"position\":3,\"name\":\"LeMieux detsk\u00e9 jazdeck\u00e9 leg\u00edny Spruce\"}]},{\"@type\":\"WebSite\",\"@id\":\"https:\/\/arak.spicehorse.eu\/en\/#website\",\"url\":\"https:\/\/arak.spicehorse.eu\/en\/\",\"name\":\"Spicehorse\",\"description\":\"UNDER DEVELOPMENT -\",\"potentialAction\":[{\"@type\":\"SearchAction\",\"target\":{\"@type\":\"EntryPoint\",\"urlTemplate\":\"https:\/\/arak.spicehorse.eu\/en\/?s={search_term_string}\"},\"query-input\":\"required name=search_term_string\"}],\"inLanguage\":\"sk-SK\"}]}<\/script>\n<!-- \/ Yoast SEO plugin. -->","yoast_head_json":{"title":"LeMieux detsk\u00e9 jazdeck\u00e9 leg\u00edny Spruce - Spicehorse","description":"spicehorse.eu | Akt\u00edvni mlad\u00ed jazdci m\u00f4\u017eu komfortne sedie\u0165 v sedle v\u010faka t\u00fdmto nov\u00fdm Lemieux jazdeck\u00fdm leg\u00ednam.","robots":{"index":"index","follow":"follow","max-snippet":"max-snippet:-1","max-image-preview":"max-image-preview:large","max-video-preview":"max-video-preview:-1"},"canonical":"https:\/\/arak.spicehorse.eu\/sk\/produkt\/lemieux-detske-jazdecke-leginy-spruce\/","og_locale":"sk_SK","og_type":"article","og_title":"LeMieux detsk\u00e9 jazdeck\u00e9 leg\u00edny Spruce - Spicehorse","og_description":"spicehorse.eu | Akt\u00edvni mlad\u00ed jazdci m\u00f4\u017eu komfortne sedie\u0165 v sedle v\u010faka t\u00fdmto nov\u00fdm Lemieux jazdeck\u00fdm leg\u00ednam.","og_url":"https:\/\/arak.spicehorse.eu\/sk\/produkt\/lemieux-detske-jazdecke-leginy-spruce\/","og_site_name":"Spicehorse","article_publisher":"https:\/\/www.facebook.com\/SPICEHORSE-550385625402457\/","article_modified_time":"2024-06-10T16:23:09+00:00","og_image":[{"width":800,"height":800,"url":"https:\/\/arak.spicehorse.eu\/wp-content\/uploads\/2023\/08\/pull-ons-spruce-hr-1.jpg","type":"image\/jpeg"}],"twitter_card":"summary_large_image","twitter_misc":{"Predpokladan\u00fd \u010das \u010d\u00edtania":"1 min\u00fata"},"schema":{"@context":"https:\/\/schema.org","@graph":[{"@type":"WebPage","@id":"https:\/\/arak.spicehorse.eu\/sk\/produkt\/lemieux-detske-jazdecke-leginy-spruce\/","url":"https:\/\/arak.spicehorse.eu\/sk\/produkt\/lemieux-detske-jazdecke-leginy-spruce\/","name":"LeMieux detsk\u00e9 jazdeck\u00e9 leg\u00edny Spruce - Spicehorse","isPartOf":{"@id":"https:\/\/arak.spicehorse.eu\/en\/#website"},"datePublished":"2023-08-19T08:48:48+00:00","dateModified":"2024-06-10T16:23:09+00:00","description":"spicehorse.eu | Akt\u00edvni mlad\u00ed jazdci m\u00f4\u017eu komfortne sedie\u0165 v sedle v\u010faka t\u00fdmto nov\u00fdm Lemieux jazdeck\u00fdm leg\u00ednam.","breadcrumb":{"@id":"https:\/\/arak.spicehorse.eu\/sk\/produkt\/lemieux-detske-jazdecke-leginy-spruce\/#breadcrumb"},"inLanguage":"sk-SK","potentialAction":[{"@type":"ReadAction","target":["https:\/\/arak.spicehorse.eu\/sk\/produkt\/lemieux-detske-jazdecke-leginy-spruce\/"]}]},{"@type":"BreadcrumbList","@id":"https:\/\/arak.spicehorse.eu\/sk\/produkt\/lemieux-detske-jazdecke-leginy-spruce\/#breadcrumb","itemListElement":[{"@type":"ListItem","position":1,"name":"Home","item":"https:\/\/arak.spicehorse.eu\/sk\/"},{"@type":"ListItem","position":2,"name":"Predaj\u0148a","item":"https:\/\/arak.spicehorse.eu\/sk\/predajna\/"},{"@type":"ListItem","position":3,"name":"LeMieux detsk\u00e9 jazdeck\u00e9 leg\u00edny Spruce"}]},{"@type":"WebSite","@id":"https:\/\/arak.spicehorse.eu\/en\/#website","url":"https:\/\/arak.spicehorse.eu\/en\/","name":"Spicehorse","description":"UNDER DEVELOPMENT -","potentialAction":[{"@type":"SearchAction","target":{"@type":"EntryPoint","urlTemplate":"https:\/\/arak.spicehorse.eu\/en\/?s={search_term_string}"},"query-input":"required name=search_term_string"}],"inLanguage":"sk-SK"}]}},"_links":{"self":[{"href":"https:\/\/arak.spicehorse.eu\/sk\/wp-json\/wp\/v2\/product\/154415"}],"collection":[{"href":"https:\/\/arak.spicehorse.eu\/sk\/wp-json\/wp\/v2\/product"}],"about":[{"href":"https:\/\/arak.spicehorse.eu\/sk\/wp-json\/wp\/v2\/types\/product"}],"wp:featuredmedia":[{"embeddable":true,"href":"https:\/\/arak.spicehorse.eu\/sk\/wp-json\/wp\/v2\/media\/155445"}],"wp:attachment":[{"href":"https:\/\/arak.spicehorse.eu\/sk\/wp-json\/wp\/v2\/media?parent=154415"}],"wp:term":[{"taxonomy":"product_cat","embeddable":true,"href":"https:\/\/arak.spicehorse.eu\/sk\/wp-json\/wp\/v2\/product_cat?post=154415"},{"taxonomy":"product_tag","embeddable":true,"href":"https:\/\/arak.spicehorse.eu\/sk\/wp-json\/wp\/v2\/product_tag?post=154415"}],"curies":[{"name":"wp","href":"https:\/\/api.w.org\/{rel}","templated":true}]}}