{"id":156420,"date":"2023-08-23T16:38:41","date_gmt":"2023-08-23T14:38:43","guid":{"rendered":"https:\/\/arak.spicehorse.eu\/?post_type=product&#038;p=156420"},"modified":"2025-06-04T12:07:22","modified_gmt":"2025-06-04T10:07:22","slug":"equestrian-stockholm-modern-moonless-night-skokova-podsedlova-decka","status":"publish","type":"product","link":"https:\/\/arak.spicehorse.eu\/sk\/produkt\/equestrian-stockholm-modern-moonless-night-skokova-podsedlova-decka\/","title":{"rendered":"Equestrian Stockholm Modern Moonless Night skokov\u00e1 podsedlov\u00e1 de\u010dka"},"content":{"rendered":"<div>\n<p><span lang=\"SK\">Elegantn\u00e1 Equestrian Stockholm podsedlov\u00e1 de\u010dka v\u00a0kr\u00e1snej jemnej hnedo-fialovej farbe, s\u00a0rose gold detailmi. S\u00a0rose gold Equestrian Stockholm tabu\u013ekou s\u00a0logom na boku. Vonkaj\u0161\u00ed materi\u00e1l je leskl\u00fd a\u00a0odpudzuje ne\u010distoty, vn\u00fatorn\u00e1 \u010das\u0165 je z\u00a0extra r\u00fdchlo schn\u00faceho High IQ o\u0161etren\u00e9ho materi\u00e1lu, ktor\u00fd mimoriadne \u00fa\u010dinne absorbuje vlhkos\u0165. Pom\u00e1ha, aby n\u00e1\u0161 k\u00f4\u0148 zostal dlh\u00fa dobu such\u00fd a\u00a0svie\u017ei. <\/span><\/p>\n<\/div>\n<div>\n<p><span lang=\"SK\">Dokonale lad\u00ed s\u00a0ostatn\u00fdmi v\u00fdrobkami kolekcie Equestrian Stockholm Moonless Night.<\/span><\/p>\n<\/div>\n","protected":false},"excerpt":{"rendered":"<ul style=\"font-weight: 400;\">\n<li>Ve\u013ekos\u0165: Full<\/li>\n<li>Farba: hned\u00e1 s\u00a0jemne fialov\u00fdm odtie\u0148om<\/li>\n<li>Detaily: hned\u00e9\/fialov\u00e9 a\u00a0rose gold, modern\u00e9 \u0161tepovanie v\u00a0tvare labyrintu<\/li>\n<li>\u0160nurovanie: hned\u00e9\/ fialov\u00e9 s rose gold vl\u00e1knami<\/li>\n<li>Lem: hned\u00fd\/fialov\u00fd<\/li>\n<li>Kovov\u00e1 tabu\u013eka: rose gold<\/li>\n<li>Vonkaj\u0161\u00ed materi\u00e1l: 100% polyester<\/li>\n<li>Vn\u00fatorn\u00fd materi\u00e1l: 100% polyester IQ cool comfort o\u0161etren\u00fd materi\u00e1l<\/li>\n<li>Pranie: na 30\u00b0\u00a0stup\u0148och \/ nepou\u017e\u00edvajte aviv\u00e1\u017e \/ nevkladajte do su\u0161i\u010dky\/ perte z\u00a0rubovej strany v\u00a0z\u00e1ujme \u00fa\u010dinnej\u0161ieho prania a\u00a0ochrany kovovej tabu\u013eky\/ such\u00e9 zipsy majte zapnut\u00e9<\/li>\n<\/ul>\n","protected":false},"featured_media":196638,"template":"","meta":{"_acf_changed":false},"product_cat":[75,367],"product_tag":[351,2580,219],"acf":[],"yoast_head":"<!-- This site is optimized with the Yoast SEO plugin v21.4 - https:\/\/yoast.com\/wordpress\/plugins\/seo\/ -->\n<title>Equestrian Stockholm Modern Moonless Night skokov\u00e1 podsedlov\u00e1 de\u010dka - Spicehorse<\/title>\n<meta name=\"description\" content=\"spicehorse.eu | Elegantn\u00e1 Equestrian Stockholm podsedlov\u00e1 de\u010dka v\u00a0kr\u00e1snej jemnej hnedo-fialovej farbe, s\u00a0rose gold detailmi.\" \/>\n<meta name=\"robots\" content=\"index, follow, max-snippet:-1, max-image-preview:large, max-video-preview:-1\" \/>\n<link rel=\"canonical\" href=\"https:\/\/arak.spicehorse.eu\/sk\/produkt\/equestrian-stockholm-modern-moonless-night-skokova-podsedlova-decka\/\" \/>\n<meta property=\"og:locale\" content=\"sk_SK\" \/>\n<meta property=\"og:type\" content=\"article\" \/>\n<meta property=\"og:title\" content=\"Equestrian Stockholm Modern Moonless Night skokov\u00e1 podsedlov\u00e1 de\u010dka - Spicehorse\" \/>\n<meta property=\"og:description\" content=\"spicehorse.eu | Elegantn\u00e1 Equestrian Stockholm podsedlov\u00e1 de\u010dka v\u00a0kr\u00e1snej jemnej hnedo-fialovej farbe, s\u00a0rose gold detailmi.\" \/>\n<meta property=\"og:url\" content=\"https:\/\/arak.spicehorse.eu\/sk\/produkt\/equestrian-stockholm-modern-moonless-night-skokova-podsedlova-decka\/\" \/>\n<meta property=\"og:site_name\" content=\"Spicehorse\" \/>\n<meta property=\"article:publisher\" content=\"https:\/\/www.facebook.com\/SPICEHORSE-550385625402457\/\" \/>\n<meta property=\"article:modified_time\" content=\"2025-06-04T10:07:22+00:00\" \/>\n<meta property=\"og:image\" content=\"https:\/\/arak.spicehorse.eu\/wp-content\/uploads\/2023\/08\/moonlessnight-modern-saddlepad-jump-1-1-2000pxjpg.webp\" \/>\n\t<meta property=\"og:image:width\" content=\"1500\" \/>\n\t<meta property=\"og:image:height\" content=\"2000\" \/>\n\t<meta property=\"og:image:type\" content=\"image\/webp\" \/>\n<meta name=\"twitter:card\" content=\"summary_large_image\" \/>\n<script type=\"application\/ld+json\" class=\"yoast-schema-graph\">{\"@context\":\"https:\/\/schema.org\",\"@graph\":[{\"@type\":\"WebPage\",\"@id\":\"https:\/\/arak.spicehorse.eu\/sk\/produkt\/equestrian-stockholm-modern-moonless-night-skokova-podsedlova-decka\/\",\"url\":\"https:\/\/arak.spicehorse.eu\/sk\/produkt\/equestrian-stockholm-modern-moonless-night-skokova-podsedlova-decka\/\",\"name\":\"Equestrian Stockholm Modern Moonless Night skokov\u00e1 podsedlov\u00e1 de\u010dka - Spicehorse\",\"isPartOf\":{\"@id\":\"https:\/\/arak.spicehorse.eu\/en\/#website\"},\"datePublished\":\"2023-08-23T14:38:43+00:00\",\"dateModified\":\"2025-06-04T10:07:22+00:00\",\"description\":\"spicehorse.eu | Elegantn\u00e1 Equestrian Stockholm podsedlov\u00e1 de\u010dka v\u00a0kr\u00e1snej jemnej hnedo-fialovej farbe, s\u00a0rose gold detailmi.\",\"breadcrumb\":{\"@id\":\"https:\/\/arak.spicehorse.eu\/sk\/produkt\/equestrian-stockholm-modern-moonless-night-skokova-podsedlova-decka\/#breadcrumb\"},\"inLanguage\":\"sk-SK\",\"potentialAction\":[{\"@type\":\"ReadAction\",\"target\":[\"https:\/\/arak.spicehorse.eu\/sk\/produkt\/equestrian-stockholm-modern-moonless-night-skokova-podsedlova-decka\/\"]}]},{\"@type\":\"BreadcrumbList\",\"@id\":\"https:\/\/arak.spicehorse.eu\/sk\/produkt\/equestrian-stockholm-modern-moonless-night-skokova-podsedlova-decka\/#breadcrumb\",\"itemListElement\":[{\"@type\":\"ListItem\",\"position\":1,\"name\":\"Home\",\"item\":\"https:\/\/arak.spicehorse.eu\/sk\/\"},{\"@type\":\"ListItem\",\"position\":2,\"name\":\"Predaj\u0148a\",\"item\":\"https:\/\/arak.spicehorse.eu\/sk\/predajna\/\"},{\"@type\":\"ListItem\",\"position\":3,\"name\":\"Equestrian Stockholm Modern Moonless Night skokov\u00e1 podsedlov\u00e1 de\u010dka\"}]},{\"@type\":\"WebSite\",\"@id\":\"https:\/\/arak.spicehorse.eu\/en\/#website\",\"url\":\"https:\/\/arak.spicehorse.eu\/en\/\",\"name\":\"Spicehorse\",\"description\":\"UNDER DEVELOPMENT -\",\"potentialAction\":[{\"@type\":\"SearchAction\",\"target\":{\"@type\":\"EntryPoint\",\"urlTemplate\":\"https:\/\/arak.spicehorse.eu\/en\/?s={search_term_string}\"},\"query-input\":\"required name=search_term_string\"}],\"inLanguage\":\"sk-SK\"}]}<\/script>\n<!-- \/ Yoast SEO plugin. -->","yoast_head_json":{"title":"Equestrian Stockholm Modern Moonless Night skokov\u00e1 podsedlov\u00e1 de\u010dka - Spicehorse","description":"spicehorse.eu | Elegantn\u00e1 Equestrian Stockholm podsedlov\u00e1 de\u010dka v\u00a0kr\u00e1snej jemnej hnedo-fialovej farbe, s\u00a0rose gold detailmi.","robots":{"index":"index","follow":"follow","max-snippet":"max-snippet:-1","max-image-preview":"max-image-preview:large","max-video-preview":"max-video-preview:-1"},"canonical":"https:\/\/arak.spicehorse.eu\/sk\/produkt\/equestrian-stockholm-modern-moonless-night-skokova-podsedlova-decka\/","og_locale":"sk_SK","og_type":"article","og_title":"Equestrian Stockholm Modern Moonless Night skokov\u00e1 podsedlov\u00e1 de\u010dka - Spicehorse","og_description":"spicehorse.eu | Elegantn\u00e1 Equestrian Stockholm podsedlov\u00e1 de\u010dka v\u00a0kr\u00e1snej jemnej hnedo-fialovej farbe, s\u00a0rose gold detailmi.","og_url":"https:\/\/arak.spicehorse.eu\/sk\/produkt\/equestrian-stockholm-modern-moonless-night-skokova-podsedlova-decka\/","og_site_name":"Spicehorse","article_publisher":"https:\/\/www.facebook.com\/SPICEHORSE-550385625402457\/","article_modified_time":"2025-06-04T10:07:22+00:00","og_image":[{"width":1500,"height":2000,"url":"https:\/\/arak.spicehorse.eu\/wp-content\/uploads\/2023\/08\/moonlessnight-modern-saddlepad-jump-1-1-2000pxjpg.webp","type":"image\/webp"}],"twitter_card":"summary_large_image","schema":{"@context":"https:\/\/schema.org","@graph":[{"@type":"WebPage","@id":"https:\/\/arak.spicehorse.eu\/sk\/produkt\/equestrian-stockholm-modern-moonless-night-skokova-podsedlova-decka\/","url":"https:\/\/arak.spicehorse.eu\/sk\/produkt\/equestrian-stockholm-modern-moonless-night-skokova-podsedlova-decka\/","name":"Equestrian Stockholm Modern Moonless Night skokov\u00e1 podsedlov\u00e1 de\u010dka - Spicehorse","isPartOf":{"@id":"https:\/\/arak.spicehorse.eu\/en\/#website"},"datePublished":"2023-08-23T14:38:43+00:00","dateModified":"2025-06-04T10:07:22+00:00","description":"spicehorse.eu | Elegantn\u00e1 Equestrian Stockholm podsedlov\u00e1 de\u010dka v\u00a0kr\u00e1snej jemnej hnedo-fialovej farbe, s\u00a0rose gold detailmi.","breadcrumb":{"@id":"https:\/\/arak.spicehorse.eu\/sk\/produkt\/equestrian-stockholm-modern-moonless-night-skokova-podsedlova-decka\/#breadcrumb"},"inLanguage":"sk-SK","potentialAction":[{"@type":"ReadAction","target":["https:\/\/arak.spicehorse.eu\/sk\/produkt\/equestrian-stockholm-modern-moonless-night-skokova-podsedlova-decka\/"]}]},{"@type":"BreadcrumbList","@id":"https:\/\/arak.spicehorse.eu\/sk\/produkt\/equestrian-stockholm-modern-moonless-night-skokova-podsedlova-decka\/#breadcrumb","itemListElement":[{"@type":"ListItem","position":1,"name":"Home","item":"https:\/\/arak.spicehorse.eu\/sk\/"},{"@type":"ListItem","position":2,"name":"Predaj\u0148a","item":"https:\/\/arak.spicehorse.eu\/sk\/predajna\/"},{"@type":"ListItem","position":3,"name":"Equestrian Stockholm Modern Moonless Night skokov\u00e1 podsedlov\u00e1 de\u010dka"}]},{"@type":"WebSite","@id":"https:\/\/arak.spicehorse.eu\/en\/#website","url":"https:\/\/arak.spicehorse.eu\/en\/","name":"Spicehorse","description":"UNDER DEVELOPMENT -","potentialAction":[{"@type":"SearchAction","target":{"@type":"EntryPoint","urlTemplate":"https:\/\/arak.spicehorse.eu\/en\/?s={search_term_string}"},"query-input":"required name=search_term_string"}],"inLanguage":"sk-SK"}]}},"_links":{"self":[{"href":"https:\/\/arak.spicehorse.eu\/sk\/wp-json\/wp\/v2\/product\/156420"}],"collection":[{"href":"https:\/\/arak.spicehorse.eu\/sk\/wp-json\/wp\/v2\/product"}],"about":[{"href":"https:\/\/arak.spicehorse.eu\/sk\/wp-json\/wp\/v2\/types\/product"}],"wp:featuredmedia":[{"embeddable":true,"href":"https:\/\/arak.spicehorse.eu\/sk\/wp-json\/wp\/v2\/media\/196638"}],"wp:attachment":[{"href":"https:\/\/arak.spicehorse.eu\/sk\/wp-json\/wp\/v2\/media?parent=156420"}],"wp:term":[{"taxonomy":"product_cat","embeddable":true,"href":"https:\/\/arak.spicehorse.eu\/sk\/wp-json\/wp\/v2\/product_cat?post=156420"},{"taxonomy":"product_tag","embeddable":true,"href":"https:\/\/arak.spicehorse.eu\/sk\/wp-json\/wp\/v2\/product_tag?post=156420"}],"curies":[{"name":"wp","href":"https:\/\/api.w.org\/{rel}","templated":true}]}}