{"id":158560,"date":"2023-08-25T16:30:00","date_gmt":"2023-08-25T14:30:05","guid":{"rendered":"https:\/\/arak.spicehorse.eu\/?post_type=product&#038;p=158560"},"modified":"2024-06-10T18:23:04","modified_gmt":"2024-06-10T16:23:04","slug":"lemieux-classic-bandaze-spruce","status":"publish","type":"product","link":"https:\/\/arak.spicehorse.eu\/sk\/produkt\/lemieux-classic-bandaze-spruce\/","title":{"rendered":"LeMieux Classic band\u00e1\u017ee Spruce"},"content":{"rendered":"<p>Vynoven\u00e9 LeMieux fl\u00edsov\u00e9 band\u00e1\u017ee. N\u00e1dhern\u00e9 pracovn\u00e9 band\u00e1\u017ee s\u00fa vyroben\u00e9 z\u00a0vlny najvy\u0161\u0161ej kvality, ne\u017emolkuj\u00fa sa. Ban\u00e1\u017ee je mo\u017en\u00e9 pou\u017e\u00edva\u0165 samostatne alebo kombinova\u0165 s LeMieux podlo\u017ekami pod band\u00e1\u017ee. D\u013a\u017eka LeMieux band\u00e1\u017e\u00ed je 3.8 metrov, s\u00fa dostupn\u00e9 v\u00a0sete zo 4 kusov, ulo\u017een\u00e9 v\u00a0prenosnej ta\u0161ke na zips.<\/p>\n<p>Dokonale ladia s LeMieux kolekciou podsedlov\u00fdch de\u010diek.<\/p>\n","protected":false},"excerpt":{"rendered":"<ul>\n<li>Mo\u017eno pra\u0165 v\u00a0pr\u00e1\u010dke do 30 stup\u0148ov<\/li>\n<li>Odpor\u00fa\u010da sa pou\u017e\u00edvanie vrecka na pranie<\/li>\n<li>Pred pran\u00edm zapnite such\u00e9 zipsy<\/li>\n<li>Nevkladajte do su\u0161i\u010dky<\/li>\n<\/ul>\n","protected":false},"featured_media":158571,"template":"","meta":{"_acf_changed":false},"product_cat":[78,75,102],"product_tag":[149,2369,2546,2577],"acf":[],"yoast_head":"<!-- This site is optimized with the Yoast SEO plugin v21.4 - https:\/\/yoast.com\/wordpress\/plugins\/seo\/ -->\n<title>LeMieux Classic band\u00e1\u017ee Spruce - Spicehorse<\/title>\n<meta name=\"description\" content=\"spicehorse.eu | Vynoven\u00e9 LeMieux fl\u00edsov\u00e9 band\u00e1\u017ee. N\u00e1dhern\u00e9 pracovn\u00e9 band\u00e1\u017ee s\u00fa vyroben\u00e9 z\u00a0vlny najvy\u0161\u0161ej kvality, ne\u017emolkuj\u00fa sa.\" \/>\n<meta name=\"robots\" content=\"index, follow, max-snippet:-1, max-image-preview:large, max-video-preview:-1\" \/>\n<link rel=\"canonical\" href=\"https:\/\/arak.spicehorse.eu\/sk\/produkt\/lemieux-classic-bandaze-spruce\/\" \/>\n<meta property=\"og:locale\" content=\"sk_SK\" \/>\n<meta property=\"og:type\" content=\"article\" \/>\n<meta property=\"og:title\" content=\"LeMieux Classic band\u00e1\u017ee Spruce - Spicehorse\" \/>\n<meta property=\"og:description\" content=\"spicehorse.eu | Vynoven\u00e9 LeMieux fl\u00edsov\u00e9 band\u00e1\u017ee. N\u00e1dhern\u00e9 pracovn\u00e9 band\u00e1\u017ee s\u00fa vyroben\u00e9 z\u00a0vlny najvy\u0161\u0161ej kvality, ne\u017emolkuj\u00fa sa.\" \/>\n<meta property=\"og:url\" content=\"https:\/\/arak.spicehorse.eu\/sk\/produkt\/lemieux-classic-bandaze-spruce\/\" \/>\n<meta property=\"og:site_name\" content=\"Spicehorse\" \/>\n<meta property=\"article:publisher\" content=\"https:\/\/www.facebook.com\/SPICEHORSE-550385625402457\/\" \/>\n<meta property=\"article:modified_time\" content=\"2024-06-10T16:23:04+00:00\" \/>\n<meta property=\"og:image\" content=\"https:\/\/arak.spicehorse.eu\/wp-content\/uploads\/2023\/08\/it03262-product-classicpolobandages-spruce-1.jpg\" \/>\n\t<meta property=\"og:image:width\" content=\"769\" \/>\n\t<meta property=\"og:image:height\" content=\"1025\" \/>\n\t<meta property=\"og:image:type\" content=\"image\/jpeg\" \/>\n<meta name=\"twitter:card\" content=\"summary_large_image\" \/>\n<script type=\"application\/ld+json\" class=\"yoast-schema-graph\">{\"@context\":\"https:\/\/schema.org\",\"@graph\":[{\"@type\":\"WebPage\",\"@id\":\"https:\/\/arak.spicehorse.eu\/sk\/produkt\/lemieux-classic-bandaze-spruce\/\",\"url\":\"https:\/\/arak.spicehorse.eu\/sk\/produkt\/lemieux-classic-bandaze-spruce\/\",\"name\":\"LeMieux Classic band\u00e1\u017ee Spruce - Spicehorse\",\"isPartOf\":{\"@id\":\"https:\/\/arak.spicehorse.eu\/en\/#website\"},\"datePublished\":\"2023-08-25T14:30:05+00:00\",\"dateModified\":\"2024-06-10T16:23:04+00:00\",\"description\":\"spicehorse.eu | Vynoven\u00e9 LeMieux fl\u00edsov\u00e9 band\u00e1\u017ee. N\u00e1dhern\u00e9 pracovn\u00e9 band\u00e1\u017ee s\u00fa vyroben\u00e9 z\u00a0vlny najvy\u0161\u0161ej kvality, ne\u017emolkuj\u00fa sa.\",\"breadcrumb\":{\"@id\":\"https:\/\/arak.spicehorse.eu\/sk\/produkt\/lemieux-classic-bandaze-spruce\/#breadcrumb\"},\"inLanguage\":\"sk-SK\",\"potentialAction\":[{\"@type\":\"ReadAction\",\"target\":[\"https:\/\/arak.spicehorse.eu\/sk\/produkt\/lemieux-classic-bandaze-spruce\/\"]}]},{\"@type\":\"BreadcrumbList\",\"@id\":\"https:\/\/arak.spicehorse.eu\/sk\/produkt\/lemieux-classic-bandaze-spruce\/#breadcrumb\",\"itemListElement\":[{\"@type\":\"ListItem\",\"position\":1,\"name\":\"Home\",\"item\":\"https:\/\/arak.spicehorse.eu\/sk\/\"},{\"@type\":\"ListItem\",\"position\":2,\"name\":\"Predaj\u0148a\",\"item\":\"https:\/\/arak.spicehorse.eu\/sk\/predajna\/\"},{\"@type\":\"ListItem\",\"position\":3,\"name\":\"LeMieux Classic band\u00e1\u017ee Spruce\"}]},{\"@type\":\"WebSite\",\"@id\":\"https:\/\/arak.spicehorse.eu\/en\/#website\",\"url\":\"https:\/\/arak.spicehorse.eu\/en\/\",\"name\":\"Spicehorse\",\"description\":\"UNDER DEVELOPMENT -\",\"potentialAction\":[{\"@type\":\"SearchAction\",\"target\":{\"@type\":\"EntryPoint\",\"urlTemplate\":\"https:\/\/arak.spicehorse.eu\/en\/?s={search_term_string}\"},\"query-input\":\"required name=search_term_string\"}],\"inLanguage\":\"sk-SK\"}]}<\/script>\n<!-- \/ Yoast SEO plugin. -->","yoast_head_json":{"title":"LeMieux Classic band\u00e1\u017ee Spruce - Spicehorse","description":"spicehorse.eu | Vynoven\u00e9 LeMieux fl\u00edsov\u00e9 band\u00e1\u017ee. N\u00e1dhern\u00e9 pracovn\u00e9 band\u00e1\u017ee s\u00fa vyroben\u00e9 z\u00a0vlny najvy\u0161\u0161ej kvality, ne\u017emolkuj\u00fa sa.","robots":{"index":"index","follow":"follow","max-snippet":"max-snippet:-1","max-image-preview":"max-image-preview:large","max-video-preview":"max-video-preview:-1"},"canonical":"https:\/\/arak.spicehorse.eu\/sk\/produkt\/lemieux-classic-bandaze-spruce\/","og_locale":"sk_SK","og_type":"article","og_title":"LeMieux Classic band\u00e1\u017ee Spruce - Spicehorse","og_description":"spicehorse.eu | Vynoven\u00e9 LeMieux fl\u00edsov\u00e9 band\u00e1\u017ee. N\u00e1dhern\u00e9 pracovn\u00e9 band\u00e1\u017ee s\u00fa vyroben\u00e9 z\u00a0vlny najvy\u0161\u0161ej kvality, ne\u017emolkuj\u00fa sa.","og_url":"https:\/\/arak.spicehorse.eu\/sk\/produkt\/lemieux-classic-bandaze-spruce\/","og_site_name":"Spicehorse","article_publisher":"https:\/\/www.facebook.com\/SPICEHORSE-550385625402457\/","article_modified_time":"2024-06-10T16:23:04+00:00","og_image":[{"width":769,"height":1025,"url":"https:\/\/arak.spicehorse.eu\/wp-content\/uploads\/2023\/08\/it03262-product-classicpolobandages-spruce-1.jpg","type":"image\/jpeg"}],"twitter_card":"summary_large_image","schema":{"@context":"https:\/\/schema.org","@graph":[{"@type":"WebPage","@id":"https:\/\/arak.spicehorse.eu\/sk\/produkt\/lemieux-classic-bandaze-spruce\/","url":"https:\/\/arak.spicehorse.eu\/sk\/produkt\/lemieux-classic-bandaze-spruce\/","name":"LeMieux Classic band\u00e1\u017ee Spruce - Spicehorse","isPartOf":{"@id":"https:\/\/arak.spicehorse.eu\/en\/#website"},"datePublished":"2023-08-25T14:30:05+00:00","dateModified":"2024-06-10T16:23:04+00:00","description":"spicehorse.eu | Vynoven\u00e9 LeMieux fl\u00edsov\u00e9 band\u00e1\u017ee. N\u00e1dhern\u00e9 pracovn\u00e9 band\u00e1\u017ee s\u00fa vyroben\u00e9 z\u00a0vlny najvy\u0161\u0161ej kvality, ne\u017emolkuj\u00fa sa.","breadcrumb":{"@id":"https:\/\/arak.spicehorse.eu\/sk\/produkt\/lemieux-classic-bandaze-spruce\/#breadcrumb"},"inLanguage":"sk-SK","potentialAction":[{"@type":"ReadAction","target":["https:\/\/arak.spicehorse.eu\/sk\/produkt\/lemieux-classic-bandaze-spruce\/"]}]},{"@type":"BreadcrumbList","@id":"https:\/\/arak.spicehorse.eu\/sk\/produkt\/lemieux-classic-bandaze-spruce\/#breadcrumb","itemListElement":[{"@type":"ListItem","position":1,"name":"Home","item":"https:\/\/arak.spicehorse.eu\/sk\/"},{"@type":"ListItem","position":2,"name":"Predaj\u0148a","item":"https:\/\/arak.spicehorse.eu\/sk\/predajna\/"},{"@type":"ListItem","position":3,"name":"LeMieux Classic band\u00e1\u017ee Spruce"}]},{"@type":"WebSite","@id":"https:\/\/arak.spicehorse.eu\/en\/#website","url":"https:\/\/arak.spicehorse.eu\/en\/","name":"Spicehorse","description":"UNDER DEVELOPMENT -","potentialAction":[{"@type":"SearchAction","target":{"@type":"EntryPoint","urlTemplate":"https:\/\/arak.spicehorse.eu\/en\/?s={search_term_string}"},"query-input":"required name=search_term_string"}],"inLanguage":"sk-SK"}]}},"_links":{"self":[{"href":"https:\/\/arak.spicehorse.eu\/sk\/wp-json\/wp\/v2\/product\/158560"}],"collection":[{"href":"https:\/\/arak.spicehorse.eu\/sk\/wp-json\/wp\/v2\/product"}],"about":[{"href":"https:\/\/arak.spicehorse.eu\/sk\/wp-json\/wp\/v2\/types\/product"}],"wp:featuredmedia":[{"embeddable":true,"href":"https:\/\/arak.spicehorse.eu\/sk\/wp-json\/wp\/v2\/media\/158571"}],"wp:attachment":[{"href":"https:\/\/arak.spicehorse.eu\/sk\/wp-json\/wp\/v2\/media?parent=158560"}],"wp:term":[{"taxonomy":"product_cat","embeddable":true,"href":"https:\/\/arak.spicehorse.eu\/sk\/wp-json\/wp\/v2\/product_cat?post=158560"},{"taxonomy":"product_tag","embeddable":true,"href":"https:\/\/arak.spicehorse.eu\/sk\/wp-json\/wp\/v2\/product_tag?post=158560"}],"curies":[{"name":"wp","href":"https:\/\/api.w.org\/{rel}","templated":true}]}}