{"id":160397,"date":"2023-08-29T16:10:01","date_gmt":"2023-08-29T14:10:03","guid":{"rendered":"https:\/\/arak.spicehorse.eu\/?post_type=product&#038;p=160397"},"modified":"2024-06-10T18:03:39","modified_gmt":"2024-06-10T16:03:39","slug":"lemieux-mini-chranice-orchid","status":"publish","type":"product","link":"https:\/\/arak.spicehorse.eu\/sk\/produkt\/lemieux-mini-chranice-orchid\/","title":{"rendered":"LeMieux Mini chr\u00e1ni\u010de Orchid"},"content":{"rendered":"<p style=\"font-weight: 400;\">Kone\u010dne je tu detsk\u00e1 kolekcia v skuto\u010dne pr\u00e9miovom dizajne! K\u00fasky kolekcie Mini LeMieux s\u00fa ur\u010den\u00e9 pre vekov\u00fa kateg\u00f3riu do 12 rokov.<\/p>\n<p style=\"font-weight: 400;\">Chr\u00e1ni\u010de Mini LeMieux navrhnut\u00e9 vyslovene pre pon\u00edky s\u00fa mimoriadne odoln\u00e9, s\u00fa vyroben\u00e9 tak, aby odolali ka\u017edodenn\u00e9mu pou\u017e\u00edvaniu. Napriek vysokej odolnosti s\u00fa \u013eahk\u00e9, m\u00e4kk\u00e9 a\u00a0priedu\u0161n\u00e9, s\u00fa ide\u00e1lnou vo\u013ebou pre ka\u017edodenn\u00e9 jazdenie, na s\u00fa\u0165a\u017ee i\u00a0do ter\u00e9nu.<\/p>\n<p style=\"font-weight: 400;\">M\u00f4\u017eu sa pou\u017e\u00edva\u0165 na predn\u00e9 aj zadn\u00e9 nohy. Dostupn\u00e9 v\u00a0p\u00e1roch.<\/p>\n","protected":false},"excerpt":{"rendered":"<ul>\n<li>LeMieux chr\u00e1ni\u010de mo\u017eno pra\u0165 v pr\u00e1\u010dke na 30\u00b0<\/li>\n<li>Odpor\u00fa\u010da sa pou\u017e\u00edvanie vrecka na pranie<\/li>\n<li>Pred pran\u00edm majte zipsy zapnut\u00e9<\/li>\n<li>Su\u0161te vo\u013ene na vzduchu, nevkladajte do su\u0161i\u010dky<\/li>\n<\/ul>\n","protected":false},"featured_media":160400,"template":"","meta":{"_acf_changed":false},"product_cat":[78,75,104],"product_tag":[200,203,2242,2369,2546,2589,2559,422],"acf":[],"yoast_head":"<!-- This site is optimized with the Yoast SEO plugin v21.4 - https:\/\/yoast.com\/wordpress\/plugins\/seo\/ -->\n<title>LeMieux Mini chr\u00e1ni\u010de Orchid - Spicehorse<\/title>\n<meta name=\"description\" content=\"spicehorse.eu | Kone\u010dne je tu detsk\u00e1 kolekcia v skuto\u010dne pr\u00e9miovom dizajne! K\u00fasky kolekcie Mini LeMieux s\u00fa ur\u010den\u00e9 pre vekov\u00fa kateg\u00f3riu do 12 rokov.\" \/>\n<meta name=\"robots\" content=\"index, follow, max-snippet:-1, max-image-preview:large, max-video-preview:-1\" \/>\n<link rel=\"canonical\" href=\"https:\/\/arak.spicehorse.eu\/sk\/produkt\/lemieux-mini-chranice-orchid\/\" \/>\n<meta property=\"og:locale\" content=\"sk_SK\" \/>\n<meta property=\"og:type\" content=\"article\" \/>\n<meta property=\"og:title\" content=\"LeMieux Mini chr\u00e1ni\u010de Orchid - Spicehorse\" \/>\n<meta property=\"og:description\" content=\"spicehorse.eu | Kone\u010dne je tu detsk\u00e1 kolekcia v skuto\u010dne pr\u00e9miovom dizajne! K\u00fasky kolekcie Mini LeMieux s\u00fa ur\u010den\u00e9 pre vekov\u00fa kateg\u00f3riu do 12 rokov.\" \/>\n<meta property=\"og:url\" content=\"https:\/\/arak.spicehorse.eu\/sk\/produkt\/lemieux-mini-chranice-orchid\/\" \/>\n<meta property=\"og:site_name\" content=\"Spicehorse\" \/>\n<meta property=\"article:publisher\" content=\"https:\/\/www.facebook.com\/SPICEHORSE-550385625402457\/\" \/>\n<meta property=\"article:modified_time\" content=\"2024-06-10T16:03:39+00:00\" \/>\n<meta property=\"og:image\" content=\"https:\/\/arak.spicehorse.eu\/wp-content\/uploads\/2023\/08\/it03469-product-minigrafterboots-orchid-3-1.jpg\" \/>\n\t<meta property=\"og:image:width\" content=\"700\" \/>\n\t<meta property=\"og:image:height\" content=\"700\" \/>\n\t<meta property=\"og:image:type\" content=\"image\/jpeg\" \/>\n<meta name=\"twitter:card\" content=\"summary_large_image\" \/>\n<script type=\"application\/ld+json\" class=\"yoast-schema-graph\">{\"@context\":\"https:\/\/schema.org\",\"@graph\":[{\"@type\":\"WebPage\",\"@id\":\"https:\/\/arak.spicehorse.eu\/sk\/produkt\/lemieux-mini-chranice-orchid\/\",\"url\":\"https:\/\/arak.spicehorse.eu\/sk\/produkt\/lemieux-mini-chranice-orchid\/\",\"name\":\"LeMieux Mini chr\u00e1ni\u010de Orchid - Spicehorse\",\"isPartOf\":{\"@id\":\"https:\/\/arak.spicehorse.eu\/en\/#website\"},\"datePublished\":\"2023-08-29T14:10:03+00:00\",\"dateModified\":\"2024-06-10T16:03:39+00:00\",\"description\":\"spicehorse.eu | Kone\u010dne je tu detsk\u00e1 kolekcia v skuto\u010dne pr\u00e9miovom dizajne! K\u00fasky kolekcie Mini LeMieux s\u00fa ur\u010den\u00e9 pre vekov\u00fa kateg\u00f3riu do 12 rokov.\",\"breadcrumb\":{\"@id\":\"https:\/\/arak.spicehorse.eu\/sk\/produkt\/lemieux-mini-chranice-orchid\/#breadcrumb\"},\"inLanguage\":\"sk-SK\",\"potentialAction\":[{\"@type\":\"ReadAction\",\"target\":[\"https:\/\/arak.spicehorse.eu\/sk\/produkt\/lemieux-mini-chranice-orchid\/\"]}]},{\"@type\":\"BreadcrumbList\",\"@id\":\"https:\/\/arak.spicehorse.eu\/sk\/produkt\/lemieux-mini-chranice-orchid\/#breadcrumb\",\"itemListElement\":[{\"@type\":\"ListItem\",\"position\":1,\"name\":\"Home\",\"item\":\"https:\/\/arak.spicehorse.eu\/sk\/\"},{\"@type\":\"ListItem\",\"position\":2,\"name\":\"Predaj\u0148a\",\"item\":\"https:\/\/arak.spicehorse.eu\/sk\/predajna\/\"},{\"@type\":\"ListItem\",\"position\":3,\"name\":\"LeMieux Mini chr\u00e1ni\u010de Orchid\"}]},{\"@type\":\"WebSite\",\"@id\":\"https:\/\/arak.spicehorse.eu\/en\/#website\",\"url\":\"https:\/\/arak.spicehorse.eu\/en\/\",\"name\":\"Spicehorse\",\"description\":\"UNDER DEVELOPMENT -\",\"potentialAction\":[{\"@type\":\"SearchAction\",\"target\":{\"@type\":\"EntryPoint\",\"urlTemplate\":\"https:\/\/arak.spicehorse.eu\/en\/?s={search_term_string}\"},\"query-input\":\"required name=search_term_string\"}],\"inLanguage\":\"sk-SK\"}]}<\/script>\n<!-- \/ Yoast SEO plugin. -->","yoast_head_json":{"title":"LeMieux Mini chr\u00e1ni\u010de Orchid - Spicehorse","description":"spicehorse.eu | Kone\u010dne je tu detsk\u00e1 kolekcia v skuto\u010dne pr\u00e9miovom dizajne! K\u00fasky kolekcie Mini LeMieux s\u00fa ur\u010den\u00e9 pre vekov\u00fa kateg\u00f3riu do 12 rokov.","robots":{"index":"index","follow":"follow","max-snippet":"max-snippet:-1","max-image-preview":"max-image-preview:large","max-video-preview":"max-video-preview:-1"},"canonical":"https:\/\/arak.spicehorse.eu\/sk\/produkt\/lemieux-mini-chranice-orchid\/","og_locale":"sk_SK","og_type":"article","og_title":"LeMieux Mini chr\u00e1ni\u010de Orchid - Spicehorse","og_description":"spicehorse.eu | Kone\u010dne je tu detsk\u00e1 kolekcia v skuto\u010dne pr\u00e9miovom dizajne! K\u00fasky kolekcie Mini LeMieux s\u00fa ur\u010den\u00e9 pre vekov\u00fa kateg\u00f3riu do 12 rokov.","og_url":"https:\/\/arak.spicehorse.eu\/sk\/produkt\/lemieux-mini-chranice-orchid\/","og_site_name":"Spicehorse","article_publisher":"https:\/\/www.facebook.com\/SPICEHORSE-550385625402457\/","article_modified_time":"2024-06-10T16:03:39+00:00","og_image":[{"width":700,"height":700,"url":"https:\/\/arak.spicehorse.eu\/wp-content\/uploads\/2023\/08\/it03469-product-minigrafterboots-orchid-3-1.jpg","type":"image\/jpeg"}],"twitter_card":"summary_large_image","schema":{"@context":"https:\/\/schema.org","@graph":[{"@type":"WebPage","@id":"https:\/\/arak.spicehorse.eu\/sk\/produkt\/lemieux-mini-chranice-orchid\/","url":"https:\/\/arak.spicehorse.eu\/sk\/produkt\/lemieux-mini-chranice-orchid\/","name":"LeMieux Mini chr\u00e1ni\u010de Orchid - Spicehorse","isPartOf":{"@id":"https:\/\/arak.spicehorse.eu\/en\/#website"},"datePublished":"2023-08-29T14:10:03+00:00","dateModified":"2024-06-10T16:03:39+00:00","description":"spicehorse.eu | Kone\u010dne je tu detsk\u00e1 kolekcia v skuto\u010dne pr\u00e9miovom dizajne! K\u00fasky kolekcie Mini LeMieux s\u00fa ur\u010den\u00e9 pre vekov\u00fa kateg\u00f3riu do 12 rokov.","breadcrumb":{"@id":"https:\/\/arak.spicehorse.eu\/sk\/produkt\/lemieux-mini-chranice-orchid\/#breadcrumb"},"inLanguage":"sk-SK","potentialAction":[{"@type":"ReadAction","target":["https:\/\/arak.spicehorse.eu\/sk\/produkt\/lemieux-mini-chranice-orchid\/"]}]},{"@type":"BreadcrumbList","@id":"https:\/\/arak.spicehorse.eu\/sk\/produkt\/lemieux-mini-chranice-orchid\/#breadcrumb","itemListElement":[{"@type":"ListItem","position":1,"name":"Home","item":"https:\/\/arak.spicehorse.eu\/sk\/"},{"@type":"ListItem","position":2,"name":"Predaj\u0148a","item":"https:\/\/arak.spicehorse.eu\/sk\/predajna\/"},{"@type":"ListItem","position":3,"name":"LeMieux Mini chr\u00e1ni\u010de Orchid"}]},{"@type":"WebSite","@id":"https:\/\/arak.spicehorse.eu\/en\/#website","url":"https:\/\/arak.spicehorse.eu\/en\/","name":"Spicehorse","description":"UNDER DEVELOPMENT -","potentialAction":[{"@type":"SearchAction","target":{"@type":"EntryPoint","urlTemplate":"https:\/\/arak.spicehorse.eu\/en\/?s={search_term_string}"},"query-input":"required name=search_term_string"}],"inLanguage":"sk-SK"}]}},"_links":{"self":[{"href":"https:\/\/arak.spicehorse.eu\/sk\/wp-json\/wp\/v2\/product\/160397"}],"collection":[{"href":"https:\/\/arak.spicehorse.eu\/sk\/wp-json\/wp\/v2\/product"}],"about":[{"href":"https:\/\/arak.spicehorse.eu\/sk\/wp-json\/wp\/v2\/types\/product"}],"wp:featuredmedia":[{"embeddable":true,"href":"https:\/\/arak.spicehorse.eu\/sk\/wp-json\/wp\/v2\/media\/160400"}],"wp:attachment":[{"href":"https:\/\/arak.spicehorse.eu\/sk\/wp-json\/wp\/v2\/media?parent=160397"}],"wp:term":[{"taxonomy":"product_cat","embeddable":true,"href":"https:\/\/arak.spicehorse.eu\/sk\/wp-json\/wp\/v2\/product_cat?post=160397"},{"taxonomy":"product_tag","embeddable":true,"href":"https:\/\/arak.spicehorse.eu\/sk\/wp-json\/wp\/v2\/product_tag?post=160397"}],"curies":[{"name":"wp","href":"https:\/\/api.w.org\/{rel}","templated":true}]}}