{"id":160498,"date":"2023-08-31T10:50:03","date_gmt":"2023-08-31T08:50:05","guid":{"rendered":"https:\/\/arak.spicehorse.eu\/?post_type=product&#038;p=160498"},"modified":"2024-06-10T18:03:37","modified_gmt":"2024-06-10T16:03:37","slug":"lemieux-mini-suede-square-skokova-podsedlova-decka-orchid","status":"publish","type":"product","link":"https:\/\/arak.spicehorse.eu\/sk\/produkt\/lemieux-mini-suede-square-skokova-podsedlova-decka-orchid\/","title":{"rendered":"LeMieux Mini Suede Square skokov\u00e1 podsedlov\u00e1 de\u010dka Orchid"},"content":{"rendered":"<p style=\"font-weight: 400;\">Kone\u010dne je tu detsk\u00e1 kolekcia v skuto\u010dne pr\u00e9miovom dizajne! K\u00fasky kolekcie Mini LeMieux s\u00fa ur\u010den\u00e9 pre vekov\u00fa kateg\u00f3riu do 12 rokov.<\/p>\n<p style=\"font-weight: 400;\">Ma rovnak\u00e9 technick\u00e9 vlastnosti ako klasick\u00e1 LeMieux podsedlov\u00e1 de\u010dka, a na 100% m\u00e4kkou a\u00a0priedu\u0161nou bambusovou pod\u0161\u00edvkou, s\u00a0vysok\u00fdm vykrojen\u00edm v\u00a0oblasti koh\u00fatika, s\u00a0chr\u00e1ni\u010dom podbru\u0161n\u00edka z PU ko\u017ee a\u00a0elastick\u00fdmi up\u00ednac\u00edmi popruhmi.<\/p>\n<p style=\"font-weight: 400;\">Kr\u00e1sna podsedlov\u00e1 de\u010dka je vyroben\u00e1 z\u00a0vel\u00farov\u00e9ho materi\u00e1lu vysokej kvality s\u00a0jedine\u010dn\u00fdm hviezdi\u010dkov\u00fdm lemom.<\/p>\n<p style=\"font-weight: 400;\">K\u00a0podsedlovej de\u010dke dosta\u0165 ako s\u00fa\u010das\u0165 kolekcie Mini LeMieux aj LeMieux Mini chr\u00e1ni\u010de, \u010dabraku, ohl\u00e1vku navrhnut\u00e9 vyslovene pre pon\u00edky.<\/p>\n<p style=\"font-weight: 400;\">Mo\u017eno pra\u0165 v\u00a0pr\u00e1\u010dke na 30\u00b0. Odpor\u00fa\u010da sa pou\u017e\u00edvanie vrecka na pranie. Such\u00e9 zipsy majte zapnut\u00e9. Nevkladajte do su\u0161i\u010dky.<\/p>\n","protected":false},"excerpt":{"rendered":"<ul style=\"font-weight: 400;\">\n<li>Zo suede vel\u00farov\u00e9ho materi\u00e1lu<\/li>\n<li>To 100% bambusu, \u00fa\u010dinne reguluje teplotu a\u00a0odv\u00e1dza vlhkos\u0165.<\/li>\n<li>S\u00a0chr\u00e1ni\u010dom podbru\u0161n\u00edka z PU ko\u017ee<\/li>\n<\/ul>\n","protected":false},"featured_media":160501,"template":"","meta":{"_acf_changed":false},"product_cat":[78,75,367],"product_tag":[2242,2369,2546,2589,2559,422,1454],"acf":[],"yoast_head":"<!-- This site is optimized with the Yoast SEO plugin v21.4 - https:\/\/yoast.com\/wordpress\/plugins\/seo\/ -->\n<title>LeMieux Mini Suede Square skokov\u00e1 podsedlov\u00e1 de\u010dka Orchid - Spicehorse<\/title>\n<meta name=\"description\" content=\"spicehorse.eu | Kone\u010dne je tu detsk\u00e1 kolekcia v skuto\u010dne pr\u00e9miovom dizajne! K\u00fasky kolekcie Mini LeMieux s\u00fa ur\u010den\u00e9 pre vekov\u00fa kateg\u00f3riu do 12 rokov.\" \/>\n<meta name=\"robots\" content=\"index, follow, max-snippet:-1, max-image-preview:large, max-video-preview:-1\" \/>\n<link rel=\"canonical\" href=\"https:\/\/arak.spicehorse.eu\/sk\/produkt\/lemieux-mini-suede-square-skokova-podsedlova-decka-orchid\/\" \/>\n<meta property=\"og:locale\" content=\"sk_SK\" \/>\n<meta property=\"og:type\" content=\"article\" \/>\n<meta property=\"og:title\" content=\"LeMieux Mini Suede Square skokov\u00e1 podsedlov\u00e1 de\u010dka Orchid - Spicehorse\" \/>\n<meta property=\"og:description\" content=\"spicehorse.eu | Kone\u010dne je tu detsk\u00e1 kolekcia v skuto\u010dne pr\u00e9miovom dizajne! K\u00fasky kolekcie Mini LeMieux s\u00fa ur\u010den\u00e9 pre vekov\u00fa kateg\u00f3riu do 12 rokov.\" \/>\n<meta property=\"og:url\" content=\"https:\/\/arak.spicehorse.eu\/sk\/produkt\/lemieux-mini-suede-square-skokova-podsedlova-decka-orchid\/\" \/>\n<meta property=\"og:site_name\" content=\"Spicehorse\" \/>\n<meta property=\"article:publisher\" content=\"https:\/\/www.facebook.com\/SPICEHORSE-550385625402457\/\" \/>\n<meta property=\"article:modified_time\" content=\"2024-06-10T16:03:37+00:00\" \/>\n<meta property=\"og:image\" content=\"https:\/\/arak.spicehorse.eu\/wp-content\/uploads\/2023\/08\/lm-aw23-saddlepad-mini-suede-cc-orchid-lr-1.jpg\" \/>\n\t<meta property=\"og:image:width\" content=\"769\" \/>\n\t<meta property=\"og:image:height\" content=\"1025\" \/>\n\t<meta property=\"og:image:type\" content=\"image\/jpeg\" \/>\n<meta name=\"twitter:card\" content=\"summary_large_image\" \/>\n<meta name=\"twitter:label1\" content=\"Predpokladan\u00fd \u010das \u010d\u00edtania\" \/>\n\t<meta name=\"twitter:data1\" content=\"1 min\u00fata\" \/>\n<script type=\"application\/ld+json\" class=\"yoast-schema-graph\">{\"@context\":\"https:\/\/schema.org\",\"@graph\":[{\"@type\":\"WebPage\",\"@id\":\"https:\/\/arak.spicehorse.eu\/sk\/produkt\/lemieux-mini-suede-square-skokova-podsedlova-decka-orchid\/\",\"url\":\"https:\/\/arak.spicehorse.eu\/sk\/produkt\/lemieux-mini-suede-square-skokova-podsedlova-decka-orchid\/\",\"name\":\"LeMieux Mini Suede Square skokov\u00e1 podsedlov\u00e1 de\u010dka Orchid - Spicehorse\",\"isPartOf\":{\"@id\":\"https:\/\/arak.spicehorse.eu\/en\/#website\"},\"datePublished\":\"2023-08-31T08:50:05+00:00\",\"dateModified\":\"2024-06-10T16:03:37+00:00\",\"description\":\"spicehorse.eu | Kone\u010dne je tu detsk\u00e1 kolekcia v skuto\u010dne pr\u00e9miovom dizajne! K\u00fasky kolekcie Mini LeMieux s\u00fa ur\u010den\u00e9 pre vekov\u00fa kateg\u00f3riu do 12 rokov.\",\"breadcrumb\":{\"@id\":\"https:\/\/arak.spicehorse.eu\/sk\/produkt\/lemieux-mini-suede-square-skokova-podsedlova-decka-orchid\/#breadcrumb\"},\"inLanguage\":\"sk-SK\",\"potentialAction\":[{\"@type\":\"ReadAction\",\"target\":[\"https:\/\/arak.spicehorse.eu\/sk\/produkt\/lemieux-mini-suede-square-skokova-podsedlova-decka-orchid\/\"]}]},{\"@type\":\"BreadcrumbList\",\"@id\":\"https:\/\/arak.spicehorse.eu\/sk\/produkt\/lemieux-mini-suede-square-skokova-podsedlova-decka-orchid\/#breadcrumb\",\"itemListElement\":[{\"@type\":\"ListItem\",\"position\":1,\"name\":\"Home\",\"item\":\"https:\/\/arak.spicehorse.eu\/sk\/\"},{\"@type\":\"ListItem\",\"position\":2,\"name\":\"Predaj\u0148a\",\"item\":\"https:\/\/arak.spicehorse.eu\/sk\/predajna\/\"},{\"@type\":\"ListItem\",\"position\":3,\"name\":\"LeMieux Mini Suede Square skokov\u00e1 podsedlov\u00e1 de\u010dka Orchid\"}]},{\"@type\":\"WebSite\",\"@id\":\"https:\/\/arak.spicehorse.eu\/en\/#website\",\"url\":\"https:\/\/arak.spicehorse.eu\/en\/\",\"name\":\"Spicehorse\",\"description\":\"UNDER DEVELOPMENT -\",\"potentialAction\":[{\"@type\":\"SearchAction\",\"target\":{\"@type\":\"EntryPoint\",\"urlTemplate\":\"https:\/\/arak.spicehorse.eu\/en\/?s={search_term_string}\"},\"query-input\":\"required name=search_term_string\"}],\"inLanguage\":\"sk-SK\"}]}<\/script>\n<!-- \/ Yoast SEO plugin. -->","yoast_head_json":{"title":"LeMieux Mini Suede Square skokov\u00e1 podsedlov\u00e1 de\u010dka Orchid - Spicehorse","description":"spicehorse.eu | Kone\u010dne je tu detsk\u00e1 kolekcia v skuto\u010dne pr\u00e9miovom dizajne! K\u00fasky kolekcie Mini LeMieux s\u00fa ur\u010den\u00e9 pre vekov\u00fa kateg\u00f3riu do 12 rokov.","robots":{"index":"index","follow":"follow","max-snippet":"max-snippet:-1","max-image-preview":"max-image-preview:large","max-video-preview":"max-video-preview:-1"},"canonical":"https:\/\/arak.spicehorse.eu\/sk\/produkt\/lemieux-mini-suede-square-skokova-podsedlova-decka-orchid\/","og_locale":"sk_SK","og_type":"article","og_title":"LeMieux Mini Suede Square skokov\u00e1 podsedlov\u00e1 de\u010dka Orchid - Spicehorse","og_description":"spicehorse.eu | Kone\u010dne je tu detsk\u00e1 kolekcia v skuto\u010dne pr\u00e9miovom dizajne! K\u00fasky kolekcie Mini LeMieux s\u00fa ur\u010den\u00e9 pre vekov\u00fa kateg\u00f3riu do 12 rokov.","og_url":"https:\/\/arak.spicehorse.eu\/sk\/produkt\/lemieux-mini-suede-square-skokova-podsedlova-decka-orchid\/","og_site_name":"Spicehorse","article_publisher":"https:\/\/www.facebook.com\/SPICEHORSE-550385625402457\/","article_modified_time":"2024-06-10T16:03:37+00:00","og_image":[{"width":769,"height":1025,"url":"https:\/\/arak.spicehorse.eu\/wp-content\/uploads\/2023\/08\/lm-aw23-saddlepad-mini-suede-cc-orchid-lr-1.jpg","type":"image\/jpeg"}],"twitter_card":"summary_large_image","twitter_misc":{"Predpokladan\u00fd \u010das \u010d\u00edtania":"1 min\u00fata"},"schema":{"@context":"https:\/\/schema.org","@graph":[{"@type":"WebPage","@id":"https:\/\/arak.spicehorse.eu\/sk\/produkt\/lemieux-mini-suede-square-skokova-podsedlova-decka-orchid\/","url":"https:\/\/arak.spicehorse.eu\/sk\/produkt\/lemieux-mini-suede-square-skokova-podsedlova-decka-orchid\/","name":"LeMieux Mini Suede Square skokov\u00e1 podsedlov\u00e1 de\u010dka Orchid - Spicehorse","isPartOf":{"@id":"https:\/\/arak.spicehorse.eu\/en\/#website"},"datePublished":"2023-08-31T08:50:05+00:00","dateModified":"2024-06-10T16:03:37+00:00","description":"spicehorse.eu | Kone\u010dne je tu detsk\u00e1 kolekcia v skuto\u010dne pr\u00e9miovom dizajne! K\u00fasky kolekcie Mini LeMieux s\u00fa ur\u010den\u00e9 pre vekov\u00fa kateg\u00f3riu do 12 rokov.","breadcrumb":{"@id":"https:\/\/arak.spicehorse.eu\/sk\/produkt\/lemieux-mini-suede-square-skokova-podsedlova-decka-orchid\/#breadcrumb"},"inLanguage":"sk-SK","potentialAction":[{"@type":"ReadAction","target":["https:\/\/arak.spicehorse.eu\/sk\/produkt\/lemieux-mini-suede-square-skokova-podsedlova-decka-orchid\/"]}]},{"@type":"BreadcrumbList","@id":"https:\/\/arak.spicehorse.eu\/sk\/produkt\/lemieux-mini-suede-square-skokova-podsedlova-decka-orchid\/#breadcrumb","itemListElement":[{"@type":"ListItem","position":1,"name":"Home","item":"https:\/\/arak.spicehorse.eu\/sk\/"},{"@type":"ListItem","position":2,"name":"Predaj\u0148a","item":"https:\/\/arak.spicehorse.eu\/sk\/predajna\/"},{"@type":"ListItem","position":3,"name":"LeMieux Mini Suede Square skokov\u00e1 podsedlov\u00e1 de\u010dka Orchid"}]},{"@type":"WebSite","@id":"https:\/\/arak.spicehorse.eu\/en\/#website","url":"https:\/\/arak.spicehorse.eu\/en\/","name":"Spicehorse","description":"UNDER DEVELOPMENT -","potentialAction":[{"@type":"SearchAction","target":{"@type":"EntryPoint","urlTemplate":"https:\/\/arak.spicehorse.eu\/en\/?s={search_term_string}"},"query-input":"required name=search_term_string"}],"inLanguage":"sk-SK"}]}},"_links":{"self":[{"href":"https:\/\/arak.spicehorse.eu\/sk\/wp-json\/wp\/v2\/product\/160498"}],"collection":[{"href":"https:\/\/arak.spicehorse.eu\/sk\/wp-json\/wp\/v2\/product"}],"about":[{"href":"https:\/\/arak.spicehorse.eu\/sk\/wp-json\/wp\/v2\/types\/product"}],"wp:featuredmedia":[{"embeddable":true,"href":"https:\/\/arak.spicehorse.eu\/sk\/wp-json\/wp\/v2\/media\/160501"}],"wp:attachment":[{"href":"https:\/\/arak.spicehorse.eu\/sk\/wp-json\/wp\/v2\/media?parent=160498"}],"wp:term":[{"taxonomy":"product_cat","embeddable":true,"href":"https:\/\/arak.spicehorse.eu\/sk\/wp-json\/wp\/v2\/product_cat?post=160498"},{"taxonomy":"product_tag","embeddable":true,"href":"https:\/\/arak.spicehorse.eu\/sk\/wp-json\/wp\/v2\/product_tag?post=160498"}],"curies":[{"name":"wp","href":"https:\/\/api.w.org\/{rel}","templated":true}]}}