{"id":160909,"date":"2023-09-03T11:25:21","date_gmt":"2023-09-03T09:25:22","guid":{"rendered":"https:\/\/arak.spicehorse.eu\/?post_type=product&#038;p=160909"},"modified":"2024-12-05T15:56:04","modified_gmt":"2024-12-05T14:56:04","slug":"lemieux-vybehova-deka-stable-tek-pre-hracku-ponik","status":"publish","type":"product","link":"https:\/\/arak.spicehorse.eu\/sk\/produkt\/lemieux-vybehova-deka-stable-tek-pre-hracku-ponik\/","title":{"rendered":"LeMieux v\u00fdbehov\u00e1 deka Stable-Tek pre hra\u010dku pon\u00edk"},"content":{"rendered":"<p style=\"font-weight: 400;\">Presne ako skuto\u010dn\u00e1 deka! LeMieux Stable-Tek v\u00fdbehov\u00e1 deka s\u00a0funguj\u00facimi sponami, odn\u00edmate\u013en\u00fdm n\u00e1kr\u010dn\u00edkom je dokonal\u00fdm doplnkom LeMieux mini pon\u00edkov po\u010das chladn\u00e9ho zimn\u00e9ho po\u010dasia.<\/p>\n<p style=\"font-weight: 400;\">S\u00a0reflexn\u00fdmi detailmi, odr\u00e1\u017ea svetlo a\u00a0neprep\u00fa\u0161\u0165a vlhkos\u0165.<\/p>\n<p style=\"font-weight: 400;\">Handrou utrite do \u010dista.<\/p>\n","protected":false},"excerpt":{"rendered":"<p>Presne ako skuto\u010dn\u00e1 deka! LeMieux Stable-Tek v\u00fdbehov\u00e1 deka s\u00a0funguj\u00facimi sponami, odn\u00edmate\u013en\u00fdm n\u00e1kr\u010dn\u00edkom je dokonal\u00fdm doplnkom LeMieux mini pon\u00edkov po\u010das chladn\u00e9ho zimn\u00e9ho po\u010dasia. S\u00a0reflexn\u00fdmi detailmi, odr\u00e1\u017ea svetlo a\u00a0neprep\u00fa\u0161\u0165a vlhkos\u0165. Handrou utrite do \u010dista.<\/p>\n","protected":false},"featured_media":160912,"template":"","meta":{"_acf_changed":false},"product_cat":[2534,76,312],"product_tag":[135,227,2369,2546,2589,422,2389,269],"acf":[],"yoast_head":"<!-- This site is optimized with the Yoast SEO plugin v21.4 - https:\/\/yoast.com\/wordpress\/plugins\/seo\/ -->\n<title>LeMieux v\u00fdbehov\u00e1 deka Stable-Tek pre hra\u010dku pon\u00edk - Spicehorse<\/title>\n<meta name=\"description\" content=\"spicehorse.eu | Presne ako skuto\u010dn\u00e1 deka! LeMieux Stable-Tek v\u00fdbehov\u00e1 deka s\u00a0funguj\u00facimi sponami, odn\u00edmate\u013en\u00fdm n\u00e1kr\u010dn\u00edkom je dokonal\u00fdm doplnkom LeMieux mini pon\u00edkov po\u010das chladn\u00e9ho zimn\u00e9ho po\u010dasia.\" \/>\n<meta name=\"robots\" content=\"index, follow, max-snippet:-1, max-image-preview:large, max-video-preview:-1\" \/>\n<link rel=\"canonical\" href=\"https:\/\/arak.spicehorse.eu\/sk\/produkt\/lemieux-vybehova-deka-stable-tek-pre-hracku-ponik\/\" \/>\n<meta property=\"og:locale\" content=\"sk_SK\" \/>\n<meta property=\"og:type\" content=\"article\" \/>\n<meta property=\"og:title\" content=\"LeMieux v\u00fdbehov\u00e1 deka Stable-Tek pre hra\u010dku pon\u00edk - Spicehorse\" \/>\n<meta property=\"og:description\" content=\"spicehorse.eu | Presne ako skuto\u010dn\u00e1 deka! LeMieux Stable-Tek v\u00fdbehov\u00e1 deka s\u00a0funguj\u00facimi sponami, odn\u00edmate\u013en\u00fdm n\u00e1kr\u010dn\u00edkom je dokonal\u00fdm doplnkom LeMieux mini pon\u00edkov po\u010das chladn\u00e9ho zimn\u00e9ho po\u010dasia.\" \/>\n<meta property=\"og:url\" content=\"https:\/\/arak.spicehorse.eu\/sk\/produkt\/lemieux-vybehova-deka-stable-tek-pre-hracku-ponik\/\" \/>\n<meta property=\"og:site_name\" content=\"Spicehorse\" \/>\n<meta property=\"article:publisher\" content=\"https:\/\/www.facebook.com\/SPICEHORSE-550385625402457\/\" \/>\n<meta property=\"article:modified_time\" content=\"2024-12-05T14:56:04+00:00\" \/>\n<meta property=\"og:image\" content=\"https:\/\/arak.spicehorse.eu\/wp-content\/uploads\/2023\/09\/lem-toy-pony-stable-tek-rug-nvy-01.jpg\" \/>\n\t<meta property=\"og:image:width\" content=\"1200\" \/>\n\t<meta property=\"og:image:height\" content=\"1200\" \/>\n\t<meta property=\"og:image:type\" content=\"image\/jpeg\" \/>\n<meta name=\"twitter:card\" content=\"summary_large_image\" \/>\n<script type=\"application\/ld+json\" class=\"yoast-schema-graph\">{\"@context\":\"https:\/\/schema.org\",\"@graph\":[{\"@type\":\"WebPage\",\"@id\":\"https:\/\/arak.spicehorse.eu\/sk\/produkt\/lemieux-vybehova-deka-stable-tek-pre-hracku-ponik\/\",\"url\":\"https:\/\/arak.spicehorse.eu\/sk\/produkt\/lemieux-vybehova-deka-stable-tek-pre-hracku-ponik\/\",\"name\":\"LeMieux v\u00fdbehov\u00e1 deka Stable-Tek pre hra\u010dku pon\u00edk - Spicehorse\",\"isPartOf\":{\"@id\":\"https:\/\/arak.spicehorse.eu\/en\/#website\"},\"datePublished\":\"2023-09-03T09:25:22+00:00\",\"dateModified\":\"2024-12-05T14:56:04+00:00\",\"description\":\"spicehorse.eu | Presne ako skuto\u010dn\u00e1 deka! LeMieux Stable-Tek v\u00fdbehov\u00e1 deka s\u00a0funguj\u00facimi sponami, odn\u00edmate\u013en\u00fdm n\u00e1kr\u010dn\u00edkom je dokonal\u00fdm doplnkom LeMieux mini pon\u00edkov po\u010das chladn\u00e9ho zimn\u00e9ho po\u010dasia.\",\"breadcrumb\":{\"@id\":\"https:\/\/arak.spicehorse.eu\/sk\/produkt\/lemieux-vybehova-deka-stable-tek-pre-hracku-ponik\/#breadcrumb\"},\"inLanguage\":\"sk-SK\",\"potentialAction\":[{\"@type\":\"ReadAction\",\"target\":[\"https:\/\/arak.spicehorse.eu\/sk\/produkt\/lemieux-vybehova-deka-stable-tek-pre-hracku-ponik\/\"]}]},{\"@type\":\"BreadcrumbList\",\"@id\":\"https:\/\/arak.spicehorse.eu\/sk\/produkt\/lemieux-vybehova-deka-stable-tek-pre-hracku-ponik\/#breadcrumb\",\"itemListElement\":[{\"@type\":\"ListItem\",\"position\":1,\"name\":\"Home\",\"item\":\"https:\/\/arak.spicehorse.eu\/sk\/\"},{\"@type\":\"ListItem\",\"position\":2,\"name\":\"Predaj\u0148a\",\"item\":\"https:\/\/arak.spicehorse.eu\/sk\/predajna\/\"},{\"@type\":\"ListItem\",\"position\":3,\"name\":\"LeMieux v\u00fdbehov\u00e1 deka Stable-Tek pre hra\u010dku pon\u00edk\"}]},{\"@type\":\"WebSite\",\"@id\":\"https:\/\/arak.spicehorse.eu\/en\/#website\",\"url\":\"https:\/\/arak.spicehorse.eu\/en\/\",\"name\":\"Spicehorse\",\"description\":\"UNDER DEVELOPMENT -\",\"potentialAction\":[{\"@type\":\"SearchAction\",\"target\":{\"@type\":\"EntryPoint\",\"urlTemplate\":\"https:\/\/arak.spicehorse.eu\/en\/?s={search_term_string}\"},\"query-input\":\"required name=search_term_string\"}],\"inLanguage\":\"sk-SK\"}]}<\/script>\n<!-- \/ Yoast SEO plugin. -->","yoast_head_json":{"title":"LeMieux v\u00fdbehov\u00e1 deka Stable-Tek pre hra\u010dku pon\u00edk - Spicehorse","description":"spicehorse.eu | Presne ako skuto\u010dn\u00e1 deka! LeMieux Stable-Tek v\u00fdbehov\u00e1 deka s\u00a0funguj\u00facimi sponami, odn\u00edmate\u013en\u00fdm n\u00e1kr\u010dn\u00edkom je dokonal\u00fdm doplnkom LeMieux mini pon\u00edkov po\u010das chladn\u00e9ho zimn\u00e9ho po\u010dasia.","robots":{"index":"index","follow":"follow","max-snippet":"max-snippet:-1","max-image-preview":"max-image-preview:large","max-video-preview":"max-video-preview:-1"},"canonical":"https:\/\/arak.spicehorse.eu\/sk\/produkt\/lemieux-vybehova-deka-stable-tek-pre-hracku-ponik\/","og_locale":"sk_SK","og_type":"article","og_title":"LeMieux v\u00fdbehov\u00e1 deka Stable-Tek pre hra\u010dku pon\u00edk - Spicehorse","og_description":"spicehorse.eu | Presne ako skuto\u010dn\u00e1 deka! LeMieux Stable-Tek v\u00fdbehov\u00e1 deka s\u00a0funguj\u00facimi sponami, odn\u00edmate\u013en\u00fdm n\u00e1kr\u010dn\u00edkom je dokonal\u00fdm doplnkom LeMieux mini pon\u00edkov po\u010das chladn\u00e9ho zimn\u00e9ho po\u010dasia.","og_url":"https:\/\/arak.spicehorse.eu\/sk\/produkt\/lemieux-vybehova-deka-stable-tek-pre-hracku-ponik\/","og_site_name":"Spicehorse","article_publisher":"https:\/\/www.facebook.com\/SPICEHORSE-550385625402457\/","article_modified_time":"2024-12-05T14:56:04+00:00","og_image":[{"width":1200,"height":1200,"url":"https:\/\/arak.spicehorse.eu\/wp-content\/uploads\/2023\/09\/lem-toy-pony-stable-tek-rug-nvy-01.jpg","type":"image\/jpeg"}],"twitter_card":"summary_large_image","schema":{"@context":"https:\/\/schema.org","@graph":[{"@type":"WebPage","@id":"https:\/\/arak.spicehorse.eu\/sk\/produkt\/lemieux-vybehova-deka-stable-tek-pre-hracku-ponik\/","url":"https:\/\/arak.spicehorse.eu\/sk\/produkt\/lemieux-vybehova-deka-stable-tek-pre-hracku-ponik\/","name":"LeMieux v\u00fdbehov\u00e1 deka Stable-Tek pre hra\u010dku pon\u00edk - Spicehorse","isPartOf":{"@id":"https:\/\/arak.spicehorse.eu\/en\/#website"},"datePublished":"2023-09-03T09:25:22+00:00","dateModified":"2024-12-05T14:56:04+00:00","description":"spicehorse.eu | Presne ako skuto\u010dn\u00e1 deka! LeMieux Stable-Tek v\u00fdbehov\u00e1 deka s\u00a0funguj\u00facimi sponami, odn\u00edmate\u013en\u00fdm n\u00e1kr\u010dn\u00edkom je dokonal\u00fdm doplnkom LeMieux mini pon\u00edkov po\u010das chladn\u00e9ho zimn\u00e9ho po\u010dasia.","breadcrumb":{"@id":"https:\/\/arak.spicehorse.eu\/sk\/produkt\/lemieux-vybehova-deka-stable-tek-pre-hracku-ponik\/#breadcrumb"},"inLanguage":"sk-SK","potentialAction":[{"@type":"ReadAction","target":["https:\/\/arak.spicehorse.eu\/sk\/produkt\/lemieux-vybehova-deka-stable-tek-pre-hracku-ponik\/"]}]},{"@type":"BreadcrumbList","@id":"https:\/\/arak.spicehorse.eu\/sk\/produkt\/lemieux-vybehova-deka-stable-tek-pre-hracku-ponik\/#breadcrumb","itemListElement":[{"@type":"ListItem","position":1,"name":"Home","item":"https:\/\/arak.spicehorse.eu\/sk\/"},{"@type":"ListItem","position":2,"name":"Predaj\u0148a","item":"https:\/\/arak.spicehorse.eu\/sk\/predajna\/"},{"@type":"ListItem","position":3,"name":"LeMieux v\u00fdbehov\u00e1 deka Stable-Tek pre hra\u010dku pon\u00edk"}]},{"@type":"WebSite","@id":"https:\/\/arak.spicehorse.eu\/en\/#website","url":"https:\/\/arak.spicehorse.eu\/en\/","name":"Spicehorse","description":"UNDER DEVELOPMENT -","potentialAction":[{"@type":"SearchAction","target":{"@type":"EntryPoint","urlTemplate":"https:\/\/arak.spicehorse.eu\/en\/?s={search_term_string}"},"query-input":"required name=search_term_string"}],"inLanguage":"sk-SK"}]}},"_links":{"self":[{"href":"https:\/\/arak.spicehorse.eu\/sk\/wp-json\/wp\/v2\/product\/160909"}],"collection":[{"href":"https:\/\/arak.spicehorse.eu\/sk\/wp-json\/wp\/v2\/product"}],"about":[{"href":"https:\/\/arak.spicehorse.eu\/sk\/wp-json\/wp\/v2\/types\/product"}],"wp:featuredmedia":[{"embeddable":true,"href":"https:\/\/arak.spicehorse.eu\/sk\/wp-json\/wp\/v2\/media\/160912"}],"wp:attachment":[{"href":"https:\/\/arak.spicehorse.eu\/sk\/wp-json\/wp\/v2\/media?parent=160909"}],"wp:term":[{"taxonomy":"product_cat","embeddable":true,"href":"https:\/\/arak.spicehorse.eu\/sk\/wp-json\/wp\/v2\/product_cat?post=160909"},{"taxonomy":"product_tag","embeddable":true,"href":"https:\/\/arak.spicehorse.eu\/sk\/wp-json\/wp\/v2\/product_tag?post=160909"}],"curies":[{"name":"wp","href":"https:\/\/api.w.org\/{rel}","templated":true}]}}