{"id":160971,"date":"2023-09-04T08:07:04","date_gmt":"2023-09-04T06:07:05","guid":{"rendered":"https:\/\/arak.spicehorse.eu\/?post_type=product&#038;p=160971"},"modified":"2026-04-04T10:56:53","modified_gmt":"2026-04-04T08:56:53","slug":"qhp-hracka-pre-kone-lopta","status":"publish","type":"product","link":"https:\/\/arak.spicehorse.eu\/sk\/produkt\/qhp-hracka-pre-kone-lopta\/","title":{"rendered":"QHP hra\u010dka pre kone lopta"},"content":{"rendered":"<p style=\"font-weight: 400;\">Z\u00e1vesn\u00e1 QHP hra\u010dka pre kone do stajne alebo do v\u00fdbehu. V\u010faka pru\u017en\u00fdm slu\u010dk\u00e1m na \u0148u mo\u017eno jednoducho zavesi\u0165 mrkvu. Takto zabezpe\u010d\u00edme pre ko\u0148a e\u0161te v\u00e4\u010d\u0161iu z\u00e1bavu, m\u00f4\u017eeme pred\u00eds\u0165 stresu a zahna\u0165 nudu.<\/p>\n","protected":false},"excerpt":{"rendered":"<ul>\n<li>Vonkaj\u0161\u00ed materi\u00e1l: vel\u00far<\/li>\n<li>Vn\u00fatorn\u00fd materi\u00e1l: kokosov\u00e1 vl\u00e1knina<\/li>\n<li>Materi\u00e1l lana: bavlna, juta<\/li>\n<li>Hra\u010dka na zavesenie do boxu<\/li>\n<li>Na z\u00e1bavu proti nude<\/li>\n<li>\u013dahko sa upev\u0148uje<\/li>\n<li>Pou\u017e\u00edvanie je bezpe\u010dn\u00e9<\/li>\n<li>Z\u00a0odoln\u00e9ho a\u00a0ekologick\u00e9ho materi\u00e1lu<\/li>\n<li>Dokonale sa odb\u00farava, nie je \u0161kodliv\u00fd pre kone<\/li>\n<\/ul>\n","protected":false},"featured_media":212104,"template":"","meta":{"_acf_changed":false},"product_cat":[75,100,120,77],"product_tag":[227,467,338,1973],"acf":[],"yoast_head":"<!-- This site is optimized with the Yoast SEO plugin v21.4 - https:\/\/yoast.com\/wordpress\/plugins\/seo\/ -->\n<title>QHP hra\u010dka pre kone lopta - Spicehorse<\/title>\n<meta name=\"description\" content=\"spicehorse.eu | Z\u00e1vesn\u00e1 QHP hra\u010dka pre kone do stajne alebo do v\u00fdbehu. V\u010faka pru\u017en\u00fdm slu\u010dk\u00e1m na \u0148u mo\u017eno jednoducho zavesi\u0165 mrkvu.\" \/>\n<meta name=\"robots\" content=\"index, follow, max-snippet:-1, max-image-preview:large, max-video-preview:-1\" \/>\n<link rel=\"canonical\" href=\"https:\/\/arak.spicehorse.eu\/sk\/produkt\/qhp-hracka-pre-kone-lopta\/\" \/>\n<meta property=\"og:locale\" content=\"sk_SK\" \/>\n<meta property=\"og:type\" content=\"article\" \/>\n<meta property=\"og:title\" content=\"QHP hra\u010dka pre kone lopta - Spicehorse\" \/>\n<meta property=\"og:description\" content=\"spicehorse.eu | Z\u00e1vesn\u00e1 QHP hra\u010dka pre kone do stajne alebo do v\u00fdbehu. V\u010faka pru\u017en\u00fdm slu\u010dk\u00e1m na \u0148u mo\u017eno jednoducho zavesi\u0165 mrkvu.\" \/>\n<meta property=\"og:url\" content=\"https:\/\/arak.spicehorse.eu\/sk\/produkt\/qhp-hracka-pre-kone-lopta\/\" \/>\n<meta property=\"og:site_name\" content=\"Spicehorse\" \/>\n<meta property=\"article:publisher\" content=\"https:\/\/www.facebook.com\/SPICEHORSE-550385625402457\/\" \/>\n<meta property=\"article:modified_time\" content=\"2026-04-04T08:56:53+00:00\" \/>\n<meta property=\"og:image\" content=\"https:\/\/arak.spicehorse.eu\/wp-content\/uploads\/2023\/09\/5447rz-1-2.jpg\" \/>\n\t<meta property=\"og:image:width\" content=\"1280\" \/>\n\t<meta property=\"og:image:height\" content=\"1024\" \/>\n\t<meta property=\"og:image:type\" content=\"image\/jpeg\" \/>\n<meta name=\"twitter:card\" content=\"summary_large_image\" \/>\n<script type=\"application\/ld+json\" class=\"yoast-schema-graph\">{\"@context\":\"https:\/\/schema.org\",\"@graph\":[{\"@type\":\"WebPage\",\"@id\":\"https:\/\/arak.spicehorse.eu\/sk\/produkt\/qhp-hracka-pre-kone-lopta\/\",\"url\":\"https:\/\/arak.spicehorse.eu\/sk\/produkt\/qhp-hracka-pre-kone-lopta\/\",\"name\":\"QHP hra\u010dka pre kone lopta - Spicehorse\",\"isPartOf\":{\"@id\":\"https:\/\/arak.spicehorse.eu\/en\/#website\"},\"datePublished\":\"2023-09-04T06:07:05+00:00\",\"dateModified\":\"2026-04-04T08:56:53+00:00\",\"description\":\"spicehorse.eu | Z\u00e1vesn\u00e1 QHP hra\u010dka pre kone do stajne alebo do v\u00fdbehu. V\u010faka pru\u017en\u00fdm slu\u010dk\u00e1m na \u0148u mo\u017eno jednoducho zavesi\u0165 mrkvu.\",\"breadcrumb\":{\"@id\":\"https:\/\/arak.spicehorse.eu\/sk\/produkt\/qhp-hracka-pre-kone-lopta\/#breadcrumb\"},\"inLanguage\":\"sk-SK\",\"potentialAction\":[{\"@type\":\"ReadAction\",\"target\":[\"https:\/\/arak.spicehorse.eu\/sk\/produkt\/qhp-hracka-pre-kone-lopta\/\"]}]},{\"@type\":\"BreadcrumbList\",\"@id\":\"https:\/\/arak.spicehorse.eu\/sk\/produkt\/qhp-hracka-pre-kone-lopta\/#breadcrumb\",\"itemListElement\":[{\"@type\":\"ListItem\",\"position\":1,\"name\":\"Home\",\"item\":\"https:\/\/arak.spicehorse.eu\/sk\/\"},{\"@type\":\"ListItem\",\"position\":2,\"name\":\"Predaj\u0148a\",\"item\":\"https:\/\/arak.spicehorse.eu\/sk\/predajna\/\"},{\"@type\":\"ListItem\",\"position\":3,\"name\":\"QHP hra\u010dka pre kone lopta\"}]},{\"@type\":\"WebSite\",\"@id\":\"https:\/\/arak.spicehorse.eu\/en\/#website\",\"url\":\"https:\/\/arak.spicehorse.eu\/en\/\",\"name\":\"Spicehorse\",\"description\":\"UNDER DEVELOPMENT -\",\"potentialAction\":[{\"@type\":\"SearchAction\",\"target\":{\"@type\":\"EntryPoint\",\"urlTemplate\":\"https:\/\/arak.spicehorse.eu\/en\/?s={search_term_string}\"},\"query-input\":\"required name=search_term_string\"}],\"inLanguage\":\"sk-SK\"}]}<\/script>\n<!-- \/ Yoast SEO plugin. -->","yoast_head_json":{"title":"QHP hra\u010dka pre kone lopta - Spicehorse","description":"spicehorse.eu | Z\u00e1vesn\u00e1 QHP hra\u010dka pre kone do stajne alebo do v\u00fdbehu. V\u010faka pru\u017en\u00fdm slu\u010dk\u00e1m na \u0148u mo\u017eno jednoducho zavesi\u0165 mrkvu.","robots":{"index":"index","follow":"follow","max-snippet":"max-snippet:-1","max-image-preview":"max-image-preview:large","max-video-preview":"max-video-preview:-1"},"canonical":"https:\/\/arak.spicehorse.eu\/sk\/produkt\/qhp-hracka-pre-kone-lopta\/","og_locale":"sk_SK","og_type":"article","og_title":"QHP hra\u010dka pre kone lopta - Spicehorse","og_description":"spicehorse.eu | Z\u00e1vesn\u00e1 QHP hra\u010dka pre kone do stajne alebo do v\u00fdbehu. V\u010faka pru\u017en\u00fdm slu\u010dk\u00e1m na \u0148u mo\u017eno jednoducho zavesi\u0165 mrkvu.","og_url":"https:\/\/arak.spicehorse.eu\/sk\/produkt\/qhp-hracka-pre-kone-lopta\/","og_site_name":"Spicehorse","article_publisher":"https:\/\/www.facebook.com\/SPICEHORSE-550385625402457\/","article_modified_time":"2026-04-04T08:56:53+00:00","og_image":[{"width":1280,"height":1024,"url":"https:\/\/arak.spicehorse.eu\/wp-content\/uploads\/2023\/09\/5447rz-1-2.jpg","type":"image\/jpeg"}],"twitter_card":"summary_large_image","schema":{"@context":"https:\/\/schema.org","@graph":[{"@type":"WebPage","@id":"https:\/\/arak.spicehorse.eu\/sk\/produkt\/qhp-hracka-pre-kone-lopta\/","url":"https:\/\/arak.spicehorse.eu\/sk\/produkt\/qhp-hracka-pre-kone-lopta\/","name":"QHP hra\u010dka pre kone lopta - Spicehorse","isPartOf":{"@id":"https:\/\/arak.spicehorse.eu\/en\/#website"},"datePublished":"2023-09-04T06:07:05+00:00","dateModified":"2026-04-04T08:56:53+00:00","description":"spicehorse.eu | Z\u00e1vesn\u00e1 QHP hra\u010dka pre kone do stajne alebo do v\u00fdbehu. V\u010faka pru\u017en\u00fdm slu\u010dk\u00e1m na \u0148u mo\u017eno jednoducho zavesi\u0165 mrkvu.","breadcrumb":{"@id":"https:\/\/arak.spicehorse.eu\/sk\/produkt\/qhp-hracka-pre-kone-lopta\/#breadcrumb"},"inLanguage":"sk-SK","potentialAction":[{"@type":"ReadAction","target":["https:\/\/arak.spicehorse.eu\/sk\/produkt\/qhp-hracka-pre-kone-lopta\/"]}]},{"@type":"BreadcrumbList","@id":"https:\/\/arak.spicehorse.eu\/sk\/produkt\/qhp-hracka-pre-kone-lopta\/#breadcrumb","itemListElement":[{"@type":"ListItem","position":1,"name":"Home","item":"https:\/\/arak.spicehorse.eu\/sk\/"},{"@type":"ListItem","position":2,"name":"Predaj\u0148a","item":"https:\/\/arak.spicehorse.eu\/sk\/predajna\/"},{"@type":"ListItem","position":3,"name":"QHP hra\u010dka pre kone lopta"}]},{"@type":"WebSite","@id":"https:\/\/arak.spicehorse.eu\/en\/#website","url":"https:\/\/arak.spicehorse.eu\/en\/","name":"Spicehorse","description":"UNDER DEVELOPMENT -","potentialAction":[{"@type":"SearchAction","target":{"@type":"EntryPoint","urlTemplate":"https:\/\/arak.spicehorse.eu\/en\/?s={search_term_string}"},"query-input":"required name=search_term_string"}],"inLanguage":"sk-SK"}]}},"_links":{"self":[{"href":"https:\/\/arak.spicehorse.eu\/sk\/wp-json\/wp\/v2\/product\/160971"}],"collection":[{"href":"https:\/\/arak.spicehorse.eu\/sk\/wp-json\/wp\/v2\/product"}],"about":[{"href":"https:\/\/arak.spicehorse.eu\/sk\/wp-json\/wp\/v2\/types\/product"}],"wp:featuredmedia":[{"embeddable":true,"href":"https:\/\/arak.spicehorse.eu\/sk\/wp-json\/wp\/v2\/media\/212104"}],"wp:attachment":[{"href":"https:\/\/arak.spicehorse.eu\/sk\/wp-json\/wp\/v2\/media?parent=160971"}],"wp:term":[{"taxonomy":"product_cat","embeddable":true,"href":"https:\/\/arak.spicehorse.eu\/sk\/wp-json\/wp\/v2\/product_cat?post=160971"},{"taxonomy":"product_tag","embeddable":true,"href":"https:\/\/arak.spicehorse.eu\/sk\/wp-json\/wp\/v2\/product_tag?post=160971"}],"curies":[{"name":"wp","href":"https:\/\/api.w.org\/{rel}","templated":true}]}}